{"id":4844,"date":"2020-12-18T12:15:48","date_gmt":"2020-12-18T12:15:48","guid":{"rendered":"https:\/\/cosyowl.com\/?page_id=4844"},"modified":"2024-10-02T18:18:45","modified_gmt":"2024-10-02T17:18:45","slug":"acerca-de","status":"publish","type":"page","link":"https:\/\/cosyowl.com\/es\/about","title":{"rendered":"Qui\u00e9nes somos"},"content":{"rendered":"<p>Aqu\u00ed en <a href=\"https:\/\/cosyowl.com\/es\/\">B\u00faho acogedor<\/a> nos enorgullecemos de la variedad y <a href=\"https:\/\/cosyowl.com\/es\/candle-wicks\/wedo-lx-wick-raw\">calidad<\/a> de los productos que ofrecemos para fabricar velas. Tanto si est\u00e1 haciendo sus primeros surcos en esta afici\u00f3n como si ya es todo un <a href=\"https:\/\/cosyowl.com\/es\/guides\/a-summers-beach-gel-votive-candle\">vela<\/a> Cosy Owl tiene una gran selecci\u00f3n de productos para satisfacer sus necesidades.<\/p>\n<p>De una variedad de <a href=\"https:\/\/cosyowl.com\/es\/candle-making-supplies\/fragrance-oils-for-candle-making\/all-fragrances\/honey-fragrance-oil\">natural<\/a> y ceras minerales hasta mechas personalizadas y una enorme colecci\u00f3n de aceites perfumados y tintes de colores, Cosy Owl tiene todo lo que necesitas para hacer una vela, ya sea la m\u00e1s peque\u00f1a de las velas de t\u00e9 o el mayor de los centros de mesa. Adem\u00e1s del equipo y los materiales que necesitas para hacer velas, The Cosy Owl tambi\u00e9n tiene una amplia gama de recipientes para tus velas, como latas, tarros, vasos y copas de aluminio, con una variedad igualmente grande de colores y formas para elegir.<\/p>\n<p>S\u00f3lo adquirimos nuestros materiales y productos a fabricantes de calidad, incluidos algunos de los m\u00e1s renombrados coloristas de cera y productores de mechas, y tambi\u00e9n hacemos todo lo posible para garantizar que todo lo que vendemos es seguro y no t\u00f3xico.<\/p>\n<p>Si se ha visto afectado por la quiebra de Craftovator, puede <a href=\"https:\/\/cosyowl.com\/es\/contact-us\">Contacto<\/a> <a href=\"https:\/\/cosyowl.com\/es\/guias\/craftovator-en-quiebra\/?wmc-currency=EUR\">aqu\u00ed para solicitar abastecimiento de productos<\/a>.<\/p>","protected":false},"excerpt":{"rendered":"<p>Here at Cosy Owl we take great pride in the variety and quality of the products we provide for making candles. Whether you\u2019re making your first furrows into the hobby or are a fully-fledged candle producing business, Cosy Owl has a huge selection of products to meet your needs. From a variety of natural and [&hellip;]<\/p>\n","protected":false},"author":1,"featured_media":0,"parent":0,"menu_order":0,"comment_status":"closed","ping_status":"closed","template":"","meta":{"_acf_changed":false,"footnotes":""},"class_list":["post-4844","page","type-page","status-publish","hentry"],"acf":[],"_links":{"self":[{"href":"https:\/\/cosyowl.com\/es\/wp-json\/wp\/v2\/pages\/4844","targetHints":{"allow":["GET"]}}],"collection":[{"href":"https:\/\/cosyowl.com\/es\/wp-json\/wp\/v2\/pages"}],"about":[{"href":"https:\/\/cosyowl.com\/es\/wp-json\/wp\/v2\/types\/page"}],"author":[{"embeddable":true,"href":"https:\/\/cosyowl.com\/es\/wp-json\/wp\/v2\/users\/1"}],"replies":[{"embeddable":true,"href":"https:\/\/cosyowl.com\/es\/wp-json\/wp\/v2\/comments?post=4844"}],"version-history":[{"count":0,"href":"https:\/\/cosyowl.com\/es\/wp-json\/wp\/v2\/pages\/4844\/revisions"}],"wp:attachment":[{"href":"https:\/\/cosyowl.com\/es\/wp-json\/wp\/v2\/media?parent=4844"}],"curies":[{"name":"wp","href":"https:\/\/api.w.org\/{rel}","templated":true}]}}