{"id":4796,"date":"2020-12-16T02:21:45","date_gmt":"2020-12-16T02:21:45","guid":{"rendered":"https:\/\/cosyowl.com\/?page_id=4796"},"modified":"2024-05-15T23:21:52","modified_gmt":"2024-05-15T22:21:52","slug":"venta-al-por-mayor-de-velas","status":"publish","type":"page","link":"https:\/\/cosyowl.com\/es\/wholesale-candle-making-supplies","title":{"rendered":"Venta al por mayor de velas"},"content":{"rendered":"<link rel='stylesheet' href='\/wp-content\/themes\/shoptimizer-child-theme\/wholesale.css' type='text\/css' media='all' \/>\r\n\r\n<div class=\"section1\">\r\n\t<h2>Cosy Owl se complace en lanzar su servicio de venta al por mayor de velas.<\/h2>\r\n\t<p>Exclusivamente para clientes comerciales, ahora ofrecemos precios a medida y gesti\u00f3n de cuentas para nuestros clientes comerciales habituales.<\/p>\r\n<\/div>\r\n\r\n<div class=\"section2\">\r\n\t<p>Basado en el sencillo principio de cuanto m\u00e1s gastas, m\u00e1s descuento obtienes a trav\u00e9s de <a href=\"https:\/\/cosyowl.com\/es\/shop\">todos los productos<\/a>. PERO lo m\u00e1s importante es que nuestros precios al por mayor con descuento se mantienen constantes independientemente de la cantidad que coloque con cada <a href=\"https:\/\/cosyowl.com\/es\/checkout\">pedir<\/a> o cu\u00e1ntos de cada producto compra.<\/p>\r\n\t<p>De este modo, podr\u00e1 contar con una base de costes coherente para su negocio, tanto si necesita 1 o <a href=\"https:\/\/cosyowl.com\/es\/candle-making-supplies\/tools-equipment\/glue-dots-pack-of-1000\">1000<\/a> art\u00edculos en un pedido.<\/p>\r\n\t<p>Como comercio valorado <a href=\"https:\/\/cosyowl.com\/es\/communication-preferences\">cliente<\/a> tambi\u00e9n recibir\u00e1 una gesti\u00f3n de cuenta dedicada, el primer acceso exclusivo a nuevos productos, ventajas para los miembros y la promoci\u00f3n de su negocio a trav\u00e9s de nuestro blog y las redes sociales.<\/p>\r\n<\/div>\r\n\r\n<div class=\"section3\">\r\n<ul>\r\n\t<li class=\"item1\">Descuentos personalizados en todo el sitio basados en el gasto total, no en el gasto por pedido o por producto.<\/li>\r\n\t<li class=\"item2\">Gestor de cuentas dedicado<\/li>\r\n\t<li class=\"item3\">Obtenga siempre el descuento acordado, independientemente de la cantidad que pida de una sola vez<\/li>\r\n\t<li class=\"item4\">Aumente sus descuentos a medida que crezca su negocio y aumente su gasto con nosotros<\/li>\r\n\t<li class=\"item5\">Descuentos basados en el gasto total y no en la cantidad de cada pedido = base de costes coherente para su empresa<\/li>\r\n\t<li class=\"item6\">Primer acceso exclusivo a nuevos productos y funciones<\/li>\r\n\t<li class=\"item7\">Descuentos incluso en <a href=\"https:\/\/cosyowl.com\/es\/wholesale-store\">a granel<\/a> precios de compra<\/li>\r\n\t<li class=\"item8\">Util\u00edcenos para promocionar su empresa: promocionamos a nuestros clientes comerciales en las redes sociales y en nuestro blog.<\/li>\r\n<\/ul>\r\n<br class=\"clearBoth\" \/>\r\n<\/div>\r\n\r\n<div class=\"section4\"><\/div>\r\n\r\n<div class=\"section5\">\r\n\t<div class=\"zigzag\"><\/div>\r\n\t<a name=\"apply\"><\/a>\r\n\t<h2>C\u00f3mo convertirse en cliente de Cosy Owl Trade<\/h2>\r\n\t\r\n\t<div class=\"flowchart\">\r\n\t\t<div class=\"flowchart1\">\r\n\t\t\t<h3>\u00bfYa es cliente?<\/h3>\r\n\t\t\t<img decoding=\"async\" src=\"https:\/\/cosyowl.com\/wp-content\/uploads\/design\/owl-avatar-winking-200.png\" alt=\"Avatar de b\u00faho acogedor\" title=\"\">\r\n\t\t\t<p>Un gestor de cuentas revisar\u00e1 su cuenta y, una vez que haya gastado m\u00e1s de 150 \u00a3 al mes durante dos meses consecutivos, se pondr\u00e1 en contacto con usted para confirmarlo. Recuerde que cuanto m\u00e1s gaste, mejor ser\u00e1 la banda de descuento que se le aplique.<\/p>\r\n\t\t<\/div>\r\n\t\t\r\n\t\t<div class=\"flowchart2\">\r\n\t\t\t<h3>\u00bfNuevo Cosy Owler?<\/h3>\r\n\t\t\t<img decoding=\"async\" src=\"https:\/\/cosyowl.com\/wp-content\/uploads\/design\/owl-avatar-looking-up-200.png\" alt=\"Avatar de b\u00faho acogedor\" title=\"\">\r\n\t\t\t<p class=\"wholesale-button\"><a href=\"\/es\/cuenta\/?wmc-currency=EUR\">Haga clic aqu\u00ed para inscribirse.<\/a><\/p>\r\n\t\t\t<p>Rellene el formulario de registro. Marque la casilla \"\u00bfEs usted un cliente profesional?\" y rellene los datos, incluido el gasto mensual estimado. Env\u00ede el formulario.<\/p>\r\n\t\t\t<p>Una vez que haya realizado pedidos de 150 \u00a3 o m\u00e1s al mes durante dos meses consecutivos, un gestor de cuenta se pondr\u00e1 en contacto con usted y establecer\u00e1 su banda de descuento. Cuanto m\u00e1s gaste, mejor ser\u00e1 la banda de descuento que se le aplique.<\/p>\r\n\t\t<\/div>\r\n\t\t\r\n\t\t<div class=\"flowchart3\">\t\t\r\n\t\t\t<p><b>Una vez configurado<\/b> <br\/>Cada vez que te conectes ver\u00e1s tus precios rebajados en todos los productos.<\/p>\r\n\t\t<\/div>\r\n\t<\/div>\r\n<\/div>\r\n\r\n<div class=\"section4\"><\/div>","protected":false},"excerpt":{"rendered":"<p>Cosy Owl are delighted to launch our wholesale candle supplies facility Exclusively for trade customers, we now offer tailor made pricing and account management for our regular trade customers Based on the simple principle of the more you spend the more discount you get across all products. BUT importantly our discounted wholesale prices remain constant [&hellip;]<\/p>\n","protected":false},"author":10,"featured_media":0,"parent":0,"menu_order":0,"comment_status":"closed","ping_status":"closed","template":"template-fullwidth.php","meta":{"_acf_changed":false,"footnotes":""},"class_list":["post-4796","page","type-page","status-publish","hentry"],"acf":[],"_links":{"self":[{"href":"https:\/\/cosyowl.com\/es\/wp-json\/wp\/v2\/pages\/4796","targetHints":{"allow":["GET"]}}],"collection":[{"href":"https:\/\/cosyowl.com\/es\/wp-json\/wp\/v2\/pages"}],"about":[{"href":"https:\/\/cosyowl.com\/es\/wp-json\/wp\/v2\/types\/page"}],"author":[{"embeddable":true,"href":"https:\/\/cosyowl.com\/es\/wp-json\/wp\/v2\/users\/10"}],"replies":[{"embeddable":true,"href":"https:\/\/cosyowl.com\/es\/wp-json\/wp\/v2\/comments?post=4796"}],"version-history":[{"count":0,"href":"https:\/\/cosyowl.com\/es\/wp-json\/wp\/v2\/pages\/4796\/revisions"}],"wp:attachment":[{"href":"https:\/\/cosyowl.com\/es\/wp-json\/wp\/v2\/media?parent=4796"}],"curies":[{"name":"wp","href":"https:\/\/api.w.org\/{rel}","templated":true}]}}