{"id":13350,"date":"2021-07-01T10:24:10","date_gmt":"2021-07-01T09:24:10","guid":{"rendered":"https:\/\/cosyowl.com\/?page_id=13350"},"modified":"2021-07-01T10:24:37","modified_gmt":"2021-07-01T09:24:37","slug":"lets-get-cosy-with-sustainability","status":"publish","type":"page","link":"https:\/\/cosyowl.com\/es\/sustainability","title":{"rendered":"Pong\u00e1monos c\u00f3modos con la sostenibilidad"},"content":{"rendered":"<p>Aqu\u00ed en <a href=\"https:\/\/cosyowl.com\/es\/\">B\u00faho acogedor<\/a>nos tomamos en serio <a href=\"https:\/\/cosyowl.com\/es\/guides\/the-truth-about-paraffin-wax-being-vegan-friendly\">sostenibilidad<\/a>. Trabajamos incesantemente con nuestros proveedores para asegurarnos de que nuestros materiales se obtienen localmente, siempre que sea posible, para evitar transportes innecesarios, por eso s\u00f3lo trabajamos con proveedores que operan de forma \u00e9tica y sostenible a la vez que producen los productos de alta calidad. <a href=\"https:\/\/cosyowl.com\/es\/candle-wicks\/wedo-lx-wick-raw\">calidad<\/a> productos que nuestros clientes adoran y esperan.<\/p>\n<h2>Nuestros compromisos<\/h2>\n<p style=\"font-size: 1.2em; margin-bottom: 2em; font-style: italic; color: #666\">\"Nos comprometemos a convertirnos en l\u00edderes de suministros de artesan\u00eda de origen sostenible\".<\/p>\n<p>En <a href=\"https:\/\/cosyowl.com\/es\/checkout\">pedir<\/a> Para alcanzar este objetivo, revisamos continuamente nuestros procesos y pr\u00e1cticas:<\/p>\n<ul>\n<li>Queremos ser <strong>98% sin pl\u00e1stico<\/strong> para finales de 2021. Ya utilizamos envases reciclables al tramitar los pedidos.<\/li>\n<li>Nuestro nuevo <strong>100% <a href=\"https:\/\/cosyowl.com\/es\/candle-making-supplies\/glitters\/apple-green-biodegradable\">biodegradable<\/a> bolsas<\/strong> sustituir\u00e1 los \u00faltimos elementos de pl\u00e1stico de nuestros envases en septiembre de 2021.<\/li>\n<li>Tambi\u00e9n nos comprometemos a utilizar productos de origen \u00e9tico. <a href=\"https:\/\/cosyowl.com\/es\/candle-making-supplies\/fragrance-oils-for-candle-making\/all-fragrances\/honey-fragrance-oil\">natural<\/a> aceites portadores certificados por organizaciones como la RSPO.<\/li>\n<li>Nos abastecemos <strong>100% ingredientes renovables<\/strong> siempre que sea posible.<\/li>\n<li>Nuestra <strong>los mensajeros son premiados<\/strong> y l\u00edderes mundiales en la reducci\u00f3n del impacto medioambiental de sus operaciones.<\/li>\n<li>Trabajamos con los principales proveedores mundiales de ingredientes de fragancias naturales para garantizar que cumplen los <strong>la m\u00e1s alta \u00e9tica y <a href=\"https:\/\/cosyowl.com\/es\/candle-wicks\/wedo-eco-wick-raw\">sostenible<\/a> abastecimiento<\/strong> normas del sector.<\/li>\n<li>La electricidad procede de <strong><a href=\"https:\/\/cosyowl.com\/es\/fragrance-oils\/fresh-cut-grass\">verde<\/a> s\u00f3lo fuentes<\/strong>Calentamos nuestras plantas con energ\u00eda sostenible y hemos desarrollado pr\u00e1cticas de trabajo que minimizan nuestro impacto.<\/li>\n<li><strong>Dejaremos de usar frascos de pl\u00e1stico con fragancia<\/strong> a las botellas de vidrio y aluminio. Ya hemos iniciado el proceso y seguiremos introduci\u00e9ndolo gradualmente para completar la transici\u00f3n a finales de a\u00f1o.<\/li>\n<li>Por \u00faltimo, pero no por ello menos importante, <strong>nos comprometemos a facilitar informaci\u00f3n actualizada y objetiva<\/strong> a nuestros clientes.<\/li>\n<\/ul>\n<p>Mant\u00e9ngase al d\u00eda de nuestros compromisos. Suscr\u00edbase a nuestro bolet\u00edn en el pie de p\u00e1gina.<\/p>\n<h2>Un enfoque basado en hechos<\/h2>\n<p style=\"font-size: 1.2em; margin-bottom: 2em; font-style: italic; color: #666\">\"Uno de los mayores obst\u00e1culos para la sostenibilidad<br \/>\nes desinformaci\u00f3n\"<\/p>\n<p>Todos nuestros productos llevan la marca '<strong>sin crueldad<\/strong>\u2018, \u2018<strong>apto para veganos<\/strong>', esta informaci\u00f3n est\u00e1 plenamente documentada desde el suministro hasta la producci\u00f3n y la entrega.<\/p>\n<p>Siempre que los productos que utilizamos sean objeto de preocupaci\u00f3n en materia de sostenibilidad, por ejemplo <strong>Cera de soja<\/strong>Nos aseguramos de que los proveedores declaren que sus productos proceden exclusivamente de fuentes sostenibles.<\/p>\n<p>Muchos <a href=\"https:\/\/cosyowl.com\/es\/privacy\">t\u00e9rminos<\/a> y conceptos pueden inducir a error si no se elaboran adecuadamente, por eso seguimos actualizando nuestro <a href=\"https:\/\/cosyowl.com\/es\/guias\/?wmc-currency=EUR\">Blog<\/a> con art\u00edculos, gu\u00edas \u00fatiles y fuentes educativas sobre sostenibilidad, productos, procesos y mucho m\u00e1s.<\/p>\n<p>\u00bfSabe lo que significan t\u00e9rminos como '<strong>id\u00e9ntico natural<\/strong>\u2018, \u2018<strong>org\u00e1nico<\/strong>y muchos otros? \u00bfCree que la cera de soja es un producto sostenible?<\/p>\n<p>Lea m\u00e1s sobre sostenibilidad y artesan\u00eda en estos art\u00edculos:<\/p>\n<ul>\n<li><a href=\"https:\/\/cosyowl.com\/es\/guias\/terminos-clave\/?wmc-currency=EUR\">T\u00e9rminos clave<\/a><\/li>\n<li><a href=\"https:\/\/cosyowl.com\/es\/guias\/la-verdad-sobre-la-parafina-vegana\/?wmc-currency=EUR\">La verdad sobre la cera de parafina apta para veganos<\/a><\/li>\n<li><a href=\"https:\/\/cosyowl.com\/es\/guias\/cera-de-soja-para-la-fabricacion-de-velas-guia-para-principiantes\/?wmc-currency=EUR\">Cera de soja para hacer velas. Gu\u00eda para principiantes<\/a><\/li>\n<\/ul>\n<p><strong>Vamos <a href=\"https:\/\/cosyowl.com\/es\/guides\/how-to-make-wax-melts-at-home\">artesan\u00eda<\/a> un futuro sostenible<\/strong><\/p>","protected":false},"excerpt":{"rendered":"<p>Here at Cosy Owl, we are serious about sustainability. We work incessantly with our suppliers to ensure our materials are sourced locally, wherever possible, to avoid unnecessary transportation, that&#8217;s why we only work with suppliers who operate ethically and sustainably whilst producing the high quality products that our customers have come to love and expect. [&hellip;]<\/p>\n","protected":false},"author":3,"featured_media":0,"parent":0,"menu_order":0,"comment_status":"closed","ping_status":"closed","template":"","meta":{"_acf_changed":false,"footnotes":""},"class_list":["post-13350","page","type-page","status-publish","hentry"],"acf":[],"_links":{"self":[{"href":"https:\/\/cosyowl.com\/es\/wp-json\/wp\/v2\/pages\/13350","targetHints":{"allow":["GET"]}}],"collection":[{"href":"https:\/\/cosyowl.com\/es\/wp-json\/wp\/v2\/pages"}],"about":[{"href":"https:\/\/cosyowl.com\/es\/wp-json\/wp\/v2\/types\/page"}],"author":[{"embeddable":true,"href":"https:\/\/cosyowl.com\/es\/wp-json\/wp\/v2\/users\/3"}],"replies":[{"embeddable":true,"href":"https:\/\/cosyowl.com\/es\/wp-json\/wp\/v2\/comments?post=13350"}],"version-history":[{"count":0,"href":"https:\/\/cosyowl.com\/es\/wp-json\/wp\/v2\/pages\/13350\/revisions"}],"wp:attachment":[{"href":"https:\/\/cosyowl.com\/es\/wp-json\/wp\/v2\/media?parent=13350"}],"curies":[{"name":"wp","href":"https:\/\/api.w.org\/{rel}","templated":true}]}}