{"id":1329,"date":"2020-12-09T09:12:04","date_gmt":"2020-12-09T09:12:04","guid":{"rendered":"https:\/\/cosyowl.com\/finance-error\/"},"modified":"2020-12-09T09:12:04","modified_gmt":"2020-12-09T09:12:04","slug":"error-financiero","status":"publish","type":"page","link":"https:\/\/cosyowl.com\/es\/finance-error","title":{"rendered":"Error financiero"},"content":{"rendered":"<p><script src=\"https:\/\/woo.pbffinancecalculator.info\/shopify\/static\/handback.js\"><\/script><\/p>\n<div class=\"page-head\">\n<h3>Se ha producido un error al procesar su solicitud<\/h3>\n<\/p><\/div>\n<p><span id=\"error_message\"><\/span><\/p>\n<p>\n\t\t\t\t\t\t\tpor favor <a href=\"https:\/\/cosyowl.com\/es\/contact-us\">Contacto<\/a> si necesita m\u00e1s ayuda.<\/p>\n<p>\t\t\t\t\t\t\t<strong>Su <a href=\"https:\/\/cosyowl.com\/es\/checkout\">pedir<\/a> n\u00famero es: <span id=\"order_id\"><\/span><\/strong>.<\/p>\n<p>\t\t\t\t\t\t\tSi ha pagado un dep\u00f3sito, le devolveremos el dinero en un plazo de 3 a 5 d\u00edas laborables o, si lo prefiere, puede pagar el resto por tel\u00e9fono poni\u00e9ndose en contacto con nosotros.\n\t\t\t\t\t\t<\/p>","protected":false},"excerpt":{"rendered":"<p>Se ha producido un error al procesar su solicitud, p\u00f3ngase en contacto con nosotros si necesita m\u00e1s ayuda. Su n\u00famero de pedido es: . Si ha pagado un dep\u00f3sito, le devolveremos el dinero en un plazo de 3 a 5 d\u00edas laborables o, si lo prefiere, puede pagar el resto por tel\u00e9fono poni\u00e9ndose en contacto con nosotros.<\/p>","protected":false},"author":1,"featured_media":0,"parent":0,"menu_order":0,"comment_status":"closed","ping_status":"closed","template":"","meta":{"_acf_changed":false,"footnotes":""},"class_list":["post-1329","page","type-page","status-publish","hentry"],"acf":[],"_links":{"self":[{"href":"https:\/\/cosyowl.com\/es\/wp-json\/wp\/v2\/pages\/1329","targetHints":{"allow":["GET"]}}],"collection":[{"href":"https:\/\/cosyowl.com\/es\/wp-json\/wp\/v2\/pages"}],"about":[{"href":"https:\/\/cosyowl.com\/es\/wp-json\/wp\/v2\/types\/page"}],"author":[{"embeddable":true,"href":"https:\/\/cosyowl.com\/es\/wp-json\/wp\/v2\/users\/1"}],"replies":[{"embeddable":true,"href":"https:\/\/cosyowl.com\/es\/wp-json\/wp\/v2\/comments?post=1329"}],"version-history":[{"count":0,"href":"https:\/\/cosyowl.com\/es\/wp-json\/wp\/v2\/pages\/1329\/revisions"}],"wp:attachment":[{"href":"https:\/\/cosyowl.com\/es\/wp-json\/wp\/v2\/media?parent=1329"}],"curies":[{"name":"wp","href":"https:\/\/api.w.org\/{rel}","templated":true}]}}