{"id":1326,"date":"2020-12-09T09:12:00","date_gmt":"2020-12-09T09:12:00","guid":{"rendered":"https:\/\/cosyowl.com\/finance-accepted\/"},"modified":"2020-12-09T09:12:00","modified_gmt":"2020-12-09T09:12:00","slug":"finanzas-aceptadas","status":"publish","type":"page","link":"https:\/\/cosyowl.com\/es\/finance-accepted","title":{"rendered":"Financiaci\u00f3n aceptada"},"content":{"rendered":"<p>Me complace confirmar que su <a href=\"https:\/\/cosyowl.com\/es\/guides\/how-to-use-fragrance-oils\">aplicaci\u00f3n<\/a> ha sido aceptada y su <a href=\"https:\/\/cosyowl.com\/es\/checkout\">pedir<\/a> est\u00e1 reservado en nuestros sistemas.<\/p>\n<p>No obstante, su pedido no se enviar\u00e1 hasta que se haya completado su firma electr\u00f3nica, si se ofrece, o se haya devuelto su documentaci\u00f3n firmada a Hitachi Personal Finance a la siguiente direcci\u00f3n:<\/p>\n<ul>\n<li>PaybyFinance<\/li>\n<li>Hitachi Finanzas Personales<\/li>\n<li>Freepost RRYU-HCAT-JEUG<\/li>\n<li>2 Apex View<\/li>\n<li>Leeds, LS11 9BH<\/li>\n<\/ul>\n<p>Si a\u00fan no ha firmado electr\u00f3nicamente (si est\u00e1 disponible) o impreso y firmado la documentaci\u00f3n, se le ha enviado un correo electr\u00f3nico a la direcci\u00f3n de correo electr\u00f3nico que se le ha asignado para que cumplimente y devuelva la documentaci\u00f3n lo antes posible.<\/p>\n<p>Mientras tanto, gracias por utilizar , esperamos hacer negocios con usted en el futuro.<\/p>","protected":false},"excerpt":{"rendered":"<p>I am delighted to confirm that your application has now been accepted and your order is now reserved in our systems. However your order will not be dispatched until either your e-signature has been completed, if offered, or your signed documentation has been returned to Hitachi Personal Finance at the following address: PaybyFinance Hitachi Personal [&hellip;]<\/p>\n","protected":false},"author":1,"featured_media":0,"parent":0,"menu_order":0,"comment_status":"closed","ping_status":"closed","template":"","meta":{"_acf_changed":false,"footnotes":""},"class_list":["post-1326","page","type-page","status-publish","hentry"],"acf":[],"_links":{"self":[{"href":"https:\/\/cosyowl.com\/es\/wp-json\/wp\/v2\/pages\/1326","targetHints":{"allow":["GET"]}}],"collection":[{"href":"https:\/\/cosyowl.com\/es\/wp-json\/wp\/v2\/pages"}],"about":[{"href":"https:\/\/cosyowl.com\/es\/wp-json\/wp\/v2\/types\/page"}],"author":[{"embeddable":true,"href":"https:\/\/cosyowl.com\/es\/wp-json\/wp\/v2\/users\/1"}],"replies":[{"embeddable":true,"href":"https:\/\/cosyowl.com\/es\/wp-json\/wp\/v2\/comments?post=1326"}],"version-history":[{"count":0,"href":"https:\/\/cosyowl.com\/es\/wp-json\/wp\/v2\/pages\/1326\/revisions"}],"wp:attachment":[{"href":"https:\/\/cosyowl.com\/es\/wp-json\/wp\/v2\/media?parent=1326"}],"curies":[{"name":"wp","href":"https:\/\/api.w.org\/{rel}","templated":true}]}}