{"id":11677,"date":"2021-01-20T13:14:08","date_gmt":"2021-01-20T13:14:08","guid":{"rendered":"https:\/\/cosyowl.com\/?page_id=11677"},"modified":"2025-09-03T13:59:56","modified_gmt":"2025-09-03T12:59:56","slug":"free-delivery-2","status":"publish","type":"page","link":"https:\/\/cosyowl.com\/es\/free-delivery","title":{"rendered":"Env\u00edo gratuito"},"content":{"rendered":"<p>Ofrecemos env\u00edo gratuito para pedidos de Royal Mail y Courier superiores a 250 \u00a3, IVA incluido, a la mayor\u00eda de direcciones del Reino Unido. La opci\u00f3n de env\u00edo gratuito es un servicio est\u00e1ndar de hasta 5 d\u00edas laborables.<\/p>\n<p>Lamentablemente, debido a su peso, la oferta de env\u00edo gratuito excluye cualquier producto de Cera o Packs de Cristaler\u00eda. Lamentablemente, tampoco podemos ofrecer el ahorro total en los env\u00edos por mensajer\u00eda s\u00f3lo a nuestros clientes de las zonas consideradas \"Highlands &amp; Islands\", sino que s\u00f3lo recibir\u00e1n una tarifa de env\u00edo reducida.  La oferta tambi\u00e9n excluye grandes pedidos paletizados a cualquier lugar en el Reino Unido.<\/p>\n<p>Aseg\u00farese de elegir la opci\u00f3n de ENV\u00cdO GRATUITO en <a href=\"https:\/\/cosyowl.com\/es\/checkout\">checkout<\/a> ya que no se reembolsar\u00e1 a posteriori.<\/p>\n<p>Para nuestros clientes en el extranjero, ofrecemos env\u00edo gratuito para pedidos superiores a 300 euros exc. IVA. Los pedidos a estos pa\u00edses tambi\u00e9n pueden realizarse a trav\u00e9s de nuestro <a href=\"https:\/\/cosyowl.com\/es\/fr\/?wmc-currency=EUR\">Franc\u00e9s<\/a> o <a href=\"https:\/\/cosyowl.com\/es\/de\/?wmc-currency=EUR\">Alem\u00e1n<\/a> sitios web.<\/p>\n<p>Esta promoci\u00f3n de env\u00edo gratuito cubre el coste de env\u00edo de un solo paquete de mensajer\u00eda y, en las ocasiones en que sea necesario asumir un coste de transporte adicional, un miembro de nuestra <a href=\"https:\/\/cosyowl.com\/es\/contact-us\">Atenci\u00f3n al cliente<\/a> se pondr\u00e1 en contacto con usted por correo electr\u00f3nico lo antes posible, al siguiente d\u00eda laborable.<\/p>","protected":false},"excerpt":{"rendered":"<p>We offer free shipping for Royal Mail and Courier orders over \u00a3250 including VAT, to the majority of UK addresses. The free shipping option is a standard, up to 5 business day service only. Regretably, due to their weight, the free shipping offer excludes any Wax products or Packs of Glassware. We are sadly also [&hellip;]<\/p>\n","protected":false},"author":1,"featured_media":0,"parent":0,"menu_order":0,"comment_status":"closed","ping_status":"closed","template":"","meta":{"_acf_changed":false,"footnotes":""},"class_list":["post-11677","page","type-page","status-publish","hentry"],"acf":[],"_links":{"self":[{"href":"https:\/\/cosyowl.com\/es\/wp-json\/wp\/v2\/pages\/11677","targetHints":{"allow":["GET"]}}],"collection":[{"href":"https:\/\/cosyowl.com\/es\/wp-json\/wp\/v2\/pages"}],"about":[{"href":"https:\/\/cosyowl.com\/es\/wp-json\/wp\/v2\/types\/page"}],"author":[{"embeddable":true,"href":"https:\/\/cosyowl.com\/es\/wp-json\/wp\/v2\/users\/1"}],"replies":[{"embeddable":true,"href":"https:\/\/cosyowl.com\/es\/wp-json\/wp\/v2\/comments?post=11677"}],"version-history":[{"count":0,"href":"https:\/\/cosyowl.com\/es\/wp-json\/wp\/v2\/pages\/11677\/revisions"}],"wp:attachment":[{"href":"https:\/\/cosyowl.com\/es\/wp-json\/wp\/v2\/media?parent=11677"}],"curies":[{"name":"wp","href":"https:\/\/api.w.org\/{rel}","templated":true}]}}