{"id":9995,"date":"2021-01-07T06:00:00","date_gmt":"2021-01-07T06:00:00","guid":{"rendered":"https:\/\/cosyowl.com\/product\/uncategorized\/import-placeholder-for-tcdl-ccon-bwed-ntlc-ctl1-209"},"modified":"2026-03-03T13:50:13","modified_gmt":"2026-03-03T13:50:13","slug":"teelichtbecher-aus-aluminium-37-5mm-x-22mm","status":"publish","type":"product","link":"https:\/\/cosyowl.com\/de_at\/candle-making-supplies\/candle-containers\/metal-containers\/aluminium-tea-light-cups-375mm-x-22mm","title":{"rendered":"Aluminium-Teelichtbecher - 37,5 mm x 22 mm"},"content":{"rendered":"<p>Diese <a href=\"https:\/\/cosyowl.com\/de_at\/candle-making-supplies\/candle-containers\/metal-containers\/aluminium-tea-light-cups-36mm-x-164mm\">Aluminium Teelicht<\/a> Die Becher haben eine Breite von 37,5 mm und eine H\u00f6he von 22 mm und sind vor allem f\u00fcr die Verwendung mit <a href=\"https:\/\/cosyowl.com\/de_at\/guides\/the-truth-about-paraffin-wax-being-vegan-friendly\">Paraffinwachs<\/a>. Die Dochte mit St\u00fctzen werden separat geliefert - siehe Auflistungen unter \"Kerzendochte\" \/ Produkt: <strong>Teelichtdocht (TL 15\/S.30) - <a href=\"https:\/\/cosyowl.com\/de_at\/candle-wicks\/tealight-wick-tl15\">40mm lang<\/a><\/strong>.<\/p>\n<p>Wichtiger Hinweis, stellen Sie das Teelicht nicht <a href=\"https:\/\/cosyowl.com\/de_at\/guides\/a-summers-beach-gel-votive-candle\">Kerze<\/a> direkt auf eine brennbare Oberfl\u00e4che, da der Boden des Beh\u00e4lters sehr hei\u00df werden kann.<\/p>","protected":false},"excerpt":{"rendered":"<p>These Aluminium Tea Light Cups are 37.5mm wide x 22mm in height and for use predominantly with paraffin wax. The wicks with sustainers are supplied separately &#8211; see listings under &#8216;Candle Wicks&#8217; \/ product: Tea Light Wick (TL 15\/S.30) &#8211; 40mm Long. Important note, do not place the Tea Light candle directly onto a combustible [&hellip;]<\/p>\n","protected":false},"featured_media":54005,"comment_status":"open","ping_status":"closed","template":"","meta":{"_acf_changed":false},"product_brand":[],"product_cat":[501,502],"product_tag":[925],"class_list":{"0":"post-9995","1":"product","2":"type-product","3":"status-publish","4":"has-post-thumbnail","6":"product_cat-metal-containers","7":"product_cat-candle-containers-other-containers","8":"product_tag-tea-light-cup","9":"product_shipping_class-royal_mail","11":"first","12":"instock","13":"taxable","14":"shipping-taxable","15":"purchasable","16":"product-type-variable"},"acf":[],"_links":{"self":[{"href":"https:\/\/cosyowl.com\/de_at\/wp-json\/wp\/v2\/product\/9995","targetHints":{"allow":["GET"]}}],"collection":[{"href":"https:\/\/cosyowl.com\/de_at\/wp-json\/wp\/v2\/product"}],"about":[{"href":"https:\/\/cosyowl.com\/de_at\/wp-json\/wp\/v2\/types\/product"}],"replies":[{"embeddable":true,"href":"https:\/\/cosyowl.com\/de_at\/wp-json\/wp\/v2\/comments?post=9995"}],"wp:featuredmedia":[{"embeddable":true,"href":"https:\/\/cosyowl.com\/de_at\/wp-json\/wp\/v2\/media\/54005"}],"wp:attachment":[{"href":"https:\/\/cosyowl.com\/de_at\/wp-json\/wp\/v2\/media?parent=9995"}],"wp:term":[{"taxonomy":"product_brand","embeddable":true,"href":"https:\/\/cosyowl.com\/de_at\/wp-json\/wp\/v2\/product_brand?post=9995"},{"taxonomy":"product_cat","embeddable":true,"href":"https:\/\/cosyowl.com\/de_at\/wp-json\/wp\/v2\/product_cat?post=9995"},{"taxonomy":"product_tag","embeddable":true,"href":"https:\/\/cosyowl.com\/de_at\/wp-json\/wp\/v2\/product_tag?post=9995"}],"curies":[{"name":"wp","href":"https:\/\/api.w.org\/{rel}","templated":true}]}}