{"id":9993,"date":"2021-01-10T06:00:00","date_gmt":"2021-01-10T06:00:00","guid":{"rendered":"https:\/\/cosyowl.com\/product\/uncategorized\/import-placeholder-for-tcdl-cwik-bowl-s5mt-ctcr-207"},"modified":"2026-04-27T11:26:03","modified_gmt":"2026-04-27T10:26:03","slug":"tcr-serie-docht-roh","status":"publish","type":"product","link":"https:\/\/cosyowl.com\/de_at\/candle-wicks\/tcr-series-wick-raw","title":{"rendered":"TCR Serie Kerzendocht - Roh"},"content":{"rendered":"<p>Dieser Docht wird in L\u00e4ngen von 5 Metern geliefert.<\/p>\n<p><a href=\"https:\/\/cosyowl.com\/de_at\/\">Kuschelige Eule<\/a> liefert TCR Wick, ein hochwertiges <a href=\"https:\/\/cosyowl.com\/de_at\/candle-wicks\/wedo-lx-wick-120mm\">Qualit\u00e4t<\/a> Docht, der sowohl f\u00fcr pflanzliche als auch f\u00fcr Sojawachse mit oder ohne Farbstoff und\/oder Duftstoffe geeignet ist. Der Docht ist <a href=\"https:\/\/cosyowl.com\/de_at\/candle-wicks\/wedo-lx-wick-raw\">roh<\/a>Das bedeutet, dass er nicht mit Wachs beschichtet ist, wie es bei anderen Dochtarten der Fall ist. Der TCR-Docht ist ein kernloser Docht aus strukturierten Papierf\u00e4den, die ihm Steifigkeit verleihen, und er ist selbsttrimmend, was bedeutet, dass die Wahrscheinlichkeit des Aufpilzens und der Erzeugung von Rauch und Ru\u00df geringer ist.<\/p>\n<h3>Dochtempfehlungen**<\/h3>\n<p><strong>Bitte klicken Sie auf den untenstehenden Link, um unsere Dochte zu entdecken <a href=\"https:\/\/cosyowl.com\/de_at\/guides\/using-cotton-wicks-with-soyaluna-container-wax-recommendations\">Empfehlungen<\/a> zugeschnitten auf Ihre Bed\u00fcrfnisse bei der Kerzenherstellung.<\/strong><\/p>\n<p><a href=\"https:\/\/cosyowl.com\/de_at\/leitfaden\/prozentsatze-und-messungen\/?wmc-currency=EUR\">Kuscheliger Eulendocht Empfehlungen<\/a><\/p>\n<p>*Bitte beachten Sie, die empfohlene Wachsmenge ist eine <a href=\"https:\/\/cosyowl.com\/de_at\/guides\/a-guide-to-creating-your-own-soap-products\">Leitfaden<\/a> und basiert auf dem maximalen Fassungsverm\u00f6gen f\u00fcr diesen speziellen Beh\u00e4lter. Daher ist es m\u00f6glich, weniger Wachs zu verwenden, aber wir w\u00fcrden nicht empfehlen, die maximale Kapazit\u00e4t zu \u00fcberschreiten. Wir empfehlen, die angegebenen Wachsmengen nur als Ausgangspunkt zu verwenden und diese anzupassen <a href=\"https:\/\/cosyowl.com\/de_at\/guides\/weighing-fragrance\">Messungen<\/a> wie Sie es w\u00fcnschen.<\/p>\n<p>**Bitte beachten Sie, dass alle Dochtempfehlungen nur auf der Verwendung mit unserem Wachs basieren. Die kleinste <a href=\"https:\/\/cosyowl.com\/de_at\/guides\/candle-wick-size-chart\">Dochtgr\u00f6\u00dfe<\/a> ist nur f\u00fcr die Verwendung mit Wachs empfohlen. Die gr\u00f6\u00dfte empfohlene Dochtgr\u00f6\u00dfe ist f\u00fcr die Verwendung bei <a href=\"https:\/\/cosyowl.com\/de_at\/candle-making-supplies\/fragrance-oils-for-candle-making\/premium-fragrance-oils\/cosy-owl-premium-1-million-type-fragrance-oil\">Parf\u00fcm\u00f6l<\/a> und\/oder Farbstoff vorhanden sind. Alle Angaben dienen lediglich als Orientierungshilfe, um einen Ausgangspunkt f\u00fcr das Experimentieren mit Dochten zu finden, da unterschiedliche Temperaturen und <a href=\"https:\/\/cosyowl.com\/de_at\/guides\/2023-spring-fragrance-oil-trends\">Parf\u00fcmierte \u00d6le<\/a> wird sich auf den Erfolg eines Dochts auswirken.<\/p>","protected":false},"excerpt":{"rendered":"<p>This wick is supplied in 5 metre lengths. Cosy Owl supplies TCR Wick, a high quality wick appropriate for both vegetable and soy waxes whether with or without dye and\/or fragrances. The wick is raw, which means it is not coated with wax as with other types of wick. TCR wick is a coreless wick [&hellip;]<\/p>\n","protected":false},"featured_media":11925,"comment_status":"open","ping_status":"closed","template":"","meta":{"_acf_changed":false},"product_brand":[],"product_cat":[499],"product_tag":[943],"class_list":{"0":"post-9993","1":"product","2":"type-product","3":"status-publish","4":"has-post-thumbnail","6":"product_cat-candle-wicks","7":"product_tag-wicks-tcr-series","9":"first","10":"instock","11":"taxable","12":"shipping-taxable","13":"purchasable","14":"product-type-variable"},"acf":[],"_links":{"self":[{"href":"https:\/\/cosyowl.com\/de_at\/wp-json\/wp\/v2\/product\/9993","targetHints":{"allow":["GET"]}}],"collection":[{"href":"https:\/\/cosyowl.com\/de_at\/wp-json\/wp\/v2\/product"}],"about":[{"href":"https:\/\/cosyowl.com\/de_at\/wp-json\/wp\/v2\/types\/product"}],"replies":[{"embeddable":true,"href":"https:\/\/cosyowl.com\/de_at\/wp-json\/wp\/v2\/comments?post=9993"}],"wp:featuredmedia":[{"embeddable":true,"href":"https:\/\/cosyowl.com\/de_at\/wp-json\/wp\/v2\/media\/11925"}],"wp:attachment":[{"href":"https:\/\/cosyowl.com\/de_at\/wp-json\/wp\/v2\/media?parent=9993"}],"wp:term":[{"taxonomy":"product_brand","embeddable":true,"href":"https:\/\/cosyowl.com\/de_at\/wp-json\/wp\/v2\/product_brand?post=9993"},{"taxonomy":"product_cat","embeddable":true,"href":"https:\/\/cosyowl.com\/de_at\/wp-json\/wp\/v2\/product_cat?post=9993"},{"taxonomy":"product_tag","embeddable":true,"href":"https:\/\/cosyowl.com\/de_at\/wp-json\/wp\/v2\/product_tag?post=9993"}],"curies":[{"name":"wp","href":"https:\/\/api.w.org\/{rel}","templated":true}]}}