{"id":9964,"date":"2021-01-10T06:00:00","date_gmt":"2021-01-10T06:00:00","guid":{"rendered":"https:\/\/cosyowl.com\/product\/uncategorized\/import-placeholder-for-tcdl-cwik-bwed-s5mt-clx-206"},"modified":"2026-03-03T13:43:52","modified_gmt":"2026-03-03T13:43:52","slug":"wedo-lx-docht-roh","status":"publish","type":"product","link":"https:\/\/cosyowl.com\/de_at\/candle-wicks\/wedo-lx-wick-raw","title":{"rendered":"Wedo LX Kerzendocht - Roh"},"content":{"rendered":"<p>Dieser Docht wird in L\u00e4ngen von 5 Metern geliefert.<\/p>\n<p><a href=\"https:\/\/cosyowl.com\/de_at\/\">Kuschelige Eule<\/a> liefert die Wedo-Dochte der Serie LX, die f\u00fcr Beh\u00e4lter und freistehende Kerzen, die haupts\u00e4chlich aus <a href=\"https:\/\/cosyowl.com\/de_at\/guides\/the-truth-about-paraffin-wax-being-vegan-friendly\">Paraffinwachs<\/a> aber auch in Mischungen, die pflanzliches Wachs enthalten, gut funktionieren. Dar\u00fcber hinaus bietet die Serie eine hohe Leistung bei normalen Duft- und Farbkonzentrationen. Die Serie hat ihre eigene <a href=\"https:\/\/cosyowl.com\/de_at\/candle-making-supplies\/fragrance-oils-for-candle-making\/all-fragrances\/alien-type-fragrance-oil\">einzigartig<\/a> \"X\" chemische Behandlung. Die kernlose Dochtkonstruktion mit zus\u00e4tzlichen Stabilit\u00e4tsf\u00e4den bietet eine ausgezeichnete strukturelle Festigkeit f\u00fcr den Einsatz sowohl beim Formen\/Gie\u00dfen als auch beim Pressen <a href=\"https:\/\/cosyowl.com\/de_at\/guides\/a-summers-beach-gel-votive-candle\">Kerze<\/a> Herstellungsvorg\u00e4nge.<\/p>\n<p>Die LX-Serie wird ausschlie\u00dflich aus der hochwertigsten ringgesponnenen Baumwolle hergestellt. Dies verbessert die Gesamtkonsistenz und tr\u00e4gt dazu bei, dass die Kerzenherstellung reibungsloser verl\u00e4uft und bessere Brennergebnisse erzielt werden.<\/p>\n<p>Wedo Dochte vereinen hochwertigste Dochtmaterialien, modernste Flecht- und Spulentechnologie sowie bew\u00e4hrte und <a href=\"https:\/\/cosyowl.com\/de_at\/finance-accepted\">genehmigt<\/a> chemische Behandlungen, um eine m\u00f6glichst saubere und sichere Verbrennung der betreffenden Materialien zu gew\u00e4hrleisten. Die Materialien und Verfahren gew\u00e4hrleisten au\u00dferdem ein einheitliches Produkt <a href=\"https:\/\/cosyowl.com\/de_at\/candle-wicks\/wedo-lx-wick-120mm\">Qualit\u00e4t<\/a> von Anfang bis Ende und von Charge zu Charge. Die selbsttrimmende Dochthaltung minimiert oder eliminiert die Bildung von Kohlenstoffablagerungen und reduziert das Nachgl\u00fchen erheblich. Als akkreditierter Lieferant stellt Wedo nur Dochte her, die die strengen Anforderungen des europ\u00e4ischen G\u00fctezeichens RAL GZ 041 erf\u00fcllen. Wedo ist nach EN ISO 9001:2008 zertifiziert.<\/p>\n<h3>Dochtempfehlungen**<\/h3>\n<p><strong>Bitte klicken Sie auf den untenstehenden Link, um unsere Dochte zu entdecken <a href=\"https:\/\/cosyowl.com\/de_at\/guides\/using-cotton-wicks-with-soyaluna-container-wax-recommendations\">Empfehlungen<\/a> zugeschnitten auf Ihre Bed\u00fcrfnisse bei der Kerzenherstellung.<\/strong><\/p>\n<p><a href=\"https:\/\/cosyowl.com\/de_at\/leitfaden\/prozentsatze-und-messungen\/?wmc-currency=EUR\">Kuscheliger Eulendocht Empfehlungen<\/a><\/p>\n<p>*Bitte beachten Sie, die empfohlene Wachsmenge ist eine <a href=\"https:\/\/cosyowl.com\/de_at\/guides\/a-guide-to-creating-your-own-soap-products\">Leitfaden<\/a> und basiert auf dem maximalen Fassungsverm\u00f6gen f\u00fcr diesen speziellen Beh\u00e4lter. Daher ist es m\u00f6glich, weniger Wachs zu verwenden, aber wir w\u00fcrden nicht empfehlen, die maximale Kapazit\u00e4t zu \u00fcberschreiten. Wir empfehlen, die angegebenen Wachsmengen nur als Ausgangspunkt zu verwenden und diese anzupassen <a href=\"https:\/\/cosyowl.com\/de_at\/guides\/weighing-fragrance\">Messungen<\/a> wie Sie es w\u00fcnschen.<\/p>\n<p>**Bitte beachten Sie, dass alle Dochtempfehlungen nur auf der Verwendung mit unserem Wachs basieren. Die kleinste <a href=\"https:\/\/cosyowl.com\/de_at\/guides\/candle-wick-size-chart\">Dochtgr\u00f6\u00dfe<\/a> ist nur f\u00fcr die Verwendung mit Wachs empfohlen. Die gr\u00f6\u00dfte empfohlene Dochtgr\u00f6\u00dfe ist f\u00fcr die Verwendung bei <a href=\"https:\/\/cosyowl.com\/de_at\/candle-making-supplies\/fragrance-oils-for-candle-making\/premium-fragrance-oils\/cosy-owl-premium-1-million-type-fragrance-oil\">Parf\u00fcm\u00f6l<\/a> und\/oder Farbstoff vorhanden sind. Alle Angaben dienen lediglich als Orientierungshilfe, um einen Ausgangspunkt f\u00fcr das Experimentieren mit Dochten zu finden, da unterschiedliche Temperaturen und <a href=\"https:\/\/cosyowl.com\/de_at\/guides\/2023-spring-fragrance-oil-trends\">Parf\u00fcmierte \u00d6le<\/a> wird sich auf den Erfolg eines Dochts auswirken.<\/p>","protected":false},"excerpt":{"rendered":"<p>This wick is supplied in 5 metre lengths. Cosy Owl supplies the LX series Wedo wick which is designed for containers and free standing candles made primarily of paraffin wax but also performs well in blends containing vegetable wax. In addition, the series gives high performance with normal fragrance loads and color concentrations. The series [&hellip;]<\/p>\n","protected":false},"featured_media":11924,"comment_status":"open","ping_status":"closed","template":"","meta":{"_acf_changed":false},"product_brand":[],"product_cat":[499],"product_tag":[945],"class_list":{"0":"post-9964","1":"product","2":"type-product","3":"status-publish","4":"has-post-thumbnail","6":"product_cat-candle-wicks","7":"product_tag-wicks-lx-series","9":"first","10":"instock","11":"taxable","12":"shipping-taxable","13":"purchasable","14":"product-type-variable"},"acf":[],"_links":{"self":[{"href":"https:\/\/cosyowl.com\/de_at\/wp-json\/wp\/v2\/product\/9964","targetHints":{"allow":["GET"]}}],"collection":[{"href":"https:\/\/cosyowl.com\/de_at\/wp-json\/wp\/v2\/product"}],"about":[{"href":"https:\/\/cosyowl.com\/de_at\/wp-json\/wp\/v2\/types\/product"}],"replies":[{"embeddable":true,"href":"https:\/\/cosyowl.com\/de_at\/wp-json\/wp\/v2\/comments?post=9964"}],"wp:featuredmedia":[{"embeddable":true,"href":"https:\/\/cosyowl.com\/de_at\/wp-json\/wp\/v2\/media\/11924"}],"wp:attachment":[{"href":"https:\/\/cosyowl.com\/de_at\/wp-json\/wp\/v2\/media?parent=9964"}],"wp:term":[{"taxonomy":"product_brand","embeddable":true,"href":"https:\/\/cosyowl.com\/de_at\/wp-json\/wp\/v2\/product_brand?post=9964"},{"taxonomy":"product_cat","embeddable":true,"href":"https:\/\/cosyowl.com\/de_at\/wp-json\/wp\/v2\/product_cat?post=9964"},{"taxonomy":"product_tag","embeddable":true,"href":"https:\/\/cosyowl.com\/de_at\/wp-json\/wp\/v2\/product_tag?post=9964"}],"curies":[{"name":"wp","href":"https:\/\/api.w.org\/{rel}","templated":true}]}}