{"id":9963,"date":"2021-01-10T06:00:00","date_gmt":"2021-01-10T06:00:00","guid":{"rendered":"https:\/\/cosyowl.com\/product\/uncategorized\/import-placeholder-for-tcdl-cwik-bwed-s5mt-ceco-205"},"modified":"2026-03-03T13:43:52","modified_gmt":"2026-03-03T13:43:52","slug":"wedo-oko-docht-roh","status":"publish","type":"product","link":"https:\/\/cosyowl.com\/de_at\/candle-wicks\/wedo-eco-wick-raw","title":{"rendered":"Wedo ECO Kerzendocht - Roh"},"content":{"rendered":"<p>Dieser Docht wird in L\u00e4ngen von 5 Metern geliefert.<\/p>\n<p><a href=\"https:\/\/cosyowl.com\/de_at\/\">Kuschelige Eule<\/a> liefert Wedo Eco Wick, ein hoch <a href=\"https:\/\/cosyowl.com\/de_at\/candle-wicks\/wedo-lx-wick-raw\">Qualit\u00e4t<\/a> Docht f\u00fcr Paraffin-, Soja- und Pflanzenwachse mit oder ohne Farb- und\/oder Duftstoffe. Er ist sowohl f\u00fcr Beh\u00e4lter- als auch f\u00fcr S\u00e4ulenanwendungen geeignet.<\/p>\n<p>Der Wedo Eco Docht ist eine hochwertige, flache, kernlose, ringgesponnene Baumwolle und enth\u00e4lt d\u00fcnne Papierf\u00e4den und F\u00e4den, die miteinander verflochten sind und einen stabileren und gleichm\u00e4\u00dfigeren Abbrand gew\u00e4hrleisten. Die selbsttrimmende Dochthaltung minimiert oder eliminiert die Bildung von Kohlenstoffablagerungen und reduziert das Nachgl\u00fchen erheblich.<\/p>\n<p>Wedo Dochte vereinen hochwertigste Dochtmaterialien, modernste Flecht- und Spulentechnologie sowie bew\u00e4hrte und <a href=\"https:\/\/cosyowl.com\/de_at\/finance-accepted\">genehmigt<\/a> chemische Behandlungen, um eine m\u00f6glichst saubere und sichere Verbrennung der betreffenden Materialien zu gew\u00e4hrleisten. Die Materialien und Verfahren gew\u00e4hrleisten zudem eine gleichbleibende Produktqualit\u00e4t von Anfang bis Ende und von Charge zu Charge. Als akkreditierter Lieferant stellt Wedo nur Dochte her, die die strengen Anforderungen des europ\u00e4ischen G\u00fctezeichens RAL GZ 041 erf\u00fcllen. Wedo ist nach EN ISO 9001:2008 zertifiziert.<\/p>\n<h3>Dochtempfehlungen**<\/h3>\n<p><strong>Bitte klicken Sie auf den untenstehenden Link, um unsere Dochte zu entdecken <a href=\"https:\/\/cosyowl.com\/de_at\/guides\/using-cotton-wicks-with-soyaluna-container-wax-recommendations\">Empfehlungen<\/a> zugeschnitten auf Ihre Bed\u00fcrfnisse bei der Kerzenherstellung.<\/strong><\/p>\n<p><a href=\"https:\/\/cosyowl.com\/de_at\/leitfaden\/prozentsatze-und-messungen\/?wmc-currency=EUR\">Kuscheliger Eulendocht Empfehlungen<\/a><\/p>\n<p>*Bitte beachten Sie, die empfohlene Wachsmenge ist eine <a href=\"https:\/\/cosyowl.com\/de_at\/guides\/a-guide-to-creating-your-own-soap-products\">Leitfaden<\/a> und basiert auf dem maximalen Fassungsverm\u00f6gen f\u00fcr diesen speziellen Beh\u00e4lter. Daher ist es m\u00f6glich, weniger Wachs zu verwenden, aber wir w\u00fcrden nicht empfehlen, die maximale Kapazit\u00e4t zu \u00fcberschreiten. Wir empfehlen, die angegebenen Wachsmengen nur als Ausgangspunkt zu verwenden und diese anzupassen <a href=\"https:\/\/cosyowl.com\/de_at\/guides\/weighing-fragrance\">Messungen<\/a> wie Sie es w\u00fcnschen.<\/p>\n<p>**Bitte beachten Sie, dass alle Dochtempfehlungen nur auf der Verwendung mit unserem Wachs basieren. Die kleinste <a href=\"https:\/\/cosyowl.com\/de_at\/guides\/candle-wick-size-chart\">Dochtgr\u00f6\u00dfe<\/a> ist nur f\u00fcr die Verwendung mit Wachs empfohlen. Die gr\u00f6\u00dfte empfohlene Dochtgr\u00f6\u00dfe ist f\u00fcr die Verwendung bei <a href=\"https:\/\/cosyowl.com\/de_at\/candle-making-supplies\/fragrance-oils-for-candle-making\/premium-fragrance-oils\/cosy-owl-premium-1-million-type-fragrance-oil\">Parf\u00fcm\u00f6l<\/a> und\/oder Farbstoff vorhanden sind. Alle Angaben dienen lediglich als Orientierungshilfe, um einen Ausgangspunkt f\u00fcr das Experimentieren mit Dochten zu finden, da unterschiedliche Temperaturen und <a href=\"https:\/\/cosyowl.com\/de_at\/guides\/2023-spring-fragrance-oil-trends\">Parf\u00fcmierte \u00d6le<\/a> wird sich auf den Erfolg eines Dochts auswirken.<\/p>","protected":false},"excerpt":{"rendered":"<p>This wick is supplied in 5 metre lengths. Cosy Owl supplies Wedo Eco Wick, a high quality wick appropriate for paraffin, soy and vegetable waxes whether with or without dye and\/or fragrances. It is suitable for both container and pillar applications. Wedo Eco wick is a high grade flat, coreless ring-spun cotton and incorporates thin [&hellip;]<\/p>\n","protected":false},"featured_media":11923,"comment_status":"open","ping_status":"closed","template":"","meta":{"_acf_changed":false},"product_brand":[],"product_cat":[499],"product_tag":[944],"class_list":{"0":"post-9963","1":"product","2":"type-product","3":"status-publish","4":"has-post-thumbnail","6":"product_cat-candle-wicks","7":"product_tag-wicks-eco-series","9":"first","10":"instock","11":"taxable","12":"shipping-taxable","13":"purchasable","14":"product-type-variable"},"acf":[],"_links":{"self":[{"href":"https:\/\/cosyowl.com\/de_at\/wp-json\/wp\/v2\/product\/9963","targetHints":{"allow":["GET"]}}],"collection":[{"href":"https:\/\/cosyowl.com\/de_at\/wp-json\/wp\/v2\/product"}],"about":[{"href":"https:\/\/cosyowl.com\/de_at\/wp-json\/wp\/v2\/types\/product"}],"replies":[{"embeddable":true,"href":"https:\/\/cosyowl.com\/de_at\/wp-json\/wp\/v2\/comments?post=9963"}],"wp:featuredmedia":[{"embeddable":true,"href":"https:\/\/cosyowl.com\/de_at\/wp-json\/wp\/v2\/media\/11923"}],"wp:attachment":[{"href":"https:\/\/cosyowl.com\/de_at\/wp-json\/wp\/v2\/media?parent=9963"}],"wp:term":[{"taxonomy":"product_brand","embeddable":true,"href":"https:\/\/cosyowl.com\/de_at\/wp-json\/wp\/v2\/product_brand?post=9963"},{"taxonomy":"product_cat","embeddable":true,"href":"https:\/\/cosyowl.com\/de_at\/wp-json\/wp\/v2\/product_cat?post=9963"},{"taxonomy":"product_tag","embeddable":true,"href":"https:\/\/cosyowl.com\/de_at\/wp-json\/wp\/v2\/product_tag?post=9963"}],"curies":[{"name":"wp","href":"https:\/\/api.w.org\/{rel}","templated":true}]}}