{"id":9818,"date":"2021-01-10T06:00:11","date_gmt":"2021-01-10T06:00:11","guid":{"rendered":"https:\/\/cosyowl.com\/product\/uncategorized\/import-placeholder-for-tcdl-cdye-bbek-lgrn-199"},"modified":"2026-03-24T09:02:44","modified_gmt":"2026-03-24T09:02:44","slug":"bekro-71-917-gruner-kerzenfarbstoff","status":"publish","type":"product","link":"https:\/\/cosyowl.com\/de_at\/candle-dyes\/bekro-71-917-green-candle-dye","title":{"rendered":"Bekro 71\/917 Gr\u00fcner Kerzenfarbstoff"},"content":{"rendered":"<p>Diese <a href=\"https:\/\/cosyowl.com\/de_at\/craft-supplies\/wax-melt-supplies\/mica-powder-glitter\/light-copper-biodegradable-candle-glitter\">umweltfreundlich<\/a>Die ungiftigen Farbstoffe sind hoch konzentriert, leicht zu verarbeiten und bieten eine gro\u00dfe Farbtiefe. Der Farbstoff wird ganz einfach in das geschmolzene Wachs gegeben und ger\u00fchrt und verteilt sich gleichm\u00e4\u00dfig im Wachs, so dass die gew\u00fcnschte Konsistenz entsteht. Das Ergebnis ist ein <a href=\"https:\/\/cosyowl.com\/de_at\/guides\/a-summers-beach-gel-votive-candle\">Kerze<\/a> mit einer F\u00e4rbung, die sich nicht von professionell hergestellten Produkten unterscheidet. Die wettbewerbsf\u00e4higen Preise von Cosy Owl machen das professionelle Niveau <a href=\"https:\/\/cosyowl.com\/de_at\/guides\/how-to-make-a-candle\">Kerzenherstellung<\/a> sehr erschwinglich und fantastisch im Preis-Leistungs-Verh\u00e4ltnis.<\/p>\n<p>Dem Wachs k\u00f6nnen verschiedene Farbstoffe beigemischt werden, so dass Sie mit Ihren kreativen F\u00e4higkeiten experimentieren k\u00f6nnen, um Kerzen herzustellen, die sich perfekt in die \u00c4sthetik eines jeden Raumes einf\u00fcgen; passend oder erg\u00e4nzend zu den Farben der W\u00e4nde, M\u00f6bel, Vorh\u00e4nge, Kissen und Teppiche.<\/p>\n<p>Ein 10-Gramm-Beutel reicht aus, um bis zu 10 kg gef\u00e4rbtes Wachs herzustellen - dies kann je nach Intensit\u00e4t der gew\u00fcnschten Farbe variieren. Bitte beachten Sie, dass die Abbildung des festen Farbstoffs (wie oben gezeigt) nicht immer die Farbe der fertigen Kerze wiedergibt. Klicken Sie auf das Bild der oben abgebildeten Kerze, um die tats\u00e4chliche Farbe zu sehen. Dieses Produkt ist nicht f\u00fcr die Verwendung mit Gel-Wachs geeignet.<\/p>","protected":false},"excerpt":{"rendered":"<p>These eco-friendly, non-toxic dyes are highly concentrated, easy to work with and provide a great depth of colour. The dye is very simply added and stirred into the molten wax and dissipates evenly throughout the wax providing the consistency required. The result is a candle with a colouration no different to those which are professionally [&hellip;]<\/p>\n","protected":false},"featured_media":11917,"comment_status":"open","ping_status":"closed","template":"","meta":{"_acf_changed":false},"product_brand":[],"product_cat":[496,498,497],"product_tag":[1594,916],"class_list":{"0":"post-9818","1":"product","2":"type-product","3":"status-publish","4":"has-post-thumbnail","6":"product_cat-candle-dyes","7":"product_cat-christmas","8":"product_cat-wax-melts-dyes","9":"product_tag-christmas","10":"product_tag-dye","12":"first","13":"instock","14":"taxable","15":"shipping-taxable","16":"purchasable","17":"product-type-variable"},"acf":[],"_links":{"self":[{"href":"https:\/\/cosyowl.com\/de_at\/wp-json\/wp\/v2\/product\/9818","targetHints":{"allow":["GET"]}}],"collection":[{"href":"https:\/\/cosyowl.com\/de_at\/wp-json\/wp\/v2\/product"}],"about":[{"href":"https:\/\/cosyowl.com\/de_at\/wp-json\/wp\/v2\/types\/product"}],"replies":[{"embeddable":true,"href":"https:\/\/cosyowl.com\/de_at\/wp-json\/wp\/v2\/comments?post=9818"}],"wp:featuredmedia":[{"embeddable":true,"href":"https:\/\/cosyowl.com\/de_at\/wp-json\/wp\/v2\/media\/11917"}],"wp:attachment":[{"href":"https:\/\/cosyowl.com\/de_at\/wp-json\/wp\/v2\/media?parent=9818"}],"wp:term":[{"taxonomy":"product_brand","embeddable":true,"href":"https:\/\/cosyowl.com\/de_at\/wp-json\/wp\/v2\/product_brand?post=9818"},{"taxonomy":"product_cat","embeddable":true,"href":"https:\/\/cosyowl.com\/de_at\/wp-json\/wp\/v2\/product_cat?post=9818"},{"taxonomy":"product_tag","embeddable":true,"href":"https:\/\/cosyowl.com\/de_at\/wp-json\/wp\/v2\/product_tag?post=9818"}],"curies":[{"name":"wp","href":"https:\/\/api.w.org\/{rel}","templated":true}]}}