{"id":9754,"date":"2021-01-10T05:59:00","date_gmt":"2021-01-10T05:59:00","guid":{"rendered":"https:\/\/cosyowl.com\/product\/uncategorized\/import-placeholder-for-tcdl-cwax-bker-n4600-cppp-181"},"modified":"2026-03-03T13:43:33","modified_gmt":"2026-03-03T13:43:33","slug":"kerawax-4600-paraffinisches-saulenwachs","status":"publish","type":"product","link":"https:\/\/cosyowl.com\/de_at\/candle-making-supplies\/candle-wax\/paraffin-wax\/kerawax-4600-paraffin-pillar-wax","title":{"rendered":"KeraWax 4600 Paraffin Stumpenwachs"},"content":{"rendered":"<p>Diese <a href=\"https:\/\/cosyowl.com\/de_at\/craft-supplies\/wax-melt-supplies\/mica-powder-glitter\/light-copper-biodegradable-candle-glitter\">umweltfreundlich<\/a> <a href=\"https:\/\/cosyowl.com\/de_at\/guides\/the-truth-about-paraffin-wax-being-vegan-friendly\">Paraffinwachs<\/a> wurde speziell f\u00fcr die Herstellung von Stumpenkerzen und f\u00fcr die Verwendung in Gie\u00dfformen zur Herstellung von Kerzen mit professionellem Standard entwickelt. Wie unser Blended Container Wax verf\u00fcgt es \u00fcber ausgezeichnete Eigenschaften, die eine weitere Mischung mit unserem hohen <a href=\"https:\/\/cosyowl.com\/de_at\/candle-wicks\/wedo-lx-wick-raw\">Qualit\u00e4t<\/a> Duftstoffe und Farbstoffe.<\/p>\n<p>Mit diesem Wachs k\u00f6nnen Sie Kerzen mit glatter und gl\u00e4nzender Oberfl\u00e4che herstellen, die durch die Zugabe einer Farbe, die zur \u00c4sthetik Ihres Raumes passt oder diese erg\u00e4nzt, noch besser wird. Das Wachs wird in Form von Pastillen geliefert, und sobald es sich verfestigt hat, ist das <a href=\"https:\/\/cosyowl.com\/de_at\/guides\/a-summers-beach-gel-votive-candle\">Kerze<\/a> l\u00e4sst sich leicht aus der Form entfernen. Das Wachs der Stumpenmischung schrumpft beim Erstarren etwas von den R\u00e4ndern der Form weg. Wir empfehlen, die Kerze zwischen 24 und 48 Stunden bei Raumtemperatur stehen zu lassen, bevor sie aus der Form genommen wird.<\/p>\n<p>Es gibt zwar verschiedene Arten von Dochten, aber wir empfehlen unseren Docht der LX-Serie f\u00fcr eine <a href=\"https:\/\/cosyowl.com\/de_at\/candle-making-supplies\/glitters\/pure-white-biodegradable\">sauber<\/a> und lang anhaltendes Brennen. <a href=\"https:\/\/cosyowl.com\/de_at\/\">Kuschelige Eule<\/a> bezieht dieses Wachs von einem hoch angesehenen und spezialisierten britischen Hersteller und ist in Mengen von 800 Gramm, 5 kg und 25 kg erh\u00e4ltlich.<\/p>","protected":false},"excerpt":{"rendered":"<p>This eco-friendly paraffin wax is specifically developed to produce pillar candles and for use in moulds to create candles of a professional standard. As with our Blended Container Wax it has excellent qualities to allow further blending with our high quality fragrances and dyes. The wax will allow you to create candles which have a [&hellip;]<\/p>\n","protected":false},"featured_media":53340,"comment_status":"open","ping_status":"closed","template":"","meta":{"_acf_changed":false},"product_brand":[],"product_cat":[492,495],"product_tag":[928],"class_list":{"0":"post-9754","1":"product","2":"type-product","3":"status-publish","4":"has-post-thumbnail","6":"product_cat-paraffin-wax","7":"product_cat-wax-melts-wax","8":"product_tag-wax","10":"first","11":"instock","12":"taxable","13":"shipping-taxable","14":"purchasable","15":"product-type-variable"},"acf":[],"_links":{"self":[{"href":"https:\/\/cosyowl.com\/de_at\/wp-json\/wp\/v2\/product\/9754","targetHints":{"allow":["GET"]}}],"collection":[{"href":"https:\/\/cosyowl.com\/de_at\/wp-json\/wp\/v2\/product"}],"about":[{"href":"https:\/\/cosyowl.com\/de_at\/wp-json\/wp\/v2\/types\/product"}],"replies":[{"embeddable":true,"href":"https:\/\/cosyowl.com\/de_at\/wp-json\/wp\/v2\/comments?post=9754"}],"wp:featuredmedia":[{"embeddable":true,"href":"https:\/\/cosyowl.com\/de_at\/wp-json\/wp\/v2\/media\/53340"}],"wp:attachment":[{"href":"https:\/\/cosyowl.com\/de_at\/wp-json\/wp\/v2\/media?parent=9754"}],"wp:term":[{"taxonomy":"product_brand","embeddable":true,"href":"https:\/\/cosyowl.com\/de_at\/wp-json\/wp\/v2\/product_brand?post=9754"},{"taxonomy":"product_cat","embeddable":true,"href":"https:\/\/cosyowl.com\/de_at\/wp-json\/wp\/v2\/product_cat?post=9754"},{"taxonomy":"product_tag","embeddable":true,"href":"https:\/\/cosyowl.com\/de_at\/wp-json\/wp\/v2\/product_tag?post=9754"}],"curies":[{"name":"wp","href":"https:\/\/api.w.org\/{rel}","templated":true}]}}