{"id":9753,"date":"2021-01-10T05:59:00","date_gmt":"2021-01-10T05:59:00","guid":{"rendered":"https:\/\/cosyowl.com\/product\/uncategorized\/import-placeholder-for-tcdl-cwax-bker-n4105-cpcp-180"},"modified":"2026-03-24T17:11:56","modified_gmt":"2026-03-24T17:11:56","slug":"kerawax-4105-paraffin-behalterwachs","status":"publish","type":"product","link":"https:\/\/cosyowl.com\/de_at\/candle-making-supplies\/candle-wax\/paraffin-wax\/kerawax-4105-paraffin-container-wax","title":{"rendered":"KeraWax 4105 Paraffin-Beh\u00e4lter-Wachs"},"content":{"rendered":"<p>Diese <a href=\"https:\/\/cosyowl.com\/de_at\/craft-supplies\/wax-melt-supplies\/mica-powder-glitter\/light-copper-biodegradable-candle-glitter\">umweltfreundlich<\/a> Mischung aus <a href=\"https:\/\/cosyowl.com\/de_at\/guides\/the-truth-about-paraffin-wax-being-vegan-friendly\">Paraffinwachs<\/a> und pflanzlichen Wachsen wurde speziell f\u00fcr die Herstellung von Kerzen entwickelt, die in Beh\u00e4ltern geformt werden und einem luxuri\u00f6sen und professionellen Standard entsprechen, der sich nicht von dem in vielen Einzelhandelsgesch\u00e4ften erh\u00e4ltlichen unterscheidet. Wie unser Stumpenwachs verf\u00fcgt es \u00fcber hervorragende Eigenschaften, die eine weitere Mischung mit unseren hohen <a href=\"https:\/\/cosyowl.com\/de_at\/candle-wicks\/wedo-lx-wick-raw\">Qualit\u00e4t<\/a> Duftstoffe und Farbstoffe.<\/p>\n<p>Mit dem Wachs k\u00f6nnen Sie Kerzen in jeder Art von hitzebest\u00e4ndigem Gef\u00e4\u00df herstellen, das vollst\u00e4ndig an der harten Innenseite haftet. Glasbeh\u00e4lter sind die gebr\u00e4uchlichsten und \u00e4sthetisch ansprechendsten. Sobald die <a href=\"https:\/\/cosyowl.com\/de_at\/guides\/a-summers-beach-gel-votive-candle\">Kerze<\/a> aufgebraucht ist, kann der Beh\u00e4lter gereinigt und wiederverwendet werden (siehe auch unsere <a href=\"https:\/\/cosyowl.com\/de_at\/guides\/a-guide-to-creating-your-own-soap-products\">Leitfaden<\/a> auf <a href=\"https:\/\/cosyowl.com\/de_at\/guides\/how-to-make-a-candle\">Kerzenherstellung<\/a> f\u00fcr weitere Informationen zur Reinigung Ihres Beh\u00e4lters). Die Verwendung von Plastikbeh\u00e4ltern ist zu vermeiden.<\/p>\n<p><a href=\"https:\/\/cosyowl.com\/de_at\/\">Kuschelige Eule<\/a> bezieht dieses Wachs von einem hoch angesehenen und spezialisierten britischen Hersteller und ist in Mengen von 800 Gramm, 5 kg, 10 kg und 25 kg erh\u00e4ltlich.<\/p>","protected":false},"excerpt":{"rendered":"<p>This eco-friendly blend of paraffin wax and vegetable waxes is specifically developed to produce candles formed in containers and to a luxurious and professional standard, no different from those purchased in many retail outlets. As with our Pillar Wax, it has excellent qualities to allow further blending with our high quality fragrances and dyes. The [&hellip;]<\/p>\n","protected":false},"featured_media":53341,"comment_status":"open","ping_status":"closed","template":"","meta":{"_acf_changed":false},"product_brand":[],"product_cat":[492],"product_tag":[928],"class_list":{"0":"post-9753","1":"product","2":"type-product","3":"status-publish","4":"has-post-thumbnail","6":"product_cat-paraffin-wax","7":"product_tag-wax","9":"first","10":"instock","11":"taxable","12":"shipping-taxable","13":"purchasable","14":"product-type-variable"},"acf":[],"_links":{"self":[{"href":"https:\/\/cosyowl.com\/de_at\/wp-json\/wp\/v2\/product\/9753","targetHints":{"allow":["GET"]}}],"collection":[{"href":"https:\/\/cosyowl.com\/de_at\/wp-json\/wp\/v2\/product"}],"about":[{"href":"https:\/\/cosyowl.com\/de_at\/wp-json\/wp\/v2\/types\/product"}],"replies":[{"embeddable":true,"href":"https:\/\/cosyowl.com\/de_at\/wp-json\/wp\/v2\/comments?post=9753"}],"wp:featuredmedia":[{"embeddable":true,"href":"https:\/\/cosyowl.com\/de_at\/wp-json\/wp\/v2\/media\/53341"}],"wp:attachment":[{"href":"https:\/\/cosyowl.com\/de_at\/wp-json\/wp\/v2\/media?parent=9753"}],"wp:term":[{"taxonomy":"product_brand","embeddable":true,"href":"https:\/\/cosyowl.com\/de_at\/wp-json\/wp\/v2\/product_brand?post=9753"},{"taxonomy":"product_cat","embeddable":true,"href":"https:\/\/cosyowl.com\/de_at\/wp-json\/wp\/v2\/product_cat?post=9753"},{"taxonomy":"product_tag","embeddable":true,"href":"https:\/\/cosyowl.com\/de_at\/wp-json\/wp\/v2\/product_tag?post=9753"}],"curies":[{"name":"wp","href":"https:\/\/api.w.org\/{rel}","templated":true}]}}