{"id":84785,"date":"2024-10-10T16:07:06","date_gmt":"2024-10-10T15:07:06","guid":{"rendered":"https:\/\/cosyowl.com\/?post_type=product&#038;p=84785"},"modified":"2026-04-08T12:05:12","modified_gmt":"2026-04-08T11:05:12","slug":"parfumalkohol-zum-mischen-von-duftolen-fur-die-herstellung-von-parfums-und-eau-de-cologne","status":"publish","type":"product","link":"https:\/\/cosyowl.com\/de_at\/uncategorised\/perfumers-alcohol-base-for-blending-fragrance-oils-to-make-perfumes-and-colognes","title":{"rendered":"Parf\u00fcmierungsalkohol - Basis f\u00fcr die Mischung von Duft\u00f6len zur Herstellung von Parf\u00fcms und K\u00f6lnischwasser"},"content":{"rendered":"<h3>Parf\u00fcmierungsalkohol - Basis f\u00fcr die Mischung von Duft\u00f6len zur Herstellung von Parf\u00fcms und K\u00f6lnischwasser<\/h3>\n<p>Parf\u00fcmieralkohol ist eine spezielle Basis f\u00fcr die Mischung von <a href=\"https:\/\/cosyowl.com\/de_at\/guides\/2023-spring-fragrance-oil-trends\">Parf\u00fcm\u00f6le<\/a> zur Herstellung von Parf\u00fcms, K\u00f6lnischwasser und Diffusor\u00f6len. Sowohl f\u00fcr Profis als auch f\u00fcr Hobbyisten geeignet, ist dieses <a href=\"https:\/\/cosyowl.com\/de_at\/candle-making-extras\/50mm-candle-safety-label-white-black-text\">klar<\/a> L\u00f6sung sorgt daf\u00fcr, dass die gemischten D\u00fcfte <a href=\"https:\/\/cosyowl.com\/de_at\/guides\/cmrs-and-phthalates-in-fragrance-oils\">frei von<\/a> Tr\u00fcbung. Es enth\u00e4lt drei Hauptbestandteile - denaturiertes Ethanol, Isopropylmyristat und Monopropylenglykol -, die zur Verteilung des Duftes und zur kontrollierten Verdunstung beitragen.<\/p>\n<h4>Wesentliche Merkmale:<\/h4>\n<ul>\n<li><strong>Professionelle Formel<\/strong>: Ideal zum Mischen von Duft\u00f6len, <a href=\"https:\/\/cosyowl.com\/de_at\/guides\/essential-oil-benefits\">\u00e4therische \u00d6le<\/a>und Absolutheit.<\/li>\n<li><strong>Geruchlos und klar<\/strong>: Sorgt daf\u00fcr, dass das wahre Aroma Ihres Duftes ungest\u00f6rt zur Geltung kommt.<\/li>\n<li><strong>Vielseitiger Einsatz<\/strong>: Ideal f\u00fcr Parf\u00fcms, K\u00f6lnisch Wasser, K\u00f6rpersprays und mehr.<\/li>\n<li><strong>Ausgezeichnete L\u00f6slichkeit<\/strong>: Erm\u00f6glicht nahtloses Mischen f\u00fcr weiche und stabile D\u00fcfte.<\/li>\n<li><strong>Sicher f\u00fcr K\u00f6rperpflegeprodukte<\/strong>: Erf\u00fcllt die Normen f\u00fcr die Verwendung in Parf\u00fcms und K\u00f6rperpflegeprodukten.<\/li>\n<li><strong>Einfach zu benutzen<\/strong>: Mischen Sie einfach mit Duft\u00f6len Ihrer Wahl und kreieren Sie Ihr eigenes <a href=\"https:\/\/cosyowl.com\/de_at\/fragrance-oils\/all-fragrances\/ck-one-mens-type-fragrance-oil\">Signaturduft<\/a>.<\/li>\n<li><strong>Erh\u00e4ltlich in verschiedenen Gr\u00f6\u00dfen von 1L bis 25L<\/strong><\/li>\n<\/ul>\n<p>Erstellen Sie fesselnde und <a href=\"https:\/\/cosyowl.com\/de_at\/candle-making-supplies\/fragrance-oils-for-candle-making\/all-fragrances\/alien-type-fragrance-oil\">einzigartig<\/a> Mit unserem hochwertigen Parf\u00fcmalkohol k\u00f6nnen Sie D\u00fcfte kreieren, die lange anhalten, und Ihrer Kreativit\u00e4t freien Lauf lassen.<\/p>\n<p><strong>Leitlinien f\u00fcr die Herstellung von Parf\u00fcms:<\/strong><\/p>\n<ul>\n<li>Parf\u00fcm (15-30%)*<\/li>\n<li>Eau de Parfum (10-15%)*<\/li>\n<li>Eau de Toilette (4-8%)*<\/li>\n<li>K\u00f6ln (3-5%)*<\/li>\n<li>K\u00f6ln Splash (1-3%)*<\/li>\n<li>Raumsprays (1-5%)*<\/li>\n<\/ul>\n<ol>\n<li>Vorbereitung des Duftes durch gr\u00fcndliches Mischen ausgew\u00e4hlter \u00e4therischer \u00d6le<\/li>\n<li>Kombinierte \u00d6le in Parf\u00fcmalkohol geben<\/li>\n<li>R\u00fchren Sie die L\u00f6sung langsam und gr\u00fcndlich um, bis sie sich aufgel\u00f6st hat.<\/li>\n<li>Lassen Sie die L\u00f6sung mindestens 48 Stunden lang ruhen.<\/li>\n<\/ol>\n<p><strong>Richtlinien f\u00fcr die Herstellung von Diffusor\u00f6len:<\/strong><\/p>\n<ul>\n<li>30% Parf\u00fcm\u00f6l*<\/li>\n<li>60-65% DPG (DPG kaufen)<\/li>\n<li>5-10% Parf\u00fcmierter Alkohol (Parf\u00fcmierter Alkohol kaufen)<\/li>\n<\/ul>\n<p>F\u00fcr die Herstellung der Diffusor\u00f6lmischung wird <a href=\"https:\/\/cosyowl.com\/de_at\/candle-making-supplies\/fragrance-oils-for-candle-making\/premium-fragrance-oils\/cosy-owl-premium-1-million-type-fragrance-oil\">Duft\u00f6l<\/a> mit dem DPG, bis es klar ist. Parf\u00fcmalkohol hinzuf\u00fcgen, um die Viskosit\u00e4t auf die gew\u00fcnschte Dicke zu reduzieren.<\/p>\n<p><strong>*Bitte konsultieren Sie immer das IFRA-Dokument des Duft\u00f6ls f\u00fcr sichere <a href=\"https:\/\/cosyowl.com\/de_at\/guides\/percentages-and-measurements\">Prozents\u00e4tze<\/a> der spezifische Duft kann unter verwendet werden, da dieser den oben genannten ersetzt <a href=\"https:\/\/cosyowl.com\/de_at\/guides\/using-cotton-wicks-with-soyaluna-container-wax-recommendations\">Empfehlungen<\/a>.<\/strong><\/p>\n<p>&nbsp;<\/p>\n<p><strong><em>Die <a href=\"https:\/\/cosyowl.com\/de_at\/candle-making-supplies\/candle-containers\/other-containers\/wax-melt-christmas-tree-mould-3\">3<\/a>\u00a0Die wichtigsten Bestandteile von Parf\u00fcmalkohol sind:<\/em><\/strong><\/p>\n<ol>\n<li><strong>Ethanol (verg\u00e4llt)<\/strong>\u00a0-Alkohol, der der Haupttr\u00e4ger f\u00fcr die Duft\u00f6le ist. Dieser verdunstet schnell, wenn er durch die Hauttemperatur erw\u00e4rmt wird, und setzt die Duftstoffe gleichm\u00e4\u00dfig auf der Oberfl\u00e4che frei.<\/li>\n<li><strong>Isopropylmyristat<\/strong>\u00a0- wird in Zubereitungen verwendet, bei denen eine gute Absorption erw\u00fcnscht ist.<\/li>\n<li><strong>Monopropylenglykol<\/strong>\u00a0- ein Co-L\u00f6sungsmittel, das es erm\u00f6glicht, die Duft\u00f6le in dem Alkoholtr\u00e4ger zu l\u00f6sen. Dies tr\u00e4gt dazu bei, die Verdunstung des Alkohols zu kontrollieren, damit er nicht zu schnell verdunstet.<\/li>\n<\/ol>","protected":false},"excerpt":{"rendered":"<p>Perfumers Alcohol \u2013\u00a0 Base for Blending Fragrance Oils to Make Perfumes and Colognes Perfumers Alcohol is a specialised base for blending fragrance oils to create perfumes, colognes, and diffuser oils. Suitable for both professionals and hobbyists, this clear solution ensures that blended fragrances remain free from cloudiness. It contains three main ingredients\u2014denatured ethanol, isopropyl myristate, [&hellip;]<\/p>\n","protected":false},"featured_media":84796,"comment_status":"open","ping_status":"closed","template":"","meta":{"_acf_changed":false},"product_brand":[],"product_cat":[800,903],"product_tag":[947],"class_list":{"0":"post-84785","1":"product","2":"type-product","3":"status-publish","4":"has-post-thumbnail","6":"product_cat-new","7":"product_cat-perfumers-alcohol","8":"product_tag-alcohol","9":"pa_bottle-size-1litre","10":"pa_bottle-size-25-litres","11":"pa_bottle-size-5litre","13":"first","14":"instock","15":"taxable","16":"shipping-taxable","17":"purchasable","18":"product-type-variable"},"acf":[],"_links":{"self":[{"href":"https:\/\/cosyowl.com\/de_at\/wp-json\/wp\/v2\/product\/84785","targetHints":{"allow":["GET"]}}],"collection":[{"href":"https:\/\/cosyowl.com\/de_at\/wp-json\/wp\/v2\/product"}],"about":[{"href":"https:\/\/cosyowl.com\/de_at\/wp-json\/wp\/v2\/types\/product"}],"replies":[{"embeddable":true,"href":"https:\/\/cosyowl.com\/de_at\/wp-json\/wp\/v2\/comments?post=84785"}],"wp:featuredmedia":[{"embeddable":true,"href":"https:\/\/cosyowl.com\/de_at\/wp-json\/wp\/v2\/media\/84796"}],"wp:attachment":[{"href":"https:\/\/cosyowl.com\/de_at\/wp-json\/wp\/v2\/media?parent=84785"}],"wp:term":[{"taxonomy":"product_brand","embeddable":true,"href":"https:\/\/cosyowl.com\/de_at\/wp-json\/wp\/v2\/product_brand?post=84785"},{"taxonomy":"product_cat","embeddable":true,"href":"https:\/\/cosyowl.com\/de_at\/wp-json\/wp\/v2\/product_cat?post=84785"},{"taxonomy":"product_tag","embeddable":true,"href":"https:\/\/cosyowl.com\/de_at\/wp-json\/wp\/v2\/product_tag?post=84785"}],"curies":[{"name":"wp","href":"https:\/\/api.w.org\/{rel}","templated":true}]}}