{"id":80335,"date":"2024-07-01T15:02:11","date_gmt":"2024-07-01T14:02:11","guid":{"rendered":"https:\/\/cosyowl.com\/product\/tea-tree-fragrance-oil"},"modified":"2026-03-24T16:27:29","modified_gmt":"2026-03-24T16:27:29","slug":"teebaum-duftol","status":"publish","type":"product","link":"https:\/\/cosyowl.com\/de_at\/craft-supplies\/body-care-supplies\/fragrance-oils-for-body-care\/tea-tree-fragrance-oil","title":{"rendered":"Teebaum-Duft\u00f6l"},"content":{"rendered":"<p><strong>5kg, 10kg und 25kg Teebaum <a href=\"https:\/\/cosyowl.com\/de_at\/candle-making-supplies\/fragrance-oils-for-candle-making\/premium-fragrance-oils\/cosy-owl-premium-1-million-type-fragrance-oil\">Parf\u00fcm\u00f6l<\/a><\/strong><strong>s werden ab Lager versandt und sind zu den \u00fcblichen Lieferzeiten verf\u00fcgbar.<\/strong><\/p>\n<p>Hergestellt mit <a href=\"https:\/\/cosyowl.com\/de_at\/candle-making-supplies\/fragrance-oils-for-candle-making\/all-fragrances\/honey-fragrance-oil\">nat\u00fcrlich<\/a> Inhaltsstoffe und \u00e4therische \u00d6le*.<\/p>\n<p>Unser <strong>Teebaum-Duft\u00f6l<\/strong> bietet ein nat\u00fcrliches Aroma, das einen <a href=\"https:\/\/cosyowl.com\/de_at\/candle-making-supplies\/essential-oils\/eucalyptus-globulus-essential-oil\">frisch<\/a> moderne und unverwechselbare \u00dcbereinstimmung mit <strong>starke Minze<\/strong> Nuancen und ein Hauch von <strong>nat\u00fcrlicher Teebaum<\/strong> Geschmacksrichtungen; <a href=\"https:\/\/cosyowl.com\/de_at\/candle-making-supplies\/glitters\/turquoise-blue-candle-glitter\">erfrischend<\/a> Er ist modern und hat einen Unisex-Appeal und eine anhaltende Frische. Es hat eine leicht <a href=\"https:\/\/cosyowl.com\/de_at\/candle-making-supplies\/essential-oils\/tea-tree-essential-oil\">Medizinische<\/a> Das Gef\u00fchl der Heilung und das Gef\u00fchl der Bereicherung und des Wohlbefindens werden oft mit den Eigenschaften des Teebaums in Verbindung gebracht.<\/p>\n<p>Alle unsere <a href=\"https:\/\/cosyowl.com\/de_at\/guides\/2023-spring-fragrance-oil-trends\">Parf\u00fcm\u00f6le<\/a> sind exklusiv f\u00fcr <a href=\"https:\/\/cosyowl.com\/de_at\/\">Kuschelige Eule<\/a> und wurden von unseren Experten entwickelt, um einen \u00fcberragenden Duft in einem <a href=\"https:\/\/cosyowl.com\/de_at\/guides\/a-summers-beach-gel-votive-candle\">Kerze<\/a> und wurden f\u00fcr die Verwendung mit unserem Wachs optimiert. Unsere \u00d6le sind 100% konzentriert und sind voll kompatibel f\u00fcr die Verwendung mit allen unseren Wachsen.<\/p>\n<p><strong>Wie viel Duftstoff sollte ich hinzuf\u00fcgen?<\/strong><\/p>\n<p>Alle unsere D\u00fcfte sind hoch <a href=\"https:\/\/cosyowl.com\/de_at\/candle-wicks\/wedo-lx-wick-raw\">Qualit\u00e4t<\/a> und speziell f\u00fcr eine exzellente Geruchsabgabe entwickelt, was bedeutet, dass im Allgemeinen weniger mehr ist. Die Dosierung ist etwas kompliziert, und wir haben eine <a href=\"https:\/\/cosyowl.com\/de_at\/guides\/a-guide-to-creating-your-own-soap-products\">Leitfaden<\/a> um Ihnen hier mehr Details zu geben. Im Allgemeinen ist es jedoch eine gute Idee, mit 5-8% anzufangen, und bis zu 10% f\u00fcr weniger starke D\u00fcfte sollten mehr als ausreichend sein. Es ist immer am besten, mit jeder Duft- und Wachskombination zu experimentieren und niedrig anzufangen und sich hochzuarbeiten. Solange Sie sich an die Anleitung halten und den Flammpunkt beachten, erhalten Sie mit etwas \u00dcbung wunderbar duftende Kerzen. Im Allgemeinen sollten Sie nie mehr als 12% Duftstoff einf\u00fcllen, da die Kerze sonst buchst\u00e4blich zu schwitzen beginnt oder den Duft auslaugt.<\/p>\n<p>Alle Parf\u00fcm\u00f6le haben einen so genannten Flammpunkt, d. h. die Temperatur, bei der das \u00d6l zu brennen beginnt und der Duft freigesetzt wird.<\/p>\n<p>Die <strong>Flammpunkt f\u00fcr Teebaum ist 84\u00b0C<\/strong>Weitere Informationen zu Flash Points finden Sie unter folgendem Link <a href=\"https:\/\/cosyowl.com\/de_at\/leitfaden\/wie-man-duftole-verwendet\/?wmc-currency=EUR\">https:\/\/www.cosyowl.com\/guides\/how-to-use-fragrance-oils\/<\/a><\/p>\n<p><strong>Die Verwendung dieses Duftes in einem <a href=\"https:\/\/cosyowl.com\/de_at\/guides\/making-a-reed-diffuser\">Rohrbel\u00fcfter<\/a>?<\/strong><\/p>\n<p><em>Dieses Duft\u00f6l wird derzeit neu formuliert; wir werden Sie informieren, sobald es wieder in Diffusoren verwendet werden kann.<\/em><\/p>\n<p><strong>Verwenden Sie diesen Duft in einer Seife?<\/strong><\/p>\n<p>Alle unsere D\u00fcfte sind auch speziell f\u00fcr die Verwendung in festen Seifen formuliert. Im Sicherheitsdatenblatt finden Sie Informationen \u00fcber die maximale Menge von % jedes Duftes, die in Seifen verwendet werden kann. <a href=\"https:\/\/cosyowl.com\/de_at\/guides\/a-beginners-guide-to-soap-making\">Seifenherstellung<\/a> Anwendungen.<\/p>\n<p>Bitte beachten Sie vor dem Kauf auch unseren CLP-Hinweis zur Verwendung von Duft\u00f6len in Kerzen. Diese Informationen beziehen sich auf die chemische Zusammensetzung des \u00d6ls sowie auf Vorsichtsma\u00dfnahmen in Bezug auf m\u00f6gliche allergische Reaktionen.<\/p>\n<p><strong> Wir raten allen Kunden, D\u00fcfte mit unseren 10-ml-Testerflaschen zu testen, bevor sie gr\u00f6\u00dfere Gr\u00f6\u00dfen oder Mengen bestellen, f\u00fcr den unwahrscheinlichen Fall, dass Sie mit einem Duft\u00f6l unzufrieden sind. Bitte beachten Sie unser <a href=\"\/de_at\/versandinformationen\/?wmc-currency=EUR\" target=\"_blank\" rel=\"noopener\">Lieferung und R\u00fcckgabe<\/a> Seite f\u00fcr vollst\u00e4ndige <a href=\"https:\/\/cosyowl.com\/de_at\/privacy\">Bedingungen<\/a> und Bedingungen.<\/strong><\/p>\n<p>*Dieser Duft enth\u00e4lt nat\u00fcrliche Elemente (<a href=\"https:\/\/cosyowl.com\/de_at\/guides\/essential-oil-benefits\">\u00e4therische \u00d6le<\/a>(Extrakte, Harze, Isolate), ist aber nicht vollst\u00e4ndig nat\u00fcrlich. Unsere Parf\u00fcm\u00f6le wurden entwickelt, um so einfach wie m\u00f6glich zu sein, <a href=\"https:\/\/cosyowl.com\/de_at\/candle-making-supplies\/glitters\/pure-white-biodegradable\">sauber<\/a> und so nat\u00fcrlich wie m\u00f6glich zu sein und gleichzeitig den besten Duft und die beste Bandbreite an Duftnoten zu bieten. Verbindungen, die nicht direkt aus der Natur stammen, sind entweder chemisch identisch mit den in der Natur vorkommenden Verbindungen, werden k\u00fcnstlich hergestellt oder leicht ver\u00e4ndert, in der Regel um einen etwas st\u00e4rkeren Duft zu erzeugen. Gelegentlich werden Duftstoffe, die in der Natur nicht vorkommen, verwendet, um den unverwechselbaren Duft zu erzeugen, der f\u00fcr einige eher k\u00fcnstliche Duftstoffe erforderlich ist. Dies gilt auch f\u00fcr alle heute auf dem Markt befindlichen Parf\u00fcm\u00f6le.<\/p>\n<p>&nbsp;<\/p>\n<p>Parf\u00fcm\u00f6le haben in der Regel ein Verfallsdatum von einem Jahr ab dem Herstellungsdatum. Viele Parf\u00fcm\u00f6le k\u00f6nnen jedoch bei richtiger Lagerung Monate oder sogar Jahre \u00fcber dieses Datum hinaus haltbar sein. Duft\u00f6le k\u00f6nnen getestet werden (wir bieten diesen Service nicht an), um ihre Eignung nach Ablauf der Haltbarkeit zu bestimmen.<\/p>\n<p>Die aktuellen IFRA-Dokumente (IFRA-Version 48) sind f\u00fcr alle unsere D\u00fcfte bis Februar 2022 relevant und anwendbar, wenn die neuen Klassifizierungen f\u00fcr bestehende Produkte in Kraft treten, d. h. f\u00fcr D\u00fcfte, die bereits auf dem Markt sind. Alle neuen D\u00fcfte unterliegen bereits den IFRA 49-Klassifizierungen. In den kommenden Wochen werden wir, sobald wir die entsprechenden Informationen erhalten, unsere Website aktualisieren und die erforderlichen \u00c4nderungen vornehmen.<\/p>","protected":false},"excerpt":{"rendered":"<p>5kg, 10kg and 25kg Tea Tree Fragrance Oils are despatched from stock and are available on standard shipping times. Made with natural ingredients and essential oils*. Our Tea Tree Fragrance Oil provides a natural aroma generating a fresh modern and distinctive accord with strong mint nuances and a hint of natural tea tree flavours; refreshing [&hellip;]<\/p>\n","protected":false},"featured_media":11846,"comment_status":"open","ping_status":"closed","template":"","meta":{"_acf_changed":false},"product_brand":[],"product_cat":[753,504,636,586,509,512,511,730,531,717],"product_tag":[909,908],"class_list":{"0":"post-80335","1":"product","2":"type-product","3":"status-publish","4":"has-post-thumbnail","6":"product_cat-sale-fragrance-oils","7":"product_cat-fragrance-oils-all-fragrances","8":"product_cat-body-care-fragrance-oils","9":"product_cat-hair-care-fragrance-oils","10":"product_cat-soap-making-supplies-fragrances","11":"product_cat-wax-melts-fragrances","12":"product_cat-beard-oil-fragrances","13":"product_cat-fragrances-for-reed-diffusers","14":"product_cat-fragrance-oils-new","15":"product_cat-sale","16":"product_tag-black-friday","17":"product_tag-fragrance-oil","18":"pa_bottle-size-100ml","19":"pa_bottle-size-10kg-2","20":"pa_bottle-size-250ml","21":"pa_bottle-size-25kg-2","22":"pa_bottle-size-500ml","23":"pa_bottle-size-50ml","24":"pa_bottle-size-950ml","25":"pa_bottle-size-sample","27":"first","28":"instock","29":"sale","30":"taxable","31":"shipping-taxable","32":"purchasable","33":"product-type-variable"},"acf":[],"_links":{"self":[{"href":"https:\/\/cosyowl.com\/de_at\/wp-json\/wp\/v2\/product\/80335","targetHints":{"allow":["GET"]}}],"collection":[{"href":"https:\/\/cosyowl.com\/de_at\/wp-json\/wp\/v2\/product"}],"about":[{"href":"https:\/\/cosyowl.com\/de_at\/wp-json\/wp\/v2\/types\/product"}],"replies":[{"embeddable":true,"href":"https:\/\/cosyowl.com\/de_at\/wp-json\/wp\/v2\/comments?post=80335"}],"wp:featuredmedia":[{"embeddable":true,"href":"https:\/\/cosyowl.com\/de_at\/wp-json\/wp\/v2\/media\/11846"}],"wp:attachment":[{"href":"https:\/\/cosyowl.com\/de_at\/wp-json\/wp\/v2\/media?parent=80335"}],"wp:term":[{"taxonomy":"product_brand","embeddable":true,"href":"https:\/\/cosyowl.com\/de_at\/wp-json\/wp\/v2\/product_brand?post=80335"},{"taxonomy":"product_cat","embeddable":true,"href":"https:\/\/cosyowl.com\/de_at\/wp-json\/wp\/v2\/product_cat?post=80335"},{"taxonomy":"product_tag","embeddable":true,"href":"https:\/\/cosyowl.com\/de_at\/wp-json\/wp\/v2\/product_tag?post=80335"}],"curies":[{"name":"wp","href":"https:\/\/api.w.org\/{rel}","templated":true}]}}