{"id":79497,"date":"2024-05-30T17:01:00","date_gmt":"2024-05-30T16:01:00","guid":{"rendered":"https:\/\/cosyowl.com\/?post_type=product&#038;p=79497"},"modified":"2026-04-28T17:21:41","modified_gmt":"2026-04-28T16:21:41","slug":"bausatz-fur-ozeandiffusor","status":"publish","type":"product","link":"https:\/\/cosyowl.com\/de_at\/craft-kits\/diffuser-making-kits\/jasmine-diffuser-making-kit-copy","title":{"rendered":"Ozean-Diffusor-Bausatz"},"content":{"rendered":"<p><span style=\"color: #080000\">Unsere Diffuser-Kits sind der perfekte Kauf f\u00fcr alle, die kreativ werden und ihre eigenen Diffuser zu Hause herstellen m\u00f6chten. Mit diesem Set haben Sie alles, was Sie f\u00fcr die Herstellung von drei Diffusoren ben\u00f6tigen.<\/span><\/p>\n<h3>Was ist in Ihrem Diffusor-Herstellungsset enthalten?<\/h3>\n<ul>\n<li><span style=\"color: #080000\"><a href=\"https:\/\/cosyowl.com\/de_at\/candle-containers\/candle-tins\/rose-gold-round-candle-tin-with-welded-side-seam-100ml-single\">100ml<\/a> - <a style=\"color: #080000\" href=\"https:\/\/cosyowl.com\/de_at\/zubehor-fur-die-kerzenherstellung\/parfumole-fur-die-kerzenherstellung\/alle-dufte\/duftol-aus-lavendel-und-kamille\/?wmc-currency=EUR\"><strong>Ozean-Duft\u00f6l<\/strong><\/a> - A <a href=\"https:\/\/cosyowl.com\/de_at\/candle-making-supplies\/essential-oils\/eucalyptus-globulus-essential-oil\">frisch<\/a>Eine anregende Mischung aus maritimen und ozonischen Noten, <a href=\"https:\/\/cosyowl.com\/de_at\/candle-making-supplies\/fragrance-oils-for-candle-making\/all-fragrances\/lime-basil-mandarin-fragrance-oil\">pikant<\/a> Bergamotte, sanfte Blumen und ein Hauch von <a href=\"https:\/\/cosyowl.com\/de_at\/candle-making-supplies\/fragrance-oils-for-candle-making\/all-fragrances\/black-coconut-fragrance-oil\">exotisch<\/a> W\u00e4ldern, die den <a href=\"https:\/\/cosyowl.com\/de_at\/candle-making-supplies\/glitters\/pure-white-biodegradable\">sauber<\/a> der Duft einer K\u00fcstenbrise.<\/span><\/li>\n<li><span style=\"color: #080000\">500g <a href=\"https:\/\/cosyowl.com\/de_at\/rohrbelufter\/basisol-fur-rohrdiffusoren\/?wmc-currency=EUR\"><strong>Augeo Clean Multi Diffuser Basis\u00f6l<\/strong><\/a> - Speziell formuliert zum Mischen mit <a href=\"https:\/\/cosyowl.com\/de_at\/candle-making-supplies\/fragrance-oils-for-candle-making\/premium-fragrance-oils\/cosy-owl-premium-1-million-type-fragrance-oil\">Duft\u00f6l<\/a> um eine saubere, lang anhaltende Duftabgabe zu gew\u00e4hrleisten.<\/span><\/li>\n<li data-start=\"853\" data-end=\"884\"><span style=\"color: #080000\"><a href=\"https:\/\/cosyowl.com\/de_at\/candle-making-supplies\/candle-containers\/other-containers\/wax-melt-christmas-tree-mould-3\">3<\/a> Stilvoll <a href=\"https:\/\/cosyowl.com\/de_at\/craft-supplies\/reed-diffuser-supplies\/reed-diffuser-bottles\/14mm-clear-glass-marble-balls-for-diffuser-bottles\">Diffusor-Flaschen<\/a>:\u00a0<strong><a style=\"color: #080000\" href=\"https:\/\/cosyowl.com\/de_at\/bastelbedarf\/schilfrohr-diffusor-zubehor\/rohrdiffusor-flaschen\/glasbehalter-100ml-diffusor-wurfel\/?wmc-currency=EUR\">100ml Glasw\u00fcrfel Diffusor<\/a>,<a style=\"color: #080000\" href=\"https:\/\/cosyowl.com\/de_at\/bastelbedarf\/schilfrohr-diffusor-zubehor\/rohrdiffusor-flaschen\/glasbehalter-200ml-karen-diffusor-flasche\/?wmc-currency=EUR\"> 2x <\/a><\/strong><strong><a style=\"color: #080000\" href=\"https:\/\/cosyowl.com\/de_at\/bastelbedarf\/schilfrohr-diffusor-zubehor\/rohrdiffusor-flaschen\/glasbehalter-200ml-karen-diffusor-flasche\/?wmc-currency=EUR\">100ml Glas Karen-Flaschen<\/a><\/strong><\/span><\/li>\n<li data-start=\"975\" data-end=\"1019\"><span style=\"color: #080000\">3 <a style=\"color: #080000\" href=\"https:\/\/cosyowl.com\/de_at\/bastelbedarf\/schilfrohr-diffusor-zubehor\/rohrdiffusor-flaschen\/diffusorkappe-mit-metallmantel-glanzend-gold\/?wmc-currency=EUR\"><strong data-start=\"975\" data-end=\"1000\">Metall-Diffusorkappen<\/strong><\/a> (1 Gold, 2 Silber)<\/span><\/li>\n<li data-start=\"1022\" data-end=\"1064\"><span style=\"color: #080000\">30 <a style=\"color: #080000\" href=\"https:\/\/cosyowl.com\/de_at\/rohrbelufter\/schilfrohr\/?wmc-currency=EUR\"><strong data-start=\"1022\" data-end=\"1043\">Diffusor-Bl\u00e4tter<\/strong><\/a> (20 schwarz, 10 wei\u00df)<\/span><\/li>\n<li data-start=\"1067\" data-end=\"1087\"><span style=\"color: #080000\">3 <a style=\"color: #080000\" href=\"https:\/\/cosyowl.com\/de_at\/bastelbedarf\/schilfrohr-diffusor-zubehor\/rohrdiffusor-flaschen\/diffusor-flaschenverschluss\/?wmc-currency=EUR\"><strong data-start=\"1067\" data-end=\"1087\">Diffusor-Stopfen<\/strong><\/a><\/span><\/li>\n<li data-start=\"1067\" data-end=\"1087\"><span style=\"color: #080000\"><a style=\"color: #080000\" href=\"https:\/\/cosyowl.com\/de_at\/leitfaden\/eine-anleitung-fur-anfanger-zur-herstellung-von-schilfrohrdiffusoren\/?wmc-currency=EUR\"><strong data-start=\"1090\" data-end=\"1124\">Schritt-f\u00fcr-Schritt-Anleitung<\/strong><\/a><\/span><\/li>\n<\/ul>\n<p>Unser\u00a0<strong><a href=\"https:\/\/cosyowl.com\/de_at\/candle-making-supplies\/fragrance-oils-for-candle-making\/all-fragrances\/ocean-fragrance-oil\">Ozean<\/a> Parf\u00fcm\u00f6l<\/strong>\u00a0wurde speziell formuliert, um das vertraute Aroma frischer Meeresger\u00fcche durch intensive Meeres- und Ozonnoten mit leichten <a href=\"https:\/\/cosyowl.com\/de_at\/candle-making-supplies\/fragrance-oils-for-candle-making\/all-fragrances\/jasmine-fragrance-oil\">Blumen<\/a> Obert\u00f6ne und verstr\u00f6mt\u00a0<strong>Bergamotte und Orangenschalen<\/strong>. Dieses anf\u00e4ngliche Aroma ist am st\u00e4rksten ausgepr\u00e4gt, wenn Ihr <a href=\"https:\/\/cosyowl.com\/de_at\/guides\/a-summers-beach-gel-votive-candle\">Kerze<\/a> beginnt zu brennen und f\u00fcllt den Raum mit einem Duft, der durch leichte Untert\u00f6ne von\u00a0<strong>Calone, Wasserlilie<\/strong>. In die Formulierung f\u00fcr diesen unverwechselbaren Duft ist ein <a href=\"https:\/\/cosyowl.com\/de_at\/fragrance-oils\/strawberry-bon-bon\">entz\u00fcckend<\/a> Spur Nachgeschmack von\u00a0<strong>exotische H\u00f6lzer<\/strong>.<\/p>\n<p>Wir sind stolz darauf, dass wir die h\u00f6chsten <a href=\"https:\/\/cosyowl.com\/de_at\/candle-wicks\/wedo-lx-wick-raw\">Qualit\u00e4t<\/a> Zutaten, die auf dem Markt erh\u00e4ltlich sind, um die perfekten Diffusoren zu Hause herzustellen. Unsere Kits sind sowohl f\u00fcr Anf\u00e4nger als auch f\u00fcr Fortgeschrittene geeignet, also schnappen Sie sich Ihre Sch\u00fcrze und los geht's mit dem Basteln.<\/p>\n<p>&nbsp;<\/p>\n<h3 data-start=\"2493\" data-end=\"2542\">Hilfreiche Ressourcen f\u00fcr eine erfolgreiche Kerzenherstellung<\/h3>\n<ul>\n<li><a href=\"https:\/\/cosyowl.com\/de_at\/leitfaden\/eine-anleitung-fur-anfanger-zur-herstellung-von-schilfrohrdiffusoren\/?wmc-currency=EUR\"><strong><span style=\"color: #ff6600\">Eine Anleitung zur Herstellung von Schilfrohrdiffusoren f\u00fcr Anf\u00e4nger<\/span><\/strong><\/a><\/li>\n<li><a href=\"https:\/\/cosyowl.com\/de_at\/leitfaden\/herstellung-eines-schilfrohrdiffusors\/?wmc-currency=EUR\"><strong><span style=\"color: #ff6600\">Schilfrohr-Diffusoren selbst herstellen<\/span><\/strong><\/a><\/li>\n<li class=\"entry-title\"><a href=\"https:\/\/cosyowl.com\/de_at\/leitfaden\/wie-man-duftole-verwendet\/?wmc-currency=EUR\"><strong><span style=\"color: #ff6600\">Wie man Duft\u00f6le verwendet<\/span><\/strong><\/a><\/li>\n<li><strong><span style=\"color: #ff6600\"><a style=\"color: #ff6600\" href=\"https:\/\/cosyowl.com\/de_at\/leitfaden\/cmrs-und-phthalate-in-duftolen\/?wmc-currency=EUR\">CMR, Phthalate, Parabene, PEG und Silikone in Duft\u00f6len - Unser Free From Guide.<\/a><\/span><\/strong><\/li>\n<li><a href=\"https:\/\/cosyowl.com\/de_at\/leitfaden\/?wmc-currency=EUR\"><span style=\"color: #ff6600\"><strong>Leitf\u00e4den &amp; Rezepte<\/strong><\/span><\/a><\/li>\n<\/ul>","protected":false},"excerpt":{"rendered":"<p>Our Diffuser kits are the perfect purchase for anyone looking to get creative and start crafting their own Diffusers at home. With this kit you have everything you need to make Three Diffusers. What\u2019s Inside Your Diffuser Making Kit? 100ml &#8211; Ocean Fragrance Oil &#8211; A fresh, energizing blend of marine and ozone notes, zesty [&hellip;]<\/p>\n","protected":false},"featured_media":79460,"comment_status":"open","ping_status":"closed","template":"","meta":{"_acf_changed":false},"product_brand":[],"product_cat":[654,653,800,726],"product_tag":[929],"class_list":{"0":"post-79497","1":"product","2":"type-product","3":"status-publish","4":"has-post-thumbnail","6":"product_cat-diffuser-making-kits","7":"product_cat-craft-kits","8":"product_cat-new","9":"product_cat-reed-diffuser-kits","10":"product_tag-diffuser-making-kit","11":"product_shipping_class-royal_mail_kits","13":"first","14":"instock","15":"taxable","16":"shipping-taxable","17":"purchasable","18":"product-type-simple"},"acf":[],"_links":{"self":[{"href":"https:\/\/cosyowl.com\/de_at\/wp-json\/wp\/v2\/product\/79497","targetHints":{"allow":["GET"]}}],"collection":[{"href":"https:\/\/cosyowl.com\/de_at\/wp-json\/wp\/v2\/product"}],"about":[{"href":"https:\/\/cosyowl.com\/de_at\/wp-json\/wp\/v2\/types\/product"}],"replies":[{"embeddable":true,"href":"https:\/\/cosyowl.com\/de_at\/wp-json\/wp\/v2\/comments?post=79497"}],"wp:featuredmedia":[{"embeddable":true,"href":"https:\/\/cosyowl.com\/de_at\/wp-json\/wp\/v2\/media\/79460"}],"wp:attachment":[{"href":"https:\/\/cosyowl.com\/de_at\/wp-json\/wp\/v2\/media?parent=79497"}],"wp:term":[{"taxonomy":"product_brand","embeddable":true,"href":"https:\/\/cosyowl.com\/de_at\/wp-json\/wp\/v2\/product_brand?post=79497"},{"taxonomy":"product_cat","embeddable":true,"href":"https:\/\/cosyowl.com\/de_at\/wp-json\/wp\/v2\/product_cat?post=79497"},{"taxonomy":"product_tag","embeddable":true,"href":"https:\/\/cosyowl.com\/de_at\/wp-json\/wp\/v2\/product_tag?post=79497"}],"curies":[{"name":"wp","href":"https:\/\/api.w.org\/{rel}","templated":true}]}}