{"id":79491,"date":"2024-05-30T16:15:23","date_gmt":"2024-05-30T15:15:23","guid":{"rendered":"https:\/\/cosyowl.com\/?post_type=product&#038;p=79491"},"modified":"2026-03-03T13:46:18","modified_gmt":"2026-03-03T13:46:18","slug":"frosted-cranberries-wachsschmelzgerat","status":"publish","type":"product","link":"https:\/\/cosyowl.com\/de_at\/craft-kits\/wax-melt-making-kits\/frosted-cranberries-wax-melt-making-kit","title":{"rendered":"Frosted Cranberries Wachsschmelze Bausatz"},"content":{"rendered":"<p data-start=\"125\" data-end=\"542\">Werden Sie zu Hause kreativ mit unserem <strong data-start=\"226\" data-end=\"262\">Mattierte Preiselbeeren <a href=\"https:\/\/cosyowl.com\/de_at\/craft-kits\/wax-melt-making-kits\/lavender-wax-melt-making-kit\">Wachsschmelzger\u00e4t<\/a><\/strong>ist die perfekte Wahl f\u00fcr alle, die in die lustige und befriedigende Welt der Wachsschmelze eintauchen wollen. Egal, ob Sie Anf\u00e4nger oder erfahrener Bastler sind, dieses Komplettpaket enth\u00e4lt alles, was Sie brauchen, um herrlich duftende Produkte herzustellen, <a href=\"https:\/\/cosyowl.com\/de_at\/candle-making-kits\/soy-wax-christmas-spice-candle-making-kit\">festlich<\/a> <a href=\"https:\/\/cosyowl.com\/de_at\/guides\/sandalwood-vanilla-leaf-wax-melts-guide\">Wachsschmelzen<\/a> in einer Vielzahl von <a href=\"https:\/\/cosyowl.com\/de_at\/candle-making-supplies\/fragrance-oils-for-candle-making\/all-fragrances\/alien-type-fragrance-oil\">einzigartig<\/a> Formen. Mit einem reichen, saisonalen Duft und <a href=\"https:\/\/cosyowl.com\/de_at\/candle-making-supplies\/glitters\/fluorescent-peach\">auffallend<\/a> Farbe sehen Ihre selbstgemachten Melts so gut aus, wie sie duften. Ideal f\u00fcr den pers\u00f6nlichen Gebrauch, als Geschenk oder f\u00fcr kreative <a href=\"https:\/\/cosyowl.com\/de_at\/candle-making-kits\/winter-pine-candle-making-kit\">Urlaub<\/a> Projekte!<\/p>\n<h3>Was sich in Ihrem Wachsschmelzger\u00e4t befindet:<\/h3>\n<ul>\n<li><span style=\"color: #080000\"><a style=\"color: #080000\" href=\"https:\/\/cosyowl.com\/de_at\/zubehor-fur-die-kerzenherstellung\/parfumole-fur-die-kerzenherstellung\/alle-dufte\/duftol-mit-gefrosteten-preiselbeeren\/?wmc-currency=EUR\">50ml - <span style=\"color: #ff6600\"><strong data-start=\"182\" data-end=\"224\">Frosted Cranberries Parf\u00fcm\u00f6l<\/strong> <\/span>- Ein s\u00fc\u00dfer und herber Festtagsduft, der Ihren Raum mit Weihnachtsstimmung erf\u00fcllt<\/a><\/span><\/li>\n<li data-start=\"303\" data-end=\"389\"><span style=\"color: #080000\"><a style=\"color: #080000\" href=\"https:\/\/cosyowl.com\/de_at\/bastelbedarf\/wachsschmelzgerate\/glimmerpulver-glitter\/rotes-perlglimmerpulver\/?wmc-currency=EUR\">25g - <span style=\"color: #ff6600\"><strong data-start=\"303\" data-end=\"332\">Rotes Perlglimmer-Pulver<\/strong><\/span> - Verleiht Ihren Wachsschmelzen ein wundersch\u00f6n schimmerndes Finish<\/a><\/span><\/li>\n<li data-start=\"392\" data-end=\"485\"><span style=\"color: #080000\"><a style=\"color: #080000\" href=\"https:\/\/cosyowl.com\/de_at\/kerzenfarbstoffe\/bekro-6133-34-roter-kerzenfarbstoff\/?wmc-currency=EUR\">3g - <span style=\"color: #ff6600\"><strong data-start=\"392\" data-end=\"417\">Bekro Dunkelroter Farbstoff<\/strong><\/span> - Liefert ein sattes, leuchtendes Rot f\u00fcr einen k\u00fchnen und saisonalen Look<\/a><\/span><\/li>\n<li data-start=\"883\" data-end=\"942\"><span style=\"color: #080000\"><a style=\"color: #080000\" href=\"https:\/\/cosyowl.com\/de_at\/bastelbedarf\/wachsschmelzgerate\/wachs-fur-wachsschmelzen\/naturliche-wachse-soyaluna-schmelzsaulenwachs\/?wmc-currency=EUR\">350g - <span style=\"color: #ff6600\"><strong data-start=\"883\" data-end=\"902\">S\u00e4ulenwachs<\/strong><\/span> - Wachs in Premium-Qualit\u00e4t, perfekt f\u00fcr Formen<\/a><\/span><\/li>\n<li data-start=\"945\" data-end=\"1023\"><span style=\"color: #080000\"><a style=\"color: #080000\" href=\"https:\/\/cosyowl.com\/de_at\/wachsschmelzen\/formen\/?wmc-currency=EUR\">4<span style=\"color: #ff6600\"><strong> Schimmelpilze<\/strong><\/span> - 1x Muschelschale, 1x Herz-Muschelschale, 1x Stern-Muschelschale, 1x Deli-Topf<\/a><\/span><\/li>\n<li data-start=\"1026\" data-end=\"1112\"><span style=\"color: #080000\"><a style=\"color: #080000\" href=\"https:\/\/cosyowl.com\/de_at\/leitfaden\/ein-leitfaden-fur-anfanger-zur-herstellung-von-wachsschmelzen\/?wmc-currency=EUR\"><span style=\"color: #ff6600\"><strong data-start=\"1026\" data-end=\"1060\">Schritt-f\u00fcr-Schritt-Anleitung<\/strong><\/span> - Einfach zu befolgende Anweisungen f\u00fcr die Herstellung Ihrer Schmelzen<\/a><\/span><\/li>\n<\/ul>\n<p>Unser <span style=\"color: #080000\"><a style=\"color: #080000\" href=\"https:\/\/cosyowl.com\/de_at\/zubehor-fur-die-kerzenherstellung\/parfumole-fur-die-kerzenherstellung\/alle-dufte\/duftol-mit-gefrosteten-preiselbeeren\/?wmc-currency=EUR\"><span style=\"color: #ff6600\"><strong data-start=\"182\" data-end=\"224\">Frosted Cranberries Parf\u00fcm\u00f6l<\/strong><\/span><\/a><\/span> ist eine <a href=\"https:\/\/cosyowl.com\/de_at\/craft-supplies\/wax-melt-supplies\/mica-powder-glitter\/bright-peach-biodegradable-candle-glitter\">prickelnd<\/a> rosa Mischung aus sprudelnden Bl\u00e4schen, <a href=\"https:\/\/cosyowl.com\/de_at\/candle-making-supplies\/essential-oils\/eucalyptus-globulus-essential-oil\">frisch<\/a> <strong>saftige Pomelo<\/strong>und ein Hauch von <strong>Moosbeere<\/strong>. Auf einer k\u00f6stlichen Basis aus <strong>Karamell, Vanille und Schwertlilie<\/strong>ist dieser Duft sowohl <a href=\"https:\/\/cosyowl.com\/de_at\/candle-making-supplies\/essential-oils\/rosemary-essential-oil\">belebend<\/a> und tr\u00f6stlich.<\/p>\n<p>Wir sind stolz darauf, dass wir die h\u00f6chsten <a href=\"https:\/\/cosyowl.com\/de_at\/candle-wicks\/wedo-lx-wick-raw\">Qualit\u00e4t<\/a> Zutaten, die auf dem Markt erh\u00e4ltlich sind, um die perfekte Wachsschmelze zu Hause herzustellen. Unsere Kits sind perfekt f\u00fcr alle, die gerade erst anfangen, aber auch f\u00fcr diejenigen, die diese Fertigkeit bereits beherrschen - also schnappt euch eure Sch\u00fcrze und legt los.<\/p>\n<p>&nbsp;<\/p>\n<h3 data-start=\"2493\" data-end=\"2542\">Hilfreiche Ressourcen f\u00fcr eine erfolgreiche Kerzenherstellung<\/h3>\n<ul>\n<li><strong><span style=\"color: #ff6600\"><a style=\"color: #ff6600\" href=\"https:\/\/cosyowl.com\/de_at\/leitfaden\/ein-leitfaden-fur-anfanger-zur-herstellung-von-wachsschmelzen\/?wmc-currency=EUR\">Ein Leitfaden f\u00fcr Anf\u00e4nger zur Herstellung von Wachsschmelzen<\/a><\/span><br \/>\n<\/strong><\/li>\n<li><span style=\"color: #ff6600\"><strong><a style=\"color: #ff6600\" href=\"https:\/\/cosyowl.com\/de_at\/leitfaden\/anleitung-zur-verwendung-von-begro-wachsfarben\/?wmc-currency=EUR\">Leitfaden f\u00fcr die Verwendung von Bekro Wachsfarbstoff<\/a><\/strong><\/span><\/li>\n<li><strong><span style=\"color: #ff6600\"><a style=\"color: #ff6600\" href=\"https:\/\/cosyowl.com\/de_at\/leitfaden\/top-6-fragen-zur-wachsschmelze-edition\/?wmc-currency=EUR\">Top 6 Fragen - Wachsschmelze-Herstellung Edition<\/a><\/span><\/strong><\/li>\n<li><strong><span style=\"color: #ff6600\"><a style=\"color: #ff6600\" href=\"https:\/\/cosyowl.com\/de_at\/leitfaden\/wie-man-wachsschmelzen-zu-hause-herstellt\/?wmc-currency=EUR\">Wie man Wachsschmelzen von zu Hause aus herstellt<\/a><\/span><\/strong><\/li>\n<li><strong><span style=\"color: #ff6600\"><a style=\"color: #ff6600\" href=\"https:\/\/cosyowl.com\/de_at\/leitfaden\/?wmc-currency=EUR\">Leitf\u00e4den &amp; Rezepte<\/a><\/span><\/strong><\/li>\n<\/ul>","protected":false},"excerpt":{"rendered":"<p>Get creative at home with our Frosted Cranberries Wax Melt Kit, the perfect choice for anyone looking to dive into the fun and satisfying world of wax melt crafting. Whether you\u2019re a beginner or experienced crafter, this all-in-one kit includes everything you need to make beautifully scented, festive wax melts in a variety of unique [&hellip;]<\/p>\n","protected":false},"featured_media":79479,"comment_status":"open","ping_status":"closed","template":"","meta":{"_acf_changed":false},"product_brand":[],"product_cat":[655,498,653,800,727],"product_tag":[1594,927],"class_list":{"0":"post-79491","1":"product","2":"type-product","3":"status-publish","4":"has-post-thumbnail","6":"product_cat-wax-melt-making-kits","7":"product_cat-christmas","8":"product_cat-craft-kits","9":"product_cat-new","10":"product_cat-wax-melt-making-kits-wax-melts","11":"product_tag-christmas","12":"product_tag-wax-melt-making-kit","13":"product_shipping_class-royal_mail_kits","15":"first","16":"instock","17":"taxable","18":"shipping-taxable","19":"purchasable","20":"product-type-simple"},"acf":[],"_links":{"self":[{"href":"https:\/\/cosyowl.com\/de_at\/wp-json\/wp\/v2\/product\/79491","targetHints":{"allow":["GET"]}}],"collection":[{"href":"https:\/\/cosyowl.com\/de_at\/wp-json\/wp\/v2\/product"}],"about":[{"href":"https:\/\/cosyowl.com\/de_at\/wp-json\/wp\/v2\/types\/product"}],"replies":[{"embeddable":true,"href":"https:\/\/cosyowl.com\/de_at\/wp-json\/wp\/v2\/comments?post=79491"}],"wp:featuredmedia":[{"embeddable":true,"href":"https:\/\/cosyowl.com\/de_at\/wp-json\/wp\/v2\/media\/79479"}],"wp:attachment":[{"href":"https:\/\/cosyowl.com\/de_at\/wp-json\/wp\/v2\/media?parent=79491"}],"wp:term":[{"taxonomy":"product_brand","embeddable":true,"href":"https:\/\/cosyowl.com\/de_at\/wp-json\/wp\/v2\/product_brand?post=79491"},{"taxonomy":"product_cat","embeddable":true,"href":"https:\/\/cosyowl.com\/de_at\/wp-json\/wp\/v2\/product_cat?post=79491"},{"taxonomy":"product_tag","embeddable":true,"href":"https:\/\/cosyowl.com\/de_at\/wp-json\/wp\/v2\/product_tag?post=79491"}],"curies":[{"name":"wp","href":"https:\/\/api.w.org\/{rel}","templated":true}]}}