{"id":79490,"date":"2024-05-30T16:12:01","date_gmt":"2024-05-30T15:12:01","guid":{"rendered":"https:\/\/cosyowl.com\/?post_type=product&#038;p=79490"},"modified":"2026-03-03T13:46:18","modified_gmt":"2026-03-03T13:46:18","slug":"frisches-unstoppables-wachsschmelzgerat","status":"publish","type":"product","link":"https:\/\/cosyowl.com\/de_at\/craft-kits\/wax-melt-making-kits\/fresh-unstoppables-wax-melt-making-kit","title":{"rendered":"Fresh Unstoppables Wachsschmelzger\u00e4teset"},"content":{"rendered":"<p data-start=\"110\" data-end=\"501\">Unser <strong data-start=\"183\" data-end=\"200\">Wachsschmelzkits<\/strong> sind die perfekte Wahl f\u00fcr alle, die kreativ werden und ihre eigenen, wunderbar duftenden Produkte herstellen wollen. <a href=\"https:\/\/cosyowl.com\/de_at\/guides\/sandalwood-vanilla-leaf-wax-melts-guide\">Wachsschmelzen<\/a> zu Hause. Egal, ob Sie ein absoluter Anf\u00e4nger oder ein erfahrener Bastler sind, dieses All-in-One-Kit bietet Ihnen alles, was Sie brauchen, um eine Vielzahl von einzigartig geformten Wachsschmelzen mit einer <a href=\"https:\/\/cosyowl.com\/de_at\/candle-making-supplies\/glitters\/pure-white-biodegradable\">sauber<\/a>, <a href=\"https:\/\/cosyowl.com\/de_at\/candle-making-supplies\/essential-oils\/eucalyptus-globulus-essential-oil\">frisch<\/a> Duft. Vollgepackt mit hochwertigen Zutaten und <a href=\"https:\/\/cosyowl.com\/de_at\/candle-making-supplies\/glitters\/fluorescent-peach\">auffallend<\/a> Farbe ist es ideal f\u00fcr den pers\u00f6nlichen Gebrauch, als Geschenk oder einfach zum Genie\u00dfen der <a href=\"https:\/\/cosyowl.com\/de_at\/guides\/how-to-make-wax-melts-at-home\">Handwerk<\/a> von <a href=\"https:\/\/cosyowl.com\/de_at\/guides\/how-to-melt-wax-soap-bases\">Wachsschmelzen<\/a>.<\/p>\n<h3>Was sich in Ihrem Wachsschmelzger\u00e4t befindet:<\/h3>\n<ul>\n<li><span style=\"color: #050000\"><a style=\"color: #050000\" href=\"https:\/\/cosyowl.com\/de_at\/zubehor-fur-die-kerzenherstellung\/parfumole-fur-die-kerzenherstellung\/alle-dufte\/frisches-unstoppables-duftol\/?wmc-currency=EUR\">50ml - <span style=\"color: #ff6600\"><strong>Parf\u00fcm\u00f6l Fresh Unstoppables<\/strong><\/span> - Ein lebendiger, sauberer Duft, inspiriert von beliebten Waschmittelparf\u00fcms<\/a><\/span><\/li>\n<li><span style=\"color: #050000\"><a style=\"color: #050000\" href=\"https:\/\/cosyowl.com\/de_at\/zubehor-fur-die-kerzenherstellung\/glimmer-pulver\/blitzblau\/?wmc-currency=EUR\">25g - <span style=\"color: #ff6600\"><strong>Blitzblaues Glimmer-Pulver<\/strong> <\/span>- Verleiht der Schmelze ein schimmerndes, auff\u00e4lliges Finish<\/a><\/span><\/li>\n<li><span style=\"color: #050000\"><a style=\"color: #050000\" href=\"https:\/\/cosyowl.com\/de_at\/kerzenfarbstoffe\/bekro-52-5561-blauer-kerzenfarbstoff\/?wmc-currency=EUR\">3g - <span style=\"color: #ff6600\"><strong>Bekro Hellblauer Farbstoff<\/strong><\/span> - Erzeugt eine sanfte, erfrischende blaue Farbe, die dem sauberen Duft entspricht<\/a><\/span><\/li>\n<li><span style=\"color: #050000\"><a style=\"color: #050000\" href=\"https:\/\/cosyowl.com\/de_at\/bastelbedarf\/wachsschmelzgerate\/wachs-fur-wachsschmelzen\/naturliche-wachse-soyaluna-schmelzsaulenwachs\/?wmc-currency=EUR\">350g - <span style=\"color: #ff6600\"><strong data-start=\"883\" data-end=\"902\">S\u00e4ulenwachs<\/strong><\/span> - Wachs in Premium-Qualit\u00e4t, perfekt f\u00fcr Formen<\/a><\/span><\/li>\n<li><span style=\"color: #050000\"><a style=\"color: #050000\" href=\"https:\/\/cosyowl.com\/de_at\/wachsschmelzen\/formen\/?wmc-currency=EUR\">4<strong><span style=\"color: #ff6600\"> Schimmelpilze<\/span><\/strong> - 1x Muschelschale, 1x Herz-Muschelschale, 1x Stern-Muschelschale, 1x Deli-Topf<\/a><\/span><\/li>\n<li><span style=\"color: #050000\"><a style=\"color: #050000\" href=\"https:\/\/cosyowl.com\/de_at\/leitfaden\/ein-leitfaden-fur-anfanger-zur-herstellung-von-wachsschmelzen\/?wmc-currency=EUR\"><span style=\"color: #ff6600\"><strong data-start=\"1026\" data-end=\"1060\">Schritt-f\u00fcr-Schritt-Anleitung<\/strong><\/span> - Einfach zu befolgende Anweisungen f\u00fcr die Herstellung Ihrer Schmelzen<\/a><\/span><\/li>\n<\/ul>\n<p>Erleben Sie die Essenz der Frische wie nie zuvor mit <span style=\"color: #050000\"><a style=\"color: #050000\" href=\"https:\/\/cosyowl.com\/de_at\/zubehor-fur-die-kerzenherstellung\/parfumole-fur-die-kerzenherstellung\/alle-dufte\/frisches-unstoppables-duftol\/?wmc-currency=EUR\"><span style=\"color: #ff6600\"><strong>Parf\u00fcm\u00f6l Fresh Unstoppables <\/strong><\/span><\/a><\/span>Inspiriert von den beliebten Duftverst\u00e4rkern, kombiniert eine diffusive\u00a0<strong>fruchtig-blumig<\/strong>\u00a0Akkord, der mit einer Sinfonie von\u00a0<strong>saubere ozonische Noten<\/strong>m\u00fchelos mit der hellen Essenz von\u00a0<strong>Zitrusorange, saftiger Pfirsich und knackig <a href=\"https:\/\/cosyowl.com\/de_at\/fragrance-oils\/fresh-cut-grass\">gr\u00fcn<\/a> Apfel<\/strong>. Diese harmonische Mischung bildet die B\u00fchne f\u00fcr ein bezauberndes blumiges Herz, in dem die zarten Aromen von durchscheinenden\u00a0<strong><a href=\"https:\/\/cosyowl.com\/de_at\/candle-making-supplies\/fragrance-oils-for-candle-making\/all-fragrances\/jasmine-fragrance-oil\">jasmin<\/a>, <a href=\"https:\/\/cosyowl.com\/de_at\/candle-making-supplies\/candle-containers\/candle-glasses\/glass-candle-container-50cl-classic-jar-with-lid\">elegant<\/a> Rose<\/strong>und belebendes Neroli tanzen zusammen, verst\u00e4rkt durch subtile <a href=\"https:\/\/cosyowl.com\/de_at\/fragrance-oils\/coffee\">aromatisch<\/a> Nuancen von Anis, <a href=\"https:\/\/cosyowl.com\/de_at\/candle-making-supplies\/glitters\/turquoise-blue-candle-glitter\">erfrischend<\/a> Eukalyptus und \u00fcppige gr\u00fcne Noten. Um diese olfaktorische Reise zu vollenden, schlie\u00dft der Duft anmutig mit einer sanften Spur von\u00a0<strong>Patchouli und Vanille<\/strong>und hinterl\u00e4sst ein anhaltendes Gef\u00fchl der Behaglichkeit und W\u00e4rme.<\/p>\n<p>Wir sind stolz darauf, dass wir die h\u00f6chsten <a href=\"https:\/\/cosyowl.com\/de_at\/candle-wicks\/wedo-lx-wick-raw\">Qualit\u00e4t<\/a> Zutaten, die auf dem Markt erh\u00e4ltlich sind, um die perfekte Wachsschmelze zu Hause herzustellen. Unsere Kits sind perfekt f\u00fcr alle, die gerade erst anfangen, aber auch f\u00fcr diejenigen, die diese Fertigkeit bereits beherrschen - also schnappt euch eure Sch\u00fcrze und legt los.<\/p>\n<p>&nbsp;<\/p>\n<h3 data-start=\"2493\" data-end=\"2542\">Hilfreiche Ressourcen f\u00fcr eine erfolgreiche Kerzenherstellung<\/h3>\n<ul>\n<li><strong><span style=\"color: #ff6600\"><a style=\"color: #ff6600\" href=\"https:\/\/cosyowl.com\/de_at\/leitfaden\/ein-leitfaden-fur-anfanger-zur-herstellung-von-wachsschmelzen\/?wmc-currency=EUR\">Ein Leitfaden f\u00fcr Anf\u00e4nger zur Herstellung von Wachsschmelzen<\/a><\/span><br \/>\n<\/strong><\/li>\n<li><span style=\"color: #ff6600\"><strong><a style=\"color: #ff6600\" href=\"https:\/\/cosyowl.com\/de_at\/leitfaden\/anleitung-zur-verwendung-von-begro-wachsfarben\/?wmc-currency=EUR\">Leitfaden f\u00fcr die Verwendung von Bekro Wachsfarbstoff<\/a><\/strong><\/span><\/li>\n<li><strong><span style=\"color: #ff6600\"><a style=\"color: #ff6600\" href=\"https:\/\/cosyowl.com\/de_at\/leitfaden\/top-6-fragen-zur-wachsschmelze-edition\/?wmc-currency=EUR\">Top 6 Fragen - Wachsschmelze-Herstellung Edition<\/a><\/span><\/strong><\/li>\n<li><strong><span style=\"color: #ff6600\"><a style=\"color: #ff6600\" href=\"https:\/\/cosyowl.com\/de_at\/leitfaden\/wie-man-wachsschmelzen-zu-hause-herstellt\/?wmc-currency=EUR\">Wie man Wachsschmelzen von zu Hause aus herstellt<\/a><\/span><\/strong><\/li>\n<li><strong><span style=\"color: #ff6600\"><a style=\"color: #ff6600\" href=\"https:\/\/cosyowl.com\/de_at\/leitfaden\/?wmc-currency=EUR\">Leitf\u00e4den &amp; Rezepte<\/a><\/span><\/strong><\/li>\n<\/ul>","protected":false},"excerpt":{"rendered":"<p>Our Wax Melt Kits are the perfect pick for anyone ready to get creative and start making their own beautifully scented wax melts at home. Whether you&#8217;re a total beginner or a seasoned crafter, this all-in-one kit gives you everything you need to create a variety of uniquely shaped wax melts with a clean, fresh [&hellip;]<\/p>\n","protected":false},"featured_media":79475,"comment_status":"open","ping_status":"closed","template":"","meta":{"_acf_changed":false},"product_brand":[],"product_cat":[655,653,800,727],"product_tag":[927],"class_list":{"0":"post-79490","1":"product","2":"type-product","3":"status-publish","4":"has-post-thumbnail","6":"product_cat-wax-melt-making-kits","7":"product_cat-craft-kits","8":"product_cat-new","9":"product_cat-wax-melt-making-kits-wax-melts","10":"product_tag-wax-melt-making-kit","11":"product_shipping_class-royal_mail_kits","13":"first","14":"instock","15":"taxable","16":"shipping-taxable","17":"purchasable","18":"product-type-simple"},"acf":[],"_links":{"self":[{"href":"https:\/\/cosyowl.com\/de_at\/wp-json\/wp\/v2\/product\/79490","targetHints":{"allow":["GET"]}}],"collection":[{"href":"https:\/\/cosyowl.com\/de_at\/wp-json\/wp\/v2\/product"}],"about":[{"href":"https:\/\/cosyowl.com\/de_at\/wp-json\/wp\/v2\/types\/product"}],"replies":[{"embeddable":true,"href":"https:\/\/cosyowl.com\/de_at\/wp-json\/wp\/v2\/comments?post=79490"}],"wp:featuredmedia":[{"embeddable":true,"href":"https:\/\/cosyowl.com\/de_at\/wp-json\/wp\/v2\/media\/79475"}],"wp:attachment":[{"href":"https:\/\/cosyowl.com\/de_at\/wp-json\/wp\/v2\/media?parent=79490"}],"wp:term":[{"taxonomy":"product_brand","embeddable":true,"href":"https:\/\/cosyowl.com\/de_at\/wp-json\/wp\/v2\/product_brand?post=79490"},{"taxonomy":"product_cat","embeddable":true,"href":"https:\/\/cosyowl.com\/de_at\/wp-json\/wp\/v2\/product_cat?post=79490"},{"taxonomy":"product_tag","embeddable":true,"href":"https:\/\/cosyowl.com\/de_at\/wp-json\/wp\/v2\/product_tag?post=79490"}],"curies":[{"name":"wp","href":"https:\/\/api.w.org\/{rel}","templated":true}]}}