{"id":79486,"date":"2024-05-30T16:07:59","date_gmt":"2024-05-30T15:07:59","guid":{"rendered":"https:\/\/cosyowl.com\/?post_type=product&#038;p=79486"},"modified":"2026-03-03T13:46:18","modified_gmt":"2026-03-03T13:46:18","slug":"frisches-leinen-wachs-schmelzen-machen-kit","status":"publish","type":"product","link":"https:\/\/cosyowl.com\/de_at\/craft-kits\/wax-melt-making-kits\/fresh-linen-wax-melt-making-kit","title":{"rendered":"Frische Leinen Wachsschmelze Bausatz"},"content":{"rendered":"<p data-start=\"158\" data-end=\"438\">Bringen Sie das Knusprige, <a href=\"https:\/\/cosyowl.com\/de_at\/candle-making-supplies\/glitters\/pure-white-biodegradable\">sauber<\/a> Duft von frisch gewaschener W\u00e4sche in Ihr Zuhause mit unserem <strong data-start=\"239\" data-end=\"267\"><a href=\"https:\/\/cosyowl.com\/de_at\/candle-making-supplies\/essential-oils\/eucalyptus-globulus-essential-oil\">Frisch<\/a> Leinen <a href=\"https:\/\/cosyowl.com\/de_at\/craft-kits\/wax-melt-making-kits\/lavender-wax-melt-making-kit\">Wachsschmelzger\u00e4t<\/a><\/strong>. Dieses Set ist perfekt f\u00fcr Anf\u00e4nger und erfahrene Bastler gleicherma\u00dfen und bietet alles, was Sie brauchen, um wunderbar duftende <a href=\"https:\/\/cosyowl.com\/de_at\/guides\/sandalwood-vanilla-leaf-wax-melts-guide\">Wachsschmelzen<\/a> in einer Vielzahl von lustigen Formen.<\/p>\n<h3>Was sich in Ihrem Wachsschmelzger\u00e4t befindet:<\/h3>\n<ul>\n<li><span style=\"color: #050000\"><a style=\"color: #050000\" href=\"https:\/\/cosyowl.com\/de_at\/parfumole\/frische-bettwasche\/?wmc-currency=EUR\">50ml - <span style=\"color: #ff6600\"><strong>Frisches Leinen-Duft\u00f6l<\/strong><\/span> - Ein frischer, beruhigender Duft, der jedem Raum ein Gef\u00fchl von Frische verleiht<\/a><\/span><\/li>\n<li><span style=\"color: #050000\"><a style=\"color: #050000\" href=\"https:\/\/cosyowl.com\/de_at\/zubehor-fur-die-kerzenherstellung\/glimmer-pulver\/silbersatin\/?wmc-currency=EUR\">25g - <span style=\"color: #ff6600\"><strong>Silber-Satin-Glimmer-Pulver<\/strong><\/span> - Verleiht Ihren Wachsschmelzen einen subtilen, eleganten Schimmer<\/a><\/span><\/li>\n<li><span style=\"color: #050000\"><a style=\"color: #050000\" href=\"https:\/\/cosyowl.com\/de_at\/kerzenfarbstoffe\/bekro-52-5561-blauer-kerzenfarbstoff\/?wmc-currency=EUR\">3g - <span style=\"color: #ff6600\"><strong>Bekro Hellblauer Farbstoff<\/strong><\/span> - Bietet einen sanften, beruhigenden Farbton, der den Leinenduft erg\u00e4nzt<\/a><\/span><\/li>\n<li data-start=\"883\" data-end=\"942\"><span style=\"color: #050000\"><a style=\"color: #050000\" href=\"https:\/\/cosyowl.com\/de_at\/bastelbedarf\/wachsschmelzgerate\/wachs-fur-wachsschmelzen\/naturliche-wachse-soyaluna-schmelzsaulenwachs\/?wmc-currency=EUR\">350g - <span style=\"color: #ff6600\"><strong data-start=\"883\" data-end=\"902\">S\u00e4ulenwachs<\/strong><\/span> - Wachs in Premium-Qualit\u00e4t, perfekt f\u00fcr Formen<\/a><\/span><\/li>\n<li data-start=\"945\" data-end=\"1023\"><span style=\"color: #050000\"><a style=\"color: #050000\" href=\"https:\/\/cosyowl.com\/de_at\/wachsschmelzen\/formen\/?wmc-currency=EUR\">4<span style=\"color: #ff6600\"><strong> Schimmelpilze<\/strong> <\/span>- 1x Muschelschale, 1x Herz-Muschelschale, 1x Stern-Muschelschale, 1x Deli-Topf<\/a><\/span><\/li>\n<li data-start=\"1026\" data-end=\"1112\"><span style=\"color: #050000\"><a style=\"color: #050000\" href=\"https:\/\/cosyowl.com\/de_at\/leitfaden\/ein-leitfaden-fur-anfanger-zur-herstellung-von-wachsschmelzen\/?wmc-currency=EUR\"><span style=\"color: #ff6600\"><strong data-start=\"1026\" data-end=\"1060\">Schritt-f\u00fcr-Schritt-Anleitung<\/strong><\/span> - Einfach zu befolgende Anweisungen f\u00fcr die Herstellung Ihrer Schmelzen<\/a><\/span><\/li>\n<\/ul>\n<p>Unser <span style=\"color: #050000\"><a style=\"color: #050000\" href=\"https:\/\/cosyowl.com\/de_at\/parfumole\/frische-bettwasche\/?wmc-currency=EUR\"><span style=\"color: #ff6600\"><strong>Frisches Leinen-Duft\u00f6l<\/strong><\/span><\/a><\/span>\u00a0wurde speziell formuliert, um den vertrauten und beliebten Duft frisch gewaschener W\u00e4sche hervorzurufen - die Art von frischem Geruch und Gef\u00fchl, die wir alle lieben, wenn wir mit frisch gewaschenen Laken in unsere Betten gleiten. Das \u00d6l verstr\u00f6mt zun\u00e4chst einen starken und markanten Geruch, der mit<strong>\u00a0Kamille, Lilie und Freesie<\/strong>. Dieses Aroma ist am st\u00e4rksten ausgepr\u00e4gt, wenn Ihr <a href=\"https:\/\/cosyowl.com\/de_at\/guides\/a-summers-beach-gel-votive-candle\">Kerze<\/a> beginnt zu brennen und f\u00fcllt den Raum mit einem Duft, der durch leichte Untert\u00f6ne von<strong>\u00a0<a href=\"https:\/\/cosyowl.com\/de_at\/fragrance-oils\/gardenia\">Gardenie<\/a>Schwertlilienwurzel und wei\u00dfe Bl\u00fcten<\/strong>. In der Formulierung dieses unverwechselbaren Duftes ist ein angenehmer Nachgeschmack von\u00a0<strong>Vanille aus Madagaskar und wei\u00dfer Moschus<\/strong>.<\/p>\n<p>Wir sind stolz darauf, dass wir die h\u00f6chsten <a href=\"https:\/\/cosyowl.com\/de_at\/candle-wicks\/wedo-lx-wick-raw\">Qualit\u00e4t<\/a> Zutaten, die auf dem Markt erh\u00e4ltlich sind, um die perfekte Wachsschmelze zu Hause herzustellen. Unsere Kits sind perfekt f\u00fcr alle, die gerade erst anfangen, aber auch f\u00fcr diejenigen, die diese Fertigkeit bereits beherrschen - also schnappt euch eure Sch\u00fcrze und legt los.<\/p>\n<p>&nbsp;<\/p>\n<h3 data-start=\"2493\" data-end=\"2542\">Hilfreiche Ressourcen f\u00fcr eine erfolgreiche Kerzenherstellung<\/h3>\n<ul>\n<li><strong><span style=\"color: #ff6600\"><a style=\"color: #ff6600\" href=\"https:\/\/cosyowl.com\/de_at\/leitfaden\/ein-leitfaden-fur-anfanger-zur-herstellung-von-wachsschmelzen\/?wmc-currency=EUR\">Ein Leitfaden f\u00fcr Anf\u00e4nger zur Herstellung von Wachsschmelzen<\/a><\/span><br \/>\n<\/strong><\/li>\n<li><span style=\"color: #ff6600\"><strong><a style=\"color: #ff6600\" href=\"https:\/\/cosyowl.com\/de_at\/leitfaden\/anleitung-zur-verwendung-von-begro-wachsfarben\/?wmc-currency=EUR\">Leitfaden f\u00fcr die Verwendung von Bekro Wachsfarbstoff<\/a><\/strong><\/span><\/li>\n<li><strong><span style=\"color: #ff6600\"><a style=\"color: #ff6600\" href=\"https:\/\/cosyowl.com\/de_at\/leitfaden\/top-6-fragen-zur-wachsschmelze-edition\/?wmc-currency=EUR\">Top 6 Fragen - Wachsschmelze-Herstellung Edition<\/a><\/span><\/strong><\/li>\n<li><strong><span style=\"color: #ff6600\"><a style=\"color: #ff6600\" href=\"https:\/\/cosyowl.com\/de_at\/leitfaden\/wie-man-wachsschmelzen-zu-hause-herstellt\/?wmc-currency=EUR\">Wie man Wachsschmelzen von zu Hause aus herstellt<\/a><\/span><\/strong><\/li>\n<li><strong><span style=\"color: #ff6600\"><a style=\"color: #ff6600\" href=\"https:\/\/cosyowl.com\/de_at\/leitfaden\/?wmc-currency=EUR\">Leitf\u00e4den &amp; Rezepte<\/a><\/span><\/strong><\/li>\n<\/ul>","protected":false},"excerpt":{"rendered":"<p>Bring the crisp, clean scent of freshly laundered linens into your home with our Fresh Linen Wax Melt Kit. Perfect for beginners and experienced crafters alike, this all-in-one set gives you everything you need to make beautifully scented wax melts in a variety of fun shapes. What\u2019s Inside Your Wax Melt Kit: 50ml &#8211; Fresh [&hellip;]<\/p>\n","protected":false},"featured_media":79487,"comment_status":"open","ping_status":"closed","template":"","meta":{"_acf_changed":false},"product_brand":[],"product_cat":[655,653,800,727],"product_tag":[927],"class_list":{"0":"post-79486","1":"product","2":"type-product","3":"status-publish","4":"has-post-thumbnail","6":"product_cat-wax-melt-making-kits","7":"product_cat-craft-kits","8":"product_cat-new","9":"product_cat-wax-melt-making-kits-wax-melts","10":"product_tag-wax-melt-making-kit","11":"product_shipping_class-royal_mail_kits","13":"first","14":"instock","15":"taxable","16":"shipping-taxable","17":"purchasable","18":"product-type-simple"},"acf":[],"_links":{"self":[{"href":"https:\/\/cosyowl.com\/de_at\/wp-json\/wp\/v2\/product\/79486","targetHints":{"allow":["GET"]}}],"collection":[{"href":"https:\/\/cosyowl.com\/de_at\/wp-json\/wp\/v2\/product"}],"about":[{"href":"https:\/\/cosyowl.com\/de_at\/wp-json\/wp\/v2\/types\/product"}],"replies":[{"embeddable":true,"href":"https:\/\/cosyowl.com\/de_at\/wp-json\/wp\/v2\/comments?post=79486"}],"wp:featuredmedia":[{"embeddable":true,"href":"https:\/\/cosyowl.com\/de_at\/wp-json\/wp\/v2\/media\/79487"}],"wp:attachment":[{"href":"https:\/\/cosyowl.com\/de_at\/wp-json\/wp\/v2\/media?parent=79486"}],"wp:term":[{"taxonomy":"product_brand","embeddable":true,"href":"https:\/\/cosyowl.com\/de_at\/wp-json\/wp\/v2\/product_brand?post=79486"},{"taxonomy":"product_cat","embeddable":true,"href":"https:\/\/cosyowl.com\/de_at\/wp-json\/wp\/v2\/product_cat?post=79486"},{"taxonomy":"product_tag","embeddable":true,"href":"https:\/\/cosyowl.com\/de_at\/wp-json\/wp\/v2\/product_tag?post=79486"}],"curies":[{"name":"wp","href":"https:\/\/api.w.org\/{rel}","templated":true}]}}