{"id":79482,"date":"2024-05-30T16:05:11","date_gmt":"2024-05-30T15:05:11","guid":{"rendered":"https:\/\/cosyowl.com\/?post_type=product&#038;p=79482"},"modified":"2026-03-03T13:46:18","modified_gmt":"2026-03-03T13:46:18","slug":"sandelholz-myrrhe-wachsschmelze-bausatz","status":"publish","type":"product","link":"https:\/\/cosyowl.com\/de_at\/craft-kits\/wax-melt-making-kits\/sandalwood-myrrh-wax-melt-making-kit","title":{"rendered":"Sandelholz &amp; Myrrhe Wachsschmelze Bausatz"},"content":{"rendered":"<p data-start=\"123\" data-end=\"476\">Unser <strong data-start=\"200\" data-end=\"235\">Sandelholz &amp; Myrrhe <a href=\"https:\/\/cosyowl.com\/de_at\/craft-kits\/wax-melt-making-kits\/lavender-wax-melt-making-kit\">Wachsschmelzger\u00e4t<\/a><\/strong> ist der perfekte Weg, um in die Welt des Wachsbastelns einzutauchen. Dieses All-in-One-Kit wurde sowohl f\u00fcr Anf\u00e4nger als auch f\u00fcr erfahrene Heimwerker entwickelt und enth\u00e4lt alles, was Sie brauchen, um sch\u00f6n geformte, luxuri\u00f6s duftende <a href=\"https:\/\/cosyowl.com\/de_at\/guides\/sandalwood-vanilla-leaf-wax-melts-guide\">Wachsschmelzen<\/a> bequem von zu Hause aus. Mit einem reichen, erdigen Duft und einem <a href=\"https:\/\/cosyowl.com\/de_at\/craft-kits\/candle-making-kits\/soy-wax-mulled-wine-christmas-candle-making-kit\">warm<\/a> goldenen Schimmer, werden Ihre handgefertigten Schmelz\u00f6fen einen <a href=\"https:\/\/cosyowl.com\/de_at\/candle-making-supplies\/glitters\/pure-white-biodegradable\">elegant<\/a>eine beruhigende Atmosph\u00e4re f\u00fcr jeden Raum.<\/p>\n<h3>Was sich in Ihrem Wachsschmelzger\u00e4t befindet:<\/h3>\n<ul>\n<li data-start=\"653\" data-end=\"754\"><span style=\"color: #080000\"><a style=\"color: #080000\" href=\"https:\/\/cosyowl.com\/de_at\/zubehor-fur-die-kerzenherstellung\/parfumole-fur-die-kerzenherstellung\/alle-dufte\/sandelholz-myrrhe-duftol\/?wmc-currency=EUR\">50ml <span style=\"color: #ff6600\"><strong data-start=\"653\" data-end=\"694\">Sandelholz &amp; Myrrhe Parf\u00fcm\u00f6l<\/strong><\/span> - Eine beruhigende, holzige Mischung mit einem Hauch von Gew\u00fcrzen und W\u00e4rme<\/a><\/span><\/li>\n<li data-start=\"757\" data-end=\"841\"><span style=\"color: #080000\"><a style=\"color: #080000\" href=\"https:\/\/cosyowl.com\/de_at\/zubehor-fur-die-kerzenherstellung\/glimmer-pulver\/goldsatin\/?wmc-currency=EUR\">25g <span style=\"color: #ff6600\"><strong data-start=\"757\" data-end=\"787\">Gold-Satin-Glimmer-Pulver<\/strong><\/span> - Verleiht der Schmelze einen raffinierten Goldschimmer<\/a><\/span><\/li>\n<li data-start=\"844\" data-end=\"944\"><span style=\"color: #080000\"><a style=\"color: #080000\" href=\"https:\/\/cosyowl.com\/de_at\/kerzenfarbstoffe\/bekro-227-cremefarbene-kerzenfarbe\/?wmc-currency=EUR\">3g<\/a> <span style=\"color: #ff6600\"><strong data-start=\"844\" data-end=\"866\">Bekro Cremefarbstoff<\/strong><\/span> - Ergibt einen weichen, neutralen Cremeton, der wunderbar zum Duft passt<\/span><\/li>\n<li data-start=\"883\" data-end=\"942\"><span style=\"color: #080000\"><a style=\"color: #080000\" href=\"https:\/\/cosyowl.com\/de_at\/bastelbedarf\/wachsschmelzgerate\/wachs-fur-wachsschmelzen\/naturliche-wachse-soyaluna-schmelzsaulenwachs\/?wmc-currency=EUR\">350g - <span style=\"color: #ff6600\"><strong data-start=\"883\" data-end=\"902\">S\u00e4ulenwachs<\/strong><\/span> - Wachs in Premium-Qualit\u00e4t, perfekt f\u00fcr Formen<\/a><\/span><\/li>\n<li data-start=\"945\" data-end=\"1023\"><span style=\"color: #080000\"><a style=\"color: #080000\" href=\"https:\/\/cosyowl.com\/de_at\/wachsschmelzen\/formen\/?wmc-currency=EUR\">4<span style=\"color: #ff6600\"><strong> Schimmelpilze<\/strong> <\/span>- 1x Muschelschale, 1x Herz-Muschelschale, 1x Stern-Muschelschale, 1x Deli-Topf<\/a><\/span><\/li>\n<li data-start=\"1026\" data-end=\"1112\"><span style=\"color: #080000\"><a style=\"color: #080000\" href=\"https:\/\/cosyowl.com\/de_at\/leitfaden\/ein-leitfaden-fur-anfanger-zur-herstellung-von-wachsschmelzen\/?wmc-currency=EUR\"><strong data-start=\"1026\" data-end=\"1060\"><span style=\"color: #ff6600\">Schritt-f\u00fcr-Schritt-Anleitung<\/span><\/strong> - Einfach zu befolgende Anweisungen f\u00fcr die Herstellung Ihrer Schmelzen<\/a><\/span><\/li>\n<\/ul>\n<p data-start=\"139\" data-end=\"856\">Eine zeitlose Mischung aus Helligkeit und Tiefe, <span style=\"color: #080000\"><a style=\"color: #080000\" href=\"https:\/\/cosyowl.com\/de_at\/zubehor-fur-die-kerzenherstellung\/parfumole-fur-die-kerzenherstellung\/alle-dufte\/sandelholz-myrrhe-duftol\/?wmc-currency=EUR\"><span style=\"color: #ff6600\"><strong data-start=\"653\" data-end=\"694\">Sandelholz &amp; Myrrhe Parf\u00fcm\u00f6l<\/strong><\/span><\/a><\/span>\u00a0er\u00f6ffnet mit einem <a href=\"https:\/\/cosyowl.com\/de_at\/candle-making-supplies\/essential-oils\/eucalyptus-globulus-essential-oil\">frisch<\/a>, <a href=\"https:\/\/cosyowl.com\/de_at\/candle-making-supplies\/essential-oils\/rosemary-essential-oil\">belebend<\/a> Windhauch von <strong data-start=\"270\" data-end=\"285\">Zitrusschalen<\/strong>K\u00fchlung <strong data-start=\"295\" data-end=\"309\" data-is-only-node=\"\">Eukalyptus<\/strong>, knackig <strong data-start=\"317\" data-end=\"328\">Wacholder<\/strong>und weich <strong data-start=\"339\" data-end=\"351\">lavendel<\/strong>-ein aromatischer Einstieg, der belebt und aufweckt. Sein Herzst\u00fcck ist eine warme, w\u00fcrzige Fusion aus <strong data-start=\"442\" data-end=\"454\">Zimt<\/strong> und <strong data-start=\"459\" data-end=\"468\">Nelke<\/strong> tanzt mit der pudrig-blumigen Eleganz von <strong data-start=\"512\" data-end=\"521\">orris<\/strong>, die eine raffinierte, <a href=\"https:\/\/cosyowl.com\/de_at\/candle-making-supplies\/fragrance-oils-for-candle-making\/all-fragrances\/midnight-passion-fragrance-oil\">geheimnisvoll<\/a> Verlockung. Verankert ist der Duft in einer reichhaltigen, sinnlichen Basis, in der <a href=\"https:\/\/cosyowl.com\/de_at\/candle-making-supplies\/fragrance-oils-for-candle-making\/all-fragrances\/french-vanilla-fragrance-oil\">cremig<\/a> <strong data-start=\"622\" data-end=\"636\">Sandelholz<\/strong> und antike <strong data-start=\"649\" data-end=\"658\">Myrrhe<\/strong> treffen golden <strong data-start=\"671\" data-end=\"680\">Amber<\/strong>erdig <strong data-start=\"689\" data-end=\"702\">Patchouli<\/strong>, rauchig <strong data-start=\"710\" data-end=\"719\">Zedernholz<\/strong>und eine verf\u00fchrerische Mischung aus <strong data-start=\"746\" data-end=\"754\">Moschus<\/strong> und <strong data-start=\"759\" data-end=\"770\">Vanille<\/strong>. Das Ergebnis ist ein komplexer, gef\u00fchlvoller Duft - frisch und doch rauchig, hell und doch tief geerdet.<\/p>\n<p>Wir sind stolz darauf, dass wir die h\u00f6chsten <a href=\"https:\/\/cosyowl.com\/de_at\/candle-wicks\/wedo-lx-wick-raw\">Qualit\u00e4t<\/a> Zutaten, die auf dem Markt erh\u00e4ltlich sind, um die perfekte Wachsschmelze zu Hause herzustellen. Unsere Kits sind perfekt f\u00fcr alle, die gerade erst anfangen, aber auch f\u00fcr diejenigen, die diese Fertigkeit bereits beherrschen - also schnappt euch eure Sch\u00fcrze und legt los.<\/p>\n<p>&nbsp;<\/p>\n<h3 data-start=\"2493\" data-end=\"2542\">Hilfreiche Ressourcen f\u00fcr eine erfolgreiche Kerzenherstellung<\/h3>\n<ul>\n<li><strong><span style=\"color: #ff6600\"><a style=\"color: #ff6600\" href=\"https:\/\/cosyowl.com\/de_at\/leitfaden\/ein-leitfaden-fur-anfanger-zur-herstellung-von-wachsschmelzen\/?wmc-currency=EUR\">Ein Leitfaden f\u00fcr Anf\u00e4nger zur Herstellung von Wachsschmelzen<\/a><\/span><br \/>\n<\/strong><\/li>\n<li><span style=\"color: #ff6600\"><strong><a style=\"color: #ff6600\" href=\"https:\/\/cosyowl.com\/de_at\/leitfaden\/anleitung-zur-verwendung-von-begro-wachsfarben\/?wmc-currency=EUR\">Leitfaden f\u00fcr die Verwendung von Bekro Wachsfarbstoff<\/a><\/strong><\/span><\/li>\n<li><strong><span style=\"color: #ff6600\"><a style=\"color: #ff6600\" href=\"https:\/\/cosyowl.com\/de_at\/leitfaden\/top-6-fragen-zur-wachsschmelze-edition\/?wmc-currency=EUR\">Top 6 Fragen - Wachsschmelze-Herstellung Edition<\/a><\/span><\/strong><\/li>\n<li><strong><span style=\"color: #ff6600\"><a style=\"color: #ff6600\" href=\"https:\/\/cosyowl.com\/de_at\/leitfaden\/wie-man-wachsschmelzen-zu-hause-herstellt\/?wmc-currency=EUR\">Wie man Wachsschmelzen von zu Hause aus herstellt<\/a><\/span><\/strong><\/li>\n<li><strong><span style=\"color: #ff6600\"><a style=\"color: #ff6600\" href=\"https:\/\/cosyowl.com\/de_at\/leitfaden\/?wmc-currency=EUR\">Leitf\u00e4den &amp; Rezepte<\/a><\/span><\/strong><\/li>\n<\/ul>","protected":false},"excerpt":{"rendered":"<p>Our Sandalwood &amp; Myrrh Wax Melt Kit is the perfect way to dive into the world of wax crafting. Designed for both beginners and seasoned DIYers, this all-in-one kit includes everything you need to make beautifully shaped, luxuriously scented wax melts from the comfort of home.\u00a0With a rich, earthy fragrance and a warm golden shimmer, [&hellip;]<\/p>\n","protected":false},"featured_media":79483,"comment_status":"open","ping_status":"closed","template":"","meta":{"_acf_changed":false},"product_brand":[],"product_cat":[655,498,653,800,727],"product_tag":[1594,927],"class_list":{"0":"post-79482","1":"product","2":"type-product","3":"status-publish","4":"has-post-thumbnail","6":"product_cat-wax-melt-making-kits","7":"product_cat-christmas","8":"product_cat-craft-kits","9":"product_cat-new","10":"product_cat-wax-melt-making-kits-wax-melts","11":"product_tag-christmas","12":"product_tag-wax-melt-making-kit","13":"product_shipping_class-royal_mail_kits","15":"first","16":"instock","17":"taxable","18":"shipping-taxable","19":"purchasable","20":"product-type-simple"},"acf":[],"_links":{"self":[{"href":"https:\/\/cosyowl.com\/de_at\/wp-json\/wp\/v2\/product\/79482","targetHints":{"allow":["GET"]}}],"collection":[{"href":"https:\/\/cosyowl.com\/de_at\/wp-json\/wp\/v2\/product"}],"about":[{"href":"https:\/\/cosyowl.com\/de_at\/wp-json\/wp\/v2\/types\/product"}],"replies":[{"embeddable":true,"href":"https:\/\/cosyowl.com\/de_at\/wp-json\/wp\/v2\/comments?post=79482"}],"wp:featuredmedia":[{"embeddable":true,"href":"https:\/\/cosyowl.com\/de_at\/wp-json\/wp\/v2\/media\/79483"}],"wp:attachment":[{"href":"https:\/\/cosyowl.com\/de_at\/wp-json\/wp\/v2\/media?parent=79482"}],"wp:term":[{"taxonomy":"product_brand","embeddable":true,"href":"https:\/\/cosyowl.com\/de_at\/wp-json\/wp\/v2\/product_brand?post=79482"},{"taxonomy":"product_cat","embeddable":true,"href":"https:\/\/cosyowl.com\/de_at\/wp-json\/wp\/v2\/product_cat?post=79482"},{"taxonomy":"product_tag","embeddable":true,"href":"https:\/\/cosyowl.com\/de_at\/wp-json\/wp\/v2\/product_tag?post=79482"}],"curies":[{"name":"wp","href":"https:\/\/api.w.org\/{rel}","templated":true}]}}