{"id":79470,"date":"2024-05-30T15:52:41","date_gmt":"2024-05-30T14:52:41","guid":{"rendered":"https:\/\/cosyowl.com\/?post_type=product&#038;p=79470"},"modified":"2026-03-03T13:46:18","modified_gmt":"2026-03-03T13:46:18","slug":"lavendel-wachsschmelze-bausatz","status":"publish","type":"product","link":"https:\/\/cosyowl.com\/de_at\/craft-kits\/wax-melt-making-kits\/lavender-wax-melt-making-kit","title":{"rendered":"Lavendel-Wachsschmelze-Bausatz"},"content":{"rendered":"<p data-start=\"231\" data-end=\"533\">Entfesseln Sie Ihre Kreativit\u00e4t und bringen Sie ein Gef\u00fchl von <a href=\"https:\/\/cosyowl.com\/de_at\/guides\/scent-and-relaxation\">ruhig<\/a> f\u00fcr Ihren Raum mit unserem <strong data-start=\"304\" data-end=\"329\"><a href=\"https:\/\/cosyowl.com\/de_at\/guides\/how-to-lavender-wax-melts\">Lavendel-Wachs<\/a> Schmelzger\u00e4t<\/strong>. Egal, ob Sie ein Neuling oder ein erfahrener Bastler sind, dieses Set enth\u00e4lt alles, was Sie brauchen, um sch\u00f6n geformte, duftende <a href=\"https:\/\/cosyowl.com\/de_at\/guides\/sandalwood-vanilla-leaf-wax-melts-guide\">Wachsschmelzen<\/a> in einem entspannenden Lavendelduft mit einem Hauch von <a href=\"https:\/\/cosyowl.com\/de_at\/craft-supplies\/wax-melt-supplies\/mica-powder-glitter\/light-copper-biodegradable-candle-glitter\">Schimmernde<\/a> violett.<\/p>\n<h3>Was sich in Ihrem Wachsschmelzger\u00e4t befindet:<\/h3>\n<ul>\n<li data-start=\"859\" data-end=\"958\"><span style=\"color: #050000\"><a style=\"color: #050000\" href=\"https:\/\/cosyowl.com\/de_at\/zubehor-fur-die-kerzenherstellung\/parfumole-fur-die-kerzenherstellung\/alle-dufte\/lavendel-duftol\/?wmc-currency=EUR\">50ml - <span style=\"color: #ff6600\"><strong data-start=\"859\" data-end=\"890\">Lavendel-Duft\u00f6l<\/strong><\/span> - Eine wunderbar vielschichtige Blumenmischung mit frischen, krautigen Noten<\/a><\/span><\/li>\n<li data-start=\"961\" data-end=\"1040\"><span style=\"color: #050000\"><a style=\"color: #050000\" href=\"https:\/\/cosyowl.com\/de_at\/bastelbedarf\/wachsschmelzgerate\/glimmerpulver-glitter\/magisch-violettes-glimmerpulver\/?wmc-currency=EUR\">25g - <span style=\"color: #ff6600\"><strong data-start=\"961\" data-end=\"993\">Magisches Violett-Glimmer-Pulver<\/strong><\/span> - Verleiht der Schmelze einen auff\u00e4lligen Schimmer<\/a><\/span><\/li>\n<li data-start=\"1043\" data-end=\"1121\"><span style=\"color: #050000\"><a style=\"color: #050000\" href=\"https:\/\/cosyowl.com\/de_at\/zubehor-fur-die-kerzenherstellung\/kerzenfarbstoffe\/bekro-601127-fliederfarbenes-kerzenfarbemittel\/?wmc-currency=EUR\">3g - <span style=\"color: #ff6600\"><strong data-start=\"1043\" data-end=\"1065\">Bekro Fliederfarbstoff<\/strong> <\/span>- Ergibt einen sanften Lavendelton f\u00fcr eine vertr\u00e4umte \u00c4sthetik<\/a><\/span><\/li>\n<li data-start=\"883\" data-end=\"942\"><span style=\"color: #050000\"><a style=\"color: #050000\" href=\"https:\/\/cosyowl.com\/de_at\/bastelbedarf\/wachsschmelzgerate\/wachs-fur-wachsschmelzen\/naturliche-wachse-soyaluna-schmelzsaulenwachs\/?wmc-currency=EUR\">350g - <span style=\"color: #ff6600\"><strong data-start=\"883\" data-end=\"902\">S\u00e4ulenwachs<\/strong><\/span> - Wachs in Premium-Qualit\u00e4t, perfekt f\u00fcr Formen<\/a><\/span><\/li>\n<li data-start=\"945\" data-end=\"1023\"><span style=\"color: #050000\"><a style=\"color: #050000\" href=\"https:\/\/cosyowl.com\/de_at\/wachsschmelzen\/formen\/?wmc-currency=EUR\">4<span style=\"color: #ff6600\"><strong> Schimmelpilze<\/strong> <\/span>- 1x Muschelschale, 1x Herz-Muschelschale, 1x Stern-Muschelschale, 1x Deli-Topf<\/a><\/span><\/li>\n<li data-start=\"1026\" data-end=\"1112\"><span style=\"color: #050000\"><a style=\"color: #050000\" href=\"https:\/\/cosyowl.com\/de_at\/leitfaden\/ein-leitfaden-fur-anfanger-zur-herstellung-von-wachsschmelzen\/?wmc-currency=EUR\"><strong data-start=\"1026\" data-end=\"1060\"><span style=\"color: #ff6600\">Schritt-f\u00fcr-Schritt-Anleitung<\/span><\/strong> - Einfach zu befolgende Anweisungen f\u00fcr die Herstellung Ihrer Schmelzen<\/a><\/span><\/li>\n<\/ul>\n<p>Eine einfache, aber auffallende <a href=\"https:\/\/cosyowl.com\/de_at\/candle-making-supplies\/candle-containers\/candle-glasses\/glass-candle-container-50cl-classic-jar-with-lid\">elegant<\/a> \u00dcbereinstimmung, diese <span style=\"color: #050000\"><a style=\"color: #050000\" href=\"https:\/\/cosyowl.com\/de_at\/zubehor-fur-die-kerzenherstellung\/parfumole-fur-die-kerzenherstellung\/alle-dufte\/lavendel-duftol\/?wmc-currency=EUR\"><span style=\"color: #ff6600\"><strong data-start=\"859\" data-end=\"890\">Lavendel-Duft\u00f6l<\/strong><\/span><\/a><\/span>\u00a0f\u00e4ngt die Essenz der Ruhe mit einem <a href=\"https:\/\/cosyowl.com\/de_at\/candle-making-supplies\/glitters\/turquoise-blue-candle-glitter\">erfrischend<\/a> Drehung. Es \u00f6ffnet sich mit knackigen Kopfnoten von <strong data-start=\"369\" data-end=\"396\"><a href=\"https:\/\/cosyowl.com\/de_at\/candle-making-supplies\/essential-oils\/eucalyptus-globulus-essential-oil\">frisch<\/a> Eukalyptusbl\u00e4tter<\/strong> und die zarte Helligkeit der <strong data-start=\"428\" data-end=\"450\" data-is-only-node=\"\">weiches Bergamottenmark<\/strong>, die Schaffung eines <a href=\"https:\/\/cosyowl.com\/de_at\/candle-making-supplies\/glitters\/pure-white-biodegradable\">sauber<\/a> und k\u00fchlende Einf\u00fchrung. Das Herzst\u00fcck, klassisch <strong data-start=\"517\" data-end=\"529\">lavendel<\/strong> wird durch erdige <strong data-start=\"550\" data-end=\"563\">Patchouli<\/strong> und die subtile S\u00fc\u00dfe von <strong data-start=\"592\" data-end=\"606\">Tonkabohne<\/strong>und verleiht dem Duft eine behagliche, tr\u00f6stliche Tiefe. Schlie\u00dflich entfaltet sich die Basis zu einer anhaltenden Umarmung aus <strong data-start=\"703\" data-end=\"716\">weiches Moos<\/strong> und <strong data-start=\"721\" data-end=\"736\"><a href=\"https:\/\/cosyowl.com\/de_at\/fragrance-oils\/teakwood\">Woody<\/a> Moschus<\/strong>, und erdet den Duft in einer heiteren Atmosph\u00e4re, <a href=\"https:\/\/cosyowl.com\/de_at\/candle-making-supplies\/fragrance-oils-for-candle-making\/all-fragrances\/honey-fragrance-oil\">nat\u00fcrlich<\/a> W\u00e4rme, die sch\u00f6n nachklingt.<\/p>\n<p>Wir sind stolz darauf, dass wir die h\u00f6chsten <a href=\"https:\/\/cosyowl.com\/de_at\/candle-wicks\/wedo-lx-wick-raw\">Qualit\u00e4t<\/a> Zutaten, die auf dem Markt erh\u00e4ltlich sind, um die perfekte Wachsschmelze zu Hause herzustellen. Unsere Kits sind perfekt f\u00fcr alle, die gerade erst anfangen, aber auch f\u00fcr diejenigen, die diese Fertigkeit bereits beherrschen - also schnappt euch eure Sch\u00fcrze und legt los.<\/p>\n<p>&nbsp;<\/p>\n<h3 data-start=\"2493\" data-end=\"2542\">Hilfreiche Ressourcen f\u00fcr eine erfolgreiche Kerzenherstellung<\/h3>\n<ul>\n<li><strong><span style=\"color: #ff6600\"><a style=\"color: #ff6600\" href=\"https:\/\/cosyowl.com\/de_at\/leitfaden\/ein-leitfaden-fur-anfanger-zur-herstellung-von-wachsschmelzen\/?wmc-currency=EUR\">Ein Leitfaden f\u00fcr Anf\u00e4nger zur Herstellung von Wachsschmelzen<\/a><\/span><br \/>\n<\/strong><\/li>\n<li><span style=\"color: #ff6600\"><strong><a style=\"color: #ff6600\" href=\"https:\/\/cosyowl.com\/de_at\/leitfaden\/anleitung-zur-verwendung-von-begro-wachsfarben\/?wmc-currency=EUR\">Leitfaden f\u00fcr die Verwendung von Bekro Wachsfarbstoff<\/a><\/strong><\/span><\/li>\n<li><strong><span style=\"color: #ff6600\"><a style=\"color: #ff6600\" href=\"https:\/\/cosyowl.com\/de_at\/leitfaden\/top-6-fragen-zur-wachsschmelze-edition\/?wmc-currency=EUR\">Top 6 Fragen - Wachsschmelze-Herstellung Edition<\/a><\/span><\/strong><\/li>\n<li><strong><span style=\"color: #ff6600\"><a style=\"color: #ff6600\" href=\"https:\/\/cosyowl.com\/de_at\/leitfaden\/wie-man-wachsschmelzen-zu-hause-herstellt\/?wmc-currency=EUR\">Wie man Wachsschmelzen von zu Hause aus herstellt<\/a><\/span><\/strong><\/li>\n<li><strong><span style=\"color: #ff6600\"><a style=\"color: #ff6600\" href=\"https:\/\/cosyowl.com\/de_at\/leitfaden\/?wmc-currency=EUR\">Leitf\u00e4den &amp; Rezepte<\/a><\/span><\/strong><\/li>\n<\/ul>","protected":false},"excerpt":{"rendered":"<p>Unleash your creativity and bring a sense of calm to your space with our Lavender Wax Melt Kit. Whether you&#8217;re new to crafting or a seasoned maker, this kit includes everything you need to create beautifully shaped, fragrant wax melts in a relaxing lavender scent with a touch of shimmering violet. What\u2019s Inside Your Wax [&hellip;]<\/p>\n","protected":false},"featured_media":79474,"comment_status":"open","ping_status":"closed","template":"","meta":{"_acf_changed":false},"product_brand":[],"product_cat":[655,653,800,727],"product_tag":[927],"class_list":{"0":"post-79470","1":"product","2":"type-product","3":"status-publish","4":"has-post-thumbnail","6":"product_cat-wax-melt-making-kits","7":"product_cat-craft-kits","8":"product_cat-new","9":"product_cat-wax-melt-making-kits-wax-melts","10":"product_tag-wax-melt-making-kit","11":"product_shipping_class-royal_mail_kits","13":"first","14":"instock","15":"taxable","16":"shipping-taxable","17":"purchasable","18":"product-type-simple"},"acf":[],"_links":{"self":[{"href":"https:\/\/cosyowl.com\/de_at\/wp-json\/wp\/v2\/product\/79470","targetHints":{"allow":["GET"]}}],"collection":[{"href":"https:\/\/cosyowl.com\/de_at\/wp-json\/wp\/v2\/product"}],"about":[{"href":"https:\/\/cosyowl.com\/de_at\/wp-json\/wp\/v2\/types\/product"}],"replies":[{"embeddable":true,"href":"https:\/\/cosyowl.com\/de_at\/wp-json\/wp\/v2\/comments?post=79470"}],"wp:featuredmedia":[{"embeddable":true,"href":"https:\/\/cosyowl.com\/de_at\/wp-json\/wp\/v2\/media\/79474"}],"wp:attachment":[{"href":"https:\/\/cosyowl.com\/de_at\/wp-json\/wp\/v2\/media?parent=79470"}],"wp:term":[{"taxonomy":"product_brand","embeddable":true,"href":"https:\/\/cosyowl.com\/de_at\/wp-json\/wp\/v2\/product_brand?post=79470"},{"taxonomy":"product_cat","embeddable":true,"href":"https:\/\/cosyowl.com\/de_at\/wp-json\/wp\/v2\/product_cat?post=79470"},{"taxonomy":"product_tag","embeddable":true,"href":"https:\/\/cosyowl.com\/de_at\/wp-json\/wp\/v2\/product_tag?post=79470"}],"curies":[{"name":"wp","href":"https:\/\/api.w.org\/{rel}","templated":true}]}}