{"id":78885,"date":"2024-05-15T11:35:09","date_gmt":"2024-05-15T10:35:09","guid":{"rendered":"https:\/\/cosyowl.com\/?post_type=product&#038;p=78885"},"modified":"2026-03-24T16:27:30","modified_gmt":"2026-03-24T16:27:30","slug":"weihrauch-myrrhe-duftol","status":"publish","type":"product","link":"https:\/\/cosyowl.com\/de_at\/candle-making-supplies\/fragrance-oils-for-candle-making\/frankincense-myrrh-fragrance-oil","title":{"rendered":"Weihrauch &amp; Myrrhe Parf\u00fcm\u00f6l"},"content":{"rendered":"<p><strong>Bitte beachten Sie - alle 5kg, 10kg und 25kg <a href=\"https:\/\/cosyowl.com\/de_at\/guides\/2023-spring-fragrance-oil-trends\">Parf\u00fcmierte \u00d6le<\/a> sind ma\u00dfgeschneiderte Einzelanfertigungen und haben eine Lieferfrist von bis zu 6 Wochen, die sich nicht in den Versandoptionen widerspiegelt, die unter <a href=\"https:\/\/cosyowl.com\/de_at\/checkout\">Zur Kasse<\/a>. Wenn Ihr <a href=\"https:\/\/cosyowl.com\/de_at\/basket\">Bestellung<\/a> umfasst 5kg, 10kg oder 25kg Duft\u00f6le, betr\u00e4gt die Lieferzeit f\u00fcr die gesamte Bestellung bis zu 6 Wochen. 5kg, 10kg oder 25kg ma\u00dfgeschneiderte Duft\u00f6le sind ebenfalls nicht erstattungsf\u00e4hig.<\/strong><\/p>\n<p>Alle unsere Duft\u00f6le sind exklusiv f\u00fcr <a href=\"https:\/\/cosyowl.com\/de_at\/\">Kuschelige Eule<\/a> und wurden von unseren Experten aufgrund ihrer hervorragenden Duftfreisetzungseigenschaften entwickelt und anschlie\u00dfend f\u00fcr die perfekte Kombination mit unseren Wachsen optimiert. Unsere \u00d6le sind 100% konzentriert und lassen sich perfekt mit allen unseren Wachsen kombinieren.<\/p>\n<p><strong>Wie viel <a href=\"https:\/\/cosyowl.com\/de_at\/candle-making-supplies\/fragrance-oils-for-candle-making\/all-fragrances\/winter-pine-fragrance-oil\">Duft\u00f6l<\/a> sollte ich verwenden?<\/strong><\/p>\n<p>Alle unsere Duft\u00f6le sind hoch <a href=\"https:\/\/cosyowl.com\/de_at\/candle-wicks\/wedo-lx-wick-raw\">Qualit\u00e4t<\/a> und wurden speziell f\u00fcr ihre hervorragende Duftabgabe entwickelt, d. h. eine kleine Menge reicht in der Regel sehr weit. Die Formel zur Berechnung der genauen Menge, die Sie ben\u00f6tigen, ist relativ komplex. Aus diesem Grund haben wir eine <a href=\"https:\/\/cosyowl.com\/de_at\/guides\/a-guide-to-creating-your-own-soap-products\">Leitfaden<\/a> die Ihnen genauere Informationen zu diesem Thema gibt und die Sie hier finden. In der Regel ist es ratsam, mit einem Duft\u00f6lanteil von 5-8% des Gesamtvolumens zu beginnen, wobei Sie bei weniger intensiven D\u00fcften bis zu 10% gehen k\u00f6nnen. Es ist immer ratsam, mit jeder Kombination von Wachs und Duft\u00f6l zu experimentieren und die Menge nach und nach zu erh\u00f6hen. Wenn Sie sich an den Leitfaden halten und die Flammpunkttemperaturen beachten, k\u00f6nnen Sie im Handumdrehen herrlich duftende Kerzen herstellen. Es wird nicht empfohlen, einen h\u00f6heren Anteil an Duft\u00f6l als 12% des Gesamtvolumens zu verwenden, um die <a href=\"https:\/\/cosyowl.com\/de_at\/guides\/a-summers-beach-gel-votive-candle\">Kerze<\/a> oder das \u00d6l an der Kerze herunterzulaufen beginnt.<\/p>\n<p><strong>Kann ich dieses Duft\u00f6l in einem Diffusor-Stick verwenden?<\/strong><\/p>\n<p>Alle unsere Duft\u00f6le sind so konzipiert, dass sie mit Stabdiffusoren kompatibel sind. Mischen Sie sie einfach mit einem Basis\u00f6l f\u00fcr Diffusoren, das hier erh\u00e4ltlich ist. Stellen Sie eine Mischung aus Basis\u00f6l und Parf\u00fcm her, die aus nicht mehr als einem Viertel (25%) Parf\u00fcm\u00f6l besteht, je nach gew\u00fcnschter Intensit\u00e4t.<\/p>\n<p><strong>Kann ich dieses Duft\u00f6l in Seife verwenden?<\/strong><\/p>\n<p>Unsere Parf\u00fcm\u00f6le sind speziell f\u00fcr die Einarbeitung in Seifenst\u00fccke formuliert. Auf dem Sicherheitsdatenblatt finden Sie Informationen \u00fcber die H\u00f6chstmenge (%), die f\u00fcr jeden Duftstoff bei der Herstellung von Seifenst\u00fccken verwendet werden darf.<\/p>\n<p>Bevor Sie unsere Produkte kaufen, lesen Sie bitte unsere CLP-Information (Classification, Labelling and Packaging) \u00fcber die Verwendung von Duft\u00f6len in <a href=\"https:\/\/cosyowl.com\/de_at\/guides\/how-to-make-a-candle\">Kerzenherstellung<\/a>. Diese Informationen beziehen sich auf die chemische Zusammensetzung der \u00d6le sowie auf m\u00f6gliche allergische Reaktionen.<\/p>\n<p>&nbsp;<\/p>\n<p>Parf\u00fcm\u00f6le haben in der Regel eine Verfallszeit von einem Jahr ab dem Herstellungsdatum. Viele Duft\u00f6le k\u00f6nnen jedoch bei richtiger Lagerung Monate oder sogar Jahre \u00fcber dieses Datum hinaus haltbar sein. Duft\u00f6le k\u00f6nnen getestet werden (wir bieten diesen Service nicht an), um ihre Eignung \u00fcber die Haltbarkeitsdauer hinaus zu bestimmen.<\/p>\n<p>Die aktuellen IFRA-Dokumente (IFRA-Version 48) sind f\u00fcr alle unsere Parfums bis Februar 2022 relevant und anwendbar, dem Datum des Inkrafttretens der neuen Klassifizierungen f\u00fcr bestehende Produkte, d.h. f\u00fcr bereits auf dem Markt befindliche Parfums. walk. Alle neuen Parf\u00fcms unterliegen bereits den IFRA 49-Klassifizierungen. In den kommenden Wochen werden wir, sobald wir entsprechende Informationen erhalten, unsere Website aktualisieren und die notwendigen \u00c4nderungen vornehmen.<\/p>","protected":false},"excerpt":{"rendered":"<p>Please note &#8211; all 5kg, 10kg and 25kg Fragrance Oils are bespoke made-to-order items and have an up to 6-week delivery lead time which isn\u2019t reflected in the shipping options presented at checkout. If your order includes any 5kg, 10kg or 25kg Fragrance Oils, lead time for the entirety of the order will be up [&hellip;]<\/p>\n","protected":false},"featured_media":78887,"comment_status":"open","ping_status":"closed","template":"","meta":{"_acf_changed":false},"product_brand":[],"product_cat":[503,520,514,523,504,636,586,509,512,511,730,515,506],"product_tag":[909,1594,908,1600],"class_list":{"0":"post-78885","1":"product","2":"type-product","3":"status-publish","4":"has-post-thumbnail","6":"product_cat-fragrance-oils","7":"product_cat-fragrance-oils-calm","8":"product_cat-fragrance-oils-christmas","9":"product_cat-fragrance-oils-floral","10":"product_cat-fragrance-oils-all-fragrances","11":"product_cat-body-care-fragrance-oils","12":"product_cat-hair-care-fragrance-oils","13":"product_cat-soap-making-supplies-fragrances","14":"product_cat-wax-melts-fragrances","15":"product_cat-beard-oil-fragrances","16":"product_cat-fragrances-for-reed-diffusers","17":"product_cat-fragrance-oils-herbal","18":"product_cat-fragrance-oils-masculine-fragrances","19":"product_tag-black-friday","20":"product_tag-christmas","21":"product_tag-fragrance-oil","22":"product_tag-winter","23":"pa_bottle-size-100ml","24":"pa_bottle-size-10kg","25":"pa_bottle-size-10ml","26":"pa_bottle-size-250ml","27":"pa_bottle-size-25kg","28":"pa_bottle-size-500ml","29":"pa_bottle-size-50ml","30":"pa_bottle-size-5kg","31":"pa_bottle-size-950ml","33":"first","34":"instock","35":"taxable","36":"shipping-taxable","37":"purchasable","38":"product-type-variable"},"acf":[],"_links":{"self":[{"href":"https:\/\/cosyowl.com\/de_at\/wp-json\/wp\/v2\/product\/78885","targetHints":{"allow":["GET"]}}],"collection":[{"href":"https:\/\/cosyowl.com\/de_at\/wp-json\/wp\/v2\/product"}],"about":[{"href":"https:\/\/cosyowl.com\/de_at\/wp-json\/wp\/v2\/types\/product"}],"replies":[{"embeddable":true,"href":"https:\/\/cosyowl.com\/de_at\/wp-json\/wp\/v2\/comments?post=78885"}],"wp:featuredmedia":[{"embeddable":true,"href":"https:\/\/cosyowl.com\/de_at\/wp-json\/wp\/v2\/media\/78887"}],"wp:attachment":[{"href":"https:\/\/cosyowl.com\/de_at\/wp-json\/wp\/v2\/media?parent=78885"}],"wp:term":[{"taxonomy":"product_brand","embeddable":true,"href":"https:\/\/cosyowl.com\/de_at\/wp-json\/wp\/v2\/product_brand?post=78885"},{"taxonomy":"product_cat","embeddable":true,"href":"https:\/\/cosyowl.com\/de_at\/wp-json\/wp\/v2\/product_cat?post=78885"},{"taxonomy":"product_tag","embeddable":true,"href":"https:\/\/cosyowl.com\/de_at\/wp-json\/wp\/v2\/product_tag?post=78885"}],"curies":[{"name":"wp","href":"https:\/\/api.w.org\/{rel}","templated":true}]}}