{"id":76167,"date":"2024-03-19T09:21:02","date_gmt":"2024-03-19T09:21:02","guid":{"rendered":"https:\/\/cosyowl.com\/?post_type=product&#038;p=76167"},"modified":"2026-03-03T13:45:59","modified_gmt":"2026-03-03T13:45:59","slug":"flora-30cl-kerze-behalter-matt-schwarz-packung-von-6-kopie","status":"publish","type":"product","link":"https:\/\/cosyowl.com\/de_at\/candle-making-supplies\/candle-containers\/metal-containers\/flora-30cl-candle-container-matt-black-pack-of-6-x100","title":{"rendered":"Flora 30cl Kerzenbeh\u00e4lter | Matt Schwarz | Packung mit 6 x100 (600 Total)"},"content":{"rendered":"<p data-start=\"39\" data-end=\"122\"><strong data-start=\"39\" data-end=\"122\">Dieses Angebot umfasst 100 Packungen mit jeweils 6 Artikeln (insgesamt 600 Artikel).<\/strong><\/p>\n<p>Dieser Metallbeh\u00e4lter ist perfekt, um Ihre Kerzen hervorzuheben. Dieser Beh\u00e4lter bietet Platz f\u00fcr 300 ml <a href=\"https:\/\/cosyowl.com\/de_at\/guides\/a-summers-beach-gel-votive-candle\">Kerze<\/a> Wachs.<\/p>\n<p><strong>Gr\u00f6\u00dfe:<\/strong> 78mm x 79mm<\/p>\n<p><strong>Material:\u00a0<\/strong>Eisen<\/p>\n<p><strong>Farbe:<\/strong> <a href=\"https:\/\/cosyowl.com\/de_at\/candle-making-supplies\/candle-containers\/candle-glasses\/karen-30cl-candle-glass-matt-black-pack-of-12\">Mattschwarz<\/a><\/p>","protected":false},"excerpt":{"rendered":"<p>Dieses Angebot enth\u00e4lt 100 Packungen mit jeweils 6 Artikeln (insgesamt 600 Artikel). Dies ist ein perfekter Metallbeh\u00e4lter, um Ihre Kerzen hervorzuheben. Dieser Beh\u00e4lter fasst 300 ml Kerzenwachs. Gr\u00f6\u00dfe: 78 mm x 79 mm Material: Eisen Farbe: Matt Schwarz<\/p>","protected":false},"featured_media":53985,"comment_status":"open","ping_status":"closed","template":"","meta":{"_acf_changed":false},"product_brand":[],"product_cat":[501,752,717],"product_tag":[922],"class_list":{"0":"post-76167","1":"product","2":"type-product","3":"status-publish","4":"has-post-thumbnail","6":"product_cat-metal-containers","7":"product_cat-sale-containers","8":"product_cat-sale","9":"product_tag-metal-container","10":"product_shipping_class-royal_mail","12":"first","13":"instock","14":"sale","15":"taxable","16":"shipping-taxable","17":"purchasable","18":"product-type-simple"},"acf":[],"_links":{"self":[{"href":"https:\/\/cosyowl.com\/de_at\/wp-json\/wp\/v2\/product\/76167","targetHints":{"allow":["GET"]}}],"collection":[{"href":"https:\/\/cosyowl.com\/de_at\/wp-json\/wp\/v2\/product"}],"about":[{"href":"https:\/\/cosyowl.com\/de_at\/wp-json\/wp\/v2\/types\/product"}],"replies":[{"embeddable":true,"href":"https:\/\/cosyowl.com\/de_at\/wp-json\/wp\/v2\/comments?post=76167"}],"wp:featuredmedia":[{"embeddable":true,"href":"https:\/\/cosyowl.com\/de_at\/wp-json\/wp\/v2\/media\/53985"}],"wp:attachment":[{"href":"https:\/\/cosyowl.com\/de_at\/wp-json\/wp\/v2\/media?parent=76167"}],"wp:term":[{"taxonomy":"product_brand","embeddable":true,"href":"https:\/\/cosyowl.com\/de_at\/wp-json\/wp\/v2\/product_brand?post=76167"},{"taxonomy":"product_cat","embeddable":true,"href":"https:\/\/cosyowl.com\/de_at\/wp-json\/wp\/v2\/product_cat?post=76167"},{"taxonomy":"product_tag","embeddable":true,"href":"https:\/\/cosyowl.com\/de_at\/wp-json\/wp\/v2\/product_tag?post=76167"}],"curies":[{"name":"wp","href":"https:\/\/api.w.org\/{rel}","templated":true}]}}