{"id":76001,"date":"2024-03-15T15:33:18","date_gmt":"2024-03-15T15:33:18","guid":{"rendered":"https:\/\/cosyowl.com\/?post_type=product&#038;p=76001"},"modified":"2026-03-03T13:45:59","modified_gmt":"2026-03-03T13:45:59","slug":"mini-rechteck-silikon-seifenform-9er-packung-mit-50-stuck","status":"publish","type":"product","link":"https:\/\/cosyowl.com\/de_at\/clearance\/containers-moulds\/mini-rectangle-silicone-soap-mould-set-of-9-x50","title":{"rendered":"Mini-Rechteck-Silikon-Seifenform - Satz von 9 - Packung mit 50 St\u00fcck"},"content":{"rendered":"<p>Diese <a href=\"https:\/\/cosyowl.com\/de_at\/candle-making-extras\/50mm-candle-safety-label-white-black-text\">klar<\/a> Seifenform ist eine der unauff\u00e4lligsten Formen in der <a href=\"https:\/\/cosyowl.com\/de_at\/guides\/a-beginners-guide-to-soap-making\">Seifenherstellung<\/a>. Diese Seife ist ideal f\u00fcr diejenigen, die eine Miniatur-Klassiker hausgemachte Erg\u00e4nzung zu ihren Seifenherstellungsutensilien hinzuf\u00fcgen m\u00f6chten.<\/p>\n<p>Wir bieten diese Form aus halbflexiblem Silikon an, sie ist auch wiederverwendbar, so dass Sie regelm\u00e4\u00dfig Ihre Lieblings-Miniseifen herstellen k\u00f6nnen!<\/p>\n<p>Messung der Form*:<\/p>\n<p>Volle Form (L\u00e4nge x Breite): 242mm x 171mm<\/p>\n<p>Seifengr\u00f6\u00dfe: (L\u00e4nge x Breite x Tiefe): 60mm x 37mm x 15mm<\/p>\n<p>*Bitte beachten Sie, dass alle <a href=\"https:\/\/cosyowl.com\/de_at\/guides\/weighing-fragrance\">Messungen<\/a> sind ungef\u00e4hre Angaben und die Produktfarbe kann sich \u00e4ndern.<\/p>","protected":false},"excerpt":{"rendered":"<p>This clear soap mould is one of the most understated shapes in soap making. This soap is ideal for those looking to add a miniature classic homemade addition to your soap making supplies. We offer this mould in a semi-flexible silicone, it is also re-usable, so you can regularly be making your favourite mini soaps! [&hellip;]<\/p>\n","protected":false},"featured_media":4552,"comment_status":"open","ping_status":"closed","template":"","meta":{"_acf_changed":false},"product_brand":[],"product_cat":[752,717,546],"product_tag":[926],"class_list":{"0":"post-76001","1":"product","2":"type-product","3":"status-publish","4":"has-post-thumbnail","6":"product_cat-sale-containers","7":"product_cat-sale","8":"product_cat-soap-making-supplies-soap-moulds","9":"product_tag-mould","10":"product_shipping_class-royal_mail","12":"first","13":"instock","14":"sale","15":"taxable","16":"shipping-taxable","17":"purchasable","18":"product-type-simple"},"acf":[],"_links":{"self":[{"href":"https:\/\/cosyowl.com\/de_at\/wp-json\/wp\/v2\/product\/76001","targetHints":{"allow":["GET"]}}],"collection":[{"href":"https:\/\/cosyowl.com\/de_at\/wp-json\/wp\/v2\/product"}],"about":[{"href":"https:\/\/cosyowl.com\/de_at\/wp-json\/wp\/v2\/types\/product"}],"replies":[{"embeddable":true,"href":"https:\/\/cosyowl.com\/de_at\/wp-json\/wp\/v2\/comments?post=76001"}],"wp:featuredmedia":[{"embeddable":true,"href":"https:\/\/cosyowl.com\/de_at\/wp-json\/wp\/v2\/media\/4552"}],"wp:attachment":[{"href":"https:\/\/cosyowl.com\/de_at\/wp-json\/wp\/v2\/media?parent=76001"}],"wp:term":[{"taxonomy":"product_brand","embeddable":true,"href":"https:\/\/cosyowl.com\/de_at\/wp-json\/wp\/v2\/product_brand?post=76001"},{"taxonomy":"product_cat","embeddable":true,"href":"https:\/\/cosyowl.com\/de_at\/wp-json\/wp\/v2\/product_cat?post=76001"},{"taxonomy":"product_tag","embeddable":true,"href":"https:\/\/cosyowl.com\/de_at\/wp-json\/wp\/v2\/product_tag?post=76001"}],"curies":[{"name":"wp","href":"https:\/\/api.w.org\/{rel}","templated":true}]}}