{"id":75997,"date":"2024-03-15T15:06:19","date_gmt":"2024-03-15T15:06:19","guid":{"rendered":"https:\/\/cosyowl.com\/?post_type=product&#038;p=75997"},"modified":"2026-03-03T13:45:59","modified_gmt":"2026-03-03T13:45:59","slug":"rechteck-silikon-seifenform-6er-packung-50-2","status":"publish","type":"product","link":"https:\/\/cosyowl.com\/de_at\/clearance\/containers-moulds\/rectangle-silicone-soap-mould-set-of-6-x50","title":{"rendered":"Rechteckige Seifenform aus Silikon - 6er Set - 50er Pack"},"content":{"rendered":"<p>Diese <a href=\"https:\/\/cosyowl.com\/de_at\/candle-making-extras\/50mm-candle-safety-label-white-black-text\">klar<\/a> Seifenform ist eine der klassischsten Formen in <a href=\"https:\/\/cosyowl.com\/de_at\/guides\/a-beginners-guide-to-soap-making\">Seifenherstellung<\/a>. Diese Seife ist ideal f\u00fcr alle, die ihren Seifenvorrat um eine klassische hausgemachte Erg\u00e4nzung erweitern m\u00f6chten.<\/p>\n<p>Wir bieten diese Form aus halbflexiblem Silikon an, sie ist auch wiederverwendbar, so dass Sie regelm\u00e4\u00dfig Ihre Lieblingsseifen herstellen k\u00f6nnen!<\/p>\n<p>Messung der Form*:<\/p>\n<p>Volle Form (L\u00e4nge x Breite): 207mm x 205mm<\/p>\n<p>Seifengr\u00f6\u00dfe: (L\u00e4nge x Breite x Tiefe): 82mm x 48mm x 27mm<\/p>\n<p>*Bitte beachten Sie, dass alle Ma\u00dfe ungef\u00e4hre Angaben sind und die Produktfarbe sich \u00e4ndern kann.<\/p>","protected":false},"excerpt":{"rendered":"<p>This clear soap mould is one of the most classic shapes in soap making. This soap is ideal for those looking to add a classic homemade addition to your soap making supplies. We offer this mould in a semi-flexible silicone, it is also re-usable, so you can regularly be making your favourite soaps! Measurement of [&hellip;]<\/p>\n","protected":false},"featured_media":4548,"comment_status":"open","ping_status":"closed","template":"","meta":{"_acf_changed":false},"product_brand":[],"product_cat":[752,717,546],"product_tag":[926],"class_list":{"0":"post-75997","1":"product","2":"type-product","3":"status-publish","4":"has-post-thumbnail","6":"product_cat-sale-containers","7":"product_cat-sale","8":"product_cat-soap-making-supplies-soap-moulds","9":"product_tag-mould","10":"product_shipping_class-royal_mail","12":"first","13":"instock","14":"sale","15":"taxable","16":"shipping-taxable","17":"purchasable","18":"product-type-simple"},"acf":[],"_links":{"self":[{"href":"https:\/\/cosyowl.com\/de_at\/wp-json\/wp\/v2\/product\/75997","targetHints":{"allow":["GET"]}}],"collection":[{"href":"https:\/\/cosyowl.com\/de_at\/wp-json\/wp\/v2\/product"}],"about":[{"href":"https:\/\/cosyowl.com\/de_at\/wp-json\/wp\/v2\/types\/product"}],"replies":[{"embeddable":true,"href":"https:\/\/cosyowl.com\/de_at\/wp-json\/wp\/v2\/comments?post=75997"}],"wp:featuredmedia":[{"embeddable":true,"href":"https:\/\/cosyowl.com\/de_at\/wp-json\/wp\/v2\/media\/4548"}],"wp:attachment":[{"href":"https:\/\/cosyowl.com\/de_at\/wp-json\/wp\/v2\/media?parent=75997"}],"wp:term":[{"taxonomy":"product_brand","embeddable":true,"href":"https:\/\/cosyowl.com\/de_at\/wp-json\/wp\/v2\/product_brand?post=75997"},{"taxonomy":"product_cat","embeddable":true,"href":"https:\/\/cosyowl.com\/de_at\/wp-json\/wp\/v2\/product_cat?post=75997"},{"taxonomy":"product_tag","embeddable":true,"href":"https:\/\/cosyowl.com\/de_at\/wp-json\/wp\/v2\/product_tag?post=75997"}],"curies":[{"name":"wp","href":"https:\/\/api.w.org\/{rel}","templated":true}]}}