{"id":75970,"date":"2024-03-15T12:43:05","date_gmt":"2024-03-15T12:43:05","guid":{"rendered":"https:\/\/cosyowl.com\/?post_type=product&#038;p=75970"},"modified":"2026-05-01T13:08:51","modified_gmt":"2026-05-01T12:08:51","slug":"metalldeckel-fur-30cl-behalter-packung-mit-500-stuck","status":"publish","type":"product","link":"https:\/\/cosyowl.com\/de_at\/candle-making-supplies\/candle-containers\/candle-glasses\/metal-lid-for-30cl-container-pack-of-500","title":{"rendered":"Metalldeckel f\u00fcr 30cl-Beh\u00e4lter - Packung mit 500 St\u00fcck"},"content":{"rendered":"<p>Packung mit 500 Metalldeckeln f\u00fcr 30cl-Beh\u00e4lter, erh\u00e4ltlich in <a href=\"https:\/\/cosyowl.com\/de_at\/candle-making-supplies\/candle-containers\/other-containers\/wax-melt-christmas-tree-mould-3\">3<\/a> Farben - Silber, Kupfer und Messing. Bitte beachten Sie, dass diese Deckel nicht \u00fcber eine integrierte Silikondichtung verf\u00fcgen.<\/p>\n<p>\u00c4u\u00dfere Abmessungen - H10mm x B85mm<br \/>\nInnenma\u00dfe - H8mm x B83mm<\/p>","protected":false},"excerpt":{"rendered":"<p>Packung mit 500 Metalldeckeln f\u00fcr 30cl-Beh\u00e4lter, erh\u00e4ltlich in 3 Farben - Silber, Kupfer und Messing. Bitte beachten Sie, dass diese Deckel nicht \u00fcber eine integrierte Silikondichtung verf\u00fcgen. Au\u00dfenma\u00dfe - H10mm x B85mm Innenma\u00dfe - H8mm x B83mm<\/p>","protected":false},"featured_media":86810,"comment_status":"open","ping_status":"closed","template":"","meta":{"_acf_changed":false},"product_brand":[],"product_cat":[527,752,501,717],"product_tag":[924],"class_list":{"0":"post-75970","1":"product","2":"type-product","3":"status-publish","4":"has-post-thumbnail","6":"product_cat-candle-glasses","7":"product_cat-sale-containers","8":"product_cat-metal-containers","9":"product_cat-sale","10":"product_tag-lid","11":"product_shipping_class-standard","13":"first","14":"instock","15":"taxable","16":"shipping-taxable","17":"purchasable","18":"product-type-variable"},"acf":[],"_links":{"self":[{"href":"https:\/\/cosyowl.com\/de_at\/wp-json\/wp\/v2\/product\/75970","targetHints":{"allow":["GET"]}}],"collection":[{"href":"https:\/\/cosyowl.com\/de_at\/wp-json\/wp\/v2\/product"}],"about":[{"href":"https:\/\/cosyowl.com\/de_at\/wp-json\/wp\/v2\/types\/product"}],"replies":[{"embeddable":true,"href":"https:\/\/cosyowl.com\/de_at\/wp-json\/wp\/v2\/comments?post=75970"}],"wp:featuredmedia":[{"embeddable":true,"href":"https:\/\/cosyowl.com\/de_at\/wp-json\/wp\/v2\/media\/86810"}],"wp:attachment":[{"href":"https:\/\/cosyowl.com\/de_at\/wp-json\/wp\/v2\/media?parent=75970"}],"wp:term":[{"taxonomy":"product_brand","embeddable":true,"href":"https:\/\/cosyowl.com\/de_at\/wp-json\/wp\/v2\/product_brand?post=75970"},{"taxonomy":"product_cat","embeddable":true,"href":"https:\/\/cosyowl.com\/de_at\/wp-json\/wp\/v2\/product_cat?post=75970"},{"taxonomy":"product_tag","embeddable":true,"href":"https:\/\/cosyowl.com\/de_at\/wp-json\/wp\/v2\/product_tag?post=75970"}],"curies":[{"name":"wp","href":"https:\/\/api.w.org\/{rel}","templated":true}]}}