{"id":44459,"date":"2022-10-21T11:52:49","date_gmt":"2022-10-21T10:52:49","guid":{"rendered":"https:\/\/cosyowl.com\/?post_type=product&#038;p=44459"},"modified":"2026-04-27T15:04:08","modified_gmt":"2026-04-27T14:04:08","slug":"sojawachs-zimtstange-weihnachtskerzen-bausatz","status":"publish","type":"product","link":"https:\/\/cosyowl.com\/de_at\/craft-kits\/candle-making-kits\/soy-wax-cinnamon-stick-christmas-candle-making-kit","title":{"rendered":"Sojawachs Zimtstange Weihnachtskerze Making Kit"},"content":{"rendered":"<p>Unsere Baus\u00e4tze sind der perfekte Kauf f\u00fcr alle, die kreativ werden und ihre eigenen Kerzen herstellen m\u00f6chten. Mit diesem <a href=\"https:\/\/cosyowl.com\/de_at\/guides\/how-to-make-a-candle\">Kerzenherstellung<\/a> Kit haben Sie alles, was Sie brauchen, um bis zu 5 Kerzen mit einem <a href=\"https:\/\/cosyowl.com\/de_at\/fragrance-oils\/cinnamon-stick\">Zimtstange<\/a> Duft und saisonale hellbraune Farbe.<\/p>\n<h3>Was ist in Ihrem Kerzenherstellungsset enthalten?<\/h3>\n<ul>\n<li><span style=\"color: #050000\"><a style=\"color: #050000\" href=\"https:\/\/cosyowl.com\/de_at\/zubehor-fur-die-kerzenherstellung\/kerzenwachs\/sojawachs\/kerasoy-4130-behalterwachs\/?wmc-currency=EUR\">800 g hochwertige<\/a> <span style=\"color: #ff6600\"><strong><a style=\"color: #ff6600\" href=\"https:\/\/cosyowl.com\/de_at\/zubehor-fur-die-kerzenherstellung\/kerzenwachs\/sojawachs\/naturliche-wachse-soyaluna-behalterwachs\/?wmc-currency=EUR\">Soja Container Wachs<\/a><\/strong><\/span> <a style=\"color: #050000\" href=\"https:\/\/cosyowl.com\/de_at\/zubehor-fur-die-kerzenherstellung\/kerzenwachs\/sojawachs\/kerasoy-4130-behalterwachs\/?wmc-currency=EUR\">f\u00fcr eine saubere, gleichm\u00e4\u00dfige Verbrennung<\/a><\/span><\/li>\n<li><span style=\"color: #050000\"><a style=\"color: #050000\" href=\"https:\/\/cosyowl.com\/de_at\/parfumole\/zimtstange\/?wmc-currency=EUR\">50ml <span style=\"color: #ff6600\"><strong>Parf\u00fcm\u00f6l Zimtstange<\/strong><\/span> (Flammpunkt von 93,3\u00b0C) Ein reichhaltiges, w\u00fcrziges Aroma, das W\u00e4rme in jeden Raum bringt<\/a><\/span><\/li>\n<li><span style=\"color: #050000\"><a style=\"color: #050000\" href=\"https:\/\/cosyowl.com\/de_at\/kerzenfarbstoffe\/bekro-44-2067-brauner-kerzenfarbstoff\/?wmc-currency=EUR\"><span style=\"color: #080000\">1g <\/span>von <span style=\"color: #ff6600\"><strong>Hellbrauner Bekro-Farbstoff<\/strong><\/span> (44\/2067) Erzeugt einen gem\u00fctlichen, nat\u00fcrlichen Braunton, der wunderbar mit dem Zimtduft harmoniert<\/a><\/span><\/li>\n<li><span style=\"color: #050000\">5 <span style=\"color: #ff6600\"><strong><a style=\"color: #ff6600\" href=\"https:\/\/cosyowl.com\/de_at\/kerzendochte\/wedo-oko-docht-120mm\/?wmc-currency=EUR\">\u00d6ko-Dochte <\/a><\/strong><\/span><a style=\"color: #050000\" href=\"https:\/\/cosyowl.com\/de_at\/kerzendochte\/wedo-oko-docht-120mm\/?wmc-currency=EUR\">f\u00fcr optimale Flammenleistung<\/a><\/span><\/li>\n<li><span style=\"color: #050000\">5 <span style=\"color: #ff6600\"><strong><a style=\"color: #ff6600\" href=\"https:\/\/cosyowl.com\/de_at\/zubehor-fur-die-kerzenherstellung\/kerzenbehalter\/kerzenglaser\/glas-kerzenbehalter-20cl-karen-rund\/?wmc-currency=EUR\">20cl Karen Runde Gl\u00e4ser Beh\u00e4lter <\/a><\/strong><\/span><a style=\"color: #050000\" href=\"https:\/\/cosyowl.com\/de_at\/zubehor-fur-die-kerzenherstellung\/kerzenbehalter\/kerzenglaser\/glas-kerzenbehalter-20cl-karen-rund\/?wmc-currency=EUR\">perfekt f\u00fcr den Hausgebrauch oder als Geschenk<\/a><\/span><\/li>\n<li><span style=\"color: #050000\">Leicht nachvollziehbar, <span style=\"color: #ff6600\"><strong><a style=\"color: #ff6600\" href=\"https:\/\/cosyowl.com\/de_at\/leitfaden\/wie-man-eine-kerze-macht\/?wmc-currency=EUR\">Schritt-f\u00fcr-Schritt-Anleitung zur Kerzenherstellung<\/a><\/strong> <\/span>perfekt f\u00fcr Anf\u00e4nger<\/span><\/li>\n<\/ul>\n<p>Wir sind stolz darauf, dass wir die h\u00f6chsten <a href=\"https:\/\/cosyowl.com\/de_at\/candle-wicks\/wedo-lx-wick-raw\">Qualit\u00e4t<\/a> Zutaten, die auf dem Markt erh\u00e4ltlich sind, um die perfekte Kerze zu Hause herzustellen. Unsere Kits sind perfekt f\u00fcr alle, die gerade erst anfangen, und f\u00fcr diejenigen, die das Handwerk bereits beherrschen - also schnappt euch eure Sch\u00fcrze und lasst uns dieses Weihnachten basteln.<\/p>\n<h3>Informationen zu D\u00fcften<\/h3>\n<p>Unser\u00a0<span style=\"color: #ff6600\"><a style=\"color: #ff6600\" href=\"https:\/\/cosyowl.com\/de_at\/parfumole\/zimtstange\/?wmc-currency=EUR\"><strong>Parf\u00fcm\u00f6l Zimtstange<\/strong>\u00a0<\/a><\/span>wurde speziell formuliert, um den vertrauten Geruchsk\u00f6rper zu erzeugen, der mit dem <a href=\"https:\/\/cosyowl.com\/de_at\/fragrance-oils\/coffee\">aromatisch<\/a> Pseudogew\u00fcrze, die aus der inneren Rinde verschiedener Baumarten gewonnen werden. Unser Zimtstangen\u00f6l verstr\u00f6mt sofort einen starken und markanten Geruch, der mit<strong>\u00a0Blutorange, Zitrusfr\u00fcchte und Pfeffer<\/strong>. Dieses anf\u00e4ngliche Aroma ist am st\u00e4rksten ausgepr\u00e4gt, wenn Ihr <a href=\"https:\/\/cosyowl.com\/de_at\/guides\/a-summers-beach-gel-votive-candle\">Kerze<\/a> beginnt zu brennen und f\u00fcllt den Raum mit einem Duft, der durch leichte Untert\u00f6ne von\u00a0<strong>Zimt und Schwertlilie<\/strong>. In die Formulierung f\u00fcr diesen unverwechselbaren Duft ist ein <a href=\"https:\/\/cosyowl.com\/de_at\/fragrance-oils\/strawberry-bon-bon\">entz\u00fcckend<\/a> Spur Nachgeschmack von\u00a0<strong>Muskatnuss und Vanilleschote<\/strong>.<\/p>\n<p><span style=\"color: #ff6600\"><a style=\"color: #ff6600\" href=\"https:\/\/cosyowl.com\/de_at\/datenblatter-fur-duftstoffe-und-atherische-ole\/?wmc-currency=EUR\">(Datenbl\u00e4tter f\u00fcr Zimtstangenparf\u00fcm\u00f6l)<\/a><\/span><\/p>\n<h3>Informationen \u00fcber unsere Produkte<\/h3>\n<p><a href=\"https:\/\/cosyowl.com\/de_at\/shop\">Alle Produkte<\/a> in diesem Kit sind von professioneller Qualit\u00e4t, um die h\u00f6chste Qualit\u00e4t Kerzen, die sch\u00f6n und vollst\u00e4ndig mit hervorragenden Duft werfen brennen zu schaffen. Wir bieten keine Starter-Kits mit billigeren Materialien an, da wir der Meinung sind, dass es am besten ist, mit den hochwertigsten Materialien zu lernen. Au\u00dferdem sind wir stolz darauf, nicht nur die beste Qualit\u00e4t, sondern auch die ethischsten und besten Materialien zu beschaffen. <a href=\"https:\/\/cosyowl.com\/de_at\/candle-wicks\/wedo-eco-wick-raw\">nachhaltig<\/a> Materialien. Alle Materialien sind:<\/p>\n<ul>\n<li>Nachhaltig beschafft<\/li>\n<li>Umweltschonend<\/li>\n<li>Veganerfreundlich<\/li>\n<li>Grausamkeitsfrei<\/li>\n<li><a href=\"https:\/\/cosyowl.com\/de_at\/guides\/cmrs-and-phthalates-in-fragrance-oils\">Frei von<\/a> CMR und Phthalat<\/li>\n<\/ul>\n<h3 data-start=\"2493\" data-end=\"2542\">Hilfreiche Ressourcen f\u00fcr eine erfolgreiche Kerzenherstellung<\/h3>\n<ul>\n<li><strong><span style=\"color: #ff6600\"><a style=\"color: #ff6600\" href=\"https:\/\/cosyowl.com\/de_at\/leitfaden\/wie-man-eine-kerze-macht\/?wmc-currency=EUR\">Wie man eine Kerze herstellt\u00a0<\/a><\/span><\/strong><\/li>\n<li><strong><span style=\"color: #ff6600\"><a style=\"color: #ff6600\" href=\"https:\/\/cosyowl.com\/de_at\/leitfaden\/container-kerzenfuhrer\/?wmc-currency=EUR\">Anleitung zur Herstellung von Beh\u00e4lterkerzen<\/a><\/span><\/strong><\/li>\n<li><strong><span style=\"color: #ff6600\"><a style=\"color: #ff6600\" href=\"https:\/\/cosyowl.com\/de_at\/leitfaden\/anleitung-zur-herstellung-einer-kerze-fur-anfanger\/?wmc-currency=EUR\">Anleitung zur Herstellung einer Kerze f\u00fcr Anf\u00e4nger<\/a><\/span><\/strong><\/li>\n<li class=\"entry-title\"><strong><span style=\"color: #ff6600\"><a style=\"color: #ff6600\" href=\"https:\/\/cosyowl.com\/de_at\/leitfaden\/anleitung-zur-verwendung-von-begro-wachsfarben\/?wmc-currency=EUR\" rel=\"bookmark\">Leitfaden f\u00fcr die Verwendung von Bekro Wachsfarbstoff<\/a><\/span><\/strong><\/li>\n<li class=\"entry-title\"><strong><span style=\"color: #ff6600\"><a style=\"color: #ff6600\" href=\"https:\/\/cosyowl.com\/de_at\/leitfaden\/wie-man-duftole-verwendet\/?wmc-currency=EUR\">Wie man Duft\u00f6le verwendet<\/a><\/span><\/strong><\/li>\n<li><strong><span style=\"color: #ff6600\"><a style=\"color: #ff6600\" href=\"https:\/\/cosyowl.com\/de_at\/leitfaden\/fehlersuche\/?wmc-currency=EUR\">Fehlerbehebung bei Problemen bei der Kerzenherstellung<\/a><\/span><\/strong><\/li>\n<li><strong><span style=\"color: #ff6600\"><a style=\"color: #ff6600\" href=\"https:\/\/cosyowl.com\/de_at\/leitfaden\/faq\/?wmc-currency=EUR\">FAQs zur Kerzenherstellung<\/a><\/span><\/strong><\/li>\n<li><strong><span style=\"color: #ff6600\"><a style=\"color: #ff6600\" href=\"https:\/\/cosyowl.com\/de_at\/leitfaden\/?wmc-currency=EUR\">Leitf\u00e4den &amp; Rezepte<\/a><\/span><\/strong><\/li>\n<\/ul>","protected":false},"excerpt":{"rendered":"<p>Our kits are the perfect purchase for anyone looking to get creative and start crafting their own candles. With this candle making kit you have everything you need to make up to 5 candles with a Cinnamon Stick scent and seasonal Light Brown colour. What\u2019s Inside Your Candle Making Kit? 800g of high-quality Soy Container [&hellip;]<\/p>\n","protected":false},"featured_media":60387,"comment_status":"open","ping_status":"closed","template":"","meta":{"_acf_changed":false},"product_brand":[],"product_cat":[530,720,498],"product_tag":[917,1594],"class_list":{"0":"post-44459","1":"product","2":"type-product","3":"status-publish","4":"has-post-thumbnail","6":"product_cat-candle-making-kits","7":"product_cat-candle-making-kits-candle-making-supplies","8":"product_cat-christmas","9":"product_tag-candle-making-kit","10":"product_tag-christmas","11":"product_shipping_class-royal_mail_kits","13":"first","14":"instock","15":"taxable","16":"shipping-taxable","17":"purchasable","18":"product-type-simple"},"acf":[],"_links":{"self":[{"href":"https:\/\/cosyowl.com\/de_at\/wp-json\/wp\/v2\/product\/44459","targetHints":{"allow":["GET"]}}],"collection":[{"href":"https:\/\/cosyowl.com\/de_at\/wp-json\/wp\/v2\/product"}],"about":[{"href":"https:\/\/cosyowl.com\/de_at\/wp-json\/wp\/v2\/types\/product"}],"replies":[{"embeddable":true,"href":"https:\/\/cosyowl.com\/de_at\/wp-json\/wp\/v2\/comments?post=44459"}],"wp:featuredmedia":[{"embeddable":true,"href":"https:\/\/cosyowl.com\/de_at\/wp-json\/wp\/v2\/media\/60387"}],"wp:attachment":[{"href":"https:\/\/cosyowl.com\/de_at\/wp-json\/wp\/v2\/media?parent=44459"}],"wp:term":[{"taxonomy":"product_brand","embeddable":true,"href":"https:\/\/cosyowl.com\/de_at\/wp-json\/wp\/v2\/product_brand?post=44459"},{"taxonomy":"product_cat","embeddable":true,"href":"https:\/\/cosyowl.com\/de_at\/wp-json\/wp\/v2\/product_cat?post=44459"},{"taxonomy":"product_tag","embeddable":true,"href":"https:\/\/cosyowl.com\/de_at\/wp-json\/wp\/v2\/product_tag?post=44459"}],"curies":[{"name":"wp","href":"https:\/\/api.w.org\/{rel}","templated":true}]}}