{"id":43022,"date":"2022-09-20T12:44:55","date_gmt":"2022-09-20T11:44:55","guid":{"rendered":"https:\/\/cosyowl.com\/product\/50mm-wax-melt-safety-label-black-white-text-2"},"modified":"2026-03-03T13:45:34","modified_gmt":"2026-03-03T13:45:34","slug":"50mm-wachsschmelze-sicherheitsetikett-schwarz-weiser-text-2","status":"publish","type":"product","link":"https:\/\/cosyowl.com\/de_at\/craft-supplies\/wax-melt-supplies\/equipment\/50mm-wax-melt-safety-label-black-white-text","title":{"rendered":"50mm - Wachsschmelz-Sicherheitsetikett - Schwarz \/ Wei\u00dfer Text"},"content":{"rendered":"<p>Unsere schwarzen Wachsschmelze-Sicherheitsetiketten sind mit wei\u00dfer Tinte auf ein schwarzes, rundes Etikett gedruckt. Sie haben einen Durchmesser von 50 mm, perfekt f\u00fcr die meisten Anwendungen.<\/p>\n<p><strong>Wozu dienen Sicherheitsetiketten f\u00fcr Wachsschmelzen?<\/strong><\/p>\n<p>Wenn Sie Ihr Haus verkaufen wollen <a href=\"https:\/\/cosyowl.com\/de_at\/guides\/sandalwood-vanilla-leaf-wax-melts-guide\">Wachsschmelzen<\/a> m\u00fcssen Sie dieses Warnschild anbringen, um die Verordnung \u00fcber die allgemeine Produktsicherheit von 2005 einzuhalten. Diese Etiketten sind so konzipiert, dass sie an der Unterseite Ihres Beh\u00e4lters oder Kartons angebracht werden k\u00f6nnen, um zu zeigen, dass Sie die Vorschriften einhalten und mit der gebotenen Sorgfalt vorgehen, und um dem Endverbraucher wertvolle praktische und sicherheitsrelevante Informationen zu liefern.<\/p>\n<p>Unsere Wax Melt Sicherheitsetiketten sind professionell, hoch <a href=\"https:\/\/cosyowl.com\/de_at\/candle-wicks\/wedo-lx-wick-raw\">Qualit\u00e4t<\/a>Sie sind langlebig, tropfen nicht, sind wasserfest, wisch- und kratzfest. Wir haben diese Etiketten aufgrund ihrer langfristigen Leistung ausgew\u00e4hlt, um sie langlebig und dennoch wirtschaftlich zu machen.<\/p>\n<p>Lesen Sie die Verordnung \u00fcber die allgemeine Produktsicherheit, um ein besseres Verst\u00e4ndnis f\u00fcr Ihre Pflichten als H\u00e4ndler zu bekommen. <a href=\"https:\/\/cosyowl.com\/de_at\/guides\/a-summers-beach-gel-votive-candle\">Kerze<\/a> Hersteller.<\/p>\n<p>Unsere Wax Melt Sicherheitsetiketten werden in Rollen zu 10, 50, 100 oder <a href=\"https:\/\/cosyowl.com\/de_at\/candle-making-supplies\/tools-equipment\/glue-dots-pack-of-1000\">1000<\/a> und lassen sich leicht abziehen und auftragen.<\/p>","protected":false},"excerpt":{"rendered":"<p>Our Black Wax Melt safety labels are printed on to a Black circular label with White ink. They are 50mm in diameter, perfect for most applications. What are Wax Melt Safety Labels for? If you are selling your Wax Melts you need to include this warning label to comply with the General Product Safety Regulation [&hellip;]<\/p>\n","protected":false},"featured_media":17401,"comment_status":"open","ping_status":"closed","template":"","meta":{"_acf_changed":false},"product_brand":[],"product_cat":[532,643,717],"product_tag":[939],"class_list":{"0":"post-43022","1":"product","2":"type-product","3":"status-publish","4":"has-post-thumbnail","6":"product_cat-tools-equipment","7":"product_cat-wax-melts-equipment","8":"product_cat-sale","9":"product_tag-safety-label","10":"pa_pack-size-569","11":"pa_pack-size-571","12":"pa_pack-size-572","13":"pa_pack-size-570","15":"first","16":"instock","17":"taxable","18":"shipping-taxable","19":"purchasable","20":"product-type-variable"},"acf":[],"_links":{"self":[{"href":"https:\/\/cosyowl.com\/de_at\/wp-json\/wp\/v2\/product\/43022","targetHints":{"allow":["GET"]}}],"collection":[{"href":"https:\/\/cosyowl.com\/de_at\/wp-json\/wp\/v2\/product"}],"about":[{"href":"https:\/\/cosyowl.com\/de_at\/wp-json\/wp\/v2\/types\/product"}],"replies":[{"embeddable":true,"href":"https:\/\/cosyowl.com\/de_at\/wp-json\/wp\/v2\/comments?post=43022"}],"wp:featuredmedia":[{"embeddable":true,"href":"https:\/\/cosyowl.com\/de_at\/wp-json\/wp\/v2\/media\/17401"}],"wp:attachment":[{"href":"https:\/\/cosyowl.com\/de_at\/wp-json\/wp\/v2\/media?parent=43022"}],"wp:term":[{"taxonomy":"product_brand","embeddable":true,"href":"https:\/\/cosyowl.com\/de_at\/wp-json\/wp\/v2\/product_brand?post=43022"},{"taxonomy":"product_cat","embeddable":true,"href":"https:\/\/cosyowl.com\/de_at\/wp-json\/wp\/v2\/product_cat?post=43022"},{"taxonomy":"product_tag","embeddable":true,"href":"https:\/\/cosyowl.com\/de_at\/wp-json\/wp\/v2\/product_tag?post=43022"}],"curies":[{"name":"wp","href":"https:\/\/api.w.org\/{rel}","templated":true}]}}