{"id":42251,"date":"2022-05-27T11:28:08","date_gmt":"2022-05-27T10:28:08","guid":{"rendered":"https:\/\/cosyowl.com\/?post_type=product&#038;p=42251"},"modified":"2026-03-03T13:45:34","modified_gmt":"2026-03-03T13:45:34","slug":"grobkorniges-glitzerbundel","status":"publish","type":"product","link":"https:\/\/cosyowl.com\/de_at\/bundles\/glitter-bundles\/chunky-glitter-bundle","title":{"rendered":"Chunky Glitter Bundle"},"content":{"rendered":"<h2 style=\"text-align: center\"><strong>Chunky Glitter Bundle<\/strong><\/h2>\n<table style=\"height: 72px;border-style: solid;border-color: black;background-color: white;margin-left: auto;margin-right: auto;width: 682px\" border=\"1\">\n<tbody>\n<tr>\n<td style=\"width: 217.135px;text-align: center\"><strong>UVP<\/strong><\/td>\n<td style=\"width: 220.729px;text-align: center\"><strong>Unser Bundle-Preis<\/strong><\/td>\n<td style=\"width: 224.861px;text-align: center\"><strong>Sie sparen<\/strong><\/td>\n<\/tr>\n<tr style=\"height: 18px\">\n<td style=\"height: 18px;width: 217.135px;text-align: center\"><strong>\u00a3<\/strong><strong>18.24<\/strong><\/td>\n<td style=\"width: 220.729px;text-align: center\"><strong>\u00a314.99<\/strong><\/td>\n<td style=\"height: 18px;width: 224.861px;text-align: center\"><span style=\"color: #ff0000\">\u00a33.25<\/span><\/td>\n<\/tr>\n<\/tbody>\n<\/table>\n<p>&nbsp;<\/p>\n<p>Unser grobk\u00f6rniger Glitter ist eine gro\u00dfartige M\u00f6glichkeit, Ihrem Wachs etwas Besonderes zu verleihen. Diese Glitter sind sehr <a href=\"https:\/\/cosyowl.com\/de_at\/candle-making-supplies\/glitters\/fluorescent-peach\">auffallend<\/a> wenn sie in Wachs suspendiert sind.<\/p>\n<p>Dieses Bundle enth\u00e4lt:<\/p>\n<p>25g von <a href=\"https:\/\/cosyowl.com\/de_at\/zubehor-fur-die-kerzenherstellung\/glitzert\/herz-kerze-glitzer\/?wmc-currency=EUR\">Herz-Glitzer<\/a><\/p>\n<p>25g von <a href=\"https:\/\/cosyowl.com\/de_at\/zubehor-fur-die-kerzenherstellung\/glitzert\/weiser-blauer-kreis-glitter\/?wmc-currency=EUR\">Wei\u00df und Kreis Glitter<\/a><\/p>\n<p>25g von <a href=\"https:\/\/cosyowl.com\/de_at\/zubehor-fur-die-kerzenherstellung\/glitzert\/gold-purple-blue-circle\/?wmc-currency=EUR\">Gold Lila und Blau Kreis Glitter<\/a><\/p>\n<p>&nbsp;<\/p>\n<p>Dieser Glitter kann in Seifen, Nagellack, Kunsthandwerk, Farben und Lacken sowie in der Grafik verwendet werden.<\/p>\n<p>Bitte beachten Sie - Dieses Produkt wird am besten verwendet in <a href=\"https:\/\/cosyowl.com\/de_at\/guides\/sandalwood-vanilla-leaf-wax-melts-guide\">Wachsschmelzen<\/a>Wenn es in Kerzen verwendet wird, kann es den Docht verstopfen!<\/p>","protected":false},"excerpt":{"rendered":"<p>Chunky Glitter Bundle RRP Our Bundle Price You Save \u00a318.24 \u00a314.99 \u00a33.25 &nbsp; Our chunky glitter great way to add something extra to your wax. These glitters are very eye-catching when suspended in wax. This Bundle Includes: 25g of Heart Glitter 25g of White and Circle Glitter 25g of Gold Purple and Blue Circle Glitter [&hellip;]<\/p>\n","protected":false},"featured_media":42299,"comment_status":"open","ping_status":"closed","template":"","meta":{"_acf_changed":false},"product_brand":[],"product_cat":[719,724,715,540,541],"product_tag":[914],"class_list":{"0":"post-42251","1":"product","2":"type-product","3":"status-publish","4":"has-post-thumbnail","6":"product_cat-bundles-candle-making-supplies","7":"product_cat-glitter-bundles-candle-making","8":"product_cat-glitter-bundles-bundles","9":"product_cat-candle-making-supplies-mica-powder-glitter","10":"product_cat-wax-melts-mica-powder-and-glitter","11":"product_tag-glitter","12":"product_shipping_class-royal_mail","14":"first","15":"instock","16":"taxable","17":"shipping-taxable","18":"purchasable","19":"product-type-simple"},"acf":[],"_links":{"self":[{"href":"https:\/\/cosyowl.com\/de_at\/wp-json\/wp\/v2\/product\/42251","targetHints":{"allow":["GET"]}}],"collection":[{"href":"https:\/\/cosyowl.com\/de_at\/wp-json\/wp\/v2\/product"}],"about":[{"href":"https:\/\/cosyowl.com\/de_at\/wp-json\/wp\/v2\/types\/product"}],"replies":[{"embeddable":true,"href":"https:\/\/cosyowl.com\/de_at\/wp-json\/wp\/v2\/comments?post=42251"}],"wp:featuredmedia":[{"embeddable":true,"href":"https:\/\/cosyowl.com\/de_at\/wp-json\/wp\/v2\/media\/42299"}],"wp:attachment":[{"href":"https:\/\/cosyowl.com\/de_at\/wp-json\/wp\/v2\/media?parent=42251"}],"wp:term":[{"taxonomy":"product_brand","embeddable":true,"href":"https:\/\/cosyowl.com\/de_at\/wp-json\/wp\/v2\/product_brand?post=42251"},{"taxonomy":"product_cat","embeddable":true,"href":"https:\/\/cosyowl.com\/de_at\/wp-json\/wp\/v2\/product_cat?post=42251"},{"taxonomy":"product_tag","embeddable":true,"href":"https:\/\/cosyowl.com\/de_at\/wp-json\/wp\/v2\/product_tag?post=42251"}],"curies":[{"name":"wp","href":"https:\/\/api.w.org\/{rel}","templated":true}]}}