{"id":42250,"date":"2022-05-27T11:25:55","date_gmt":"2022-05-27T10:25:55","guid":{"rendered":"https:\/\/cosyowl.com\/?post_type=product&#038;p=42250"},"modified":"2026-03-03T13:45:34","modified_gmt":"2026-03-03T13:45:34","slug":"helles-glitzerbundel","status":"publish","type":"product","link":"https:\/\/cosyowl.com\/de_at\/bundles\/glitter-bundles\/bright-glitter-bundle","title":{"rendered":"Helles Glitzer-B\u00fcndel"},"content":{"rendered":"<h2 style=\"text-align: center\"><strong>Helles Glitzer-B\u00fcndel<\/strong><\/h2>\n<table style=\"height: 72px;border-style: solid;border-color: black;background-color: white;margin-left: auto;margin-right: auto;width: 682px\" border=\"1\">\n<tbody>\n<tr>\n<td style=\"width: 217.135px;text-align: center\"><strong>UVP<\/strong><\/td>\n<td style=\"width: 220.729px;text-align: center\"><strong>Unser Bundle-Preis<\/strong><\/td>\n<td style=\"width: 224.861px;text-align: center\"><strong>Sie sparen<\/strong><\/td>\n<\/tr>\n<tr style=\"height: 18px\">\n<td style=\"height: 18px;width: 217.135px;text-align: center\"><strong>\u00a3<\/strong><strong>42.98<\/strong><\/td>\n<td style=\"width: 220.729px;text-align: center\"><strong>\u00a334.99<\/strong><\/td>\n<td style=\"height: 18px;width: 224.861px;text-align: center\"><span style=\"color: #ff0000\">\u00a37.99<\/span><\/td>\n<\/tr>\n<\/tbody>\n<\/table>\n<p>&nbsp;<\/p>\n<p>Diese leuchtenden Glitzersteine sind ein Muss f\u00fcr Ihre <a href=\"https:\/\/cosyowl.com\/de_at\/guides\/sandalwood-vanilla-leaf-wax-melts-guide\">Wachsschmelzen<\/a>. Mit ihren kr\u00e4ftigen Farbt\u00f6nen verst\u00e4rken diese Glitter andere Schimmer in \u00e4hnlichen Farben.<\/p>\n<p>Dieses Bundle enth\u00e4lt:<\/p>\n<p>25g von <a href=\"https:\/\/cosyowl.com\/de_at\/zubehor-fur-die-kerzenherstellung\/glitzert\/rote-kerze-glitter\/?wmc-currency=EUR\">Rot<\/a><\/p>\n<p>25g von <a href=\"https:\/\/cosyowl.com\/de_at\/zubehor-fur-die-kerzenherstellung\/glitzert\/turkisblauer-kerzenglitzer\/?wmc-currency=EUR\">T\u00fcrkisblau<\/a><\/p>\n<p>25g von <a href=\"https:\/\/cosyowl.com\/de_at\/zubehor-fur-die-kerzenherstellung\/glitzert\/regenbogen-rosa-kerze-glitter\/?wmc-currency=EUR\">Regenbogen Rosa<\/a><\/p>\n<p>25g von <a href=\"https:\/\/cosyowl.com\/de_at\/zubehor-fur-die-kerzenherstellung\/glitzert\/apfelgrun-biologisch-abbaubar\/?wmc-currency=EUR\">Apfelgr\u00fcn<\/a><\/p>\n<p>25g von <a href=\"https:\/\/cosyowl.com\/de_at\/zubehor-fur-die-kerzenherstellung\/glitzert\/fluoreszierendes-gelb\/?wmc-currency=EUR\">Fluoreszierendes Gelb<\/a><\/p>\n<p>25g von <a href=\"https:\/\/cosyowl.com\/de_at\/zubehor-fur-die-kerzenherstellung\/glitzert\/fluoreszierender-pfirsich\/?wmc-currency=EUR\">Fluoreszierender Pfirsich<\/a><\/p>\n<p>25g von <a href=\"https:\/\/cosyowl.com\/de_at\/zubehor-fur-die-kerzenherstellung\/glitzert\/fluoreszierendes-grun\/?wmc-currency=EUR\">Fluoreszierendes Gr\u00fcn<\/a><\/p>\n<p>25g von <a href=\"https:\/\/cosyowl.com\/de_at\/zubehor-fur-die-kerzenherstellung\/glitzert\/magische-lila-kerze-glitter\/?wmc-currency=EUR\">Magisches Lila<\/a><\/p>\n<p>&nbsp;<\/p>\n<p>Dieser Glitter kann in Kosmetika, Lidschatten, Seifen, Nagelkunst und Bastelarbeiten verwendet werden.<\/p>\n<p>Bitte beachten Sie - Dieses Produkt wird am besten in Wachsschmelzen verwendet, bei Verwendung in Kerzen kann es den Docht verstopfen!<\/p>","protected":false},"excerpt":{"rendered":"<p>Bright Glitter Bundle RRP Our Bundle Price You Save \u00a342.98 \u00a334.99 \u00a37.99 &nbsp; These bright glitters are a must-have for your wax melts. With their powerful hues, these glitters enhance other shimmers of similar colours. This Bundle Includes: 25g of Red 25g of Turquoise Blue 25g of Rainbow Pink 25g of Apple Green 25g of [&hellip;]<\/p>\n","protected":false},"featured_media":42290,"comment_status":"open","ping_status":"closed","template":"","meta":{"_acf_changed":false},"product_brand":[],"product_cat":[719,724,715,540,541],"product_tag":[914],"class_list":{"0":"post-42250","1":"product","2":"type-product","3":"status-publish","4":"has-post-thumbnail","6":"product_cat-bundles-candle-making-supplies","7":"product_cat-glitter-bundles-candle-making","8":"product_cat-glitter-bundles-bundles","9":"product_cat-candle-making-supplies-mica-powder-glitter","10":"product_cat-wax-melts-mica-powder-and-glitter","11":"product_tag-glitter","12":"product_shipping_class-royal_mail","14":"first","15":"instock","16":"taxable","17":"shipping-taxable","18":"purchasable","19":"product-type-simple"},"acf":[],"_links":{"self":[{"href":"https:\/\/cosyowl.com\/de_at\/wp-json\/wp\/v2\/product\/42250","targetHints":{"allow":["GET"]}}],"collection":[{"href":"https:\/\/cosyowl.com\/de_at\/wp-json\/wp\/v2\/product"}],"about":[{"href":"https:\/\/cosyowl.com\/de_at\/wp-json\/wp\/v2\/types\/product"}],"replies":[{"embeddable":true,"href":"https:\/\/cosyowl.com\/de_at\/wp-json\/wp\/v2\/comments?post=42250"}],"wp:featuredmedia":[{"embeddable":true,"href":"https:\/\/cosyowl.com\/de_at\/wp-json\/wp\/v2\/media\/42290"}],"wp:attachment":[{"href":"https:\/\/cosyowl.com\/de_at\/wp-json\/wp\/v2\/media?parent=42250"}],"wp:term":[{"taxonomy":"product_brand","embeddable":true,"href":"https:\/\/cosyowl.com\/de_at\/wp-json\/wp\/v2\/product_brand?post=42250"},{"taxonomy":"product_cat","embeddable":true,"href":"https:\/\/cosyowl.com\/de_at\/wp-json\/wp\/v2\/product_cat?post=42250"},{"taxonomy":"product_tag","embeddable":true,"href":"https:\/\/cosyowl.com\/de_at\/wp-json\/wp\/v2\/product_tag?post=42250"}],"curies":[{"name":"wp","href":"https:\/\/api.w.org\/{rel}","templated":true}]}}