{"id":42248,"date":"2022-05-27T11:24:58","date_gmt":"2022-05-27T10:24:58","guid":{"rendered":"https:\/\/cosyowl.com\/?post_type=product&#038;p=42248"},"modified":"2026-03-03T13:45:33","modified_gmt":"2026-03-03T13:45:33","slug":"biologisch-abbaubares-glitzerbundel","status":"publish","type":"product","link":"https:\/\/cosyowl.com\/de_at\/bundles\/glitter-bundles\/biodegradable-glitter-bundle","title":{"rendered":"Biologisch abbaubares Glitter-B\u00fcndel"},"content":{"rendered":"<h2 style=\"text-align: center\"><strong>Biologisch abbaubares Glitter-B\u00fcndel<\/strong><\/h2>\n<table style=\"height: 72px;border-style: solid;border-color: black;background-color: white;margin-left: auto;margin-right: auto;width: 682px\" border=\"1\">\n<tbody>\n<tr>\n<td style=\"width: 217.135px;text-align: center\"><strong>UVP<\/strong><\/td>\n<td style=\"width: 220.729px;text-align: center\"><strong>Unser Bundle-Preis<\/strong><\/td>\n<td style=\"width: 224.861px;text-align: center\"><strong>Sie sparen<\/strong><\/td>\n<\/tr>\n<tr style=\"height: 18px\">\n<td style=\"height: 18px;width: 217.135px;text-align: center\"><strong>\u00a3<\/strong><strong>98.30<\/strong><\/td>\n<td style=\"width: 220.729px;text-align: center\"><strong>\u00a369.99<\/strong><\/td>\n<td style=\"height: 18px;width: 224.861px;text-align: center\"><span style=\"color: #ff0000\">\u00a328.31<\/span><\/td>\n<\/tr>\n<\/tbody>\n<\/table>\n<p>&nbsp;<\/p>\n<p>Diese <a href=\"https:\/\/cosyowl.com\/de_at\/candle-making-supplies\/glitters\/apple-green-biodegradable\">biologisch abbaubar<\/a> Glitter sind ein Muss f\u00fcr Ihr <a href=\"https:\/\/cosyowl.com\/de_at\/guides\/sandalwood-vanilla-leaf-wax-melts-guide\">Wachsschmelzen<\/a>. Mit ihren kr\u00e4ftigen Farbt\u00f6nen verst\u00e4rken diese Glitter andere Schimmer in \u00e4hnlichen Farben.<\/p>\n<p><strong>Dieses Bundle enth\u00e4lt:<\/strong><\/p>\n<p>25g von <a href=\"https:\/\/cosyowl.com\/de_at\/zubehor-fur-die-kerzenherstellung\/glitzert\/silber-biologisch-abbaubar\/?wmc-currency=EUR\">Silber<\/a><\/p>\n<p>25g von <a href=\"https:\/\/cosyowl.com\/de_at\/zubehor-fur-die-kerzenherstellung\/glitzert\/platinum-gold-biodegradable\/?wmc-currency=EUR\">Platin Gold<\/a><\/p>\n<p>25g von <a href=\"https:\/\/cosyowl.com\/de_at\/zubehor-fur-die-kerzenherstellung\/glitzert\/orange-pink-biodegradable\/?wmc-currency=EUR\">Orange-Rosa<\/a><\/p>\n<p>25g von <a href=\"https:\/\/cosyowl.com\/de_at\/zubehor-fur-die-kerzenherstellung\/glitzert\/apfelgrun-biologisch-abbaubar\/?wmc-currency=EUR\">Apfelgr\u00fcn<\/a><\/p>\n<p>25g von <a href=\"https:\/\/cosyowl.com\/de_at\/zubehor-fur-die-kerzenherstellung\/glitzert\/schwarz-biologisch-abbaubar\/?wmc-currency=EUR\">Schwarz<\/a><\/p>\n<p>25g von <a href=\"https:\/\/cosyowl.com\/de_at\/zubehor-fur-die-kerzenherstellung\/glitzert\/reinweis-biologisch-abbaubar\/?wmc-currency=EUR\">Reines Wei\u00df<\/a><\/p>\n<p>25g von <a href=\"https:\/\/cosyowl.com\/de_at\/zubehor-fur-die-kerzenherstellung\/glitzert\/blue-purple-biodegradable\/?wmc-currency=EUR\">K\u00f6nigsblau Violett<\/a><\/p>\n<p>25g von <a href=\"https:\/\/cosyowl.com\/de_at\/zubehor-fur-die-kerzenherstellung\/glitzert\/seeblau-biologisch-abbaubar\/?wmc-currency=EUR\">Blauer See<\/a><\/p>\n<p>25g von <a href=\"https:\/\/cosyowl.com\/de_at\/zubehor-fur-die-kerzenherstellung\/glitzert\/bright-peach-biodegradable\/?wmc-currency=EUR\">Heller Pfirsich<\/a><\/p>\n<p>25g von <a href=\"https:\/\/cosyowl.com\/de_at\/zubehor-fur-die-kerzenherstellung\/glitzert\/light-copper-biodegradable\/?wmc-currency=EUR\">Helles Kupfer<\/a><\/p>\n<p>&nbsp;<\/p>\n<p>Dieser Glitter kann in Kosmetika, Lidschatten, Seifen, Nagelkunst und Bastelarbeiten verwendet werden.<\/p>\n<p>Bitte beachten Sie - Dieses Produkt wird am besten in Wachsschmelzen verwendet, bei Verwendung in Kerzen kann es den Docht verstopfen!<\/p>","protected":false},"excerpt":{"rendered":"<p>Biodegradable Glitter Bundle RRP Our Bundle Price You Save \u00a398.30 \u00a369.99 \u00a328.31 &nbsp; These biodegradable glitters are a must-have for your wax melts. With their powerful hues, these glitters enhance other shimmers of similar colours. This Bundle Includes: 25g of Silver 25g of Platinum Gold 25g of Orange Pink 25g of Apple Green 25g of [&hellip;]<\/p>\n","protected":false},"featured_media":42277,"comment_status":"open","ping_status":"closed","template":"","meta":{"_acf_changed":false},"product_brand":[],"product_cat":[719,724,715,540,541],"product_tag":[914],"class_list":{"0":"post-42248","1":"product","2":"type-product","3":"status-publish","4":"has-post-thumbnail","6":"product_cat-bundles-candle-making-supplies","7":"product_cat-glitter-bundles-candle-making","8":"product_cat-glitter-bundles-bundles","9":"product_cat-candle-making-supplies-mica-powder-glitter","10":"product_cat-wax-melts-mica-powder-and-glitter","11":"product_tag-glitter","12":"product_shipping_class-royal_mail_letter","14":"first","15":"instock","16":"taxable","17":"shipping-taxable","18":"purchasable","19":"product-type-simple"},"acf":[],"_links":{"self":[{"href":"https:\/\/cosyowl.com\/de_at\/wp-json\/wp\/v2\/product\/42248","targetHints":{"allow":["GET"]}}],"collection":[{"href":"https:\/\/cosyowl.com\/de_at\/wp-json\/wp\/v2\/product"}],"about":[{"href":"https:\/\/cosyowl.com\/de_at\/wp-json\/wp\/v2\/types\/product"}],"replies":[{"embeddable":true,"href":"https:\/\/cosyowl.com\/de_at\/wp-json\/wp\/v2\/comments?post=42248"}],"wp:featuredmedia":[{"embeddable":true,"href":"https:\/\/cosyowl.com\/de_at\/wp-json\/wp\/v2\/media\/42277"}],"wp:attachment":[{"href":"https:\/\/cosyowl.com\/de_at\/wp-json\/wp\/v2\/media?parent=42248"}],"wp:term":[{"taxonomy":"product_brand","embeddable":true,"href":"https:\/\/cosyowl.com\/de_at\/wp-json\/wp\/v2\/product_brand?post=42248"},{"taxonomy":"product_cat","embeddable":true,"href":"https:\/\/cosyowl.com\/de_at\/wp-json\/wp\/v2\/product_cat?post=42248"},{"taxonomy":"product_tag","embeddable":true,"href":"https:\/\/cosyowl.com\/de_at\/wp-json\/wp\/v2\/product_tag?post=42248"}],"curies":[{"name":"wp","href":"https:\/\/api.w.org\/{rel}","templated":true}]}}