{"id":42246,"date":"2022-05-27T11:18:11","date_gmt":"2022-05-27T10:18:11","guid":{"rendered":"https:\/\/cosyowl.com\/?post_type=product&#038;p=42246"},"modified":"2026-03-03T13:45:33","modified_gmt":"2026-03-03T13:45:33","slug":"primarfarben-farbstoffbundel","status":"publish","type":"product","link":"https:\/\/cosyowl.com\/de_at\/bundles\/dye-bundles\/primary-colours-dye-bundle","title":{"rendered":"Prim\u00e4rfarben F\u00e4rbeb\u00fcndel"},"content":{"rendered":"<h2 style=\"text-align: center\"><strong>Prim\u00e4rfarben-Farbstoff-B\u00fcndel <\/strong><\/h2>\n<table style=\"height: 72px;border-style: solid;border-color: black;background-color: white;margin-left: auto;margin-right: auto;width: 682px\" border=\"1\">\n<tbody>\n<tr>\n<td style=\"width: 217.135px;text-align: center\"><strong>UVP<\/strong><\/td>\n<td style=\"width: 220.729px;text-align: center\"><strong>Unser Bundle-Preis<\/strong><\/td>\n<td style=\"width: 224.861px;text-align: center\"><strong>Sie sparen<\/strong><\/td>\n<\/tr>\n<tr style=\"height: 18px\">\n<td style=\"height: 18px;width: 217.135px;text-align: center\"><span style=\"text-decoration: line-through\"><strong>\u00a3<\/strong><\/span><strong>7.86<\/strong><\/td>\n<td style=\"width: 220.729px;text-align: center\"><strong>\u00a35.29<\/strong><\/td>\n<td style=\"height: 18px;width: 224.861px;text-align: center\"><span style=\"color: #ff0000\">\u00a32.57<\/span><\/td>\n<\/tr>\n<\/tbody>\n<\/table>\n<p>&nbsp;<\/p>\n<p>Kreieren Sie Ihre eigenen T\u00f6ne und Schattierungen, indem Sie unsere Auswahl an prim\u00e4ren Farbstoffen mischen, um Ihre eigenen wundersch\u00f6nen Kerzen zu kreieren. <a href=\"https:\/\/cosyowl.com\/de_at\/guides\/sandalwood-vanilla-leaf-wax-melts-guide\">Wachsschmelzen<\/a>.<\/p>\n<p><strong>Dieses Bundle enth\u00e4lt:<\/strong><\/p>\n<p>3g von <a href=\"https:\/\/cosyowl.com\/de_at\/kerzenfarbstoffe\/bekro-30-6077-roter-kerzenfarbstoff\/?wmc-currency=EUR\">Roter Farbstoff<\/a><\/p>\n<p>3g von <a href=\"https:\/\/cosyowl.com\/de_at\/kerzenfarbstoffe\/bekro-10-937-gelber-kerzenfarbstoff\/?wmc-currency=EUR\">Gelber Farbstoff<\/a><\/p>\n<p>3g von <a href=\"https:\/\/cosyowl.com\/de_at\/kerzenfarbstoffe\/bekro-71-917-gruner-kerzenfarbstoff\/?wmc-currency=EUR\">Gr\u00fcner Farbstoff<\/a><\/p>\n<p>3g von <a href=\"https:\/\/cosyowl.com\/de_at\/kerzenfarbstoffe\/bekro-51-4027-blauer-kerzenfarbstoff\/?wmc-currency=EUR\">Blauer Farbstoff<\/a><\/p>\n<p>3g von <a href=\"https:\/\/cosyowl.com\/de_at\/kerzenfarbstoffe\/bekro-227-cremefarbene-kerzenfarbe\/?wmc-currency=EUR\">Cremefarbstoff<\/a><\/p>\n<p>3g von <a href=\"https:\/\/cosyowl.com\/de_at\/kerzenfarbstoffe\/bekro-farbstoff-6000-01-schwarz\/?wmc-currency=EUR\">Schwarzer Farbstoff<\/a><\/p>\n<p>Diese <a href=\"https:\/\/cosyowl.com\/de_at\/craft-supplies\/wax-melt-supplies\/mica-powder-glitter\/light-copper-biodegradable-candle-glitter\">umweltfreundlich<\/a>Die ungiftigen Farbstoffe sind hoch konzentriert, leicht zu verarbeiten und bieten eine gro\u00dfe Farbtiefe. Der Farbstoff wird ganz einfach in das geschmolzene Wachs gegeben und ger\u00fchrt und verteilt sich gleichm\u00e4\u00dfig im Wachs, so dass die gew\u00fcnschte Konsistenz entsteht. Das Ergebnis ist ein <a href=\"https:\/\/cosyowl.com\/de_at\/guides\/a-summers-beach-gel-votive-candle\">Kerze<\/a> mit einer F\u00e4rbung, die sich nicht von professionell hergestellten Produkten unterscheidet. Die wettbewerbsf\u00e4higen Preise von Cosy Owl machen das professionelle Niveau <a href=\"https:\/\/cosyowl.com\/de_at\/guides\/how-to-make-a-candle\">Kerzenherstellung<\/a> sehr erschwinglich und fantastisch im Preis-Leistungs-Verh\u00e4ltnis.<\/p>\n<p>Unterschiedliche Farbstoffe k\u00f6nnen dem Wachs beigemischt werden, so dass Sie mit Ihren kreativen F\u00e4higkeiten bei der Herstellung von Kerzen und Wachsschmelzen experimentieren k\u00f6nnen.<\/p>\n<p>Bitte beachten Sie, dass die Abbildung des festen Farbstoffs nicht immer die Farbe der fertigen Kerze wiedergibt. Dieses Produkt ist nicht f\u00fcr die Verwendung mit Gel-Wachs geeignet.<\/p>","protected":false},"excerpt":{"rendered":"<p>Primary Colour Dye Bundle RRP Our Bundle Price You Save \u00a37.86 \u00a35.29 \u00a32.57 &nbsp; Create your own tones and hues by mixing our selection of primary coloured dyes to create your own beautiful candles and wax melts. This Bundle Includes: 3g of Red Dye 3g of Yellow Dye 3g of Green Dye 3g of Blue [&hellip;]<\/p>\n","protected":false},"featured_media":42263,"comment_status":"open","ping_status":"closed","template":"","meta":{"_acf_changed":false},"product_brand":[],"product_cat":[708,719,496,722,497],"product_tag":[916],"class_list":{"0":"post-42246","1":"product","2":"type-product","3":"status-publish","4":"has-post-thumbnail","6":"product_cat-dye-bundles","7":"product_cat-bundles-candle-making-supplies","8":"product_cat-candle-dyes","9":"product_cat-bundles-dye-candle-making","10":"product_cat-wax-melts-dyes","11":"product_tag-dye","12":"product_shipping_class-royal_mail_letter","14":"first","15":"outofstock","16":"taxable","17":"shipping-taxable","18":"purchasable","19":"product-type-simple"},"acf":[],"_links":{"self":[{"href":"https:\/\/cosyowl.com\/de_at\/wp-json\/wp\/v2\/product\/42246","targetHints":{"allow":["GET"]}}],"collection":[{"href":"https:\/\/cosyowl.com\/de_at\/wp-json\/wp\/v2\/product"}],"about":[{"href":"https:\/\/cosyowl.com\/de_at\/wp-json\/wp\/v2\/types\/product"}],"replies":[{"embeddable":true,"href":"https:\/\/cosyowl.com\/de_at\/wp-json\/wp\/v2\/comments?post=42246"}],"wp:featuredmedia":[{"embeddable":true,"href":"https:\/\/cosyowl.com\/de_at\/wp-json\/wp\/v2\/media\/42263"}],"wp:attachment":[{"href":"https:\/\/cosyowl.com\/de_at\/wp-json\/wp\/v2\/media?parent=42246"}],"wp:term":[{"taxonomy":"product_brand","embeddable":true,"href":"https:\/\/cosyowl.com\/de_at\/wp-json\/wp\/v2\/product_brand?post=42246"},{"taxonomy":"product_cat","embeddable":true,"href":"https:\/\/cosyowl.com\/de_at\/wp-json\/wp\/v2\/product_cat?post=42246"},{"taxonomy":"product_tag","embeddable":true,"href":"https:\/\/cosyowl.com\/de_at\/wp-json\/wp\/v2\/product_tag?post=42246"}],"curies":[{"name":"wp","href":"https:\/\/api.w.org\/{rel}","templated":true}]}}