{"id":42244,"date":"2022-05-27T11:04:21","date_gmt":"2022-05-27T10:04:21","guid":{"rendered":"https:\/\/cosyowl.com\/?post_type=product&#038;p=42244"},"modified":"2026-03-03T13:45:33","modified_gmt":"2026-03-03T13:45:33","slug":"pastellfarbstoff-bundel","status":"publish","type":"product","link":"https:\/\/cosyowl.com\/de_at\/bundles\/dye-bundles\/pastel-dye-bundle","title":{"rendered":"Pastellfarben-B\u00fcndel"},"content":{"rendered":"<h2 style=\"text-align: center\"><strong>Pastellfarben-B\u00fcndel <\/strong><\/h2>\n<table style=\"height: 72px;border-style: solid;border-color: black;background-color: white;margin-left: auto;margin-right: auto;width: 682px\" border=\"1\">\n<tbody>\n<tr>\n<td style=\"width: 217.135px;text-align: center\"><strong>UVP<\/strong><\/td>\n<td style=\"width: 220.729px;text-align: center\"><strong>Unser Bundle-Preis<\/strong><\/td>\n<td style=\"width: 224.861px;text-align: center\"><strong>Sie sparen<\/strong><\/td>\n<\/tr>\n<tr style=\"height: 18px\">\n<td style=\"height: 18px;width: 217.135px;text-align: center\"><span style=\"text-decoration: line-through\"><strong>\u00a3<\/strong><\/span><strong>6.55<\/strong><\/td>\n<td style=\"width: 220.729px;text-align: center\"><strong>\u00a34.99<\/strong><\/td>\n<td style=\"height: 18px;width: 224.861px;text-align: center\"><span style=\"color: #ff0000\">\u00a31.56<\/span><\/td>\n<\/tr>\n<\/tbody>\n<\/table>\n<p>&nbsp;<\/p>\n<p><a href=\"https:\/\/cosyowl.com\/de_at\/guides\/how-to-make-wax-melts-at-home\">Handwerk<\/a> mit unserer Auswahl an Pastellfarben, um Ihren Kerzen zarte Farbnuancen zu verleihen und <a href=\"https:\/\/cosyowl.com\/de_at\/guides\/sandalwood-vanilla-leaf-wax-melts-guide\">Wachsschmelzen<\/a>.<\/p>\n<p><strong>Dieses Bundle enth\u00e4lt:<\/strong><\/p>\n<p>3g von <a href=\"https:\/\/cosyowl.com\/de_at\/kerzenfarbstoffe\/bekro-227-cremefarbene-kerzenfarbe\/?wmc-currency=EUR\">Creme Kerzenfarbstoff<\/a><\/p>\n<p>3g von <a href=\"https:\/\/cosyowl.com\/de_at\/kerzenfarbstoffe\/bekro-35-4141-pink-candle-dye\/?wmc-currency=EUR\">Hellrosa F\u00e4rbung<\/a><\/p>\n<p>3g von <a href=\"https:\/\/cosyowl.com\/de_at\/kerzenfarbstoffe\/bekro-60-1127-fliederfarbener-kerzenfarbstoff\/?wmc-currency=EUR\">Fliederfarbstoff<\/a><\/p>\n<p>3g von <a href=\"https:\/\/cosyowl.com\/de_at\/kerzenfarbstoffe\/bekro-52-5561-blauer-kerzenfarbstoff\/?wmc-currency=EUR\">Hellblau f\u00e4rben<\/a><\/p>\n<p>3g von <a href=\"https:\/\/cosyowl.com\/de_at\/kerzenfarbstoffe\/bekro-72-7427-gruner-kerzenfarbstoff\/?wmc-currency=EUR\">Hellgr\u00fcner Farbstoff<\/a><\/p>\n<p>Diese <a href=\"https:\/\/cosyowl.com\/de_at\/craft-supplies\/wax-melt-supplies\/mica-powder-glitter\/light-copper-biodegradable-candle-glitter\">umweltfreundlich<\/a>Die ungiftigen Farbstoffe sind hoch konzentriert, leicht zu verarbeiten und bieten eine gro\u00dfe Farbtiefe. Der Farbstoff wird ganz einfach in das geschmolzene Wachs gegeben und ger\u00fchrt und verteilt sich gleichm\u00e4\u00dfig im Wachs, so dass die gew\u00fcnschte Konsistenz entsteht. Das Ergebnis ist ein <a href=\"https:\/\/cosyowl.com\/de_at\/guides\/a-summers-beach-gel-votive-candle\">Kerze<\/a> mit einer F\u00e4rbung, die sich nicht von professionell hergestellten Produkten unterscheidet. Die wettbewerbsf\u00e4higen Preise von Cosy Owl machen das professionelle Niveau <a href=\"https:\/\/cosyowl.com\/de_at\/guides\/how-to-make-a-candle\">Kerzenherstellung<\/a> sehr erschwinglich und fantastisch im Preis-Leistungs-Verh\u00e4ltnis.<\/p>\n<p>Unterschiedliche Farbstoffe k\u00f6nnen dem Wachs beigemischt werden, so dass Sie mit Ihren kreativen F\u00e4higkeiten bei der Herstellung von Kerzen und Wachsschmelzen experimentieren k\u00f6nnen.<\/p>\n<p>Bitte beachten Sie, dass die Abbildung des festen Farbstoffs nicht immer die Farbe der fertigen Kerze wiedergibt. Dieses Produkt ist nicht f\u00fcr die Verwendung mit Gel-Wachs geeignet.<\/p>","protected":false},"excerpt":{"rendered":"<p>Pastel Dye Bundle RRP Our Bundle Price You Save \u00a36.55 \u00a34.99 \u00a31.56 &nbsp; Craft with our selection of pastel dyes to add soft hints of colour to your candles and wax melts. This Bundle Includes: 3g of Cream Candle Dye 3g of Light Rose Pink Dye 3g of Lilac Dye 3g of Light Blue Dye [&hellip;]<\/p>\n","protected":false},"featured_media":42255,"comment_status":"open","ping_status":"closed","template":"","meta":{"_acf_changed":false},"product_brand":[],"product_cat":[708,719,496,722,497,790],"product_tag":[916,1595],"class_list":{"0":"post-42244","1":"product","2":"type-product","3":"status-publish","4":"has-post-thumbnail","6":"product_cat-dye-bundles","7":"product_cat-bundles-candle-making-supplies","8":"product_cat-candle-dyes","9":"product_cat-bundles-dye-candle-making","10":"product_cat-wax-melts-dyes","11":"product_cat-easter","12":"product_tag-dye","13":"product_tag-easter","14":"product_shipping_class-royal_mail_letter","16":"first","17":"instock","18":"taxable","19":"shipping-taxable","20":"purchasable","21":"product-type-simple"},"acf":[],"_links":{"self":[{"href":"https:\/\/cosyowl.com\/de_at\/wp-json\/wp\/v2\/product\/42244","targetHints":{"allow":["GET"]}}],"collection":[{"href":"https:\/\/cosyowl.com\/de_at\/wp-json\/wp\/v2\/product"}],"about":[{"href":"https:\/\/cosyowl.com\/de_at\/wp-json\/wp\/v2\/types\/product"}],"replies":[{"embeddable":true,"href":"https:\/\/cosyowl.com\/de_at\/wp-json\/wp\/v2\/comments?post=42244"}],"wp:featuredmedia":[{"embeddable":true,"href":"https:\/\/cosyowl.com\/de_at\/wp-json\/wp\/v2\/media\/42255"}],"wp:attachment":[{"href":"https:\/\/cosyowl.com\/de_at\/wp-json\/wp\/v2\/media?parent=42244"}],"wp:term":[{"taxonomy":"product_brand","embeddable":true,"href":"https:\/\/cosyowl.com\/de_at\/wp-json\/wp\/v2\/product_brand?post=42244"},{"taxonomy":"product_cat","embeddable":true,"href":"https:\/\/cosyowl.com\/de_at\/wp-json\/wp\/v2\/product_cat?post=42244"},{"taxonomy":"product_tag","embeddable":true,"href":"https:\/\/cosyowl.com\/de_at\/wp-json\/wp\/v2\/product_tag?post=42244"}],"curies":[{"name":"wp","href":"https:\/\/api.w.org\/{rel}","templated":true}]}}