{"id":42134,"date":"2022-04-20T16:54:30","date_gmt":"2022-04-20T15:54:30","guid":{"rendered":"https:\/\/cosyowl.com\/?post_type=product&#038;p=42134"},"modified":"2026-03-24T16:27:33","modified_gmt":"2026-03-24T16:27:33","slug":"kuschelige-eule-tropische-duftol-kollektion-5er-pack","status":"publish","type":"product","link":"https:\/\/cosyowl.com\/de_at\/candle-making-supplies\/fragrance-oils-for-candle-making\/fragrance-oil-sets\/cosy-owl-tropical-fragrance-oil-collection-pack-of-5","title":{"rendered":"Cosy Owl Tropical Fragrance Oil Collection - (5er-Pack)"},"content":{"rendered":"<p><strong><a href=\"https:\/\/cosyowl.com\/de_at\/candle-making-supplies\/fragrance-oils-for-candle-making\/all-fragrances\/black-coconut-fragrance-oil\">Tropisch<\/a> <a href=\"https:\/\/cosyowl.com\/de_at\/candle-making-supplies\/fragrance-oils-for-candle-making\/premium-fragrance-oils\/cosy-owl-premium-1-million-type-fragrance-oil\">Parf\u00fcm\u00f6l<\/a> Sammlung.<\/strong><\/p>\n<p>Unsere Duft\u00f6l-Sets sind die perfekte M\u00f6glichkeit, unsere meistverkauften Produkte zu testen. <a href=\"https:\/\/cosyowl.com\/de_at\/guides\/2023-spring-fragrance-oil-trends\">Parf\u00fcm\u00f6le<\/a>.<\/p>\n<p>Dieses Set enth\u00e4lt 5x 10ml Duft\u00f6le aus unserer Tropical Collection.<\/p>\n<ul>\n<li><span style=\"color: #000000\"><strong><a href=\"https:\/\/cosyowl.com\/de_at\/parfumole\/kokosnusskalk\/?wmc-currency=EUR\" target=\"_blank\" rel=\"noopener\">Kokosnuss-Limette<\/a><\/strong>\u00a0<\/span>- Unser <a href=\"https:\/\/cosyowl.com\/de_at\/craft-kits\/wax-melt-making-kits\/coconut-lime-wax-melt-making-kit\">Kokosnuss-Limette<\/a> Das Parf\u00fcm\u00f6l wurde speziell entwickelt, um den vertrauten Duft dieses gro\u00dfen, ovalen, braunen Samens einer tropischen Palme mit dem leichten Zitrusaroma der Limette zu kombinieren. Das \u00d6l und die Milch der <a href=\"https:\/\/cosyowl.com\/de_at\/fragrance-oils\/coconut\">Kokosnuss<\/a> zusammen mit der Schale der Limette werden synthetisch in unser Duft\u00f6l gemischt, das sofort einen starken und markanten Geruch verstr\u00f6mt, der mit Kokosnusswasser, s\u00e4uerlichem <a href=\"https:\/\/cosyowl.com\/de_at\/fragrance-oils\/lemon\">Zitrone<\/a>Limettensaft, geriebener Ingwer. Dieses anf\u00e4ngliche Aroma ist am st\u00e4rksten ausgepr\u00e4gt, wenn Ihr <a href=\"https:\/\/cosyowl.com\/de_at\/guides\/a-summers-beach-gel-votive-candle\">Kerze<\/a> beginnt zu brennen und f\u00fcllt den Raum mit einem Duft, der durch leichte Untert\u00f6ne von geschlagener Kokosnuss und Eisenkrautbl\u00fcte noch verst\u00e4rkt wird. In die Formulierung dieses unverwechselbaren Duftes ist eine k\u00f6stliche Spur von Vanilleschote, wei\u00dfer Zeder und nacktem Moschus eingearbeitet.<\/li>\n<\/ul>\n<ul>\n<li><a href=\"https:\/\/cosyowl.com\/de_at\/parfumole\/ananas-mango\/?wmc-currency=EUR\" target=\"_blank\" rel=\"noopener\"><strong>Ananas-Mango<\/strong><\/a> - Unser Ananas-Mango-Duft\u00f6l wurde speziell formuliert, um die vertrauten und beliebten Ger\u00fcche dieser wunderbaren tropischen Fr\u00fcchte hervorzurufen. Es verstr\u00f6mt einen starken und markanten Geruch, der mit Ananas, Honigtau, rosa Grapefruit und Orangenschalen assoziiert wird. Dieses anf\u00e4ngliche Aroma ist am st\u00e4rksten ausgepr\u00e4gt, wenn die Kerze zu brennen beginnt, und f\u00fcllt den Raum mit einem Duft, der dann durch leichte Untert\u00f6ne von Mango, Rosenoxid, Alpenveilchen und Guave verst\u00e4rkt wird. In die Formulierung dieses unverwechselbaren Duftes ist ein k\u00f6stlicher Nachgeschmack aus fruchtigem Moschus, Vanilleschote und Vanille eingearbeitet. <a href=\"https:\/\/cosyowl.com\/de_at\/candle-making-supplies\/fragrance-oils-for-candle-making\/all-fragrances\/french-vanilla-fragrance-oil\">cremig<\/a> Muskatnuss.<\/li>\n<\/ul>\n<ul>\n<li><strong><a href=\"https:\/\/cosyowl.com\/de_at\/parfumole\/pomegranate\/?wmc-currency=EUR\" target=\"_blank\" rel=\"noopener\">Granatapfel<\/a>\u00a0<\/strong>- Unser Duft\u00f6l vom Typ Granatapfel wurde speziell formuliert, um den starken Duft dieser kugelf\u00f6rmigen Frucht mit ihrer z\u00e4hen, gold-orangenen Au\u00dfenhaut und ihrem s\u00fc\u00dfen, roten, gallertartigen Fruchtfleisch freizusetzen, die von einem in Nordafrika und Westasien beheimateten Baum stammt. Der Duft bietet einen starken und markanten Geruch, der mit Limette und <a href=\"https:\/\/cosyowl.com\/de_at\/candle-making-supplies\/fragrance-oils-for-candle-making\/all-fragrances\/lemon-lavender-fragrance-oil\">Zitronenschale<\/a>. Dieses anf\u00e4ngliche Aroma ist am st\u00e4rksten ausgepr\u00e4gt, wenn die Kerze zu brennen beginnt. Es erf\u00fcllt den Raum mit einem Duft, der durch leichte Untert\u00f6ne von Granatapfel noch verst\u00e4rkt wird, <a href=\"https:\/\/cosyowl.com\/de_at\/fragrance-oils\/raspberry\">Himbeere<\/a> und Pflaume. In die Formulierung f\u00fcr diesen unverwechselbaren Duft ist eine wunderbare Spur von Vanille, s\u00fc\u00dfem Moschus und Moos eingearbeitet.<\/li>\n<\/ul>\n<ul>\n<li><a href=\"https:\/\/cosyowl.com\/de_at\/zubehor-fur-die-kerzenherstellung\/parfumole-fur-die-kerzenherstellung\/alle-dufte\/tropen-duftol\/?wmc-currency=EUR\"><strong>Tropen<\/strong><\/a> - Tropics Fragrance Oil f\u00e4ngt die Essenz eines tropischen Sommers mit seinem <a href=\"https:\/\/cosyowl.com\/de_at\/craft-supplies\/wax-melt-supplies\/mica-powder-glitter\/bright-peach-biodegradable-candle-glitter\">lebendige<\/a> mischen. Er \u00f6ffnet sich mit <a href=\"https:\/\/cosyowl.com\/de_at\/candle-making-supplies\/essential-oils\/rosemary-essential-oil\">belebend<\/a> Kopfnoten von <a href=\"https:\/\/cosyowl.com\/de_at\/candle-making-supplies\/essential-oils\/eucalyptus-globulus-essential-oil\">frisch<\/a> Ananas, Pfirsich, Passionsfrucht, <a href=\"https:\/\/cosyowl.com\/de_at\/all-fragrances\/sumptious-fruits-fragrance-oil\">exotische Fr\u00fcchte<\/a>, und saftige Grapefruit, die in ein Herz aus \u00fcppiger Mango und tropischen Fr\u00fcchten \u00fcbergeht. Die Basis aus weichem Moschus sorgt f\u00fcr einen warmen und beruhigenden Abschluss dieses herrlichen Duftes.<\/li>\n<\/ul>\n<ul>\n<li><a href=\"https:\/\/cosyowl.com\/de_at\/zubehor-fur-die-kerzenherstellung\/parfumole-fur-die-kerzenherstellung\/alle-dufte\/parfumol-brazilian-crush\/?wmc-currency=EUR\"><strong>Brasilianische Schw\u00e4rmerei<\/strong><\/a> - Brazilian Crush ist ein fesselndes Duft\u00f6l, das von den sonnenverw\u00f6hnten Str\u00e4nden Brasiliens inspiriert ist. Mit Noten von Mandel, <a href=\"https:\/\/cosyowl.com\/de_at\/candle-making-supplies\/fragrance-oils-for-candle-making\/all-fragrances\/chocolate-fragrance-oil\">Schokolade<\/a>Kokosnuss, Kaffee, Vanille, Karamell und ein Hauch von Moschus - eine k\u00f6stliche Mischung, die die Essenz tropischen Genusses heraufbeschw\u00f6rt.<\/li>\n<\/ul>\n<p>Alle in diesem Set enthaltenen D\u00fcfte k\u00f6nnen auch einzeln erworben werden.<\/p>","protected":false},"excerpt":{"rendered":"<p>Tropical Fragrance Oil Collection. Our Fragrance oil sets are the perfect way to test out our best-selling fragrance oils. This Set Includes 5x 10ml Fragrance Oils from our Tropical Collection. Coconut Lime\u00a0&#8211; Our Coconut Lime Fragrance Oil has been specially formulated to evoke the familiar scent associated with this large oval brown seed of a [&hellip;]<\/p>\n","protected":false},"featured_media":86737,"comment_status":"open","ping_status":"closed","template":"","meta":{"_acf_changed":false},"product_brand":[],"product_cat":[719,723,711,504,636,586,509,512,730,800,531],"product_tag":[908],"class_list":{"0":"post-42134","1":"product","2":"type-product","3":"status-publish","4":"has-post-thumbnail","6":"product_cat-bundles-candle-making-supplies","7":"product_cat-fragrance-oil-sets-candle-making","8":"product_cat-bundles-fragrance-oil-sets","9":"product_cat-fragrance-oils-all-fragrances","10":"product_cat-body-care-fragrance-oils","11":"product_cat-hair-care-fragrance-oils","12":"product_cat-soap-making-supplies-fragrances","13":"product_cat-wax-melts-fragrances","14":"product_cat-fragrances-for-reed-diffusers","15":"product_cat-new","16":"product_cat-fragrance-oils-new","17":"product_tag-fragrance-oil","18":"product_shipping_class-royal_mail","20":"first","21":"instock","22":"taxable","23":"shipping-taxable","24":"purchasable","25":"product-type-simple"},"acf":[],"_links":{"self":[{"href":"https:\/\/cosyowl.com\/de_at\/wp-json\/wp\/v2\/product\/42134","targetHints":{"allow":["GET"]}}],"collection":[{"href":"https:\/\/cosyowl.com\/de_at\/wp-json\/wp\/v2\/product"}],"about":[{"href":"https:\/\/cosyowl.com\/de_at\/wp-json\/wp\/v2\/types\/product"}],"replies":[{"embeddable":true,"href":"https:\/\/cosyowl.com\/de_at\/wp-json\/wp\/v2\/comments?post=42134"}],"wp:featuredmedia":[{"embeddable":true,"href":"https:\/\/cosyowl.com\/de_at\/wp-json\/wp\/v2\/media\/86737"}],"wp:attachment":[{"href":"https:\/\/cosyowl.com\/de_at\/wp-json\/wp\/v2\/media?parent=42134"}],"wp:term":[{"taxonomy":"product_brand","embeddable":true,"href":"https:\/\/cosyowl.com\/de_at\/wp-json\/wp\/v2\/product_brand?post=42134"},{"taxonomy":"product_cat","embeddable":true,"href":"https:\/\/cosyowl.com\/de_at\/wp-json\/wp\/v2\/product_cat?post=42134"},{"taxonomy":"product_tag","embeddable":true,"href":"https:\/\/cosyowl.com\/de_at\/wp-json\/wp\/v2\/product_tag?post=42134"}],"curies":[{"name":"wp","href":"https:\/\/api.w.org\/{rel}","templated":true}]}}