{"id":42132,"date":"2022-04-20T16:49:55","date_gmt":"2022-04-20T15:49:55","guid":{"rendered":"https:\/\/cosyowl.com\/?post_type=product&#038;p=42132"},"modified":"2026-03-24T16:27:33","modified_gmt":"2026-03-24T16:27:33","slug":"kuschelige-eule-premium-duftol-kollektion-5er-pack","status":"publish","type":"product","link":"https:\/\/cosyowl.com\/de_at\/candle-making-supplies\/fragrance-oils-for-candle-making\/fragrance-oil-sets\/cosy-owl-premium-fragrance-oil-collection-pack-of-5","title":{"rendered":"Cosy Owl Premium-Duft\u00f6l-Kollektion - (5er-Pack)"},"content":{"rendered":"<p><strong>Pr\u00e4mie <a href=\"https:\/\/cosyowl.com\/de_at\/candle-making-supplies\/fragrance-oils-for-candle-making\/premium-fragrance-oils\/cosy-owl-premium-1-million-type-fragrance-oil\">Parf\u00fcm\u00f6l<\/a> Sammlung.<\/strong><\/p>\n<p>Unsere Duft\u00f6l-Sets sind die perfekte M\u00f6glichkeit, unsere meistverkauften Produkte zu testen. <a href=\"https:\/\/cosyowl.com\/de_at\/guides\/2023-spring-fragrance-oil-trends\">Parf\u00fcm\u00f6le<\/a>.<\/p>\n<p>Dieses Set enth\u00e4lt 5x 10ml Duft\u00f6le aus unserer Premium Kollektion.<\/p>\n<ul>\n<li><strong><a href=\"https:\/\/cosyowl.com\/de_at\/parfumole\/duftol-brombeere-und-lorbeer\/?wmc-currency=EUR\" target=\"_blank\" rel=\"noopener\">Blackberry und Bay<\/a><\/strong> - Ein weiteres Grundnahrungsmittel aus den Reihen der ber\u00fchmtesten britischen Top-End-Unternehmen <a href=\"https:\/\/cosyowl.com\/de_at\/looking-for-a-new-supplier-of-candle-making-materials\">Kerzenlieferant<\/a>, neu formuliert f\u00fcr die <a href=\"https:\/\/cosyowl.com\/de_at\/guides\/new-cosy-owl-premium-candle-fragrances\">Kuschelige Eule Premium<\/a> Sortiment. Ein blumig-fruchtiger Duft, der sich vor allem an Frauen richtet. Die Kopfnote aus wei\u00dfer Pflaume, Gei\u00dfblatt, Pfirsich und schwarzem Tee geht \u00fcber in die Herznote aus Brombeere, Orangenbl\u00fcte und Lorbeerbl\u00e4ttern und die Basisnote aus Vanille, Eichenmoos, Zedernholz und <a href=\"https:\/\/cosyowl.com\/de_at\/candle-making-supplies\/fragrance-oils-for-candle-making\/all-fragrances\/french-vanilla-fragrance-oil\">cremig<\/a> Sandelholz, das <a href=\"https:\/\/cosyowl.com\/de_at\/helper\">Unterst\u00fctzung<\/a> den ganzen Duft.<\/li>\n<\/ul>\n<ul>\n<li><strong><a href=\"https:\/\/cosyowl.com\/de_at\/parfumole\/english-pear-fresia-fragrance-oil\/?wmc-currency=EUR\" target=\"_blank\" rel=\"noopener\">Englische Birne und Freesie<\/a>\u00a0<\/strong>- Vom vielleicht bekanntesten Top-End <a href=\"https:\/\/cosyowl.com\/de_at\/guides\/a-summers-beach-gel-votive-candle\">Kerze<\/a> Dieser Duft ist eines der wichtigsten Produkte der britischen Marke und wird Ihren Produkten einen besonderen Glanz verleihen. Wundersch\u00f6n abgerundete Kopfnoten aus Gei\u00dfblatt, englischer Birne, Cassis, Bergamotte und Freesie. Mit mittleren Noten von Maigl\u00f6ckchen, <a href=\"https:\/\/cosyowl.com\/de_at\/fragrance-oils\/lilac\">fliederfarben<\/a>Wei\u00dfe Rose und Ylang Ylang sowie sanfte Basisnoten aus Zypresse, Sandelholz und Vanillebl\u00fcte.<\/li>\n<\/ul>\n<ul>\n<li><strong><a href=\"https:\/\/cosyowl.com\/de_at\/parfumole\/duftol-typ-grace\/?wmc-currency=EUR\" target=\"_blank\" rel=\"noopener\">S\u00fc\u00dfe Anmut Typ<\/a><\/strong> - Dieser Kultduft hat eine treue Anh\u00e4ngerschaft und wird von seinen Bef\u00fcrwortern als s\u00fcchtig machend beschrieben. Bereits ein Top-Kerzenduft, ist der <a href=\"https:\/\/cosyowl.com\/de_at\/\">Kuschelige Eule<\/a> Die Premium-Version ist eine hervorragende Reproduktion dieses klassischen Duftes. Mit Kopfnoten von Orangenschalen, Bergamotte, <a href=\"https:\/\/cosyowl.com\/de_at\/fragrance-oils\/lemon\">Zitrone<\/a> Schale und rosa Zitrone, Mitternoten von Tonka, Calone, Flieder und Geranie, kombiniert mit der Basisnote aus Moschus, Vanilleschote, leichtem Patchouli und Amber, ergeben diesen vollmundigen Duft, der sich so gro\u00dfer Beliebtheit erfreut.<\/li>\n<\/ul>\n<ul>\n<li><strong><a href=\"https:\/\/cosyowl.com\/de_at\/parfumole\/sun-drenched-apricot-rose-fragrance-oil\/?wmc-currency=EUR\" target=\"_blank\" rel=\"noopener\">Sonnenverw\u00f6hnte Aprikose<\/a><\/strong> - Eine weitere gro\u00dfartige Erg\u00e4nzung des Cosy Owl Premium-Sortiments ist dieser allseits beliebte Kerzenduft von einer der bekanntesten Kerzenmarken. Ein reichhaltiger und intensiver Duft mit sprudelnden Aldehyden, Pflaume und Mohnblumen, in der Mitte eine rote Beere, <a href=\"https:\/\/cosyowl.com\/de_at\/candle-making-supplies\/fragrance-oils-for-candle-making\/all-fragrances\/peony-petals-fragrance-oil\">Pfingstrosenbl\u00fcten<\/a>Die Basisnoten aus s\u00fc\u00dfem Moschus, Vanilleschote und Geranie machen diesen Duft zu einem wahren Kraftpaket. Hergestellt aus hochwertigen Zutaten, die zu diesem bekannten Duft passen.<\/li>\n<\/ul>\n<ul>\n<li><strong>\u00a0<a href=\"https:\/\/cosyowl.com\/de_at\/parfumole\/alle-dufte\/sage-seasalt-fragrance-oil\/?wmc-currency=EUR\" target=\"_blank\" rel=\"noopener\">Holzsalbei und Meersalz<\/a><\/strong>- Ein <a href=\"https:\/\/cosyowl.com\/de_at\/fragrance-oils\/coffee\">aromatisch<\/a> und Moschusduft, inspiriert von dem ber\u00fchmten Jo Malone-Duft.  Mit dem Reichtum und der Tiefe, die unser Premium-Sortiment an D\u00fcften kennzeichnen, ist dieses <a href=\"https:\/\/cosyowl.com\/de_at\/candle-making-supplies\/fragrance-oils-for-candle-making\/all-fragrances\/ocean-fragrance-oil\">Marine<\/a> Der Duft hat einen Hauch von Zitrusfr\u00fcchten und bietet eine hervorragende Mischung aus Holz, Salz, W\u00fcrze und S\u00fc\u00dfe.  Nicht \u00fcberw\u00e4ltigend, aber mit echtem Durchhalteverm\u00f6gen, entwickelt sich dieser Duft wirklich und reift, je l\u00e4nger er in der Luft liegt.<\/li>\n<\/ul>\n<p>Alle in diesem Set enthaltenen D\u00fcfte k\u00f6nnen auch einzeln erworben werden.<\/p>","protected":false},"excerpt":{"rendered":"<p>Premium Fragrance Oil Collection. Our Fragrance oil sets are the perfect way to test out our best-selling fragrance oils. This Set Includes 5x 10ml Fragrance Oils from our Premium Collection. Blackberry and Bay &#8211; Another staple from the ranks of the UK\u2019s most famous top end candle supplier, re-formulated for the Cosy Owl Premium range. [&hellip;]<\/p>\n","protected":false},"featured_media":86735,"comment_status":"open","ping_status":"closed","template":"","meta":{"_acf_changed":false},"product_brand":[],"product_cat":[669,719,711,723,504,636,586,509,512,511,730,800,531,536],"product_tag":[908],"class_list":{"0":"post-42132","1":"product","2":"type-product","3":"status-publish","4":"has-post-thumbnail","6":"product_cat-fragrance-oils-sets","7":"product_cat-bundles-candle-making-supplies","8":"product_cat-bundles-fragrance-oil-sets","9":"product_cat-fragrance-oil-sets-candle-making","10":"product_cat-fragrance-oils-all-fragrances","11":"product_cat-body-care-fragrance-oils","12":"product_cat-hair-care-fragrance-oils","13":"product_cat-soap-making-supplies-fragrances","14":"product_cat-wax-melts-fragrances","15":"product_cat-beard-oil-fragrances","16":"product_cat-fragrances-for-reed-diffusers","17":"product_cat-new","18":"product_cat-fragrance-oils-new","19":"product_cat-fragrance-oils-premium-fragrances","20":"product_tag-fragrance-oil","21":"product_shipping_class-royal_mail","23":"first","24":"instock","25":"taxable","26":"shipping-taxable","27":"purchasable","28":"product-type-simple"},"acf":[],"_links":{"self":[{"href":"https:\/\/cosyowl.com\/de_at\/wp-json\/wp\/v2\/product\/42132","targetHints":{"allow":["GET"]}}],"collection":[{"href":"https:\/\/cosyowl.com\/de_at\/wp-json\/wp\/v2\/product"}],"about":[{"href":"https:\/\/cosyowl.com\/de_at\/wp-json\/wp\/v2\/types\/product"}],"replies":[{"embeddable":true,"href":"https:\/\/cosyowl.com\/de_at\/wp-json\/wp\/v2\/comments?post=42132"}],"wp:featuredmedia":[{"embeddable":true,"href":"https:\/\/cosyowl.com\/de_at\/wp-json\/wp\/v2\/media\/86735"}],"wp:attachment":[{"href":"https:\/\/cosyowl.com\/de_at\/wp-json\/wp\/v2\/media?parent=42132"}],"wp:term":[{"taxonomy":"product_brand","embeddable":true,"href":"https:\/\/cosyowl.com\/de_at\/wp-json\/wp\/v2\/product_brand?post=42132"},{"taxonomy":"product_cat","embeddable":true,"href":"https:\/\/cosyowl.com\/de_at\/wp-json\/wp\/v2\/product_cat?post=42132"},{"taxonomy":"product_tag","embeddable":true,"href":"https:\/\/cosyowl.com\/de_at\/wp-json\/wp\/v2\/product_tag?post=42132"}],"curies":[{"name":"wp","href":"https:\/\/api.w.org\/{rel}","templated":true}]}}