{"id":42125,"date":"2022-04-20T16:40:50","date_gmt":"2022-04-20T15:40:50","guid":{"rendered":"https:\/\/cosyowl.com\/?post_type=product&#038;p=42125"},"modified":"2026-03-24T16:27:33","modified_gmt":"2026-03-24T16:27:33","slug":"gemutliche-eule-fruchtige-duftol-kollektion-5er-pack","status":"publish","type":"product","link":"https:\/\/cosyowl.com\/de_at\/candle-making-supplies\/fragrance-oils-for-candle-making\/fragrance-oil-sets\/cosy-owl-fruity-fragrance-oil-collection-pack-of-5","title":{"rendered":"Cosy Owl Fruity Fragrance Oil Collection - (5er-Pack)"},"content":{"rendered":"<p><strong>Fruchtig <a href=\"https:\/\/cosyowl.com\/de_at\/candle-making-supplies\/fragrance-oils-for-candle-making\/premium-fragrance-oils\/cosy-owl-premium-1-million-type-fragrance-oil\">Parf\u00fcm\u00f6l<\/a> Sammlung.<\/strong><\/p>\n<p>Unsere Duft\u00f6l-Sets sind die perfekte M\u00f6glichkeit, unsere meistverkauften Produkte zu testen. <a href=\"https:\/\/cosyowl.com\/de_at\/guides\/2023-spring-fragrance-oil-trends\">Parf\u00fcm\u00f6le<\/a>.<\/p>\n<p>Dieses Set enth\u00e4lt 5x 10ml Duft\u00f6le aus unserer Fruity Collection.<\/p>\n<ul>\n<li><strong><a href=\"https:\/\/cosyowl.com\/de_at\/parfumole\/schwarze-kirsche\/?wmc-currency=EUR\" target=\"_blank\" rel=\"noopener\">Schwarze Kirsche<\/a> <\/strong>- Unser <a href=\"https:\/\/cosyowl.com\/de_at\/candle-making-supplies\/fragrance-oils-for-candle-making\/all-fragrances\/black-cherry-fragrance-oil\">Schwarze Kirsche<\/a> Parf\u00fcm\u00f6l wurde speziell formuliert, um die vertrauten und beliebten <a href=\"https:\/\/cosyowl.com\/de_at\/candle-making-supplies\/fragrance-oils-for-candle-making\/all-fragrances\/opium-fragrance-oil\">intensiver Duft<\/a> die mit dieser reichen, vollmundigen Frucht assoziiert wird. Der Duft verstr\u00f6mt zun\u00e4chst einen starken und markanten Geruch, der sowohl mit Kirsche als auch mit Granatapfel assoziiert wird. Dieses Aroma ist am st\u00e4rksten ausgepr\u00e4gt, wenn Ihr <a href=\"https:\/\/cosyowl.com\/de_at\/guides\/a-summers-beach-gel-votive-candle\">Kerze<\/a> beginnt zu brennen und f\u00fcllt den Raum mit einem Duft, der durch leichte Untert\u00f6ne von gezuckerter Pflaume noch verst\u00e4rkt wird, <a href=\"https:\/\/cosyowl.com\/de_at\/fragrance-oils\/raspberry\">Himbeere<\/a>, und Schwarzkirsche. In die Formulierung dieses unverwechselbaren Duftes ist ein herrlicher Nachgeschmack von schwarzem Tee, metallischen Noten und Kaschmir-Moschus eingearbeitet.<\/li>\n<li><strong><a href=\"https:\/\/cosyowl.com\/de_at\/parfumole\/holzbirne\/?wmc-currency=EUR\" target=\"_blank\" rel=\"noopener\">Franz\u00f6sische Birne<\/a> <\/strong>- Unser <a href=\"https:\/\/cosyowl.com\/de_at\/fragrance-oils\/french-pear\">Franz\u00f6sische Birne<\/a> Das Duft\u00f6l wurde speziell entwickelt, um den vertrauten und beliebten fruchtigen Duft der gemeinen Birne hervorzurufen, und verstr\u00f6mt zun\u00e4chst einen starken und markanten Geruch, der mit <a href=\"https:\/\/cosyowl.com\/de_at\/fragrance-oils\/fresh-cut-grass\">gr\u00fcn<\/a> Apfel, wei\u00dfe Lilie und Osmanthus. Dieses Aroma ist am st\u00e4rksten ausgepr\u00e4gt, wenn die Kerze zu brennen beginnt, und f\u00fcllt den Raum mit einem Duft, der dann durch leichte Untert\u00f6ne von Mitternacht verst\u00e4rkt wird <a href=\"https:\/\/cosyowl.com\/de_at\/candle-making-supplies\/fragrance-oils-for-candle-making\/all-fragrances\/jasmine-fragrance-oil\">jasmin<\/a> und Nashi-Birne. In die Formulierung dieses unverwechselbaren Dufts ist ein k\u00f6stlicher Nachgeschmack aus Tonkabohnen, Davana\u00f6l, Zimt, Schlagsahne, Vanille und Distelhonig eingearbeitet.<\/li>\n<li><strong><a href=\"https:\/\/cosyowl.com\/de_at\/parfumole\/suse-feige\/?wmc-currency=EUR\" target=\"_blank\" rel=\"noopener\">S\u00fc\u00dfe Feige<\/a> - <\/strong>Unser S\u00fc\u00dfes <a href=\"https:\/\/cosyowl.com\/de_at\/candle-making-supplies\/fragrance-oils-for-candle-making\/all-fragrances\/fig-fragrance-oil\">Abbildung<\/a> Type Fragrance Oil wurde speziell formuliert, um einen starken Geruch freizusetzen, der mit dieser Frucht des Ficus-Baums, der zur Familie der Maulbeergew\u00e4chse geh\u00f6rt, verbunden ist. Feigen haben diesen einzigartigen, s\u00fc\u00dfen Geschmack, weiche und kaubare Texturen und dieser Duft bietet einen starken und prominenten Geruch mit wei\u00dfen Trauben und s\u00fc\u00dfen schwarzen Feigen und Bergamotte verbunden. Dieses anf\u00e4ngliche Aroma ist am st\u00e4rksten ausgepr\u00e4gt, wenn die Kerze zu brennen beginnt, und f\u00fcllt den Raum mit einem Duft, der durch leichte Untert\u00f6ne von Nelkenknospen, Brombeeren und wei\u00dfen Bl\u00fcten verst\u00e4rkt wird. In die Formulierung dieses unverwechselbaren Duftes ist ein wunderbarer Nachgeschmack von Vetiver, Zimt, Vanille, Absinth und Zeder eingearbeitet.<\/li>\n<li><strong>\u00a0<a href=\"https:\/\/cosyowl.com\/de_at\/parfumole\/limette-basilikum-mandarine\/?wmc-currency=EUR\" target=\"_blank\" rel=\"noopener\">Limette, Basilikum und Mandarine<\/a> - <\/strong>Unser Duft\u00f6l vom Typ Limette-Basilikum &amp; Mandarine wurde speziell formuliert, um eine wunderbare Geschmackskombination dieser einzigartigen erdigen Essenzen freizusetzen und bietet einen starken und markanten Geruch, der mit Limette, Basilikum, Mandarine und Orangenschalen assoziiert wird. Dieses anf\u00e4ngliche Aroma ist am st\u00e4rksten ausgepr\u00e4gt, wenn Ihre Kerze zu brennen beginnt, und f\u00fcllt Ihren Raum mit einem Duft, der dann durch leichte Untert\u00f6ne von schwarzem Pfeffer und Geranie verst\u00e4rkt wird, <a href=\"https:\/\/cosyowl.com\/de_at\/fragrance-oils\/lilac\">fliederfarben<\/a>und Thymian. In die Formulierung f\u00fcr diesen unverwechselbaren Duft ist ein wunderbarer Nachgeschmack von Moos, Patchouli, Moschus und wei\u00dfer Zeder eingearbeitet.<\/li>\n<li><strong><a href=\"https:\/\/cosyowl.com\/de_at\/parfumole\/plum-amp-mulberry\/?wmc-currency=EUR\" target=\"_blank\" rel=\"noopener\">Pflaume und Maulbeere<\/a> - <\/strong>Unser Parf\u00fcm\u00f6l Pflaume &amp; Maulbeere wurde speziell formuliert, um den einzigartigen Duft dieser wunderbaren Kombination aus Frucht und Beere freizusetzen. Die Kopfnote besteht aus roten Beeren, Apfel und Birne, die Herznote aus Litschi, Pflaume, Maulbeere, Cassis, Jasmin und Rose und die Basisnote aus Pfirsich.<\/li>\n<\/ul>","protected":false},"excerpt":{"rendered":"<p>Fruity Fragrance Oil Collection. Our Fragrance oil sets are the perfect way to test out our best-selling fragrance oils. This Set Includes 5x 10ml Fragrance Oils from our Fruity Collection. Black Cherry &#8211; Our Black Cherry Fragrance Oil has been specially formulated to evoke the familiar and well-loved intense scent associated with this rich full-bodied [&hellip;]<\/p>\n","protected":false},"featured_media":86732,"comment_status":"open","ping_status":"closed","template":"","meta":{"_acf_changed":false},"product_brand":[],"product_cat":[669,719,711,723,504,636,586,509,512,511,730,800,531],"product_tag":[908],"class_list":{"0":"post-42125","1":"product","2":"type-product","3":"status-publish","4":"has-post-thumbnail","6":"product_cat-fragrance-oils-sets","7":"product_cat-bundles-candle-making-supplies","8":"product_cat-bundles-fragrance-oil-sets","9":"product_cat-fragrance-oil-sets-candle-making","10":"product_cat-fragrance-oils-all-fragrances","11":"product_cat-body-care-fragrance-oils","12":"product_cat-hair-care-fragrance-oils","13":"product_cat-soap-making-supplies-fragrances","14":"product_cat-wax-melts-fragrances","15":"product_cat-beard-oil-fragrances","16":"product_cat-fragrances-for-reed-diffusers","17":"product_cat-new","18":"product_cat-fragrance-oils-new","19":"product_tag-fragrance-oil","20":"product_shipping_class-royal_mail","22":"first","23":"instock","24":"taxable","25":"shipping-taxable","26":"purchasable","27":"product-type-simple"},"acf":[],"_links":{"self":[{"href":"https:\/\/cosyowl.com\/de_at\/wp-json\/wp\/v2\/product\/42125","targetHints":{"allow":["GET"]}}],"collection":[{"href":"https:\/\/cosyowl.com\/de_at\/wp-json\/wp\/v2\/product"}],"about":[{"href":"https:\/\/cosyowl.com\/de_at\/wp-json\/wp\/v2\/types\/product"}],"replies":[{"embeddable":true,"href":"https:\/\/cosyowl.com\/de_at\/wp-json\/wp\/v2\/comments?post=42125"}],"wp:featuredmedia":[{"embeddable":true,"href":"https:\/\/cosyowl.com\/de_at\/wp-json\/wp\/v2\/media\/86732"}],"wp:attachment":[{"href":"https:\/\/cosyowl.com\/de_at\/wp-json\/wp\/v2\/media?parent=42125"}],"wp:term":[{"taxonomy":"product_brand","embeddable":true,"href":"https:\/\/cosyowl.com\/de_at\/wp-json\/wp\/v2\/product_brand?post=42125"},{"taxonomy":"product_cat","embeddable":true,"href":"https:\/\/cosyowl.com\/de_at\/wp-json\/wp\/v2\/product_cat?post=42125"},{"taxonomy":"product_tag","embeddable":true,"href":"https:\/\/cosyowl.com\/de_at\/wp-json\/wp\/v2\/product_tag?post=42125"}],"curies":[{"name":"wp","href":"https:\/\/api.w.org\/{rel}","templated":true}]}}