{"id":42117,"date":"2022-04-20T16:28:08","date_gmt":"2022-04-20T15:28:08","guid":{"rendered":"https:\/\/cosyowl.com\/?post_type=product&#038;p=42117"},"modified":"2026-03-24T16:27:33","modified_gmt":"2026-03-24T16:27:33","slug":"gemutliche-eule-weihnachten-duftol-kollektion-5er-pack","status":"publish","type":"product","link":"https:\/\/cosyowl.com\/de_at\/candle-making-supplies\/fragrance-oils-for-candle-making\/fragrance-oil-sets\/cosy-owl-christmas-fragrance-oil-collection-pack-of-5","title":{"rendered":"Cosy Owl Christmas Fragrance Oil Collection - (5er-Pack)"},"content":{"rendered":"<p><strong>Weihnachten <a href=\"https:\/\/cosyowl.com\/de_at\/candle-making-supplies\/fragrance-oils-for-candle-making\/premium-fragrance-oils\/cosy-owl-premium-1-million-type-fragrance-oil\">Parf\u00fcm\u00f6l<\/a> Sammlung.<\/strong><\/p>\n<p>Unsere Duft\u00f6l-Sets sind die perfekte M\u00f6glichkeit, unsere meistverkauften Produkte zu testen. <a href=\"https:\/\/cosyowl.com\/de_at\/guides\/2023-spring-fragrance-oil-trends\">Parf\u00fcm\u00f6le<\/a>.<\/p>\n<p>Dieses Set enth\u00e4lt 5x 10ml Duft\u00f6le aus unserer Weihnachtskollektion.<\/p>\n<ul>\n<li><strong><a href=\"https:\/\/cosyowl.com\/de_at\/parfumole\/weihnachtliches-gewurz\/?wmc-currency=EUR\" target=\"_blank\" rel=\"noopener\">Weihnachtsgew\u00fcrz<\/a><\/strong> - Unser <a href=\"https:\/\/cosyowl.com\/de_at\/fragrance-oils\/christmas-spice\">Weihnachtsgew\u00fcrz<\/a> Parf\u00fcm\u00f6l wurde speziell formuliert, um das vertraute Gef\u00fchl von <a href=\"https:\/\/cosyowl.com\/de_at\/candle-making-supplies\/fragrance-oils-for-candle-making\/all-fragrances\/tonka-bean-myrrh-fragrance-oil\">reiches Aroma<\/a> Der Duft ist eine Mischung aus einigen der bekanntesten Gew\u00fcrze, die sowohl in der K\u00fcche als auch in der Parf\u00fcmerie verwendet werden und in der Weihnachtszeit nie fehl am Platz sind. Dieser intensive und klangvolle Duft verstr\u00f6mt einen starken und markanten Geruch, der mit Bergamotte, Ingwer, Orangenschalen und Eukalyptus assoziiert wird. Dieses anf\u00e4ngliche Aroma ist am st\u00e4rksten ausgepr\u00e4gt, wenn Ihr <a href=\"https:\/\/cosyowl.com\/de_at\/guides\/a-summers-beach-gel-votive-candle\">Kerze<\/a> beginnt zu brennen und f\u00fcllt den Raum mit einem Duft, der durch leichte Untert\u00f6ne von Nelkenknospen und Zimt noch verst\u00e4rkt wird. In die Formulierung dieses unverwechselbaren Duftes ist ein herrlicher Nachgeschmack von Moschus, Kardamom und Vanille eingearbeitet.<\/li>\n<li><a href=\"https:\/\/cosyowl.com\/de_at\/parfumole\/schneeflocke\/?wmc-currency=EUR\"><strong>Schneeflocke<\/strong><\/a> - Unser <a href=\"https:\/\/cosyowl.com\/de_at\/fragrance-oils\/snowflake\">Schneefl\u00f6ckchen-Duft\u00f6l<\/a> erstellt eine <a href=\"https:\/\/cosyowl.com\/de_at\/candle-making-supplies\/essential-oils\/eucalyptus-globulus-essential-oil\">frisch<\/a> Blumenstrau\u00df mit <a href=\"https:\/\/cosyowl.com\/de_at\/candle-making-supplies\/essential-oils\/marjoram-essential-oil\">krautige<\/a> Minze und Zitrusfr\u00fcchte in der Kopfnote auf einem Herz aus <a href=\"https:\/\/cosyowl.com\/de_at\/fragrance-oils\/fresh-cut-grass\">gr\u00fcn<\/a> Apfel, weich <a href=\"https:\/\/cosyowl.com\/de_at\/candle-making-supplies\/fragrance-oils-for-candle-making\/all-fragrances\/jasmine-fragrance-oil\">jasmin<\/a> und Rosenbl\u00fcten, unterst\u00fctzt von einer Basis aus H\u00f6lzern und Moschus.<\/li>\n<li><strong><a href=\"https:\/\/cosyowl.com\/de_at\/parfumole\/moosbeerenkranz\/?wmc-currency=EUR\" target=\"_blank\" rel=\"noopener\">Kranz aus Preiselbeeren<\/a><\/strong> - Unser <a href=\"https:\/\/cosyowl.com\/de_at\/candle-making-supplies\/fragrance-oils-for-candle-making\/all-fragrances\/cranberry-wreath-fragrance-oil\">Kranz aus Preiselbeeren<\/a> Parf\u00fcm\u00f6l wird aus der Cranberry-Frucht gewonnen, die zu einer Gruppe von <a href=\"https:\/\/cosyowl.com\/de_at\/fragrance-oils\/winter-spruce\">immergr\u00fcn<\/a> Zwergstr\u00e4ucher oder rankende Reben der Untergattung Oxycoccus der Gattung Vaccinium. Gut, das ist die technische Beschreibung, aber f\u00fcr die meisten von uns erinnert das Aroma an Weihnachten in Verbindung mit einem Truthahnbraten. Das Duft\u00f6l verstr\u00f6mt sofort einen starken und markanten Geruch von Geranien, Orangenschalen und rosa Ingwer. Dieses anf\u00e4ngliche Aroma ist am st\u00e4rksten ausgepr\u00e4gt, wenn die Kerze zu brennen beginnt, und f\u00fcllt den Raum mit einem Duft, der dann durch die Untert\u00f6ne von <a href=\"https:\/\/cosyowl.com\/de_at\/fragrance-oils\/raspberry\">Himbeere<\/a>Marokkanische Rose, rosa Pfefferk\u00f6rner und saftige Preiselbeeren. In die Formulierung f\u00fcr diesen unverwechselbaren Duft ist eine reizvolle Spur Nachgeschmack von Eichenmoos, Vanille enthalten, <a href=\"https:\/\/cosyowl.com\/de_at\/candle-making-supplies\/fragrance-oils-for-candle-making\/all-fragrances\/french-vanilla-fragrance-oil\">cremig<\/a> Muskatnuss, Tonkabohne und Tannennadel.<\/li>\n<li><strong><a href=\"https:\/\/cosyowl.com\/de_at\/parfumole\/mulled-wine\/?wmc-currency=EUR\" target=\"_blank\" rel=\"noopener\">Gl\u00fchwein<\/a><\/strong> - Unser <a href=\"https:\/\/cosyowl.com\/de_at\/candle-making-supplies\/fragrance-oils-for-candle-making\/all-fragrances\/mulled-wine-fragrance-oil\">Gl\u00fchwein<\/a> Fragrance Oil wurde speziell formuliert, um die gew\u00fcnschte Wirkung zu erzielen. <a href=\"https:\/\/cosyowl.com\/de_at\/fragrance-oils\/nutcracker\">w\u00fcrzig<\/a> Aroma, das mit diesem beliebten Getr\u00e4nk assoziiert wird und die Freude an Weihnachten hervorruft. Das \u00d6l ruft diesen allgemein gesch\u00e4tzten und beliebten Duft hervor, der mit roten Trauben und knackigem Apfel assoziiert wird. Dieses anf\u00e4ngliche Aroma ist am st\u00e4rksten ausgepr\u00e4gt, wenn die Kerze zu brennen beginnt, und f\u00fcllt den Raum mit einem Duft, der dann durch leichte Untert\u00f6ne von Himbeere, Brombeere, Nelkenknospe und <a href=\"https:\/\/cosyowl.com\/de_at\/craft-supplies\/wax-melt-supplies\/mica-powder-glitter\/bright-peach-biodegradable-candle-glitter\">prickelnd<\/a> Zimt. In die Formulierung f\u00fcr diesen unverwechselbaren Duft ist ein k\u00f6stlicher Nachgeschmack von Piment, Muskatnuss und Vanille eingearbeitet.<\/li>\n<li><a href=\"https:\/\/cosyowl.com\/de_at\/zubehor-fur-die-kerzenherstellung\/parfumole-fur-die-kerzenherstellung\/alle-dufte\/weihnachtsbaum-duftol\/?wmc-currency=EUR\"><strong>Weihnachtsbaum<\/strong><\/a> - Versetzen Sie Ihr Zuhause in weihnachtliche Stimmung mit unseren <a href=\"https:\/\/cosyowl.com\/de_at\/guides\/nutcracker-christmas-tree-wax-melts-guide\">Weihnachtsbaum<\/a> Parf\u00fcm\u00f6l. Diese <a href=\"https:\/\/cosyowl.com\/de_at\/craft-kits\/candle-making-kits\/soy-wax-mulled-wine-christmas-candle-making-kit\">warm<\/a> und w\u00fcrzige Duft f\u00e4ngt die Magie der Weihnachtszeit ein, mit Kopfnoten von <a href=\"https:\/\/cosyowl.com\/de_at\/candle-making-kits\/winter-pine-candle-making-kit\">Kiefer<\/a> Nadeln, gefolgt von einer harmonischen Mischung aus Nelke, Zimt und Piment. Mit Tannenbalsam und rauchigen H\u00f6lzern unterlegt, schafft dieser Duft eine gem\u00fctliche Atmosph\u00e4re, die an verschneite W\u00e4lder erinnert und <a href=\"https:\/\/cosyowl.com\/de_at\/candle-making-kits\/soy-wax-christmas-spice-candle-making-kit\">festlich<\/a> Traditionen.<\/li>\n<\/ul>\n<p>Alle in diesem Set enthaltenen D\u00fcfte k\u00f6nnen auch einzeln erworben werden.<\/p>","protected":false},"excerpt":{"rendered":"<p>Christmas Fragrance Oil Collection. Our Fragrance oil sets are the perfect way to test out our best-selling fragrance oils. This Set Includes 5x 10ml Fragrance Oils from our Christmas Collection. Christmas Spice &#8211; Our Christmas Spice Fragrance Oil has been specially formulated to evoke the familiar rich aroma of some of the most well-known spices [&hellip;]<\/p>\n","protected":false},"featured_media":86739,"comment_status":"open","ping_status":"closed","template":"","meta":{"_acf_changed":false},"product_brand":[],"product_cat":[719,723,711,504,636,586,509,512,730,800,531],"product_tag":[908],"class_list":{"0":"post-42117","1":"product","2":"type-product","3":"status-publish","4":"has-post-thumbnail","6":"product_cat-bundles-candle-making-supplies","7":"product_cat-fragrance-oil-sets-candle-making","8":"product_cat-bundles-fragrance-oil-sets","9":"product_cat-fragrance-oils-all-fragrances","10":"product_cat-body-care-fragrance-oils","11":"product_cat-hair-care-fragrance-oils","12":"product_cat-soap-making-supplies-fragrances","13":"product_cat-wax-melts-fragrances","14":"product_cat-fragrances-for-reed-diffusers","15":"product_cat-new","16":"product_cat-fragrance-oils-new","17":"product_tag-fragrance-oil","18":"product_shipping_class-royal_mail","20":"first","21":"instock","22":"taxable","23":"shipping-taxable","24":"purchasable","25":"product-type-simple"},"acf":[],"_links":{"self":[{"href":"https:\/\/cosyowl.com\/de_at\/wp-json\/wp\/v2\/product\/42117","targetHints":{"allow":["GET"]}}],"collection":[{"href":"https:\/\/cosyowl.com\/de_at\/wp-json\/wp\/v2\/product"}],"about":[{"href":"https:\/\/cosyowl.com\/de_at\/wp-json\/wp\/v2\/types\/product"}],"replies":[{"embeddable":true,"href":"https:\/\/cosyowl.com\/de_at\/wp-json\/wp\/v2\/comments?post=42117"}],"wp:featuredmedia":[{"embeddable":true,"href":"https:\/\/cosyowl.com\/de_at\/wp-json\/wp\/v2\/media\/86739"}],"wp:attachment":[{"href":"https:\/\/cosyowl.com\/de_at\/wp-json\/wp\/v2\/media?parent=42117"}],"wp:term":[{"taxonomy":"product_brand","embeddable":true,"href":"https:\/\/cosyowl.com\/de_at\/wp-json\/wp\/v2\/product_brand?post=42117"},{"taxonomy":"product_cat","embeddable":true,"href":"https:\/\/cosyowl.com\/de_at\/wp-json\/wp\/v2\/product_cat?post=42117"},{"taxonomy":"product_tag","embeddable":true,"href":"https:\/\/cosyowl.com\/de_at\/wp-json\/wp\/v2\/product_tag?post=42117"}],"curies":[{"name":"wp","href":"https:\/\/api.w.org\/{rel}","templated":true}]}}