{"id":40008,"date":"2022-03-24T08:29:20","date_gmt":"2022-03-24T08:29:20","guid":{"rendered":"https:\/\/cosyowl.com\/product\/uncategorized\/perfume-inspired-collection"},"modified":"2026-03-24T16:27:43","modified_gmt":"2026-03-24T16:27:43","slug":"von-parfum-inspirierte-kollektion","status":"publish","type":"product","link":"https:\/\/cosyowl.com\/de_at\/candle-making-supplies\/bundles\/fragrance-oil-sets\/cosy-owl-perfume-inspired-collection-pack-of-5","title":{"rendered":"Cosy Owl Parf\u00fcm inspiriert Sammlung - (Packung mit 5)"},"content":{"rendered":"<p><strong>Parf\u00fcm Inspiriert <a href=\"https:\/\/cosyowl.com\/de_at\/candle-making-supplies\/fragrance-oils-for-candle-making\/premium-fragrance-oils\/cosy-owl-premium-1-million-type-fragrance-oil\">Parf\u00fcm\u00f6l<\/a> Sammlung.<\/strong><\/p>\n<p>Unsere Duft\u00f6l-Sets sind die perfekte M\u00f6glichkeit, unsere meistverkauften Produkte zu testen. <a href=\"https:\/\/cosyowl.com\/de_at\/guides\/2023-spring-fragrance-oil-trends\">Parf\u00fcm\u00f6le<\/a>.<\/p>\n<p>Dieses Set enth\u00e4lt 5x 10ml Duft\u00f6le aus unserer Parf\u00fcm inspirierten Kollektion<\/p>\n<ul>\n<li><strong><a href=\"https:\/\/cosyowl.com\/de_at\/zubehor-fur-die-kerzenherstellung\/parfumole-fur-die-kerzenherstellung\/hochwertige-parfumole\/kuschelige-eule-premium-baies-duftol\/?wmc-currency=EUR\">Baies<\/a> -\u00a0<\/strong>Einer der meistverkauften D\u00fcfte von einem der f\u00fchrenden <a href=\"https:\/\/cosyowl.com\/de_at\/guides\/a-summers-beach-gel-votive-candle\">Kerze<\/a> Dieser Duft entf\u00fchrt Sie nach Frankreich mit all der Romantik und Raffinesse der Kultur. Mit Noten von Sommerbeeren, Rosen, Freesien und schwarzen Johannisbeerbl\u00e4ttern. Mit diesem <a href=\"https:\/\/cosyowl.com\/de_at\/guides\/new-cosy-owl-premium-candle-fragrances\">Kuschelige Eule Premium<\/a> Duft k\u00f6nnen Sie diesen originalgetreu nachgebildeten Duft jetzt f\u00fcr Ihre Produkte verwenden und ihnen damit einen echten Hauch von Klasse verleihen.<\/li>\n<\/ul>\n<ul>\n<li><strong><a href=\"https:\/\/cosyowl.com\/de_at\/parfumole\/alle-dufte\/lost-cherry-type-fragrance-oil\/?wmc-currency=EUR\" target=\"_blank\" rel=\"noopener\">Verlorene Kirsche Typ<\/a> -<\/strong> Dies ist ein wundersch\u00f6n gemischter Duft, inspiriert von Tom Ford Lost Cherry.  So rund und s\u00fc\u00df mit zarten Untert\u00f6nen und subtilen Basisnoten, dass dieser Duft garantiert Fans des Originalduftes und Neueinsteiger gleicherma\u00dfen begeistern wird.  Die Kopfnote aus wei\u00dfem Thymian, Bergamotte und rosa Pfeffer und die duftende Herznote aus Veilchenblatt, Neroli und wei\u00dfem Amber liegen auf einer ausgewogenen Basis aus <a href=\"https:\/\/cosyowl.com\/de_at\/candle-making-supplies\/fragrance-oils-for-candle-making\/all-fragrances\/french-vanilla-fragrance-oil\">Franz\u00f6sische Vanille<\/a>, Sandelholz, Vetiver, Patchouli und Salbei. Dies ist ein tiefer und reichhaltiger Duft mit neuer Anziehungskraft w\u00e4hrend des gesamten Duftverlaufs.<\/li>\n<\/ul>\n<ul>\n<li><strong><a href=\"https:\/\/cosyowl.com\/de_at\/parfumole\/lady-million-type\/?wmc-currency=EUR\" target=\"_blank\" rel=\"noopener\">Lady Million Typ<\/a> - <\/strong>Unser <a href=\"https:\/\/cosyowl.com\/de_at\/candle-making-supplies\/fragrance-oils-for-candle-making\/all-fragrances\/lady-million-type-fragrance-oil\">Lady Million Typ<\/a> Parf\u00fcm\u00f6l wurde speziell formuliert, um dieses zarte und <a href=\"https:\/\/cosyowl.com\/de_at\/candle-making-supplies\/glitters\/pure-white-biodegradable\">elegant<\/a> Damenparf\u00fcm und verstr\u00f6mt einen starken und markanten Duft, der mit Orange, Neroli und Apfel assoziiert wird. Dieses anf\u00e4ngliche Aroma ist am st\u00e4rksten ausgepr\u00e4gt, wenn die Kerze zu brennen beginnt, und f\u00fcllt den Raum mit einem Duft, der dann durch leichte Untert\u00f6ne von Jasmin, Veilchen und Pfingstrose verst\u00e4rkt wird. In die Formulierung dieses unverwechselbaren Duftes ist ein <a href=\"https:\/\/cosyowl.com\/de_at\/fragrance-oils\/strawberry-bon-bon\">entz\u00fcckend<\/a> Nachgeschmack von Amber, Patchouli, Sandelholz, Vanille und Moschus.<\/li>\n<\/ul>\n<ul>\n<li><strong><a href=\"https:\/\/cosyowl.com\/de_at\/zubehor-fur-die-kerzenherstellung\/parfumole-fur-die-kerzenherstellung\/alle-dufte\/opium-duftol\/?wmc-currency=EUR\">Opium<\/a> -\u00a0<\/strong>H\u00fcllen Sie sich in eine fesselnde Mischung aus Amber, gourmandiger S\u00fc\u00dfe, Moschus, Orangenbl\u00fcten, Quitte, Sandelholz und Vanille. Dieses <a href=\"https:\/\/cosyowl.com\/de_at\/fragrance-oils\/all-fragrances\/bibliotheque-fragrance-oil\">raffiniertes Aroma<\/a> bietet eine sinnliche Reise durch Schichten von Opulenz und Verf\u00fchrung, perfekt f\u00fcr alle, die einen Hauch von Geheimnis und Genuss suchen.<\/li>\n<\/ul>\n<ul>\n<li><strong><a href=\"https:\/\/cosyowl.com\/de_at\/parfumole\/v-r-blumenbombe-typ\/?wmc-currency=EUR\" target=\"_blank\" rel=\"noopener\">V&amp;R-Blumenbombe Typ<\/a> - <\/strong>Unser von der V&amp;R-Blumenbombe inspiriertes Duft\u00f6l wurde speziell entwickelt, um dieses kraftvolle und intensive Damenparf\u00fcm von Viktor &amp; Rolf zu evozieren. Es verstr\u00f6mt einen starken und markanten Duft, der mit Orangenmelisse und Bergamotte assoziiert wird. Dieses anf\u00e4ngliche Aroma ist am st\u00e4rksten ausgepr\u00e4gt, wenn die Kerze zu brennen beginnt, und f\u00fcllt den Raum mit einem Duft, der dann durch leichte Untert\u00f6ne von Maigl\u00f6ckchen verst\u00e4rkt wird, <a href=\"https:\/\/cosyowl.com\/de_at\/candle-making-supplies\/fragrance-oils-for-candle-making\/all-fragrances\/jasmine-fragrance-oil\">jasmin<\/a> und Muguet. In die Formulierung dieses unverwechselbaren Duftes ist ein herrlicher Nachgeschmack von Sandelholz, Patchouli, Moschus und klarem Amber eingearbeitet.<\/li>\n<\/ul>\n<p>Alle in diesem Set enthaltenen D\u00fcfte k\u00f6nnen auch einzeln erworben werden.<\/p>","protected":false},"excerpt":{"rendered":"<p>Perfume Inspired Fragrance Oil Collection. Our Fragrance oil sets are the perfect way to test out our best-selling fragrance oils. This Set Includes 5x 10ml Fragrance Oils from our Perfume Inspired Collection Baies &#8211;\u00a0One of the top selling fragrances from one of the top candle brands in the world, this fragrance will transport you to [&hellip;]<\/p>\n","protected":false},"featured_media":86734,"comment_status":"open","ping_status":"closed","template":"","meta":{"_acf_changed":false},"product_brand":[],"product_cat":[719,505,723,669,711,504,636,586,509,512,511,730,800,531],"product_tag":[908],"class_list":{"0":"post-40008","1":"product","2":"type-product","3":"status-publish","4":"has-post-thumbnail","6":"product_cat-bundles-candle-making-supplies","7":"product_cat-fragrance-oils-designer","8":"product_cat-fragrance-oil-sets-candle-making","9":"product_cat-fragrance-oils-sets","10":"product_cat-bundles-fragrance-oil-sets","11":"product_cat-fragrance-oils-all-fragrances","12":"product_cat-body-care-fragrance-oils","13":"product_cat-hair-care-fragrance-oils","14":"product_cat-soap-making-supplies-fragrances","15":"product_cat-wax-melts-fragrances","16":"product_cat-beard-oil-fragrances","17":"product_cat-fragrances-for-reed-diffusers","18":"product_cat-new","19":"product_cat-fragrance-oils-new","20":"product_tag-fragrance-oil","21":"product_shipping_class-royal_mail","23":"first","24":"outofstock","25":"taxable","26":"shipping-taxable","27":"purchasable","28":"product-type-simple"},"acf":[],"_links":{"self":[{"href":"https:\/\/cosyowl.com\/de_at\/wp-json\/wp\/v2\/product\/40008","targetHints":{"allow":["GET"]}}],"collection":[{"href":"https:\/\/cosyowl.com\/de_at\/wp-json\/wp\/v2\/product"}],"about":[{"href":"https:\/\/cosyowl.com\/de_at\/wp-json\/wp\/v2\/types\/product"}],"replies":[{"embeddable":true,"href":"https:\/\/cosyowl.com\/de_at\/wp-json\/wp\/v2\/comments?post=40008"}],"wp:featuredmedia":[{"embeddable":true,"href":"https:\/\/cosyowl.com\/de_at\/wp-json\/wp\/v2\/media\/86734"}],"wp:attachment":[{"href":"https:\/\/cosyowl.com\/de_at\/wp-json\/wp\/v2\/media?parent=40008"}],"wp:term":[{"taxonomy":"product_brand","embeddable":true,"href":"https:\/\/cosyowl.com\/de_at\/wp-json\/wp\/v2\/product_brand?post=40008"},{"taxonomy":"product_cat","embeddable":true,"href":"https:\/\/cosyowl.com\/de_at\/wp-json\/wp\/v2\/product_cat?post=40008"},{"taxonomy":"product_tag","embeddable":true,"href":"https:\/\/cosyowl.com\/de_at\/wp-json\/wp\/v2\/product_tag?post=40008"}],"curies":[{"name":"wp","href":"https:\/\/api.w.org\/{rel}","templated":true}]}}