{"id":39975,"date":"2022-03-24T08:29:03","date_gmt":"2022-03-24T08:29:03","guid":{"rendered":"https:\/\/cosyowl.com\/product\/uncategorized\/round-bee-silicone-mould"},"modified":"2026-04-30T16:22:55","modified_gmt":"2026-04-30T15:22:55","slug":"runde-biene-silikonform","status":"publish","type":"product","link":"https:\/\/cosyowl.com\/de_at\/craft-supplies\/soap-making-supplies\/soap-moulds\/bee-silicone-soap-mould-set-of-6","title":{"rendered":"Bienen-Silikon-Seifenform - 6er-Set"},"content":{"rendered":"<p>\u2018<\/p>\n<p>Diese <a href=\"https:\/\/cosyowl.com\/de_at\/craft-supplies\/wax-melt-supplies\/mica-powder-glitter\/royal-blue-purple-biodegradable-candle-glitter\">auff\u00e4llig<\/a> Die runde Bienenseifenform ist eine der sch\u00f6nsten Formen in <a href=\"https:\/\/cosyowl.com\/de_at\/guides\/a-beginners-guide-to-soap-making\">Seifenherstellung<\/a>. Diese Seife ist ideal f\u00fcr alle, die eine zarte hausgemachte Erg\u00e4nzung zu ihren Seifenherstellungsmaterialien suchen.<\/p>\n<p>Wir bieten diese Form aus halbflexiblem Silikon an, sie ist auch wiederverwendbar, so dass Sie immer Ihre Lieblingsseifen herstellen k\u00f6nnen!<\/p>\n<p>Messung der Form*:<\/p>\n<p>Volle Form (L\u00e4nge x Breite): 214mm x 145mm<\/p>\n<p>Seifengr\u00f6\u00dfe: 58mm Durchmesser x 20mm Tiefe<\/p>\n<p>*Bitte beachten Sie, dass alle Ma\u00dfe ungef\u00e4hre Angaben sind und die Produktfarbe sich \u00e4ndern kann.<\/p>","protected":false},"excerpt":{"rendered":"<p>&#8216; This striking round bee soap mould is one of the most beautiful shapes in soap making. This soap is ideal for those looking to add a delicate homemade addition to your soap making supplies. We offer this mould in a semi-flexible silicone, it is also re-usable, so you can always be making your favourite [&hellip;]<\/p>\n","protected":false},"featured_media":55479,"comment_status":"open","ping_status":"closed","template":"","meta":{"_acf_changed":false},"product_brand":[],"product_cat":[752,717,546],"product_tag":[926],"class_list":{"0":"post-39975","1":"product","2":"type-product","3":"status-publish","4":"has-post-thumbnail","6":"product_cat-sale-containers","7":"product_cat-sale","8":"product_cat-soap-making-supplies-soap-moulds","9":"product_tag-mould","10":"product_shipping_class-royal_mail","12":"first","13":"instock","14":"sale","15":"taxable","16":"shipping-taxable","17":"purchasable","18":"product-type-simple"},"acf":[],"_links":{"self":[{"href":"https:\/\/cosyowl.com\/de_at\/wp-json\/wp\/v2\/product\/39975","targetHints":{"allow":["GET"]}}],"collection":[{"href":"https:\/\/cosyowl.com\/de_at\/wp-json\/wp\/v2\/product"}],"about":[{"href":"https:\/\/cosyowl.com\/de_at\/wp-json\/wp\/v2\/types\/product"}],"replies":[{"embeddable":true,"href":"https:\/\/cosyowl.com\/de_at\/wp-json\/wp\/v2\/comments?post=39975"}],"wp:featuredmedia":[{"embeddable":true,"href":"https:\/\/cosyowl.com\/de_at\/wp-json\/wp\/v2\/media\/55479"}],"wp:attachment":[{"href":"https:\/\/cosyowl.com\/de_at\/wp-json\/wp\/v2\/media?parent=39975"}],"wp:term":[{"taxonomy":"product_brand","embeddable":true,"href":"https:\/\/cosyowl.com\/de_at\/wp-json\/wp\/v2\/product_brand?post=39975"},{"taxonomy":"product_cat","embeddable":true,"href":"https:\/\/cosyowl.com\/de_at\/wp-json\/wp\/v2\/product_cat?post=39975"},{"taxonomy":"product_tag","embeddable":true,"href":"https:\/\/cosyowl.com\/de_at\/wp-json\/wp\/v2\/product_tag?post=39975"}],"curies":[{"name":"wp","href":"https:\/\/api.w.org\/{rel}","templated":true}]}}