{"id":39970,"date":"2022-03-24T08:29:03","date_gmt":"2022-03-24T08:29:03","guid":{"rendered":"https:\/\/cosyowl.com\/product\/uncategorized\/oval-ellipse-silicone-mould"},"modified":"2026-04-30T16:22:54","modified_gmt":"2026-04-30T15:22:54","slug":"ovale-ellipse-silikonform","status":"publish","type":"product","link":"https:\/\/cosyowl.com\/de_at\/craft-supplies\/soap-making-supplies\/soap-moulds\/oval-ellipse-silicone-mould","title":{"rendered":"Oval Ellipse Silikon Seifenform - Satz von 6"},"content":{"rendered":"<p>Diese <a href=\"https:\/\/cosyowl.com\/de_at\/candle-making-supplies\/fragrance-oils-for-candle-making\/all-fragrances\/alien-type-fragrance-oil\">einzigartig<\/a> Die ovale Seifenform Ellipse ist eine der skurrilsten Formen im <a href=\"https:\/\/cosyowl.com\/de_at\/guides\/a-beginners-guide-to-soap-making\">Seifenherstellung<\/a>. Diese Seife ist ideal f\u00fcr alle, die ihren Seifenvorr\u00e4ten eine ausgefallene, selbstgemachte Erg\u00e4nzung hinzuf\u00fcgen m\u00f6chten.<\/p>\n<p>Wir bieten diese Form als 6er-Set aus flexiblem Silikon an, sie ist auch wiederverwendbar, so dass Sie regelm\u00e4\u00dfig Ihre verr\u00fcckten Seifen herstellen k\u00f6nnen!<\/p>\n<p>Messung der Form*:<\/p>\n<p>Volle Form (L\u00e4nge x Breite): 187mm x 211mm<\/p>\n<p>Seifengr\u00f6\u00dfe: (L\u00e4nge x Breite x Tiefe): 94mm x 56mm x 33mm<\/p>\n<p>*Bitte beachten Sie, dass alle <a href=\"https:\/\/cosyowl.com\/de_at\/guides\/weighing-fragrance\">Messungen<\/a> sind ungef\u00e4hre Angaben und die Produktfarbe kann sich \u00e4ndern und basiert auf der breitesten Stelle der Seife.<\/p>\n<p><strong> Bitte beachten Sie, dieses Produkt ist rot, nicht rosa!<\/strong><\/p>","protected":false},"excerpt":{"rendered":"<p>This unique oval ellipse soap mould is one of the quirkiest shapes in soap making. This soap is ideal for those looking to add a funky homemade addition to your soap making supplies. We offer this mould as a set of 6 in a flexible silicone, it is also re-usable, so you can regularly be [&hellip;]<\/p>\n","protected":false},"featured_media":4546,"comment_status":"open","ping_status":"closed","template":"","meta":{"_acf_changed":false},"product_brand":[],"product_cat":[752,717,546],"product_tag":[926],"class_list":{"0":"post-39970","1":"product","2":"type-product","3":"status-publish","4":"has-post-thumbnail","6":"product_cat-sale-containers","7":"product_cat-sale","8":"product_cat-soap-making-supplies-soap-moulds","9":"product_tag-mould","10":"product_shipping_class-royal_mail","12":"first","13":"instock","14":"sale","15":"taxable","16":"shipping-taxable","17":"purchasable","18":"product-type-simple"},"acf":[],"_links":{"self":[{"href":"https:\/\/cosyowl.com\/de_at\/wp-json\/wp\/v2\/product\/39970","targetHints":{"allow":["GET"]}}],"collection":[{"href":"https:\/\/cosyowl.com\/de_at\/wp-json\/wp\/v2\/product"}],"about":[{"href":"https:\/\/cosyowl.com\/de_at\/wp-json\/wp\/v2\/types\/product"}],"replies":[{"embeddable":true,"href":"https:\/\/cosyowl.com\/de_at\/wp-json\/wp\/v2\/comments?post=39970"}],"wp:featuredmedia":[{"embeddable":true,"href":"https:\/\/cosyowl.com\/de_at\/wp-json\/wp\/v2\/media\/4546"}],"wp:attachment":[{"href":"https:\/\/cosyowl.com\/de_at\/wp-json\/wp\/v2\/media?parent=39970"}],"wp:term":[{"taxonomy":"product_brand","embeddable":true,"href":"https:\/\/cosyowl.com\/de_at\/wp-json\/wp\/v2\/product_brand?post=39970"},{"taxonomy":"product_cat","embeddable":true,"href":"https:\/\/cosyowl.com\/de_at\/wp-json\/wp\/v2\/product_cat?post=39970"},{"taxonomy":"product_tag","embeddable":true,"href":"https:\/\/cosyowl.com\/de_at\/wp-json\/wp\/v2\/product_tag?post=39970"}],"curies":[{"name":"wp","href":"https:\/\/api.w.org\/{rel}","templated":true}]}}