{"id":34356,"date":"2022-01-13T12:25:32","date_gmt":"2022-01-13T12:25:32","guid":{"rendered":"http:\/\/cosyowl.com\/?post_type=product&#038;p=34356"},"modified":"2026-03-03T13:45:31","modified_gmt":"2026-03-03T13:45:31","slug":"wachsschmelze-weihnachtsbaumform-3","status":"publish","type":"product","link":"https:\/\/cosyowl.com\/de_at\/candle-making-supplies\/candle-containers\/other-containers\/wax-melt-christmas-tree-mould-3","title":{"rendered":"Wachsschmelze Weihnachtsbaumform - 3"},"content":{"rendered":"<p>Diese Form ist ideal f\u00fcr die Herstellung von 3 sch\u00f6nen Weihnachtsb\u00e4umen. Bitte beachten Sie, dass die Form nicht mit Wachs geliefert wird.<\/p>\n<p>Vorschl\u00e4ge f\u00fcr das Schmelzen von Weihnachtsb\u00e4umen<\/p>\n<ul>\n<li>Schmelzen Sie das Wachs und lassen Sie es <a href=\"https:\/\/cosyowl.com\/de_at\/candle-making-supplies\/glitters\/lake-blue-biodegradable\">cool<\/a> auf 55\u00b0C abk\u00fchlen lassen, bevor sie vorsichtig in die Form gegossen wird (wenn sie bei einer h\u00f6heren Temperatur in die Formen gegossen wird, kann die Schmelze besch\u00e4digt werden und auslaufen) - immer eine flache, hitzebest\u00e4ndige Oberfl\u00e4che verwenden (die meisten K\u00fcchenarbeitsplatten sind hitzebest\u00e4ndig)<\/li>\n<li>F\u00fcr einfarbige B\u00e4ume gie\u00dfen Sie das Wachs einfach bis zur maximalen H\u00f6he in die Form.<\/li>\n<li>Wenn Sie Farben kombinieren m\u00f6chten (z. B. verschiedene Gr\u00fcnt\u00f6ne), gie\u00dfen Sie zun\u00e4chst eine kleine Menge des Wachses, das sich auf der Oberseite des Baumes befinden soll, in die Vertiefung und lassen Sie es leicht abbinden. F\u00fcgen Sie dann nach Bedarf weitere Farben hinzu (wir empfehlen nicht mehr als drei Farben pro Baum).<\/li>\n<li>Die meisten unserer Kunden bevorzugen eine S\u00e4ulenwachsmischung, da diese Art von Wachs h\u00e4rter ist und sich die erstarrten B\u00e4ume leicht aus der Form l\u00f6sen lassen.<\/li>\n<\/ul>\n<p>Denken Sie daran, einen entsprechenden <a href=\"https:\/\/cosyowl.com\/de_at\/candle-making-supplies\/fragrance-oils-for-candle-making\/all-fragrances\/honey-fragrance-oil\">nat\u00fcrlich<\/a> Duftstoff, um das so wichtige gew\u00fcnschte Aroma zu erzeugen. Eine Auswahl der am besten geeigneten D\u00fcfte finden Sie in unserem\u00a0<strong>Weihnachten <a href=\"https:\/\/cosyowl.com\/de_at\/guides\/2023-spring-fragrance-oil-trends\">Parf\u00fcmierte \u00d6le<\/a><\/strong>\u00a0oder\u00a0<strong>Holz-Duft\u00f6le<\/strong>\u00a0Auflistungen.<\/p>\n<p>Diese Form ist vollst\u00e4ndig recycelbar.<\/p>","protected":false},"excerpt":{"rendered":"<p>This mould is ideal for making a 3 beautiful Christmas trees. Please note, the mould does not come with wax. Suggestions for making your Christmas trees melts Melt the wax and allow it to cool to 55\u00b0C before pouring it carefully into the mould (pouring it into the moulds at a higher temperature, could cause [&hellip;]<\/p>\n","protected":false},"featured_media":65168,"comment_status":"open","ping_status":"closed","template":"","meta":{"_acf_changed":false},"product_brand":[],"product_cat":[752,498,535,502,717],"product_tag":[1594,926],"class_list":{"0":"post-34356","1":"product","2":"type-product","3":"status-publish","4":"has-post-thumbnail","6":"product_cat-sale-containers","7":"product_cat-christmas","8":"product_cat-wax-melts-moulds","9":"product_cat-candle-containers-other-containers","10":"product_cat-sale","11":"product_tag-christmas","12":"product_tag-mould","13":"pa_pack-size-571","14":"pa_pack-size-575","15":"pa_pack-size-570","17":"first","18":"instock","19":"taxable","20":"shipping-taxable","21":"purchasable","22":"product-type-variable"},"acf":[],"_links":{"self":[{"href":"https:\/\/cosyowl.com\/de_at\/wp-json\/wp\/v2\/product\/34356","targetHints":{"allow":["GET"]}}],"collection":[{"href":"https:\/\/cosyowl.com\/de_at\/wp-json\/wp\/v2\/product"}],"about":[{"href":"https:\/\/cosyowl.com\/de_at\/wp-json\/wp\/v2\/types\/product"}],"replies":[{"embeddable":true,"href":"https:\/\/cosyowl.com\/de_at\/wp-json\/wp\/v2\/comments?post=34356"}],"wp:featuredmedia":[{"embeddable":true,"href":"https:\/\/cosyowl.com\/de_at\/wp-json\/wp\/v2\/media\/65168"}],"wp:attachment":[{"href":"https:\/\/cosyowl.com\/de_at\/wp-json\/wp\/v2\/media?parent=34356"}],"wp:term":[{"taxonomy":"product_brand","embeddable":true,"href":"https:\/\/cosyowl.com\/de_at\/wp-json\/wp\/v2\/product_brand?post=34356"},{"taxonomy":"product_cat","embeddable":true,"href":"https:\/\/cosyowl.com\/de_at\/wp-json\/wp\/v2\/product_cat?post=34356"},{"taxonomy":"product_tag","embeddable":true,"href":"https:\/\/cosyowl.com\/de_at\/wp-json\/wp\/v2\/product_tag?post=34356"}],"curies":[{"name":"wp","href":"https:\/\/api.w.org\/{rel}","templated":true}]}}