{"id":25965,"date":"2021-11-02T11:01:34","date_gmt":"2021-11-02T11:01:34","guid":{"rendered":"https:\/\/cosyowl.com\/?post_type=product&#038;p=25965"},"modified":"2026-03-03T13:45:31","modified_gmt":"2026-03-03T13:45:31","slug":"schneeflocken-wachsschmelze-bausatz","status":"publish","type":"product","link":"https:\/\/cosyowl.com\/de_at\/craft-kits\/wax-melt-making-kits\/snowflake-wax-melt-making-kit","title":{"rendered":"Schneeflocke Wachsschmelze-Bausatz"},"content":{"rendered":"<p data-start=\"229\" data-end=\"539\">Umfassen Sie die <a href=\"https:\/\/cosyowl.com\/de_at\/candle-making-supplies\/glitters\/lake-blue-biodegradable\">cool<\/a> Charme des Winters mit unserem <strong data-start=\"271\" data-end=\"297\">Schneeflocke <a href=\"https:\/\/cosyowl.com\/de_at\/craft-kits\/wax-melt-making-kits\/lavender-wax-melt-making-kit\">Wachsschmelzger\u00e4t<\/a><\/strong>Dieses Set ist perfekt f\u00fcr alle, die in die kreative Welt der Wachsschmelze eintauchen m\u00f6chten. Egal, ob Sie ein Anf\u00e4nger oder ein erfahrener Bastler sind, dieses Set hat alles, was Sie brauchen, um sch\u00f6n geformte <a href=\"https:\/\/cosyowl.com\/de_at\/guides\/sandalwood-vanilla-leaf-wax-melts-guide\">Wachsschmelzen<\/a> durchdrungen von einem <a href=\"https:\/\/cosyowl.com\/de_at\/candle-making-supplies\/glitters\/turquoise-blue-candle-glitter\">erfrischend<\/a>, saisonaler Duft.<\/p>\n<h3>Was sich in Ihrem Wachsschmelzger\u00e4t befindet:<\/h3>\n<ul>\n<li data-start=\"905\" data-end=\"1005\"><span style=\"color: #080000\"><a style=\"color: #080000\" href=\"https:\/\/cosyowl.com\/de_at\/parfumole\/schneeflocke\/?wmc-currency=EUR\">50ml <span style=\"color: #ff6600\"><strong data-start=\"905\" data-end=\"937\">Schneefl\u00f6ckchen-Duft\u00f6l<\/strong> <\/span>- Ein sauberer, blumiger Duft mit einem Hauch von Minze, Zitrusfr\u00fcchten und weichem Moschus<\/a><\/span><\/li>\n<li data-start=\"1008\" data-end=\"1085\"><span style=\"color: #080000\"><a style=\"color: #080000\" href=\"https:\/\/cosyowl.com\/de_at\/zubehor-fur-die-kerzenherstellung\/glimmer-pulver\/silbersatin\/?wmc-currency=EUR\">25g <span style=\"color: #ff6600\"><strong data-start=\"1008\" data-end=\"1040\">Silber-Satin-Glimmer-Pulver<\/strong><\/span> - Verleiht jeder Wachsschmelze einen mattierten Schimmer<\/a><\/span><\/li>\n<li data-start=\"1088\" data-end=\"1185\"><span style=\"color: #080000\"><a style=\"color: #080000\" href=\"https:\/\/cosyowl.com\/de_at\/kerzenfarbstoffe\/bekro-03-4217-grau-kerzenfarbstoff\/?wmc-currency=EUR\">3g <span style=\"color: #ff6600\"><strong data-start=\"1088\" data-end=\"1109\">Bekro Grau F\u00e4rben<\/strong><\/span> - Erzeugt einen k\u00fchlen, neutralen Ton, der perfekt zum Winterthema passt<\/a><\/span><\/li>\n<li><span style=\"color: #080000\"><a style=\"color: #080000\" href=\"https:\/\/cosyowl.com\/de_at\/bastelbedarf\/wachsschmelzgerate\/wachs-fur-wachsschmelzen\/naturliche-wachse-soyaluna-schmelzsaulenwachs\/?wmc-currency=EUR\">350g - <span style=\"color: #ff6600\"><strong data-start=\"883\" data-end=\"902\">S\u00e4ulenwachs<\/strong><\/span> - Wachs in Premium-Qualit\u00e4t, perfekt f\u00fcr Formen<\/a><\/span><\/li>\n<li><span style=\"color: #080000\"><a style=\"color: #080000\" href=\"https:\/\/cosyowl.com\/de_at\/wachsschmelzen\/formen\/?wmc-currency=EUR\">4<span style=\"color: #ff6600\"><strong> Schimmelpilze<\/strong> <\/span>- 1x Muschelschale, 1x Herz-Muschelschale, 1x Stern-Muschelschale, 1x Deli-Topf<\/a><\/span><\/li>\n<li><span style=\"color: #080000\"><a style=\"color: #080000\" href=\"https:\/\/cosyowl.com\/de_at\/leitfaden\/ein-leitfaden-fur-anfanger-zur-herstellung-von-wachsschmelzen\/?wmc-currency=EUR\"><strong data-start=\"1026\" data-end=\"1060\"><span style=\"color: #ff6600\">Schritt-f\u00fcr-Schritt-Anleitung<\/span><\/strong> - Einfach zu befolgende Anweisungen f\u00fcr die Herstellung Ihrer Schmelzen<\/a><\/span><\/li>\n<\/ul>\n<p>Unser <span style=\"color: #080000\"><a style=\"color: #080000\" href=\"https:\/\/cosyowl.com\/de_at\/parfumole\/schneeflocke\/?wmc-currency=EUR\"><span style=\"color: #ff6600\"><strong data-start=\"905\" data-end=\"937\">Schneefl\u00f6ckchen-Duft\u00f6l<\/strong><\/span><\/a><\/span>\u00a0erstellt eine <a href=\"https:\/\/cosyowl.com\/de_at\/candle-making-supplies\/essential-oils\/eucalyptus-globulus-essential-oil\">frisch<\/a> Blumenstrau\u00df mit\u00a0<strong><a href=\"https:\/\/cosyowl.com\/de_at\/candle-making-supplies\/essential-oils\/marjoram-essential-oil\">krautige<\/a> Minze und Zitrusfr\u00fcchte<\/strong>\u00a0Kopfnoten auf einem Herz aus\u00a0<strong><a href=\"https:\/\/cosyowl.com\/de_at\/fragrance-oils\/fresh-cut-grass\">gr\u00fcn<\/a> Apfel, weich <a href=\"https:\/\/cosyowl.com\/de_at\/candle-making-supplies\/fragrance-oils-for-candle-making\/all-fragrances\/jasmine-fragrance-oil\">jasmin<\/a> und Rosenbl\u00fctenblatt<\/strong>\u00a0gest\u00fctzt auf eine Basis von\u00a0<strong>H\u00f6lzer und Moschus.<\/strong><\/p>\n<p>Wir sind stolz darauf, dass wir die h\u00f6chsten <a href=\"https:\/\/cosyowl.com\/de_at\/candle-wicks\/wedo-lx-wick-raw\">Qualit\u00e4t<\/a> Zutaten, die auf dem Markt erh\u00e4ltlich sind, um die perfekte Wachsschmelze zu Hause herzustellen. Unsere Kits sind perfekt f\u00fcr alle, die gerade erst anfangen, aber auch f\u00fcr diejenigen, die diese Fertigkeit bereits beherrschen - also schnappt euch eure Sch\u00fcrze und legt los.<\/p>\n<p>&nbsp;<\/p>\n<h3 data-start=\"2493\" data-end=\"2542\">Hilfreiche Ressourcen f\u00fcr eine erfolgreiche Kerzenherstellung<\/h3>\n<ul>\n<li><strong><span style=\"color: #ff6600\"><a style=\"color: #ff6600\" href=\"https:\/\/cosyowl.com\/de_at\/leitfaden\/ein-leitfaden-fur-anfanger-zur-herstellung-von-wachsschmelzen\/?wmc-currency=EUR\">Ein Leitfaden f\u00fcr Anf\u00e4nger zur Herstellung von Wachsschmelzen<\/a><\/span><br \/>\n<\/strong><\/li>\n<li><span style=\"color: #ff6600\"><strong><a style=\"color: #ff6600\" href=\"https:\/\/cosyowl.com\/de_at\/leitfaden\/anleitung-zur-verwendung-von-begro-wachsfarben\/?wmc-currency=EUR\">Leitfaden f\u00fcr die Verwendung von Bekro Wachsfarbstoff<\/a><\/strong><\/span><\/li>\n<li><strong><span style=\"color: #ff6600\"><a style=\"color: #ff6600\" href=\"https:\/\/cosyowl.com\/de_at\/leitfaden\/top-6-fragen-zur-wachsschmelze-edition\/?wmc-currency=EUR\">Top 6 Fragen - Wachsschmelze-Herstellung Edition<\/a><\/span><\/strong><\/li>\n<li><strong><span style=\"color: #ff6600\"><a style=\"color: #ff6600\" href=\"https:\/\/cosyowl.com\/de_at\/leitfaden\/wie-man-wachsschmelzen-zu-hause-herstellt\/?wmc-currency=EUR\">Wie man Wachsschmelzen von zu Hause aus herstellt<\/a><\/span><\/strong><\/li>\n<li><strong><span style=\"color: #ff6600\"><a style=\"color: #ff6600\" href=\"https:\/\/cosyowl.com\/de_at\/leitfaden\/?wmc-currency=EUR\">Leitf\u00e4den &amp; Rezepte<\/a><\/span><\/strong><\/li>\n<\/ul>","protected":false},"excerpt":{"rendered":"<p>Embrace the cool charm of winter with our Snowflake Wax Melt Kit, perfect for anyone wanting to explore the creative world of wax melt making. Whether you&#8217;re a beginner or a seasoned crafter, this kit has everything you need to create beautifully shaped wax melts infused with a refreshing, seasonal scent. What\u2019s Inside Your Wax [&hellip;]<\/p>\n","protected":false},"featured_media":53808,"comment_status":"open","ping_status":"closed","template":"","meta":{"_acf_changed":false},"product_brand":[],"product_cat":[655,727],"product_tag":[927],"class_list":{"0":"post-25965","1":"product","2":"type-product","3":"status-publish","4":"has-post-thumbnail","6":"product_cat-wax-melt-making-kits","7":"product_cat-wax-melt-making-kits-wax-melts","8":"product_tag-wax-melt-making-kit","9":"product_shipping_class-royal_mail_kits","11":"first","12":"instock","13":"taxable","14":"shipping-taxable","15":"purchasable","16":"product-type-simple"},"acf":[],"_links":{"self":[{"href":"https:\/\/cosyowl.com\/de_at\/wp-json\/wp\/v2\/product\/25965","targetHints":{"allow":["GET"]}}],"collection":[{"href":"https:\/\/cosyowl.com\/de_at\/wp-json\/wp\/v2\/product"}],"about":[{"href":"https:\/\/cosyowl.com\/de_at\/wp-json\/wp\/v2\/types\/product"}],"replies":[{"embeddable":true,"href":"https:\/\/cosyowl.com\/de_at\/wp-json\/wp\/v2\/comments?post=25965"}],"wp:featuredmedia":[{"embeddable":true,"href":"https:\/\/cosyowl.com\/de_at\/wp-json\/wp\/v2\/media\/53808"}],"wp:attachment":[{"href":"https:\/\/cosyowl.com\/de_at\/wp-json\/wp\/v2\/media?parent=25965"}],"wp:term":[{"taxonomy":"product_brand","embeddable":true,"href":"https:\/\/cosyowl.com\/de_at\/wp-json\/wp\/v2\/product_brand?post=25965"},{"taxonomy":"product_cat","embeddable":true,"href":"https:\/\/cosyowl.com\/de_at\/wp-json\/wp\/v2\/product_cat?post=25965"},{"taxonomy":"product_tag","embeddable":true,"href":"https:\/\/cosyowl.com\/de_at\/wp-json\/wp\/v2\/product_tag?post=25965"}],"curies":[{"name":"wp","href":"https:\/\/api.w.org\/{rel}","templated":true}]}}