{"id":25962,"date":"2021-11-02T10:55:52","date_gmt":"2021-11-02T10:55:52","guid":{"rendered":"https:\/\/cosyowl.com\/?post_type=product&#038;p=25962"},"modified":"2026-03-03T13:45:31","modified_gmt":"2026-03-03T13:45:31","slug":"oud-wachsschmelze-bausatz","status":"publish","type":"product","link":"https:\/\/cosyowl.com\/de_at\/craft-kits\/wax-melt-making-kits\/oud-wax-melt-making-kit","title":{"rendered":"Oud-Wachsschmelze-Bausatz"},"content":{"rendered":"<p data-start=\"197\" data-end=\"516\">Verbessern Sie Ihr Wachs-Crafting-Erlebnis mit unserem <strong data-start=\"243\" data-end=\"263\">Oud <a href=\"https:\/\/cosyowl.com\/de_at\/craft-kits\/wax-melt-making-kits\/lavender-wax-melt-making-kit\">Wachsschmelzger\u00e4t<\/a><\/strong>entwickelt f\u00fcr alle, die die <a href=\"https:\/\/cosyowl.com\/de_at\/fragrance-oils\/chocolate-orange\">reich<\/a>opulente D\u00fcfte und kreativer Selbstausdruck. Egal, ob Sie Anf\u00e4nger oder erfahrener Bastler sind, dieses Komplettpaket enth\u00e4lt alles, was Sie brauchen, um formsch\u00f6ne, stark duftende <a href=\"https:\/\/cosyowl.com\/de_at\/guides\/sandalwood-vanilla-leaf-wax-melts-guide\">Wachsschmelzen<\/a> zu Hause.<\/p>\n<h3>Was sich in Ihrem Wachsschmelzger\u00e4t befindet:<\/h3>\n<ul>\n<li data-start=\"749\" data-end=\"852\"><a href=\"https:\/\/cosyowl.com\/de_at\/zubehor-fur-die-kerzenherstellung\/parfumole-fur-die-kerzenherstellung\/alle-dufte\/oud-duftol\/?wmc-currency=EUR\"><span style=\"color: #050000\">50ml <span style=\"color: #ff6600\"><strong data-start=\"749\" data-end=\"775\">Oud-Duft\u00f6l<\/strong><\/span> - Ein kr\u00e4ftiger, harziger Duft mit warmen, rauchigen Untert\u00f6nen f\u00fcr ein luxuri\u00f6ses Aroma<\/span><\/a><\/li>\n<li data-start=\"855\" data-end=\"938\"><span style=\"color: #050000\"><a style=\"color: #050000\" href=\"https:\/\/cosyowl.com\/de_at\/zubehor-fur-die-kerzenherstellung\/glimmerpulver-glitter\/safran-glimmerpulver\/?wmc-currency=EUR\">25g <span style=\"color: #ff6600\"><strong>Safran<\/strong> <strong>Glimmer-Pulver<\/strong><\/span> - Verleiht Ihren Wachsschmelzen einen eleganten Goldschimmer<\/a><\/span><\/li>\n<li data-start=\"941\" data-end=\"1028\"><span style=\"color: #050000\"><a style=\"color: #050000\" href=\"https:\/\/cosyowl.com\/de_at\/kerzenfarbstoffe\/bekro-227-cremefarbene-kerzenfarbe\/?wmc-currency=EUR\">3g <span style=\"color: #ff6600\"><strong data-start=\"941\" data-end=\"963\">Bekro Cremefarbstoff<\/strong><\/span> - Ergibt einen sanften, neutralen Farbton, der den reichhaltigen Duft erg\u00e4nzt<\/a><\/span><\/li>\n<li><span style=\"color: #050000\"><a style=\"color: #050000\" href=\"https:\/\/cosyowl.com\/de_at\/bastelbedarf\/wachsschmelzgerate\/wachs-fur-wachsschmelzen\/naturliche-wachse-soyaluna-schmelzsaulenwachs\/?wmc-currency=EUR\">350g - <span style=\"color: #ff6600\"><strong data-start=\"883\" data-end=\"902\">S\u00e4ulenwachs<\/strong><\/span> - Wachs in Premium-Qualit\u00e4t, perfekt f\u00fcr Formen<\/a><\/span><\/li>\n<li><span style=\"color: #050000\"><a style=\"color: #050000\" href=\"https:\/\/cosyowl.com\/de_at\/wachsschmelzen\/formen\/?wmc-currency=EUR\">4<span style=\"color: #ff6600\"><strong> Schimmelpilze<\/strong><\/span> - 1x Muschelschale, 1x Herz-Muschelschale, 1x Stern-Muschelschale, 1x Deli-Topf<\/a><\/span><\/li>\n<li><span style=\"color: #050000\"><a style=\"color: #050000\" href=\"https:\/\/cosyowl.com\/de_at\/leitfaden\/ein-leitfaden-fur-anfanger-zur-herstellung-von-wachsschmelzen\/?wmc-currency=EUR\"><strong data-start=\"1026\" data-end=\"1060\"><span style=\"color: #ff6600\">Schritt-f\u00fcr-Schritt-Anleitung<\/span><\/strong> - Einfach zu befolgende Anweisungen f\u00fcr die Herstellung Ihrer Schmelzen<\/a><\/span><\/li>\n<\/ul>\n<p>Unser <a href=\"https:\/\/cosyowl.com\/de_at\/zubehor-fur-die-kerzenherstellung\/parfumole-fur-die-kerzenherstellung\/alle-dufte\/oud-duftol\/?wmc-currency=EUR\"><span style=\"color: #050000\"><span style=\"color: #ff6600\"><strong data-start=\"749\" data-end=\"775\">Oud-Duft\u00f6l<\/strong><\/span> <\/span><\/a>\u00a0wurde speziell formuliert, um einen berauschenden Moschusduft freizusetzen, der normalerweise aus dem Holzharz des <a href=\"https:\/\/cosyowl.com\/de_at\/candle-making-supplies\/fragrance-oils-for-candle-making\/all-fragrances\/black-coconut-fragrance-oil\">tropisch<\/a> Agar-Baum. Einer der teuersten und begehrtesten D\u00fcfte der Welt, der in vielen religi\u00f6sen Zeremonien in S\u00fcdostasien, dem Nahen Osten, China, Japan und Indien verwendet wird. Dieser faszinierende Duft er\u00f6ffnet mit\u00a0<strong><a href=\"https:\/\/cosyowl.com\/de_at\/candle-making-supplies\/fragrance-oils-for-candle-making\/all-fragrances\/pink-grapefruit-fragrance-oil\">Zitrusfr\u00fcchte<\/a>Wacholderbeeren, schwarze Johannisbeere, Pflaume und Kirsche<\/strong>\u00a0mit einem Hauch von <a href=\"https:\/\/cosyowl.com\/de_at\/candle-making-kits\/winter-pine-candle-making-kit\">Kiefer<\/a> die in ein Herz aus\u00a0<strong>Rose, <a href=\"https:\/\/cosyowl.com\/de_at\/candle-making-supplies\/fragrance-oils-for-candle-making\/all-fragrances\/jasmine-fragrance-oil\">jasmin<\/a> und Ylang <\/strong>unterst\u00fctzt durch w\u00e4rmende Gew\u00fcrze, die auf einer intensiven Basis von kostbaren<strong>\u00a0Holz, Oudh, Patchouli, Amber und Moschus.<\/strong><\/p>\n<p>Wir sind stolz darauf, dass wir die h\u00f6chsten <a href=\"https:\/\/cosyowl.com\/de_at\/candle-wicks\/wedo-lx-wick-raw\">Qualit\u00e4t<\/a> Zutaten, die auf dem Markt erh\u00e4ltlich sind, um die perfekte Wachsschmelze zu Hause herzustellen. Unsere Kits sind perfekt f\u00fcr alle, die gerade erst anfangen, aber auch f\u00fcr diejenigen, die diese Fertigkeit bereits beherrschen - also schnappt euch eure Sch\u00fcrze und legt los.<\/p>\n<p>&nbsp;<\/p>\n<h3 data-start=\"2493\" data-end=\"2542\">Hilfreiche Ressourcen f\u00fcr eine erfolgreiche Kerzenherstellung<\/h3>\n<ul>\n<li><strong><span style=\"color: #ff6600\"><a style=\"color: #ff6600\" href=\"https:\/\/cosyowl.com\/de_at\/leitfaden\/ein-leitfaden-fur-anfanger-zur-herstellung-von-wachsschmelzen\/?wmc-currency=EUR\">Ein Leitfaden f\u00fcr Anf\u00e4nger zur Herstellung von Wachsschmelzen<\/a><\/span><br \/>\n<\/strong><\/li>\n<li><span style=\"color: #ff6600\"><strong><a style=\"color: #ff6600\" href=\"https:\/\/cosyowl.com\/de_at\/leitfaden\/anleitung-zur-verwendung-von-begro-wachsfarben\/?wmc-currency=EUR\">Leitfaden f\u00fcr die Verwendung von Bekro Wachsfarbstoff<\/a><\/strong><\/span><\/li>\n<li><strong><span style=\"color: #ff6600\"><a style=\"color: #ff6600\" href=\"https:\/\/cosyowl.com\/de_at\/leitfaden\/top-6-fragen-zur-wachsschmelze-edition\/?wmc-currency=EUR\">Top 6 Fragen - Wachsschmelze-Herstellung Edition<\/a><\/span><\/strong><\/li>\n<li><strong><span style=\"color: #ff6600\"><a style=\"color: #ff6600\" href=\"https:\/\/cosyowl.com\/de_at\/leitfaden\/wie-man-wachsschmelzen-zu-hause-herstellt\/?wmc-currency=EUR\">Wie man Wachsschmelzen von zu Hause aus herstellt<\/a><\/span><\/strong><\/li>\n<li><strong><span style=\"color: #ff6600\"><a style=\"color: #ff6600\" href=\"https:\/\/cosyowl.com\/de_at\/leitfaden\/?wmc-currency=EUR\">Leitf\u00e4den &amp; Rezepte<\/a><\/span><\/strong><\/li>\n<\/ul>","protected":false},"excerpt":{"rendered":"<p>Elevate your wax crafting experience with our Oud Wax Melt Kit, designed for those who appreciate rich, opulent fragrances and creative self-expression. Whether you&#8217;re a beginner or an experienced maker, this all-in-one kit provides everything you need to make beautifully shaped, highly fragrant wax melts at home. What\u2019s Inside Your Wax Melt Kit: 50ml Oud [&hellip;]<\/p>\n","protected":false},"featured_media":53812,"comment_status":"open","ping_status":"closed","template":"","meta":{"_acf_changed":false},"product_brand":[],"product_cat":[655,653,727],"product_tag":[927],"class_list":{"0":"post-25962","1":"product","2":"type-product","3":"status-publish","4":"has-post-thumbnail","6":"product_cat-wax-melt-making-kits","7":"product_cat-craft-kits","8":"product_cat-wax-melt-making-kits-wax-melts","9":"product_tag-wax-melt-making-kit","10":"product_shipping_class-royal_mail_kits","12":"first","13":"instock","14":"taxable","15":"shipping-taxable","16":"purchasable","17":"product-type-simple"},"acf":[],"_links":{"self":[{"href":"https:\/\/cosyowl.com\/de_at\/wp-json\/wp\/v2\/product\/25962","targetHints":{"allow":["GET"]}}],"collection":[{"href":"https:\/\/cosyowl.com\/de_at\/wp-json\/wp\/v2\/product"}],"about":[{"href":"https:\/\/cosyowl.com\/de_at\/wp-json\/wp\/v2\/types\/product"}],"replies":[{"embeddable":true,"href":"https:\/\/cosyowl.com\/de_at\/wp-json\/wp\/v2\/comments?post=25962"}],"wp:featuredmedia":[{"embeddable":true,"href":"https:\/\/cosyowl.com\/de_at\/wp-json\/wp\/v2\/media\/53812"}],"wp:attachment":[{"href":"https:\/\/cosyowl.com\/de_at\/wp-json\/wp\/v2\/media?parent=25962"}],"wp:term":[{"taxonomy":"product_brand","embeddable":true,"href":"https:\/\/cosyowl.com\/de_at\/wp-json\/wp\/v2\/product_brand?post=25962"},{"taxonomy":"product_cat","embeddable":true,"href":"https:\/\/cosyowl.com\/de_at\/wp-json\/wp\/v2\/product_cat?post=25962"},{"taxonomy":"product_tag","embeddable":true,"href":"https:\/\/cosyowl.com\/de_at\/wp-json\/wp\/v2\/product_tag?post=25962"}],"curies":[{"name":"wp","href":"https:\/\/api.w.org\/{rel}","templated":true}]}}