{"id":25961,"date":"2021-11-02T10:53:23","date_gmt":"2021-11-02T10:53:23","guid":{"rendered":"https:\/\/cosyowl.com\/?post_type=product&#038;p=25961"},"modified":"2026-03-03T13:45:30","modified_gmt":"2026-03-03T13:45:30","slug":"weihrauch-und-myrrhe-wachsschmelzgerat","status":"publish","type":"product","link":"https:\/\/cosyowl.com\/de_at\/craft-kits\/wax-melt-making-kits\/frankincense-and-myrrh-wax-melting-kit","title":{"rendered":"Weihrauch und Myrrhe Wachs Schmelz Kit"},"content":{"rendered":"<p data-start=\"112\" data-end=\"469\">Treten Sie ein in die Welt der Kreativen <a href=\"https:\/\/cosyowl.com\/de_at\/guides\/making-a-reed-diffuser\">Raumduft<\/a> mit unserem <strong data-start=\"247\" data-end=\"284\">Weihrauch &amp; Myrrhe <a href=\"https:\/\/cosyowl.com\/de_at\/craft-kits\/wax-melt-making-kits\/lavender-wax-melt-making-kit\">Wachsschmelzger\u00e4t<\/a><\/strong>. Egal, ob Sie zum ersten Mal eine Wachsschmelze herstellen wollen oder schon ein Profi sind, dieses Set enth\u00e4lt alles, was Sie brauchen, um wundersch\u00f6n geformte, reich duftende Schmelzen mit einem Hauch von <a href=\"https:\/\/cosyowl.com\/de_at\/craft-supplies\/wax-melt-supplies\/mica-powder-glitter\/light-copper-biodegradable-candle-glitter\">Schimmernde<\/a> Luxus. Die <a href=\"https:\/\/cosyowl.com\/de_at\/craft-kits\/candle-making-kits\/soy-wax-mulled-wine-christmas-candle-making-kit\">warm<\/a>, <a href=\"https:\/\/cosyowl.com\/de_at\/candle-making-supplies\/essential-oils\/frankincense-essential-oil\">harzig<\/a> Der Duft von Weihrauch und Myrrhe paart sich perfekt mit einer sanften Cremefarbe und bronzefarbenem Glimmerschimmer - ideal f\u00fcr <a href=\"https:\/\/cosyowl.com\/de_at\/candle-making-kits\/soy-wax-christmas-spice-candle-making-kit\">festlich<\/a> Projekte, Geschenke oder einfach nur sich selbst verw\u00f6hnen.<\/p>\n<p><strong>Was sich in Ihrem Wachsschmelzger\u00e4t befindet:<\/strong><\/p>\n<ul>\n<li data-start=\"692\" data-end=\"796\"><span style=\"color: #050000\"><a style=\"color: #050000\" href=\"https:\/\/cosyowl.com\/de_at\/zubehor-fur-die-kerzenherstellung\/parfumole-fur-die-kerzenherstellung\/weihrauch-myrrhe-duftol\/?wmc-currency=EUR\">50ml<span style=\"color: #ff6600\"><strong data-start=\"692\" data-end=\"735\"> Weihrauch &amp; Myrrhe Parf\u00fcm\u00f6l<\/strong><\/span> - Eine tiefe, aromatische Mischung aus warmen Gew\u00fcrzen und harzigen Noten<\/a><\/span><\/li>\n<li data-start=\"799\" data-end=\"889\"><span style=\"color: #050000\"><a style=\"color: #050000\" href=\"https:\/\/cosyowl.com\/de_at\/zubehor-fur-die-kerzenherstellung\/glimmerpulver-glitter\/blitzbronze-glimmerpulver\/?wmc-currency=EUR\">25g <span style=\"color: #ff6600\"><strong data-start=\"799\" data-end=\"831\">Flash Bronze Glimmer-Pulver<\/strong> <\/span>- Verleiht Ihren Wachsschmelzen ein luxuri\u00f6ses, schimmerndes Finish<\/a><\/span><\/li>\n<li data-start=\"892\" data-end=\"984\"><span style=\"color: #050000\"><a style=\"color: #050000\" href=\"https:\/\/cosyowl.com\/de_at\/kerzenfarbstoffe\/bekro-227-cremefarbene-kerzenfarbe\/?wmc-currency=EUR\">3g <span style=\"color: #ff6600\"><strong data-start=\"892\" data-end=\"914\">Bekro Cremefarbstoff<\/strong><\/span> - Liefert eine weiche, elegante Cremefarbe, die den reichen Duft erg\u00e4nzt<\/a><\/span><\/li>\n<li data-start=\"883\" data-end=\"942\"><span style=\"color: #080000\"><a style=\"color: #080000\" href=\"https:\/\/cosyowl.com\/de_at\/bastelbedarf\/wachsschmelzgerate\/wachs-fur-wachsschmelzen\/naturliche-wachse-soyaluna-schmelzsaulenwachs\/?wmc-currency=EUR\">350g - <span style=\"color: #ff6600\"><strong data-start=\"883\" data-end=\"902\">S\u00e4ulenwachs<\/strong><\/span> - Wachs in Premium-Qualit\u00e4t, perfekt f\u00fcr Formen<\/a><\/span><\/li>\n<li data-start=\"945\" data-end=\"1023\"><span style=\"color: #080000\"><a style=\"color: #080000\" href=\"https:\/\/cosyowl.com\/de_at\/wachsschmelzen\/formen\/?wmc-currency=EUR\">4<span style=\"color: #ff6600\"><strong> Schimmelpilze<\/strong><\/span> - 1x Muschelschale, 1x Herz-Muschelschale, 1x Stern-Muschelschale, 1x Deli-Topf<\/a><\/span><\/li>\n<li data-start=\"1026\" data-end=\"1112\"><span style=\"color: #080000\"><a style=\"color: #080000\" href=\"https:\/\/cosyowl.com\/de_at\/leitfaden\/ein-leitfaden-fur-anfanger-zur-herstellung-von-wachsschmelzen\/?wmc-currency=EUR\"><span style=\"color: #ff6600\"><strong data-start=\"1026\" data-end=\"1060\">Schritt-f\u00fcr-Schritt-Anleitung<\/strong><\/span> - Einfach zu befolgende Anweisungen f\u00fcr die Herstellung Ihrer Schmelzen<\/a><\/span><\/li>\n<\/ul>\n<p>Unser <span style=\"color: #050000\"><a style=\"color: #050000\" href=\"https:\/\/cosyowl.com\/de_at\/zubehor-fur-die-kerzenherstellung\/parfumole-fur-die-kerzenherstellung\/weihrauch-myrrhe-duftol\/?wmc-currency=EUR\"><span style=\"color: #ff6600\"><strong data-start=\"692\" data-end=\"735\">Weihrauch &amp; Myrrhe Parf\u00fcm\u00f6l<\/strong><\/span><\/a><\/span>\u00a0bietet einen orientalischen Fantasieakkord mit Kopfnoten von\u00a0<strong>Zitrusschalen, Eukalyptus, Wacholder und Lavendel<\/strong>\u00a0was zu einer <a href=\"https:\/\/cosyowl.com\/de_at\/fragrance-oils\/nutcracker\">w\u00fcrzig<\/a> Herz von\u00a0<strong>Zimt und Nelken<\/strong>, abgerundet durch Orris mit orientalischen Basisnoten von\u00a0<strong>warmer Amber, Sandelholz, Zedernholz, Patchouli, Moschus und Vanille.<\/strong><\/p>\n<p>Wir sind stolz darauf, dass wir die h\u00f6chsten <a href=\"https:\/\/cosyowl.com\/de_at\/candle-wicks\/wedo-lx-wick-raw\">Qualit\u00e4t<\/a> Zutaten, die auf dem Markt f\u00fcr die Herstellung der perfekten <a href=\"https:\/\/cosyowl.com\/de_at\/guides\/sandalwood-vanilla-leaf-wax-melts-guide\">Wachsschmelzen<\/a> zu Hause. Unsere Bastelsets sind perfekt f\u00fcr alle, die gerade erst anfangen, und f\u00fcr diejenigen, die das Handwerk bereits beherrschen - also schnappt euch eure Sch\u00fcrze und legt los.<\/p>\n<p>&nbsp;<\/p>\n<h3 data-start=\"2493\" data-end=\"2542\">Hilfreiche Ressourcen f\u00fcr eine erfolgreiche Kerzenherstellung<\/h3>\n<ul>\n<li><strong><span style=\"color: #ff6600\"><a style=\"color: #ff6600\" href=\"https:\/\/cosyowl.com\/de_at\/leitfaden\/ein-leitfaden-fur-anfanger-zur-herstellung-von-wachsschmelzen\/?wmc-currency=EUR\">Ein Leitfaden f\u00fcr Anf\u00e4nger zur Herstellung von Wachsschmelzen<\/a><\/span><br \/>\n<\/strong><\/li>\n<li><span style=\"color: #ff6600\"><strong><a style=\"color: #ff6600\" href=\"https:\/\/cosyowl.com\/de_at\/leitfaden\/anleitung-zur-verwendung-von-begro-wachsfarben\/?wmc-currency=EUR\">Leitfaden f\u00fcr die Verwendung von Bekro Wachsfarbstoff<\/a><\/strong><\/span><\/li>\n<li><strong><span style=\"color: #ff6600\"><a style=\"color: #ff6600\" href=\"https:\/\/cosyowl.com\/de_at\/leitfaden\/top-6-fragen-zur-wachsschmelze-edition\/?wmc-currency=EUR\">Top 6 Fragen - Wachsschmelze-Herstellung Edition<\/a><\/span><\/strong><\/li>\n<li><strong><span style=\"color: #ff6600\"><a style=\"color: #ff6600\" href=\"https:\/\/cosyowl.com\/de_at\/leitfaden\/wie-man-wachsschmelzen-zu-hause-herstellt\/?wmc-currency=EUR\">Wie man Wachsschmelzen von zu Hause aus herstellt<\/a><\/span><\/strong><\/li>\n<li><strong><span style=\"color: #ff6600\"><a style=\"color: #ff6600\" href=\"https:\/\/cosyowl.com\/de_at\/leitfaden\/?wmc-currency=EUR\">Leitf\u00e4den &amp; Rezepte<\/a><\/span><\/strong><\/li>\n<\/ul>","protected":false},"excerpt":{"rendered":"<p>Step into the world of creative home fragrance with our Frankincense &amp; Myrrh Wax Melt Kit. Whether you&#8217;re a first-time crafter or a wax melt enthusiast, this kit includes everything you need to make beautifully shaped, richly scented melts with a touch of shimmering luxury.\u00a0The warm, resinous scent of frankincense and myrrh pairs perfectly with [&hellip;]<\/p>\n","protected":false},"featured_media":53813,"comment_status":"open","ping_status":"closed","template":"","meta":{"_acf_changed":false},"product_brand":[],"product_cat":[655,653,727],"product_tag":[927],"class_list":{"0":"post-25961","1":"product","2":"type-product","3":"status-publish","4":"has-post-thumbnail","6":"product_cat-wax-melt-making-kits","7":"product_cat-craft-kits","8":"product_cat-wax-melt-making-kits-wax-melts","9":"product_tag-wax-melt-making-kit","10":"product_shipping_class-royal_mail_kits","12":"first","13":"instock","14":"taxable","15":"shipping-taxable","16":"purchasable","17":"product-type-simple"},"acf":[],"_links":{"self":[{"href":"https:\/\/cosyowl.com\/de_at\/wp-json\/wp\/v2\/product\/25961","targetHints":{"allow":["GET"]}}],"collection":[{"href":"https:\/\/cosyowl.com\/de_at\/wp-json\/wp\/v2\/product"}],"about":[{"href":"https:\/\/cosyowl.com\/de_at\/wp-json\/wp\/v2\/types\/product"}],"replies":[{"embeddable":true,"href":"https:\/\/cosyowl.com\/de_at\/wp-json\/wp\/v2\/comments?post=25961"}],"wp:featuredmedia":[{"embeddable":true,"href":"https:\/\/cosyowl.com\/de_at\/wp-json\/wp\/v2\/media\/53813"}],"wp:attachment":[{"href":"https:\/\/cosyowl.com\/de_at\/wp-json\/wp\/v2\/media?parent=25961"}],"wp:term":[{"taxonomy":"product_brand","embeddable":true,"href":"https:\/\/cosyowl.com\/de_at\/wp-json\/wp\/v2\/product_brand?post=25961"},{"taxonomy":"product_cat","embeddable":true,"href":"https:\/\/cosyowl.com\/de_at\/wp-json\/wp\/v2\/product_cat?post=25961"},{"taxonomy":"product_tag","embeddable":true,"href":"https:\/\/cosyowl.com\/de_at\/wp-json\/wp\/v2\/product_tag?post=25961"}],"curies":[{"name":"wp","href":"https:\/\/api.w.org\/{rel}","templated":true}]}}