{"id":25944,"date":"2021-11-02T10:25:29","date_gmt":"2021-11-02T10:25:29","guid":{"rendered":"https:\/\/cosyowl.com\/?post_type=product&#038;p=25944"},"modified":"2026-04-28T17:23:15","modified_gmt":"2026-04-28T16:23:15","slug":"bausatz-fur-salbei-und-meersalzdiffusor","status":"publish","type":"product","link":"https:\/\/cosyowl.com\/de_at\/craft-kits\/diffuser-making-kits\/sage-and-sea-salt-diffuser-making-kit","title":{"rendered":"Salbei- und Meersalz-Diffusor-Bausatz"},"content":{"rendered":"<p>Sie m\u00f6chten Ihren eigenen unverwechselbaren Duft f\u00fcr Ihr Zuhause kreieren? Unser <strong data-start=\"305\" data-end=\"325\"><a href=\"https:\/\/cosyowl.com\/de_at\/guides\/making-a-reed-diffuser\">DIY-Diffusor<\/a> Bausatz<\/strong> ist die perfekte All-in-One-L\u00f6sung f\u00fcr Anf\u00e4nger und erfahrene Bastler gleicherma\u00dfen. Mit diesem kompletten Set k\u00f6nnen Sie <strong data-start=\"444\" data-end=\"478\">drei sch\u00f6ne <a href=\"https:\/\/cosyowl.com\/de_at\/guides\/a-beginners-guide-to-making-reed-diffusers\">Rohrbel\u00fcfter<\/a><\/strong> von Grund auf, direkt zu Hause.<\/p>\n<h3>Was ist in Ihrem Diffusor-Herstellungsset enthalten?<\/h3>\n<ul>\n<li><span style=\"color: #080000\"><a href=\"https:\/\/cosyowl.com\/de_at\/candle-containers\/candle-tins\/rose-gold-round-candle-tin-with-welded-side-seam-100ml-single\">100ml<\/a> <a style=\"color: #080000\" href=\"https:\/\/cosyowl.com\/de_at\/zubehor-fur-die-kerzenherstellung\/parfumole-fur-die-kerzenherstellung\/hochwertige-parfumole\/cosy-owl-premium-holz-salbei-meersalz-duftol\/?wmc-currency=EUR\"><strong>Holz-Salbei &amp; Meersalz-Duft\u00f6l <\/strong><\/a>- Diese <a href=\"https:\/\/cosyowl.com\/de_at\/fragrance-oils\/coffee\">aromatisch<\/a> und moschusartiger Duft mit einer <a href=\"https:\/\/cosyowl.com\/de_at\/candle-making-supplies\/fragrance-oils-for-candle-making\/all-fragrances\/ocean-fragrance-oil\">Marine<\/a> Basis mit subtilen <a href=\"https:\/\/cosyowl.com\/de_at\/candle-making-supplies\/fragrance-oils-for-candle-making\/all-fragrances\/pink-grapefruit-fragrance-oil\">Zitrusfr\u00fcchte<\/a> Kopfnoten. Ausgewogen mit Holz, Salz, Gew\u00fcrzen und S\u00fc\u00dfe bietet er ein vielschichtiges Aroma, das sich mit der Zeit wunderbar entwickelt.<\/span><\/li>\n<li><span style=\"color: #080000\">500g <a href=\"https:\/\/cosyowl.com\/de_at\/rohrbelufter\/basisol-fur-rohrdiffusoren\/?wmc-currency=EUR\"><strong>Augeo Clean Multi Diffuser Basis\u00f6l<\/strong><\/a> - Speziell formuliert zum Mischen mit <a href=\"https:\/\/cosyowl.com\/de_at\/candle-making-supplies\/fragrance-oils-for-candle-making\/premium-fragrance-oils\/cosy-owl-premium-1-million-type-fragrance-oil\">Duft\u00f6l<\/a> zur Gew\u00e4hrleistung einer <a href=\"https:\/\/cosyowl.com\/de_at\/candle-making-supplies\/glitters\/pure-white-biodegradable\">sauber<\/a>lang anhaltender Duftaussto\u00df.<\/span><\/li>\n<li><span style=\"color: #080000\"><a href=\"https:\/\/cosyowl.com\/de_at\/candle-making-supplies\/candle-containers\/other-containers\/wax-melt-christmas-tree-mould-3\">3<\/a> Stilvoll <a href=\"https:\/\/cosyowl.com\/de_at\/craft-supplies\/reed-diffuser-supplies\/reed-diffuser-bottles\/14mm-clear-glass-marble-balls-for-diffuser-bottles\">Diffusor-Flaschen<\/a>:\u00a0<strong><a style=\"color: #080000\" href=\"https:\/\/cosyowl.com\/de_at\/bastelbedarf\/schilfrohr-diffusor-zubehor\/rohrdiffusor-flaschen\/glasbehalter-100ml-diffusor-wurfel\/?wmc-currency=EUR\">100ml Glasw\u00fcrfel Diffusor<\/a>,<a style=\"color: #080000\" href=\"https:\/\/cosyowl.com\/de_at\/bastelbedarf\/schilfrohr-diffusor-zubehor\/rohrdiffusor-flaschen\/glasbehalter-200ml-karen-diffusor-flasche\/?wmc-currency=EUR\"> 2x <\/a><\/strong><strong><a style=\"color: #080000\" href=\"https:\/\/cosyowl.com\/de_at\/bastelbedarf\/schilfrohr-diffusor-zubehor\/rohrdiffusor-flaschen\/glasbehalter-200ml-karen-diffusor-flasche\/?wmc-currency=EUR\">100ml Glas Karen-Flaschen<\/a><\/strong><\/span><\/li>\n<li data-start=\"975\" data-end=\"1019\"><span style=\"color: #080000\">3 <a style=\"color: #080000\" href=\"https:\/\/cosyowl.com\/de_at\/bastelbedarf\/schilfrohr-diffusor-zubehor\/rohrdiffusor-flaschen\/diffusorkappe-mit-metallmantel-glanzend-gold\/?wmc-currency=EUR\"><strong data-start=\"975\" data-end=\"1000\">Metall-Diffusorkappen<\/strong><\/a> (1 Gold, 2 Silber)<\/span><\/li>\n<li data-start=\"1022\" data-end=\"1064\"><span style=\"color: #080000\">30 <a style=\"color: #080000\" href=\"https:\/\/cosyowl.com\/de_at\/rohrbelufter\/schilfrohr\/?wmc-currency=EUR\"><strong data-start=\"1022\" data-end=\"1043\">Diffusor-Bl\u00e4tter<\/strong><\/a> (20 schwarz, 10 wei\u00df)<\/span><\/li>\n<li data-start=\"1067\" data-end=\"1087\"><span style=\"color: #080000\">3 <a style=\"color: #080000\" href=\"https:\/\/cosyowl.com\/de_at\/bastelbedarf\/schilfrohr-diffusor-zubehor\/rohrdiffusor-flaschen\/diffusor-flaschenverschluss\/?wmc-currency=EUR\"><strong data-start=\"1067\" data-end=\"1087\">Diffusor-Stopfen<\/strong><\/a><\/span><\/li>\n<li data-start=\"1067\" data-end=\"1087\"><span style=\"color: #080000\"><a style=\"color: #080000\" href=\"https:\/\/cosyowl.com\/de_at\/leitfaden\/eine-anleitung-fur-anfanger-zur-herstellung-von-schilfrohrdiffusoren\/?wmc-currency=EUR\"><strong data-start=\"1090\" data-end=\"1124\">Schritt-f\u00fcr-Schritt-Anleitung<\/strong><\/a><\/span><\/li>\n<\/ul>\n<p>Ein aromatischer und moschusartiger Duft, inspiriert von dem ber\u00fchmten Jo Malone Parfum.  Mit dem Reichtum und der Tiefe, die unser Premium-Sortiment an D\u00fcften auszeichnet, hat dieser maritime Duft einen Hauch von Zitrusfr\u00fcchten und bietet eine hervorragende Mischung aus Holz, Salz, W\u00fcrze und S\u00fc\u00dfe.  Nicht zu aufdringlich, aber mit echtem Durchhalteverm\u00f6gen, entwickelt sich dieser Duft und reift, je l\u00e4nger er in der Luft ist.<\/p>\n<p>Als einer der\u00a0<a href=\"https:\/\/cosyowl.com\/de_at\/leitfaden\/neue-kuschelige-eule-premium-kerzendufte\/?wmc-currency=EUR\">Kuschelige Eule Premium<\/a>\u00a0wir sind \u00fcberzeugt, dass es alles \u00fcbertrifft, was derzeit auf dem Markt erh\u00e4ltlich ist.\u00a0<a href=\"https:\/\/cosyowl.com\/de_at\/guides\/how-to-make-a-candle\">Kerzenherstellung<\/a> derzeit auf dem Markt erh\u00e4ltlich.  Wir haben monatelang mit Branchenexperten zusammengearbeitet, um eine neue Palette von D\u00fcften mit gr\u00f6\u00dferer St\u00e4rke, Tiefe, Rundheit und Duftausstrahlung zu entwickeln.  Wir haben die h\u00f6chsten\u00a0<a href=\"https:\/\/cosyowl.com\/de_at\/candle-wicks\/wedo-lx-wick-raw\">Qualit\u00e4t<\/a>\u00a0und teuersten Inhaltsstoffe, komplexere Mischungen von Inhaltsstoffen und eine weitaus konzentriertere Mischung, was bedeutet, dass es sich um viel st\u00e4rkere und rundere D\u00fcfte handeln wird.<\/p>\n<p>Wir sind stolz darauf, die hochwertigsten auf dem Markt erh\u00e4ltlichen Zutaten f\u00fcr die Herstellung der perfekten Diffusoren zu Hause anzubieten. Unsere Kits sind sowohl f\u00fcr Anf\u00e4nger als auch f\u00fcr Fortgeschrittene geeignet, also schnapp dir deine Sch\u00fcrze und lass uns loslegen.<\/p>\n<p>&nbsp;<\/p>\n<h3 data-start=\"2493\" data-end=\"2542\">Hilfreiche Ressourcen f\u00fcr eine erfolgreiche Kerzenherstellung<\/h3>\n<ul>\n<li><a href=\"https:\/\/cosyowl.com\/de_at\/leitfaden\/eine-anleitung-fur-anfanger-zur-herstellung-von-schilfrohrdiffusoren\/?wmc-currency=EUR\"><strong><span style=\"color: #ff6600\">Eine Anleitung zur Herstellung von Schilfrohrdiffusoren f\u00fcr Anf\u00e4nger<\/span><\/strong><\/a><\/li>\n<li><a href=\"https:\/\/cosyowl.com\/de_at\/leitfaden\/herstellung-eines-schilfrohrdiffusors\/?wmc-currency=EUR\"><strong><span style=\"color: #ff6600\">Schilfrohr-Diffusoren selbst herstellen<\/span><\/strong><\/a><\/li>\n<li class=\"entry-title\"><a href=\"https:\/\/cosyowl.com\/de_at\/leitfaden\/wie-man-duftole-verwendet\/?wmc-currency=EUR\"><strong><span style=\"color: #ff6600\">Wie man Duft\u00f6le verwendet<\/span><\/strong><\/a><\/li>\n<li><strong><span style=\"color: #ff6600\"><a style=\"color: #ff6600\" href=\"https:\/\/cosyowl.com\/de_at\/leitfaden\/cmrs-und-phthalate-in-duftolen\/?wmc-currency=EUR\">CMR, Phthalate, Parabene, PEG und Silikone in Duft\u00f6len - Unser Free From Guide.<\/a><\/span><\/strong><\/li>\n<li><a href=\"https:\/\/cosyowl.com\/de_at\/leitfaden\/?wmc-currency=EUR\"><span style=\"color: #ff6600\"><strong>Leitf\u00e4den &amp; Rezepte<\/strong><\/span><\/a><\/li>\n<\/ul>","protected":false},"excerpt":{"rendered":"<p>Looking to create your own signature home fragrance? Our DIY Diffuser Kit is the perfect all-in-one solution for beginners and experienced crafters alike. With this complete set, you can make three beautiful reed diffusers from scratch, right at home. What\u2019s Inside Your Diffuser Making Kit? 100ml Wood Sage &amp; Sea Salt Fragrance Oil &#8211; This [&hellip;]<\/p>\n","protected":false},"featured_media":53786,"comment_status":"open","ping_status":"closed","template":"","meta":{"_acf_changed":false},"product_brand":[],"product_cat":[654,653,726],"product_tag":[929],"class_list":{"0":"post-25944","1":"product","2":"type-product","3":"status-publish","4":"has-post-thumbnail","6":"product_cat-diffuser-making-kits","7":"product_cat-craft-kits","8":"product_cat-reed-diffuser-kits","9":"product_tag-diffuser-making-kit","10":"product_shipping_class-royal_mail_kits","12":"first","13":"instock","14":"taxable","15":"shipping-taxable","16":"purchasable","17":"product-type-simple"},"acf":[],"_links":{"self":[{"href":"https:\/\/cosyowl.com\/de_at\/wp-json\/wp\/v2\/product\/25944","targetHints":{"allow":["GET"]}}],"collection":[{"href":"https:\/\/cosyowl.com\/de_at\/wp-json\/wp\/v2\/product"}],"about":[{"href":"https:\/\/cosyowl.com\/de_at\/wp-json\/wp\/v2\/types\/product"}],"replies":[{"embeddable":true,"href":"https:\/\/cosyowl.com\/de_at\/wp-json\/wp\/v2\/comments?post=25944"}],"wp:featuredmedia":[{"embeddable":true,"href":"https:\/\/cosyowl.com\/de_at\/wp-json\/wp\/v2\/media\/53786"}],"wp:attachment":[{"href":"https:\/\/cosyowl.com\/de_at\/wp-json\/wp\/v2\/media?parent=25944"}],"wp:term":[{"taxonomy":"product_brand","embeddable":true,"href":"https:\/\/cosyowl.com\/de_at\/wp-json\/wp\/v2\/product_brand?post=25944"},{"taxonomy":"product_cat","embeddable":true,"href":"https:\/\/cosyowl.com\/de_at\/wp-json\/wp\/v2\/product_cat?post=25944"},{"taxonomy":"product_tag","embeddable":true,"href":"https:\/\/cosyowl.com\/de_at\/wp-json\/wp\/v2\/product_tag?post=25944"}],"curies":[{"name":"wp","href":"https:\/\/api.w.org\/{rel}","templated":true}]}}