{"id":25933,"date":"2021-11-02T09:44:30","date_gmt":"2021-11-02T09:44:30","guid":{"rendered":"https:\/\/cosyowl.com\/?post_type=product&#038;p=25933"},"modified":"2026-04-28T17:23:59","modified_gmt":"2026-04-28T16:23:59","slug":"gurken-melonen-diffusor-bausatz","status":"publish","type":"product","link":"https:\/\/cosyowl.com\/de_at\/craft-kits\/diffuser-making-kits\/cucumber-melon-diffuser-making-kit","title":{"rendered":"Gurken-Melonen-Diffusor-Bausatz"},"content":{"rendered":"<p data-start=\"248\" data-end=\"507\">Sie m\u00f6chten Ihren eigenen unverwechselbaren Duft f\u00fcr Ihr Zuhause kreieren? Unser <strong data-start=\"305\" data-end=\"325\"><a href=\"https:\/\/cosyowl.com\/de_at\/guides\/making-a-reed-diffuser\">DIY-Diffusor<\/a> Bausatz<\/strong> ist die perfekte All-in-One-L\u00f6sung f\u00fcr Anf\u00e4nger und erfahrene Bastler gleicherma\u00dfen. Mit diesem kompletten Set k\u00f6nnen Sie <strong data-start=\"444\" data-end=\"478\">drei sch\u00f6ne <a href=\"https:\/\/cosyowl.com\/de_at\/guides\/a-beginners-guide-to-making-reed-diffusers\">Rohrbel\u00fcfter<\/a><\/strong> von Grund auf, direkt zu Hause.<\/p>\n<h3>Was ist in Ihrem Diffusor-Herstellungsset enthalten?<\/h3>\n<ul>\n<li data-start=\"533\" data-end=\"742\"><span style=\"color: #050000\"><a href=\"https:\/\/cosyowl.com\/de_at\/candle-containers\/candle-tins\/rose-gold-round-candle-tin-with-welded-side-seam-100ml-single\">100ml<\/a> <a style=\"color: #050000\" href=\"https:\/\/cosyowl.com\/de_at\/parfumole\/gurke-melone\/?wmc-currency=EUR\"><strong data-start=\"533\" data-end=\"571\">Gurke-Melone-Duft\u00f6l<\/strong><\/a> - A <a href=\"https:\/\/cosyowl.com\/de_at\/candle-making-supplies\/glitters\/turquoise-blue-candle-glitter\">erfrischend<\/a> Mischung aus saftiger Cantaloupe, reifer Honigmelone und knackiger Gurke, ausbalanciert mit einem Hauch von Freesie, wei\u00dfer Bl\u00fcte und Pfirsichnektar, <a href=\"https:\/\/cosyowl.com\/de_at\/candle-making-supplies\/fragrance-oils-for-candle-making\/all-fragrances\/jasmine-fragrance-oil\">jasmin<\/a>Vanille und weicher Moschus.<\/span><\/li>\n<li><span style=\"color: #080000\">500g <a href=\"https:\/\/cosyowl.com\/de_at\/rohrbelufter\/basisol-fur-rohrdiffusoren\/?wmc-currency=EUR\"><strong>Augeo Clean Multi Diffuser Basis\u00f6l<\/strong><\/a> - Speziell formuliert zum Mischen mit <a href=\"https:\/\/cosyowl.com\/de_at\/candle-making-supplies\/fragrance-oils-for-candle-making\/premium-fragrance-oils\/cosy-owl-premium-1-million-type-fragrance-oil\">Duft\u00f6l<\/a> zur Gew\u00e4hrleistung einer <a href=\"https:\/\/cosyowl.com\/de_at\/candle-making-supplies\/glitters\/pure-white-biodegradable\">sauber<\/a>lang anhaltender Duftaussto\u00df.<\/span><\/li>\n<li><span style=\"color: #080000\"><a href=\"https:\/\/cosyowl.com\/de_at\/candle-making-supplies\/candle-containers\/other-containers\/wax-melt-christmas-tree-mould-3\">3<\/a> Stilvoll <a href=\"https:\/\/cosyowl.com\/de_at\/craft-supplies\/reed-diffuser-supplies\/reed-diffuser-bottles\/14mm-clear-glass-marble-balls-for-diffuser-bottles\">Diffusor-Flaschen<\/a>:\u00a0<strong><a style=\"color: #080000\" href=\"https:\/\/cosyowl.com\/de_at\/bastelbedarf\/schilfrohr-diffusor-zubehor\/rohrdiffusor-flaschen\/glasbehalter-100ml-diffusor-wurfel\/?wmc-currency=EUR\">100ml Glasw\u00fcrfel Diffusor<\/a>,<a style=\"color: #080000\" href=\"https:\/\/cosyowl.com\/de_at\/bastelbedarf\/schilfrohr-diffusor-zubehor\/rohrdiffusor-flaschen\/glasbehalter-200ml-karen-diffusor-flasche\/?wmc-currency=EUR\"> 2x <\/a><\/strong><strong><a style=\"color: #080000\" href=\"https:\/\/cosyowl.com\/de_at\/bastelbedarf\/schilfrohr-diffusor-zubehor\/rohrdiffusor-flaschen\/glasbehalter-200ml-karen-diffusor-flasche\/?wmc-currency=EUR\">100ml Glas Karen-Flaschen<\/a><\/strong><\/span><\/li>\n<li data-start=\"975\" data-end=\"1019\"><span style=\"color: #050000\">3 <a style=\"color: #050000\" href=\"https:\/\/cosyowl.com\/de_at\/bastelbedarf\/schilfrohr-diffusor-zubehor\/rohrdiffusor-flaschen\/diffusorkappe-mit-metallmantel-glanzend-gold\/?wmc-currency=EUR\"><strong data-start=\"975\" data-end=\"1000\">Metall-Diffusorkappen<\/strong><\/a> (1 Gold, 2 Silber)<\/span><\/li>\n<li data-start=\"1022\" data-end=\"1064\"><span style=\"color: #050000\">30 <a style=\"color: #050000\" href=\"https:\/\/cosyowl.com\/de_at\/rohrbelufter\/schilfrohr\/?wmc-currency=EUR\"><strong data-start=\"1022\" data-end=\"1043\">Diffusor-Bl\u00e4tter<\/strong><\/a> (20 schwarz, 10 wei\u00df)<\/span><\/li>\n<li data-start=\"1067\" data-end=\"1087\"><span style=\"color: #050000\">3 <a style=\"color: #050000\" href=\"https:\/\/cosyowl.com\/de_at\/bastelbedarf\/schilfrohr-diffusor-zubehor\/rohrdiffusor-flaschen\/diffusor-flaschenverschluss\/?wmc-currency=EUR\"><strong data-start=\"1067\" data-end=\"1087\">Diffusor-Stopfen<\/strong><\/a><\/span><\/li>\n<li data-start=\"1067\" data-end=\"1087\"><span style=\"color: #050000\"><a style=\"color: #050000\" href=\"https:\/\/cosyowl.com\/de_at\/leitfaden\/eine-anleitung-fur-anfanger-zur-herstellung-von-schilfrohrdiffusoren\/?wmc-currency=EUR\"><strong data-start=\"1090\" data-end=\"1124\">Schritt-f\u00fcr-Schritt-Anleitung<\/strong><\/a><\/span><\/li>\n<\/ul>\n<p>Unser <span style=\"color: #050000\"><a style=\"color: #050000\" href=\"https:\/\/cosyowl.com\/de_at\/parfumole\/gurke-melone\/?wmc-currency=EUR\"><span style=\"color: #ff6600\"><strong data-start=\"533\" data-end=\"571\">Gurke-Melone-Duft\u00f6l<\/strong><\/span><\/a><\/span>\u00a0wurde speziell formuliert, um die vertrauten und beliebten <a href=\"https:\/\/cosyowl.com\/de_at\/candle-making-supplies\/fragrance-oils-for-candle-making\/all-fragrances\/mandarin-orange-fragrance-oil\">frisches Aroma<\/a> dieser beiden Fr\u00fcchte. Der Duft verstr\u00f6mt zun\u00e4chst einen starken und markanten Geruch, der mit\u00a0<strong>saftige Cantaloupe, reife Honigmelone und knackige Gurke<\/strong>. Dieses Aroma ist am st\u00e4rksten ausgepr\u00e4gt, wenn Ihr <a href=\"https:\/\/cosyowl.com\/de_at\/guides\/a-summers-beach-gel-votive-candle\">Kerze<\/a> beginnt zu brennen und f\u00fcllt den Raum mit einem Duft, der durch leichte Untert\u00f6ne von\u00a0<strong>Freesie, wei\u00dfe Blume und Pfirsichnektar<\/strong>. In die Formulierung f\u00fcr diesen unverwechselbaren Duft ist ein <a href=\"https:\/\/cosyowl.com\/de_at\/fragrance-oils\/strawberry-bon-bon\">entz\u00fcckend<\/a> Spur Nachgeschmack von<strong>\u00a0Jasmin, Vanille und leichter Moschus<\/strong>.<\/p>\n<p>Wir sind stolz darauf, dass wir die h\u00f6chsten <a href=\"https:\/\/cosyowl.com\/de_at\/candle-wicks\/wedo-lx-wick-raw\">Qualit\u00e4t<\/a> Zutaten, die auf dem Markt erh\u00e4ltlich sind, um die perfekten Diffusoren zu Hause herzustellen. Unsere Kits sind sowohl f\u00fcr Anf\u00e4nger als auch f\u00fcr Fortgeschrittene geeignet, also schnappen Sie sich Ihre Sch\u00fcrze und los geht's mit dem Basteln.<\/p>\n<h3 data-start=\"2493\" data-end=\"2542\">Hilfreiche Ressourcen f\u00fcr eine erfolgreiche Kerzenherstellung<\/h3>\n<ul>\n<li><a href=\"https:\/\/cosyowl.com\/de_at\/leitfaden\/eine-anleitung-fur-anfanger-zur-herstellung-von-schilfrohrdiffusoren\/?wmc-currency=EUR\"><strong><span style=\"color: #ff6600\">Eine Anleitung zur Herstellung von Schilfrohrdiffusoren f\u00fcr Anf\u00e4nger<\/span><\/strong><\/a><\/li>\n<li><a href=\"https:\/\/cosyowl.com\/de_at\/leitfaden\/herstellung-eines-schilfrohrdiffusors\/?wmc-currency=EUR\"><strong><span style=\"color: #ff6600\">Schilfrohr-Diffusoren selbst herstellen<\/span><\/strong><\/a><\/li>\n<li class=\"entry-title\"><a href=\"https:\/\/cosyowl.com\/de_at\/leitfaden\/wie-man-duftole-verwendet\/?wmc-currency=EUR\"><strong><span style=\"color: #ff6600\">Wie man Duft\u00f6le verwendet<\/span><\/strong><\/a><\/li>\n<li><strong><span style=\"color: #ff6600\"><a style=\"color: #ff6600\" href=\"https:\/\/cosyowl.com\/de_at\/leitfaden\/cmrs-und-phthalate-in-duftolen\/?wmc-currency=EUR\">CMR, Phthalate, Parabene, PEG und Silikone in Duft\u00f6len - Unser Free From Guide.<\/a><\/span><\/strong><\/li>\n<li><a href=\"https:\/\/cosyowl.com\/de_at\/leitfaden\/?wmc-currency=EUR\"><span style=\"color: #ff6600\"><strong>Leitf\u00e4den &amp; Rezepte<\/strong><\/span><\/a><\/li>\n<\/ul>","protected":false},"excerpt":{"rendered":"<p>Looking to create your own signature home fragrance? Our DIY Diffuser Kit is the perfect all-in-one solution for beginners and experienced crafters alike. With this complete set, you can make three beautiful reed diffusers from scratch, right at home. What\u2019s Inside Your Diffuser Making Kit? 100ml Cucumber Melon Fragrance Oil \u2013 A refreshing blend of [&hellip;]<\/p>\n","protected":false},"featured_media":53790,"comment_status":"open","ping_status":"closed","template":"","meta":{"_acf_changed":false},"product_brand":[],"product_cat":[654,653,726],"product_tag":[929],"class_list":{"0":"post-25933","1":"product","2":"type-product","3":"status-publish","4":"has-post-thumbnail","6":"product_cat-diffuser-making-kits","7":"product_cat-craft-kits","8":"product_cat-reed-diffuser-kits","9":"product_tag-diffuser-making-kit","10":"product_shipping_class-royal_mail_kits","12":"first","13":"instock","14":"taxable","15":"shipping-taxable","16":"purchasable","17":"product-type-simple"},"acf":[],"_links":{"self":[{"href":"https:\/\/cosyowl.com\/de_at\/wp-json\/wp\/v2\/product\/25933","targetHints":{"allow":["GET"]}}],"collection":[{"href":"https:\/\/cosyowl.com\/de_at\/wp-json\/wp\/v2\/product"}],"about":[{"href":"https:\/\/cosyowl.com\/de_at\/wp-json\/wp\/v2\/types\/product"}],"replies":[{"embeddable":true,"href":"https:\/\/cosyowl.com\/de_at\/wp-json\/wp\/v2\/comments?post=25933"}],"wp:featuredmedia":[{"embeddable":true,"href":"https:\/\/cosyowl.com\/de_at\/wp-json\/wp\/v2\/media\/53790"}],"wp:attachment":[{"href":"https:\/\/cosyowl.com\/de_at\/wp-json\/wp\/v2\/media?parent=25933"}],"wp:term":[{"taxonomy":"product_brand","embeddable":true,"href":"https:\/\/cosyowl.com\/de_at\/wp-json\/wp\/v2\/product_brand?post=25933"},{"taxonomy":"product_cat","embeddable":true,"href":"https:\/\/cosyowl.com\/de_at\/wp-json\/wp\/v2\/product_cat?post=25933"},{"taxonomy":"product_tag","embeddable":true,"href":"https:\/\/cosyowl.com\/de_at\/wp-json\/wp\/v2\/product_tag?post=25933"}],"curies":[{"name":"wp","href":"https:\/\/api.w.org\/{rel}","templated":true}]}}