{"id":20173,"date":"2021-08-23T10:17:49","date_gmt":"2021-08-23T09:17:49","guid":{"rendered":"https:\/\/cosyowl.com\/?post_type=product&#038;p=20173"},"modified":"2026-03-03T13:45:30","modified_gmt":"2026-03-03T13:45:30","slug":"thermometer-aus-wachs-200mm","status":"publish","type":"product","link":"https:\/\/cosyowl.com\/de_at\/candle-making-supplies\/tools-equipment\/essential-wax-thermometer-200mm-stem","title":{"rendered":"Wesentliche Wachs Thermometer 200mm Stiel"},"content":{"rendered":"<p>Dieses Thermometer wird ausschlie\u00dflich von <a href=\"https:\/\/cosyowl.com\/de_at\/\">Kuschelige Eule<\/a> kann die Temperatur Ihres Schmelzwachses zwischen 0\u00b0C und 100\u00b0C (bis zu 212F) messen. Dieses \u00e4u\u00dferst langlebige Thermometer wurde speziell f\u00fcr folgende Zwecke hergestellt <a href=\"https:\/\/cosyowl.com\/de_at\/guides\/how-to-make-a-candle\">Kerzenherstellung<\/a>. Dies ist ein wichtiger Teil Ihrer <a href=\"https:\/\/cosyowl.com\/de_at\/guides\/a-summers-beach-gel-votive-candle\">Kerze<\/a> Dabei ist darauf zu achten, dass die Temperatur des Wachses nicht zu niedrig ist und nicht die Temperatur \u00fcberschreitet, bei der das geschmolzene Wachs gef\u00e4hrlich werden k\u00f6nnte. Im Allgemeinen sollte die Temperatur zwischen 55\u00b0C und 65\u00b0C liegen, je nach Art des verwendeten Wachses. Genauere Informationen finden Sie in der <strong>Temperaturrichtlinien<\/strong> unter unserem <strong>INFO &amp; LEITFADEN<\/strong> Abschnitt dieser Website.<\/p>\n<p><strong>Die Gesamtl\u00e4nge der Sonde betr\u00e4gt 200 mm und eignet sich am besten f\u00fcr die Verwendung mit unseren 1,5-Liter-Kannen und doppelwandigen Kesseln.<\/strong><\/p>","protected":false},"excerpt":{"rendered":"<p>This thermometer provided exclusively by Cosy Owl can measure the temperature of your melting wax between 0\u00b0C and 100\u00b0C (up to 212F). This highly durable thermometer has been specifically manufactured for candle making. This is an important part of your candle making kit, ensuring the wax temperature is not too low and does not exceed [&hellip;]<\/p>\n","protected":false},"featured_media":12010,"comment_status":"open","ping_status":"closed","template":"","meta":{"_acf_changed":false},"product_brand":[],"product_cat":[532,638,641,643,645,667],"product_tag":[912],"class_list":{"0":"post-20173","1":"product","2":"type-product","3":"status-publish","4":"has-post-thumbnail","6":"product_cat-tools-equipment","7":"product_cat-body-care-equipment","8":"product_cat-hair-care-equipment","9":"product_cat-wax-melts-equipment","10":"product_cat-lip-balm-equipment","11":"product_cat-soap-making-supplies-equipment","12":"product_tag-thermometer","13":"product_shipping_class-royal_mail","15":"first","16":"outofstock","17":"taxable","18":"shipping-taxable","19":"purchasable","20":"product-type-simple"},"acf":[],"_links":{"self":[{"href":"https:\/\/cosyowl.com\/de_at\/wp-json\/wp\/v2\/product\/20173","targetHints":{"allow":["GET"]}}],"collection":[{"href":"https:\/\/cosyowl.com\/de_at\/wp-json\/wp\/v2\/product"}],"about":[{"href":"https:\/\/cosyowl.com\/de_at\/wp-json\/wp\/v2\/types\/product"}],"replies":[{"embeddable":true,"href":"https:\/\/cosyowl.com\/de_at\/wp-json\/wp\/v2\/comments?post=20173"}],"wp:featuredmedia":[{"embeddable":true,"href":"https:\/\/cosyowl.com\/de_at\/wp-json\/wp\/v2\/media\/12010"}],"wp:attachment":[{"href":"https:\/\/cosyowl.com\/de_at\/wp-json\/wp\/v2\/media?parent=20173"}],"wp:term":[{"taxonomy":"product_brand","embeddable":true,"href":"https:\/\/cosyowl.com\/de_at\/wp-json\/wp\/v2\/product_brand?post=20173"},{"taxonomy":"product_cat","embeddable":true,"href":"https:\/\/cosyowl.com\/de_at\/wp-json\/wp\/v2\/product_cat?post=20173"},{"taxonomy":"product_tag","embeddable":true,"href":"https:\/\/cosyowl.com\/de_at\/wp-json\/wp\/v2\/product_tag?post=20173"}],"curies":[{"name":"wp","href":"https:\/\/api.w.org\/{rel}","templated":true}]}}