{"id":18185,"date":"1970-01-01T00:00:00","date_gmt":"1969-12-31T23:00:00","guid":{"rendered":"https:\/\/cosyowl.com\/?post_type=product&#038;p=18185"},"modified":"2026-03-03T13:45:31","modified_gmt":"2026-03-03T13:45:31","slug":"holz-ruhrstab-18cm","status":"publish","type":"product","link":"https:\/\/cosyowl.com\/de_at\/candle-making-supplies\/candle-making-extras\/wooden-stirring-stick-18cm","title":{"rendered":"Holz-R\u00fchrst\u00e4bchen 18cm"},"content":{"rendered":"<p>\u2018<\/p>\n<p>Ein h\u00f6lzerner R\u00fchrstab, ideal zum Mischen von Wachs, Seife und \u00d6len.<\/p>\n<p>Erh\u00e4ltlich in Packungen zu 10, 50 und 250 St\u00fcck<\/p>","protected":false},"excerpt":{"rendered":"<p>\u2018Ein h\u00f6lzerner R\u00fchrstab, perfekt zum Mischen von Wachs, Seife und \u00d6len. Erh\u00e4ltlich in Packungen mit 10, 50 und 250 St\u00fcck<\/p>","protected":false},"featured_media":18323,"comment_status":"open","ping_status":"closed","template":"","meta":{"_acf_changed":false},"product_brand":[],"product_cat":[638,667,641,643,645,532],"product_tag":[936],"class_list":{"0":"post-18185","1":"product","2":"type-product","3":"status-publish","4":"has-post-thumbnail","6":"product_cat-body-care-equipment","7":"product_cat-soap-making-supplies-equipment","8":"product_cat-hair-care-equipment","9":"product_cat-wax-melts-equipment","10":"product_cat-lip-balm-equipment","11":"product_cat-tools-equipment","12":"product_tag-stirring-stick","13":"pa_pack-size-569","14":"pa_pack-size-575","15":"pa_pack-size-570","17":"first","18":"instock","19":"taxable","20":"shipping-taxable","21":"purchasable","22":"product-type-variable"},"acf":[],"_links":{"self":[{"href":"https:\/\/cosyowl.com\/de_at\/wp-json\/wp\/v2\/product\/18185","targetHints":{"allow":["GET"]}}],"collection":[{"href":"https:\/\/cosyowl.com\/de_at\/wp-json\/wp\/v2\/product"}],"about":[{"href":"https:\/\/cosyowl.com\/de_at\/wp-json\/wp\/v2\/types\/product"}],"replies":[{"embeddable":true,"href":"https:\/\/cosyowl.com\/de_at\/wp-json\/wp\/v2\/comments?post=18185"}],"wp:featuredmedia":[{"embeddable":true,"href":"https:\/\/cosyowl.com\/de_at\/wp-json\/wp\/v2\/media\/18323"}],"wp:attachment":[{"href":"https:\/\/cosyowl.com\/de_at\/wp-json\/wp\/v2\/media?parent=18185"}],"wp:term":[{"taxonomy":"product_brand","embeddable":true,"href":"https:\/\/cosyowl.com\/de_at\/wp-json\/wp\/v2\/product_brand?post=18185"},{"taxonomy":"product_cat","embeddable":true,"href":"https:\/\/cosyowl.com\/de_at\/wp-json\/wp\/v2\/product_cat?post=18185"},{"taxonomy":"product_tag","embeddable":true,"href":"https:\/\/cosyowl.com\/de_at\/wp-json\/wp\/v2\/product_tag?post=18185"}],"curies":[{"name":"wp","href":"https:\/\/api.w.org\/{rel}","templated":true}]}}