{"id":18177,"date":"1970-01-01T00:00:00","date_gmt":"1969-12-31T23:00:00","guid":{"rendered":"https:\/\/cosyowl.com\/?post_type=product&#038;p=18177"},"modified":"2026-03-03T13:45:31","modified_gmt":"2026-03-03T13:45:31","slug":"holzdocht-zentrierstab-12cm","status":"publish","type":"product","link":"https:\/\/cosyowl.com\/de_at\/candle-making-supplies\/candle-making-extras\/wooden-wick-centering-stick-12cm","title":{"rendered":"Holzdocht-Zentrierstab 12cm"},"content":{"rendered":"<p>Ein Dochtzentrierwerkzeug ist ein sehr einfaches Ger\u00e4t, das den Docht <a href=\"https:\/\/cosyowl.com\/de_at\/guides\/a-summers-beach-gel-votive-candle\">Kerze<\/a> Docht an Ort und Stelle. Dieser wird oben auf die Kerzens\u00e4ule, das T-Licht oder einen anderen Beh\u00e4lter gesetzt, um den Docht in der Mitte zu halten.<\/p>\n<p>Erh\u00e4ltlich in Packungen zu 10, 50 oder 250 St\u00fcck.<\/p>","protected":false},"excerpt":{"rendered":"<p>Eine Dochtzentrierhilfe ist ein sehr einfaches Ger\u00e4t, das den Kerzendocht in der richtigen Position h\u00e4lt. Es wird oben auf die Kerzens\u00e4ule, das T-Licht oder einen anderen Beh\u00e4lter gesetzt, um den Docht in der Mitte zu halten. Erh\u00e4ltlich in Packungen zu 10, 50 oder 250 St\u00fcck.<\/p>","protected":false},"featured_media":18183,"comment_status":"open","ping_status":"closed","template":"","meta":{"_acf_changed":false},"product_brand":[],"product_cat":[532],"product_tag":[935],"class_list":{"0":"post-18177","1":"product","2":"type-product","3":"status-publish","4":"has-post-thumbnail","6":"product_cat-tools-equipment","7":"product_tag-wick-centering-tool","8":"pa_pack-size-569","9":"pa_pack-size-575","10":"pa_pack-size-570","12":"first","13":"instock","14":"taxable","15":"shipping-taxable","16":"purchasable","17":"product-type-variable"},"acf":[],"_links":{"self":[{"href":"https:\/\/cosyowl.com\/de_at\/wp-json\/wp\/v2\/product\/18177","targetHints":{"allow":["GET"]}}],"collection":[{"href":"https:\/\/cosyowl.com\/de_at\/wp-json\/wp\/v2\/product"}],"about":[{"href":"https:\/\/cosyowl.com\/de_at\/wp-json\/wp\/v2\/types\/product"}],"replies":[{"embeddable":true,"href":"https:\/\/cosyowl.com\/de_at\/wp-json\/wp\/v2\/comments?post=18177"}],"wp:featuredmedia":[{"embeddable":true,"href":"https:\/\/cosyowl.com\/de_at\/wp-json\/wp\/v2\/media\/18183"}],"wp:attachment":[{"href":"https:\/\/cosyowl.com\/de_at\/wp-json\/wp\/v2\/media?parent=18177"}],"wp:term":[{"taxonomy":"product_brand","embeddable":true,"href":"https:\/\/cosyowl.com\/de_at\/wp-json\/wp\/v2\/product_brand?post=18177"},{"taxonomy":"product_cat","embeddable":true,"href":"https:\/\/cosyowl.com\/de_at\/wp-json\/wp\/v2\/product_cat?post=18177"},{"taxonomy":"product_tag","embeddable":true,"href":"https:\/\/cosyowl.com\/de_at\/wp-json\/wp\/v2\/product_tag?post=18177"}],"curies":[{"name":"wp","href":"https:\/\/api.w.org\/{rel}","templated":true}]}}