{"id":18163,"date":"1970-01-01T00:00:00","date_gmt":"1969-12-31T23:00:00","guid":{"rendered":"https:\/\/cosyowl.com\/?post_type=product&#038;p=18163"},"modified":"2026-04-30T16:39:38","modified_gmt":"2026-04-30T15:39:38","slug":"glasbehalter-30cl-karen-rund-mattschwarz-12er-pack","status":"publish","type":"product","link":"https:\/\/cosyowl.com\/de_at\/candle-making-supplies\/candle-containers\/candle-glasses\/karen-30cl-candle-glass-matt-black-pack-of-12","title":{"rendered":"Karen 30cl Kerzenglas - Mattschwarz - Packung mit 12 St\u00fcck"},"content":{"rendered":"<p>Dies ist eine Packung mit starken, hitzebest\u00e4ndigen Glasbeh\u00e4ltern, die sich f\u00fcr die Herstellung gro\u00dfer Kerzen eignen. Verwenden Sie unser <a href=\"https:\/\/cosyowl.com\/de_at\/guides\/2023-spring-fragrance-oil-trends\">Parf\u00fcm\u00f6le<\/a> um ein starkes Aroma zu erzeugen, das die Sensation noch verst\u00e4rkt.<\/p>\n<p><strong>Gr\u00f6\u00dfe - <\/strong> Durchmesser: 81mm H\u00f6he: 93mm<\/p>\n<p>Die <a href=\"https:\/\/cosyowl.com\/de_at\/candle-making-supplies\/candle-containers\/candle-glasses\/karen-30cl-candle-glass-frosted-amber-pack-of-12\">30Cl<\/a> Karen fasst ca. 240 g Wachs*.<\/p>\n<p>Hinweis: Das Vorheizen Ihres <a href=\"https:\/\/cosyowl.com\/de_at\/craft-supplies\/reed-diffuser-supplies\/reed-diffuser-bottles\/glass-container-200ml-karen-diffuser-bottle\">Glasbeh\u00e4lter<\/a> auf ca. 45\u00b0C kann dazu beitragen, die M\u00f6glichkeit der Entstehung von Fehlern in Ihrem <a href=\"https:\/\/cosyowl.com\/de_at\/guides\/a-summers-beach-gel-votive-candle\">Kerze<\/a> wenn es sich verfestigt.<\/p>\n<p><a href=\"https:\/\/cosyowl.com\/de_at\/candle-making-supplies\/candle-containers\/metal-containers\/flora-30cl-candle-container-matt-black-pack-of-6\">Mattschwarz<\/a> ist die Au\u00dfenfarbe des Glasbeh\u00e4lters.<\/p>\n<h3>Dochtempfehlungen**<\/h3>\n<p><strong>Bitte klicken Sie auf den untenstehenden Link, um unsere Dochte zu entdecken <a href=\"https:\/\/cosyowl.com\/de_at\/guides\/using-cotton-wicks-with-soyaluna-container-wax-recommendations\">Empfehlungen<\/a> zugeschnitten auf Ihre Bed\u00fcrfnisse bei der Kerzenherstellung.<\/strong><\/p>\n<p><a href=\"https:\/\/cosyowl.com\/de_at\/leitfaden\/prozentsatze-und-messungen\/?wmc-currency=EUR\">Kuscheliger Eulendocht Empfehlungen<\/a><\/p>\n<p>*Bitte beachten Sie, die empfohlene Wachsmenge ist eine <a href=\"https:\/\/cosyowl.com\/de_at\/guides\/a-guide-to-creating-your-own-soap-products\">Leitfaden<\/a> und basiert auf dem maximalen Fassungsverm\u00f6gen f\u00fcr diesen speziellen Beh\u00e4lter. Daher ist es m\u00f6glich, weniger Wachs zu verwenden, aber wir w\u00fcrden nicht empfehlen, die maximale Kapazit\u00e4t zu \u00fcberschreiten. Wir empfehlen, die angegebenen Wachsmengen nur als Ausgangspunkt zu verwenden und diese anzupassen <a href=\"https:\/\/cosyowl.com\/de_at\/guides\/weighing-fragrance\">Messungen<\/a> wie Sie es w\u00fcnschen.<\/p>\n<p>**Bitte beachten Sie, dass alle Dochtempfehlungen nur auf der Verwendung mit unserem Wachs basieren. Die kleinste <a href=\"https:\/\/cosyowl.com\/de_at\/guides\/candle-wick-size-chart\">Dochtgr\u00f6\u00dfe<\/a> ist nur f\u00fcr die Verwendung mit Wachs empfohlen. Die gr\u00f6\u00dfte empfohlene Dochtgr\u00f6\u00dfe ist f\u00fcr die Verwendung bei <a href=\"https:\/\/cosyowl.com\/de_at\/candle-making-supplies\/fragrance-oils-for-candle-making\/premium-fragrance-oils\/cosy-owl-premium-1-million-type-fragrance-oil\">Parf\u00fcm\u00f6l<\/a> und\/oder Farbstoff vorhanden sind. Alle Angaben dienen lediglich als Orientierungshilfe, um einen Ausgangspunkt f\u00fcr Experimente mit Dochten zu finden, da unterschiedliche Temperaturen und Duft\u00f6le den Erfolg eines Dochts beeinflussen.<\/p>","protected":false},"excerpt":{"rendered":"<p>This is a pack of strong heat-resistant glass containers suitable for making large sized candles. Make use of our fragrance oils to create a tremendous aroma to augment the sensation. Size &#8211; Diameter: 81mm Height: 93mm The 30Cl Karen will hold approx. 240g of wax* Note, pre-heating your glass container to about 45\u00b0C can help [&hellip;]<\/p>\n","protected":false},"featured_media":96508,"comment_status":"open","ping_status":"closed","template":"","meta":{"_acf_changed":false},"product_brand":[],"product_cat":[527,843],"product_tag":[921,1593],"class_list":{"0":"post-18163","1":"product","2":"type-product","3":"status-publish","4":"has-post-thumbnail","6":"product_cat-candle-glasses","7":"product_cat-halloween","8":"product_tag-glass-container","9":"product_tag-halloween","10":"product_shipping_class-royal_mail","12":"first","13":"instock","14":"taxable","15":"shipping-taxable","16":"purchasable","17":"product-type-simple"},"acf":[],"_links":{"self":[{"href":"https:\/\/cosyowl.com\/de_at\/wp-json\/wp\/v2\/product\/18163","targetHints":{"allow":["GET"]}}],"collection":[{"href":"https:\/\/cosyowl.com\/de_at\/wp-json\/wp\/v2\/product"}],"about":[{"href":"https:\/\/cosyowl.com\/de_at\/wp-json\/wp\/v2\/types\/product"}],"replies":[{"embeddable":true,"href":"https:\/\/cosyowl.com\/de_at\/wp-json\/wp\/v2\/comments?post=18163"}],"wp:featuredmedia":[{"embeddable":true,"href":"https:\/\/cosyowl.com\/de_at\/wp-json\/wp\/v2\/media\/96508"}],"wp:attachment":[{"href":"https:\/\/cosyowl.com\/de_at\/wp-json\/wp\/v2\/media?parent=18163"}],"wp:term":[{"taxonomy":"product_brand","embeddable":true,"href":"https:\/\/cosyowl.com\/de_at\/wp-json\/wp\/v2\/product_brand?post=18163"},{"taxonomy":"product_cat","embeddable":true,"href":"https:\/\/cosyowl.com\/de_at\/wp-json\/wp\/v2\/product_cat?post=18163"},{"taxonomy":"product_tag","embeddable":true,"href":"https:\/\/cosyowl.com\/de_at\/wp-json\/wp\/v2\/product_tag?post=18163"}],"curies":[{"name":"wp","href":"https:\/\/api.w.org\/{rel}","templated":true}]}}